{"id":12580,"date":"2023-01-24T01:19:07","date_gmt":"2023-01-23T22:19:07","guid":{"rendered":"https:\/\/gerdetect.de\/?page_id=12580"},"modified":"2025-04-16T15:56:40","modified_gmt":"2025-04-16T12:56:40","slug":"%d8%a7%d8%aa%d8%b5%d9%84-%d8%a8%d9%86%d8%a7","status":"publish","type":"page","link":"https:\/\/uigdetectors.com\/ar\/%d8%a7%d8%aa%d8%b5%d9%84-%d8%a8%d9%86%d8%a7\/","title":{"rendered":"AR &#8211; Contact"},"content":{"rendered":"\t\t<div data-elementor-type=\"wp-page\" data-elementor-id=\"12580\" class=\"elementor elementor-12580 elementor-11761\" data-elementor-post-type=\"page\">\n\t\t\t\t<div class=\"wd-negative-gap elementor-element elementor-element-7acaa05 e-flex e-con-boxed e-con e-parent\" data-id=\"7acaa05\" data-element_type=\"container\" data-e-type=\"container\">\n\t\t\t\t\t<div class=\"e-con-inner\">\n\t\t\t\t<div class=\"elementor-element elementor-element-69fbaec elementor-widget elementor-widget-heading\" data-id=\"69fbaec\" data-element_type=\"widget\" data-e-type=\"widget\" data-widget_type=\"heading.default\">\n\t\t\t\t\t<h1 class=\"elementor-heading-title elementor-size-default\">\u0627\u062a\u0635\u0644 \u0628\u0646\u0627<\/h1>\t\t\t\t<\/div>\n\t\t\t\t<div class=\"elementor-element elementor-element-bc66d11 elementor-widget elementor-widget-wd_text_block\" data-id=\"bc66d11\" data-element_type=\"widget\" data-e-type=\"widget\" data-widget_type=\"wd_text_block.default\">\n\t\t\t\t<div class=\"elementor-widget-container\">\n\t\t\t\t\t\t\t<div class=\"wd-text-block reset-last-child text-right\">\n\t\t\t\n\t\t\t<p style=\"text-align: right;\">\u0646\u062d\u0646 \u0647\u0646\u0627 \u0644\u0645\u0633\u0627\u0639\u062f\u062a\u0643! \u0633\u0648\u0627\u0621 \u0643\u0646\u062a \u062a\u0641\u0636\u0644 \u0627\u0644\u062a\u0648\u0627\u0635\u0644 \u0627\u0644\u062a\u0642\u0644\u064a\u062f\u064a \u0623\u0648 \u0627\u0644\u0645\u0634\u0627\u0631\u0643\u0629 \u0639\u0628\u0631 \u0648\u0633\u0627\u0626\u0644 \u0627\u0644\u062a\u0648\u0627\u0635\u0644 \u0627\u0644\u0627\u062c\u062a\u0645\u0627\u0639\u064a\u060c \u0641\u0644\u0627 \u062a\u062a\u0631\u062f\u062f \u0641\u064a \u0627\u0644\u062a\u0648\u0627\u0635\u0644 \u0645\u0639\u0646\u0627 \u0628\u0627\u0633\u062a\u062e\u062f\u0627\u0645 \u0646\u0645\u0648\u0630\u062c \u0627\u0644\u0627\u062a\u0635\u0627\u0644 \u0623\u062f\u0646\u0627\u0647 \u0623\u0648 \u0639\u0628\u0631 \u0627\u0644\u062e\u064a\u0627\u0631\u0627\u062a \u0627\u0644\u062a\u0627\u0644\u064a\u0629:<\/p><p>\u064a\u0645\u0643\u0646\u0643 \u0623\u064a\u0636\u064b\u0627 \u0645\u0639\u0631\u0641\u0629 \u0627\u0644\u0645\u0632\u064a\u062f \u0639\u0646 \u0634\u0631\u0643\u062a\u0646\u0627 \u0645\u0646 \u062e\u0644\u0627\u0644<a href=\"https:\/\/uigdetectors.com\/about-us\/\"> <u>\u0627\u0646\u0642\u0631 \u0647\u0646\u0627<\/u><\/a><\/p>\n\t\t\t\t\t<\/div>\n\t\t\t\t\t\t<\/div>\n\t\t\t\t<\/div>\n\t\t<div class=\"elementor-element elementor-element-ab9c52e e-con-full e-flex e-con e-child\" data-id=\"ab9c52e\" data-element_type=\"container\" data-e-type=\"container\">\n\t\t\t\t<div class=\"elementor-element elementor-element-a84b911 elementor-widget__width-auto elementor-position-top elementor-widget elementor-widget-image-box\" data-id=\"a84b911\" data-element_type=\"widget\" data-e-type=\"widget\" data-widget_type=\"image-box.default\">\n\t\t\t\t\t<div class=\"elementor-image-box-wrapper\"><figure class=\"elementor-image-box-img\"><a href=\"mailto:info@uigdetectors.com\" tabindex=\"-1\"><img decoding=\"async\" width=\"60\" height=\"60\" src=\"https:\/\/uigdetectors.com\/wp-content\/uploads\/2024\/12\/mail_icon.png\" class=\"attachment-full size-full wp-image-34984\" alt=\"mail icon\" \/><\/a><\/figure><div class=\"elementor-image-box-content\"><h3 class=\"elementor-image-box-title\"><a href=\"mailto:info@uigdetectors.com\">\u0627\u0644\u0628\u0631\u064a\u062f \u0627\u0644\u0644\u0643\u062a\u0631\u0648\u0646\u064a<\/a><\/h3><p class=\"elementor-image-box-description\"><a href=\"mailto:info@uigdetectors.com\">info@uigdetectors.com<\/a><\/p><\/div><\/div>\t\t\t\t<\/div>\n\t\t\t\t<div class=\"elementor-element elementor-element-6269c0c elementor-widget__width-auto elementor-position-top elementor-widget elementor-widget-image-box\" data-id=\"6269c0c\" data-element_type=\"widget\" data-e-type=\"widget\" data-widget_type=\"image-box.default\">\n\t\t\t\t\t<div class=\"elementor-image-box-wrapper\"><figure class=\"elementor-image-box-img\"><a href=\"tel:00905318524031\" tabindex=\"-1\"><img decoding=\"async\" width=\"60\" height=\"60\" src=\"https:\/\/uigdetectors.com\/wp-content\/uploads\/2024\/12\/phone_icon.png\" class=\"attachment-full size-full wp-image-34985\" alt=\"phone icon\" \/><\/a><\/figure><div class=\"elementor-image-box-content\"><h3 class=\"elementor-image-box-title\"><a href=\"tel:00905318524031\">\u0627\u0644\u0647\u0627\u062a\u0641<\/a><\/h3><p class=\"elementor-image-box-description\"><a href=\"tel:00905318524031\">00905318524031<\/a><\/p><\/div><\/div>\t\t\t\t<\/div>\n\t\t\t\t<div class=\"elementor-element elementor-element-c3d9841 elementor-widget__width-auto elementor-position-top elementor-widget elementor-widget-image-box\" data-id=\"c3d9841\" data-element_type=\"widget\" data-e-type=\"widget\" data-widget_type=\"image-box.default\">\n\t\t\t\t\t<div class=\"elementor-image-box-wrapper\"><figure class=\"elementor-image-box-img\"><a href=\"https:\/\/api.whatsapp.com\/send?phone=905318524031&#038;text=\" tabindex=\"-1\" rel=\"noopener\"><img decoding=\"async\" width=\"60\" height=\"60\" src=\"https:\/\/uigdetectors.com\/wp-content\/uploads\/2024\/12\/whatsapp.png\" class=\"attachment-full size-full wp-image-34698\" alt=\"whatsapp\" \/><\/a><\/figure><div class=\"elementor-image-box-content\"><h3 class=\"elementor-image-box-title\"><a href=\"https:\/\/api.whatsapp.com\/send?phone=905318524031&#038;text=\" rel=\"noopener\">Whatsapp<\/a><\/h3><p class=\"elementor-image-box-description\"><a href=\"https:\/\/api.whatsapp.com\/send?phone=905318524031&amp;text=.\" target=\"_blank\" rel=\"noopener\">00905395440223<\/a><\/p><\/div><\/div>\t\t\t\t<\/div>\n\t\t\t\t<\/div>\n\t\t\t\t<div class=\"elementor-element elementor-element-716bb6b color-scheme-inherit text-left elementor-widget elementor-widget-text-editor\" data-id=\"716bb6b\" data-element_type=\"widget\" data-e-type=\"widget\" data-widget_type=\"text-editor.default\">\n\t\t\t\t\t\t\t\t\t<p>\t\t\t<link rel=\"stylesheet\" id=\"elementor-post-12557-css\" href=\"https:\/\/uigdetectors.com\/wp-content\/uploads\/elementor\/css\/post-12557.css?ver=1774865640\" type=\"text\/css\" media=\"all\">\n\t\t\t\t\t<div data-elementor-type=\"wp-post\" data-elementor-id=\"12557\" class=\"elementor elementor-12557 elementor-11751 elementor-11751\" data-elementor-post-type=\"cms_block\">\n\t\t\t\t<div class=\"elementor-element elementor-element-61e3246 e-con-full e-flex e-con e-parent\" data-id=\"61e3246\" data-element_type=\"container\" data-e-type=\"container\" data-settings=\"{&quot;background_background&quot;:&quot;classic&quot;}\">\n\t\t<div class=\"elementor-element elementor-element-8662b4c e-con-full e-flex e-con e-child\" data-id=\"8662b4c\" data-element_type=\"container\" data-e-type=\"container\">\n\t\t\t\t<div class=\"elementor-element elementor-element-8a5d805 wd-width-100 elementor-widget elementor-widget-wd_title\" data-id=\"8a5d805\" data-element_type=\"widget\" data-e-type=\"widget\" data-widget_type=\"wd_title.default\">\n\t\t\t\t<div class=\"elementor-widget-container\">\n\t\t\t\t\t\t\t<div class=\"title-wrapper wd-set-mb reset-last-child wd-title-color-default wd-title-style-bordered wd-title-size-default text-right\">\n\n\t\t\t\n\t\t\t<div class=\"liner-continer\">\n\t\t\t\t<h4 class=\"woodmart-title-container title wd-fontsize-l\">\u0627\u062a\u0635\u0644 \u0628\u0646\u0627 \u0644\u0623\u064a \u0627\u0633\u062a\u0641\u0633\u0627\u0631<\/h4> \n\t\t\t\t\t\t\t<\/div>\n\n\t\t\t\t\t<\/div>\n\t\t\t\t\t\t<\/div>\n\t\t\t\t<\/div>\n\t\t\t\t<div class=\"elementor-element elementor-element-369a887 elementor-button-align-end elementor-widget elementor-widget-form\" data-id=\"369a887\" data-element_type=\"widget\" data-e-type=\"widget\" data-settings=\"{&quot;step_next_label&quot;:&quot;Next&quot;,&quot;step_previous_label&quot;:&quot;Previous&quot;,&quot;button_width&quot;:&quot;100&quot;,&quot;step_type&quot;:&quot;number_text&quot;,&quot;step_icon_shape&quot;:&quot;circle&quot;}\" data-widget_type=\"form.default\">\n\t\t\t\t\t\t\t<form class=\"elementor-form\" method=\"post\" name=\"Contact Form\" aria-label=\"Contact Form\">\n\t\t\t<input type=\"hidden\" name=\"post_id\" value=\"12557\"\/>\n\t\t\t<input type=\"hidden\" name=\"form_id\" value=\"369a887\"\/>\n\t\t\t<input type=\"hidden\" name=\"referer_title\" value=\"\u062c\u0647\u0627\u0632 \u064a\u0648 \u0627\u064a \u062c\u064a \u0648\u0627\u062a\u0634 \u062f\u064a\u062a\u0627\u0643\u062a\u0648\u0631 \u0643\u0627\u0634\u0641 \u0627\u0644\u0645\u0639\u0627\u062f\u0646 \u0627\u0644\u062b\u0645\u064a\u0646\u0629 \u0648\u0627\u0644\u0641\u0631\u0627\u063a\u0627\u062a\" \/>\n\n\t\t\t\t\t\t\t<input type=\"hidden\" name=\"queried_id\" value=\"26834\"\/>\n\t\t\t\n\t\t\t<div class=\"elementor-form-fields-wrapper elementor-labels-above\">\n\t\t\t\t\t\t\t\t<div class=\"elementor-field-type-text elementor-field-group elementor-column elementor-field-group-name elementor-col-100\">\n\t\t\t\t\t\t\t\t\t\t\t\t<label for=\"form-field-name\" class=\"elementor-field-label\">\n\t\t\t\t\t\t\t\t\u0627\u0644\u0627\u0633\u0645\t\t\t\t\t\t\t<\/label>\n\t\t\t\t\t\t\t\t\t\t\t\t\t\t<input size=\"1\" type=\"text\" name=\"form_fields[name]\" id=\"form-field-name\" class=\"elementor-field elementor-size-sm  elementor-field-textual\">\n\t\t\t\t\t\t\t\t\t\t\t<\/div>\n\t\t\t\t\t\t\t\t<div class=\"elementor-field-type-email elementor-field-group elementor-column elementor-field-group-email elementor-col-100 elementor-field-required\">\n\t\t\t\t\t\t\t\t\t\t\t\t<label for=\"form-field-email\" class=\"elementor-field-label\">\n\t\t\t\t\t\t\t\t\u0627\u0644\u0628\u0631\u064a\u062f \u0627\u0644\u0627\u0644\u0643\u062a\u0631\u0648\u0646\u064a\t\t\t\t\t\t\t<\/label>\n\t\t\t\t\t\t\t\t\t\t\t\t\t\t<input size=\"1\" type=\"email\" name=\"form_fields[email]\" id=\"form-field-email\" class=\"elementor-field elementor-size-sm  elementor-field-textual\" required=\"required\">\n\t\t\t\t\t\t\t\t\t\t\t<\/div>\n\t\t\t\t\t\t\t\t<div class=\"elementor-field-type-tel elementor-field-group elementor-column elementor-field-group-field_8c3b2df elementor-col-100\">\n\t\t\t\t\t\t\t\t\t\t\t\t<label for=\"form-field-field_8c3b2df\" class=\"elementor-field-label\">\n\t\t\t\t\t\t\t\t\u0631\u0642\u0645 \u0627\u0644\u0647\u0627\u062a\u0641\t\t\t\t\t\t\t<\/label>\n\t\t\t\t\t\t\t\t<input size=\"1\" type=\"tel\" name=\"form_fields[field_8c3b2df]\" id=\"form-field-field_8c3b2df\" class=\"elementor-field elementor-size-sm  elementor-field-textual\" pattern=\"[0-9()#&amp;+*-=.]+\" title=\"Only numbers and phone characters (#, -, *, etc) are accepted.\">\n\n\t\t\t\t\t\t<\/div>\n\t\t\t\t\t\t\t\t<div class=\"elementor-field-type-textarea elementor-field-group elementor-column elementor-field-group-message elementor-col-100\">\n\t\t\t\t\t\t\t\t\t\t\t\t<label for=\"form-field-message\" class=\"elementor-field-label\">\n\t\t\t\t\t\t\t\t\u0627\u0644\u0631\u0633\u0627\u0644\u0629\t\t\t\t\t\t\t<\/label>\n\t\t\t\t\t\t<textarea class=\"elementor-field-textual elementor-field  elementor-size-sm\" name=\"form_fields[message]\" id=\"form-field-message\" rows=\"4\"><\/textarea>\t\t\t\t<\/div>\n\t\t\t\t\t\t\t\t<div class=\"elementor-field-type-recaptcha_v3 elementor-field-group elementor-column elementor-field-group-field_0990cad elementor-col-100 recaptcha_v3-bottomright\">\n\t\t\t\t\t<div class=\"elementor-field\" id=\"form-field-field_0990cad\"><div class=\"elementor-g-recaptcha\" data-sitekey=\"6LdKvOQpAAAAAForOC0-MueZf4_b1YGYJ8516Jek\" data-type=\"v3\" data-action=\"Form\" data-badge=\"bottomright\" data-size=\"invisible\"><\/div><\/div>\t\t\t\t<\/div>\n\t\t\t\t\t\t\t\t<div class=\"elementor-field-group elementor-column elementor-field-type-submit elementor-col-100 e-form__buttons\">\n\t\t\t\t\t<button class=\"elementor-button elementor-size-sm\" type=\"submit\">\n\t\t\t\t\t\t<span class=\"elementor-button-content-wrapper\">\n\t\t\t\t\t\t\t\t\t\t\t\t\t\t\t\t\t\t\t\t\t\t<span class=\"elementor-button-text\">\u0627\u0631\u0633\u0644<\/span>\n\t\t\t\t\t\t\t\t\t\t\t\t\t<\/span>\n\t\t\t\t\t<\/button>\n\t\t\t\t<\/div>\n\t\t\t<\/div>\n\t\t<\/form>\n\t\t\t\t\t\t<\/div>\n\t\t\t\t<\/div>\n\t\t\t\t<div class=\"elementor-element elementor-element-c35a03f elementor-widget__width-initial color-scheme-inherit text-left elementor-widget elementor-widget-text-editor\" data-id=\"c35a03f\" data-element_type=\"widget\" data-e-type=\"widget\" data-widget_type=\"text-editor.default\">\n\t\t\t\t\t\t\t\t\t<p>\t\t<div data-elementor-type=\"container\" data-elementor-id=\"24726\" class=\"elementor elementor-24726\" data-elementor-post-type=\"elementor_library\">\n\t\t\t\t<div class=\"elementor-element elementor-element-fe5e37c e-con-full e-flex e-con e-parent\" data-id=\"fe5e37c\" data-element_type=\"container\" data-e-type=\"container\">\n\t\t\t\t<div class=\"elementor-element elementor-element-5ef913c elementor-widget elementor-widget-image\" data-id=\"5ef913c\" data-element_type=\"widget\" data-e-type=\"widget\" data-widget_type=\"image.default\">\n\t\t\t\t\t\t\t\t\t\t\t\t\t\t\t<img decoding=\"async\" src=\"https:\/\/uigdetectors.com\/wp-content\/uploads\/elementor\/thumbs\/uig-detectors-logo-quyx9drvk1p8ms019da5eii2u1x793r7w5dq0mwhay.png\" title=\"uig detectors logo\" alt=\"uig detectors logo\" loading=\"lazy\" \/>\t\t\t\t\t\t\t\t\t\t\t\t\t\t\t<\/div>\n\t\t\t\t<div class=\"elementor-element elementor-element-4ff96f0 elementor-widget elementor-widget-heading\" data-id=\"4ff96f0\" data-element_type=\"widget\" data-e-type=\"widget\" data-widget_type=\"heading.default\">\n\t\t\t\t\t<h2 class=\"elementor-heading-title elementor-size-default\">UIG Detectors Company<\/h2>\t\t\t\t<\/div>\n\t\t\t\t<div class=\"elementor-element elementor-element-d811afa color-scheme-inherit text-left elementor-widget elementor-widget-text-editor\" data-id=\"d811afa\" data-element_type=\"widget\" data-e-type=\"widget\" data-widget_type=\"text-editor.default\">\n\t\t\t\t\t\t\t\t\t<p><strong>Mobile:<\/strong>\u00a0 \u00a0 \u00a0<a href=\"https:\/\/api.whatsapp.com\/send?phone=905318524031&amp;text=.\" target=\"_blank\" rel=\"noopener\">+90 531 852 40 31<\/a><br \/><strong>Mobile:<\/strong>\u00a0 \u00a0 \u00a0<a href=\"https:\/\/api.whatsapp.com\/send?phone=905318524031&amp;text=.\" target=\"_blank\" rel=\"noopener\">+90 539 544 02 23<\/a><br \/><strong>Phone:<\/strong>\u00a0 \u00a0 \u00a0<a href=\"tel:00902125518188\">+90 212 551 81 88<\/a><br \/><strong>Fax:<\/strong>\u00a0 \u00a0 \u00a0 \u00a0 \u00a0 +90 212 551 8189<br \/><strong>PO Box:<\/strong> \u00a0\u00a0 34196<br \/><strong>Email:<\/strong>\u00a0 \u00a0 \u00a0 \u00a0 <a href=\"mailto:info@uigdetectors.com\">info@uigdetectors.com<\/a><br \/><strong>Address:<\/strong>\u00a0 \u00a0\u00c7oban\u00e7e\u015fme K\u0131m\u0131z Sok.No:36 Bah\u00e7elievler \/ \u0130stanbul<\/p>\t\t\t\t\t\t\t\t<\/div>\n\t\t\t\t<div class=\"elementor-element elementor-element-56ade16 elementor-widget elementor-widget-wd_social_buttons\" data-id=\"56ade16\" data-element_type=\"widget\" data-e-type=\"widget\" data-widget_type=\"wd_social_buttons.default\">\n\t\t\t\t<div class=\"elementor-widget-container\">\n\t\t\t\t\t\t\t\t<div\n\t\t\t\t\t\tclass=\" wd-social-icons wd-style-default wd-size-large social-follow wd-shape-circle color-scheme-dark text-center\">\n\t\t\t\t\n\t\t\t\t\t\t\t\t\t<span class=\"wd-label\">FOLLOW US ON SOCIAL MEDIA<\/span>\n\t\t\t\t\n\t\t\t\t\t\t\t\t\t<a rel=\"noopener noreferrer nofollow\" href=\"https:\/\/www.facebook.com\/UIGDETECTORS\/\" target=\"_blank\" class=\" wd-social-icon social-facebook\" aria-label=\"Facebook social link\">\n\t\t\t\t\t\t<span class=\"wd-icon\"><\/span>\n\t\t\t\t\t\t\t\t\t\t\t<\/a>\n\t\t\t\t\n\t\t\t\t\t\t\t\t\t<a rel=\"noopener noreferrer nofollow\" href=\"https:\/\/twitter.com\/UIGDETECTORS\" target=\"_blank\" class=\" wd-social-icon social-twitter\" aria-label=\"X social link\">\n\t\t\t\t\t\t<span class=\"wd-icon\"><\/span>\n\t\t\t\t\t\t\t\t\t\t\t<\/a>\n\t\t\t\t\n\t\t\t\t\n\t\t\t\t\n\t\t\t\t\t\t\t\t\t<a rel=\"noopener noreferrer nofollow\" href=\"https:\/\/www.instagram.com\/uig_detectors\/\" target=\"_blank\" class=\" wd-social-icon social-instagram\" aria-label=\"Instagram social link\">\n\t\t\t\t\t\t<span class=\"wd-icon\"><\/span>\n\t\t\t\t\t\t\t\t\t\t\t<\/a>\n\t\t\t\t\n\t\t\t\t\n\t\t\t\t\t\t\t\t\t<a rel=\"noopener noreferrer nofollow\" href=\"https:\/\/www.youtube.com\/channel\/UCDUfo1hDRsPcbq-htS3vCAg\" target=\"_blank\" class=\" wd-social-icon social-youtube\" aria-label=\"YouTube social link\">\n\t\t\t\t\t\t<span class=\"wd-icon\"><\/span>\n\t\t\t\t\t\t\t\t\t\t\t<\/a>\n\t\t\t\t\n\t\t\t\t\n\t\t\t\t\n\t\t\t\t\n\t\t\t\t\n\t\t\t\t\n\t\t\t\t\n\t\t\t\t\n\t\t\t\t\n\t\t\t\t\n\t\t\t\t\n\t\t\t\t\n\t\t\t\t\t\t\t\t\t<a rel=\"noopener noreferrer nofollow\" href=\"https:\/\/api.whatsapp.com\/send?phone=905395440223\" target=\"_blank\" class=\" wd-hide-md wd-social-icon social-whatsapp\" aria-label=\"WhatsApp social link\">\n\t\t\t\t\t\t<span class=\"wd-icon\"><\/span>\n\t\t\t\t\t\t\t\t\t\t\t<\/a>\n\n\t\t\t\t\t<a rel=\"noopener noreferrer nofollow\" href=\"https:\/\/api.whatsapp.com\/send?phone=905395440223\" target=\"_blank\" class=\" wd-hide-lg wd-social-icon social-whatsapp\" aria-label=\"WhatsApp social link\">\n\t\t\t\t\t\t<span class=\"wd-icon\"><\/span>\n\t\t\t\t\t\t\t\t\t\t\t<\/a>\n\t\t\t\t\n\t\t\t\t\n\t\t\t\t\n\t\t\t\t\t\t\t\t\t<a rel=\"noopener noreferrer nofollow\" href=\"https:\/\/www.tiktok.com\/@uig_detectors\" target=\"_blank\" class=\" wd-social-icon social-tiktok\" aria-label=\"TikTok social link\">\n\t\t\t\t\t\t<span class=\"wd-icon\"><\/span>\n\t\t\t\t\t\t\t\t\t\t\t<\/a>\n\t\t\t\t\n\t\t\t\t\n\t\t\t\t\n\t\t\t\t\n\t\t\t\t\n\t\t\t<\/div>\n\n\t\t\t\t\t\t<\/div>\n\t\t\t\t<\/div>\n\t\t\t\t<\/div>\n\t\t\t\t<\/div>\n\t\t<\/p>\t\t\t\t\t\t\t\t<\/div>\n\t\t\t\t<\/div>\n\t\t\t\t<\/div>\n\t\t<\/p>\t\t\t\t\t\t\t\t<\/div>\n\t\t\t\t<div class=\"elementor-element elementor-element-c41b162 elementor-widget elementor-widget-google_maps\" data-id=\"c41b162\" data-element_type=\"widget\" data-e-type=\"widget\" data-widget_type=\"google_maps.default\">\n\t\t\t\t\t\t\t<div class=\"elementor-custom-embed\">\n\t\t\t<iframe loading=\"lazy\"\n\t\t\t\t\tsrc=\"https:\/\/maps.google.com\/maps?q=%C3%87oban%C3%A7e%C5%9Fme%2C%20K%C4%B1m%C4%B1z%20Soka%C4%9Fi%20No%3A36%2F31%20Bah%C3%A7elievler%2F%C4%B0stanbul&#038;t=m&#038;z=12&#038;output=embed&#038;iwloc=near\"\n\t\t\t\t\ttitle=\"\u00c7oban\u00e7e\u015fme, K\u0131m\u0131z Soka\u011fi No:36\/31 Bah\u00e7elievler\/\u0130stanbul\"\n\t\t\t\t\taria-label=\"\u00c7oban\u00e7e\u015fme, K\u0131m\u0131z Soka\u011fi No:36\/31 Bah\u00e7elievler\/\u0130stanbul\"\n\t\t\t><\/iframe>\n\t\t<\/div>\n\t\t\t\t\t\t<\/div>\n\t\t\t\t\t<\/div>\n\t\t\t\t<\/div>\n\t\t\t\t<\/div>\n\t\t","protected":false},"excerpt":{"rendered":"<p>\u0627\u062a\u0635\u0644 \u0628\u0646\u0627 \u0646\u062d\u0646 \u0647\u0646\u0627 \u0644\u0645\u0633\u0627\u0639\u062f\u062a\u0643! \u0633\u0648\u0627\u0621 \u0643\u0646\u062a \u062a\u0641\u0636\u0644 \u0627\u0644\u062a\u0648\u0627\u0635\u0644 \u0627\u0644\u062a\u0642\u0644\u064a\u062f\u064a \u0623\u0648 \u0627\u0644\u0645\u0634\u0627\u0631\u0643\u0629 \u0639\u0628\u0631 \u0648\u0633\u0627\u0626\u0644 \u0627\u0644\u062a\u0648\u0627\u0635\u0644 \u0627\u0644\u0627\u062c\u062a\u0645\u0627\u0639\u064a\u060c \u0641\u0644\u0627 \u062a\u062a\u0631\u062f\u062f \u0641\u064a \u0627\u0644\u062a\u0648\u0627\u0635\u0644<\/p>\n","protected":false},"author":844,"featured_media":0,"parent":0,"menu_order":0,"comment_status":"closed","ping_status":"closed","template":"","meta":{"footnotes":""},"class_list":["post-12580","page","type-page","status-publish","hentry"],"_links":{"self":[{"href":"https:\/\/uigdetectors.com\/ar\/wp-json\/wp\/v2\/pages\/12580","targetHints":{"allow":["GET"]}}],"collection":[{"href":"https:\/\/uigdetectors.com\/ar\/wp-json\/wp\/v2\/pages"}],"about":[{"href":"https:\/\/uigdetectors.com\/ar\/wp-json\/wp\/v2\/types\/page"}],"author":[{"embeddable":true,"href":"https:\/\/uigdetectors.com\/ar\/wp-json\/wp\/v2\/users\/844"}],"replies":[{"embeddable":true,"href":"https:\/\/uigdetectors.com\/ar\/wp-json\/wp\/v2\/comments?post=12580"}],"version-history":[{"count":15,"href":"https:\/\/uigdetectors.com\/ar\/wp-json\/wp\/v2\/pages\/12580\/revisions"}],"predecessor-version":[{"id":37027,"href":"https:\/\/uigdetectors.com\/ar\/wp-json\/wp\/v2\/pages\/12580\/revisions\/37027"}],"wp:attachment":[{"href":"https:\/\/uigdetectors.com\/ar\/wp-json\/wp\/v2\/media?parent=12580"}],"curies":[{"name":"wp","href":"https:\/\/api.w.org\/{rel}","templated":true}]}}