{"id":17333,"date":"2023-01-24T01:19:07","date_gmt":"2023-01-23T22:19:07","guid":{"rendered":"https:\/\/shop.uigdetectors.com\/?page_id=17333"},"modified":"2024-12-24T12:13:32","modified_gmt":"2024-12-24T09:13:32","slug":"contact-us","status":"publish","type":"page","link":"https:\/\/uigdetectors.com\/es\/contact-us\/","title":{"rendered":"ES &#8211; Contact"},"content":{"rendered":"\t\t<div data-elementor-type=\"wp-page\" data-elementor-id=\"17333\" class=\"elementor elementor-17333 elementor-11761\" data-elementor-post-type=\"page\">\n\t\t\t\t<div class=\"elementor-element elementor-element-2cc13617 e-con-full e-flex e-con e-parent\" data-id=\"2cc13617\" data-element_type=\"container\" data-e-type=\"container\">\n\t\t\t\t<div class=\"elementor-element elementor-element-6d0dfc74 elementor-widget elementor-widget-heading\" data-id=\"6d0dfc74\" data-element_type=\"widget\" data-e-type=\"widget\" data-widget_type=\"heading.default\">\n\t\t\t\t\t<h1 class=\"elementor-heading-title elementor-size-xl\">Cont\u00e1ctenos<\/h1>\t\t\t\t<\/div>\n\t\t\t\t<div class=\"elementor-element elementor-element-26c7a352 elementor-widget elementor-widget-heading\" data-id=\"26c7a352\" data-element_type=\"widget\" data-e-type=\"widget\" data-widget_type=\"heading.default\">\n\t\t\t\t\t<h2 class=\"elementor-heading-title elementor-size-medium\">\nEstamos aqu\u00ed para ayudarte. Ya sea que prefieras la comunicaci\u00f3n cl\u00e1sica o interactuar a trav\u00e9s de las Redes Sociales. No dudes en contactarnos utilizando el Formulario de Contacto a continuaci\u00f3n o a trav\u00e9s de las siguientes opciones:<\/h2>\t\t\t\t<\/div>\n\t\t<div class=\"elementor-element elementor-element-1e818fba e-con-full e-flex e-con e-child\" data-id=\"1e818fba\" data-element_type=\"container\" data-e-type=\"container\">\n\t\t\t\t<div class=\"elementor-element elementor-element-107e067 elementor-widget__width-auto elementor-position-top elementor-widget elementor-widget-image-box\" data-id=\"107e067\" data-element_type=\"widget\" data-e-type=\"widget\" data-widget_type=\"image-box.default\">\n\t\t\t\t\t<div class=\"elementor-image-box-wrapper\"><figure class=\"elementor-image-box-img\"><img decoding=\"async\" width=\"60\" height=\"60\" src=\"https:\/\/uigdetectors.com\/wp-content\/uploads\/2023\/12\/mail_icon.png\" class=\"attachment-full size-full wp-image-23158\" alt=\"mail icon\" \/><\/figure><div class=\"elementor-image-box-content\"><h3 class=\"elementor-image-box-title\">Email<\/h3><p class=\"elementor-image-box-description\"><a href=\"mailto:info@uigdetectors.com\">info@uigdetectors.com<\/a><\/p><\/div><\/div>\t\t\t\t<\/div>\n\t\t\t\t<div class=\"elementor-element elementor-element-b0b6fcc elementor-widget__width-auto elementor-position-top elementor-widget elementor-widget-image-box\" data-id=\"b0b6fcc\" data-element_type=\"widget\" data-e-type=\"widget\" data-widget_type=\"image-box.default\">\n\t\t\t\t\t<div class=\"elementor-image-box-wrapper\"><figure class=\"elementor-image-box-img\"><img decoding=\"async\" width=\"60\" height=\"60\" src=\"https:\/\/uigdetectors.com\/wp-content\/uploads\/2023\/12\/phone_icon.png\" class=\"attachment-full size-full wp-image-23159\" alt=\"phone icon\" \/><\/figure><div class=\"elementor-image-box-content\"><h3 class=\"elementor-image-box-title\">Phone<\/h3><p class=\"elementor-image-box-description\"><a href=\"tel:00905318524031\">+90 531 852 40 31<\/a><\/p><\/div><\/div>\t\t\t\t<\/div>\n\t\t\t\t<div class=\"elementor-element elementor-element-770f11f elementor-widget__width-auto elementor-position-top elementor-widget elementor-widget-image-box\" data-id=\"770f11f\" data-element_type=\"widget\" data-e-type=\"widget\" data-widget_type=\"image-box.default\">\n\t\t\t\t\t<div class=\"elementor-image-box-wrapper\"><figure class=\"elementor-image-box-img\"><img decoding=\"async\" width=\"60\" height=\"60\" src=\"https:\/\/uigdetectors.com\/wp-content\/uploads\/2023\/12\/support.png\" class=\"attachment-full size-full wp-image-23219\" alt=\"support\" \/><\/figure><div class=\"elementor-image-box-content\"><h3 class=\"elementor-image-box-title\">Support<\/h3><p class=\"elementor-image-box-description\"><a href=\"https:\/\/api.whatsapp.com\/send?phone=905395440223&amp;text=I%20Have%20a%20problem%20with%20my%20device%20can%20you%20help%20me\" target=\"_blank\" rel=\"noopener\">+90 539 544 02 23<\/a><\/p><\/div><\/div>\t\t\t\t<\/div>\n\t\t\t\t<div class=\"elementor-element elementor-element-2318c98 elementor-widget__width-auto elementor-position-top elementor-widget elementor-widget-image-box\" data-id=\"2318c98\" data-element_type=\"widget\" data-e-type=\"widget\" data-widget_type=\"image-box.default\">\n\t\t\t\t\t<div class=\"elementor-image-box-wrapper\"><figure class=\"elementor-image-box-img\"><img decoding=\"async\" width=\"60\" height=\"60\" src=\"https:\/\/uigdetectors.com\/wp-content\/uploads\/2023\/12\/whatsapp.png\" class=\"attachment-full size-full wp-image-23220\" alt=\"whatsapp\" \/><\/figure><div class=\"elementor-image-box-content\"><h3 class=\"elementor-image-box-title\">Whatsapp<\/h3><p class=\"elementor-image-box-description\"><a href=\"https:\/\/api.whatsapp.com\/send?phone=905335056207&amp;text=.\" target=\"_blank\" rel=\"noopener\">+90 533 505 62 07<\/a><\/p><\/div><\/div>\t\t\t\t<\/div>\n\t\t\t\t<\/div>\n\t\t\t\t<div class=\"elementor-element elementor-element-e9b8317 color-scheme-inherit text-left elementor-widget elementor-widget-text-editor\" data-id=\"e9b8317\" data-element_type=\"widget\" data-e-type=\"widget\" data-widget_type=\"text-editor.default\">\n\t\t\t\t\t\t\t\t\t<p><\/p>\t\t\t\t\t\t\t\t<\/div>\n\t\t\t\t<\/div>\n\t\t\t\t<\/div>\n\t\t","protected":false},"excerpt":{"rendered":"<p>Cont\u00e1ctenos Estamos aqu\u00ed para ayudarte. Ya sea que prefieras la comunicaci\u00f3n cl\u00e1sica o interactuar a trav\u00e9s de las Redes Sociales.<\/p>\n","protected":false},"author":1,"featured_media":0,"parent":0,"menu_order":0,"comment_status":"closed","ping_status":"closed","template":"","meta":{"footnotes":""},"class_list":["post-17333","page","type-page","status-publish","hentry"],"_links":{"self":[{"href":"https:\/\/uigdetectors.com\/es\/wp-json\/wp\/v2\/pages\/17333","targetHints":{"allow":["GET"]}}],"collection":[{"href":"https:\/\/uigdetectors.com\/es\/wp-json\/wp\/v2\/pages"}],"about":[{"href":"https:\/\/uigdetectors.com\/es\/wp-json\/wp\/v2\/types\/page"}],"author":[{"embeddable":true,"href":"https:\/\/uigdetectors.com\/es\/wp-json\/wp\/v2\/users\/1"}],"replies":[{"embeddable":true,"href":"https:\/\/uigdetectors.com\/es\/wp-json\/wp\/v2\/comments?post=17333"}],"version-history":[{"count":12,"href":"https:\/\/uigdetectors.com\/es\/wp-json\/wp\/v2\/pages\/17333\/revisions"}],"predecessor-version":[{"id":35019,"href":"https:\/\/uigdetectors.com\/es\/wp-json\/wp\/v2\/pages\/17333\/revisions\/35019"}],"wp:attachment":[{"href":"https:\/\/uigdetectors.com\/es\/wp-json\/wp\/v2\/media?parent=17333"}],"curies":[{"name":"wp","href":"https:\/\/api.w.org\/{rel}","templated":true}]}}