{"id":23643,"date":"2023-12-22T14:26:13","date_gmt":"2023-12-22T11:26:13","guid":{"rendered":"https:\/\/uigdetectors.com\/?page_id=23643"},"modified":"2024-02-02T12:22:15","modified_gmt":"2024-02-02T09:22:15","slug":"es-become-distributor","status":"publish","type":"page","link":"https:\/\/uigdetectors.com\/es\/es-become-distributor\/","title":{"rendered":"ES &#8211; Become Distributor"},"content":{"rendered":"\t\t<div data-elementor-type=\"wp-page\" data-elementor-id=\"23643\" class=\"elementor elementor-23643 elementor-22978\" data-elementor-post-type=\"page\">\n\t\t\t\t<div class=\"wd-negative-gap elementor-element elementor-element-40cef76 e-flex e-con-boxed e-con e-parent\" data-id=\"40cef76\" data-element_type=\"container\" data-e-type=\"container\">\n\t\t\t\t\t<div class=\"e-con-inner\">\n\t\t\t\t<div class=\"elementor-element elementor-element-f1e057f color-scheme-inherit text-left elementor-widget elementor-widget-text-editor\" data-id=\"f1e057f\" data-element_type=\"widget\" data-e-type=\"widget\" data-widget_type=\"text-editor.default\">\n\t\t\t\t\t\t\t\t\t<p><\/p>\t\t\t\t\t\t\t\t<\/div>\n\t\t\t\t<div class=\"elementor-element elementor-element-6258082 elementor-widget elementor-widget-heading\" data-id=\"6258082\" data-element_type=\"widget\" data-e-type=\"widget\" data-widget_type=\"heading.default\">\n\t\t\t\t\t<h1 class=\"elementor-heading-title elementor-size-xl\">Bienvenido a nuestra red global de distribuidores<\/h1>\t\t\t\t<\/div>\n\t\t\t\t<div class=\"elementor-element elementor-element-c40a535 elementor-widget elementor-widget-heading\" data-id=\"c40a535\" data-element_type=\"widget\" data-e-type=\"widget\" data-widget_type=\"heading.default\">\n\t\t\t\t\t<h4 class=\"elementor-heading-title elementor-size-default\">Nuestro objetivo es expandir la prestaci\u00f3n de nuestros servicios a miles de clientes en todo el mundo. Nuestra dedicaci\u00f3n a la excelencia y precisi\u00f3n nos convierte en la opci\u00f3n ideal para empresas y particulares que buscan calidad.\n<br \/><br \/>\nLas f\u00e1bricas y empresas de UIG Detectors fueron establecidas en 1990 y son una de las mayores empresas a nivel mundial en la fabricaci\u00f3n y desarrollo de dispositivos de detecci\u00f3n de oro, tesoros enterrados, metales preciosos, vac\u00edos, diamantes, piedras preciosas y aguas subterr\u00e1neas en el subsuelo.\n<br \/><br \/>\nPara convertirse en un distribuidor de una empresa gigante y prestigiosa, le solicitamos que complete el formulario a continuaci\u00f3n con sus detalles, y nuestro equipo se pondr\u00e1 en contacto con usted pronto<\/h4>\t\t\t\t<\/div>\n\t\t\t\t<div class=\"elementor-element elementor-element-86b75a8 elementor-widget elementor-widget-heading\" data-id=\"86b75a8\" data-element_type=\"widget\" data-e-type=\"widget\" data-widget_type=\"heading.default\">\n\t\t\t\t\t<h5 class=\"elementor-heading-title elementor-size-default\">Para convertirse en agente de nuestra estimada y reconocida empresa, complete el siguiente formulario con sus datos y nuestro equipo se comunicar\u00e1 con usted en breve.<\/h5>\t\t\t\t<\/div>\n\t\t\t\t<div class=\"elementor-element elementor-element-234e09c wd-cf7 elementor-widget elementor-widget-wd_contact_form_7\" data-id=\"234e09c\" data-element_type=\"widget\" data-e-type=\"widget\" data-widget_type=\"wd_contact_form_7.default\">\n\t\t\t\t<div class=\"elementor-widget-container\">\n\t\t\t\t\t<div class=\"wd-notice wd-info\">You need to create a form using Contact form 7 plugin to be able to display it using this element.<\/div>\t\t\t\t<\/div>\n\t\t\t\t<\/div>\n\t\t\t\t<div class=\"elementor-element elementor-element-d3cd6d9 elementor-widget elementor-widget-heading\" data-id=\"d3cd6d9\" data-element_type=\"widget\" data-e-type=\"widget\" data-widget_type=\"heading.default\">\n\t\t\t\t\t<h3 class=\"elementor-heading-title elementor-size-default\">Need More Information?<\/h3>\t\t\t\t<\/div>\n\t\t\t\t<div class=\"elementor-element elementor-element-d023ed8 color-scheme-inherit text-left elementor-widget elementor-widget-text-editor\" data-id=\"d023ed8\" data-element_type=\"widget\" data-e-type=\"widget\" data-widget_type=\"text-editor.default\">\n\t\t\t\t\t\t\t\t\t<div>\nIf you have any further questions or require additional information. Please feel free to reach out to us at <a href = \"mailto: info@uigdetectors.com\">info@uigdetectors<\/a>.\n<br\/>\nYou can also stay connected and updated through our social media channels.\n<\/div>\t\t\t\t\t\t\t\t<\/div>\n\t\t\t\t<div class=\"elementor-element elementor-element-3c2d5f6 elementor-widget elementor-widget-wd_social_buttons\" data-id=\"3c2d5f6\" data-element_type=\"widget\" data-e-type=\"widget\" data-widget_type=\"wd_social_buttons.default\">\n\t\t\t\t<div class=\"elementor-widget-container\">\n\t\t\t\t\t\t\t\t<div\n\t\t\t\t\t\tclass=\" wd-social-icons wd-style-primary wd-size-default social-follow wd-shape-circle color-scheme-dark text-center\">\n\t\t\t\t\n\t\t\t\t\n\t\t\t\t\t\t\t\t\t<a rel=\"noopener noreferrer nofollow\" href=\"https:\/\/www.facebook.com\/UIGDETECTORS\/\" target=\"_blank\" class=\" wd-social-icon social-facebook\" aria-label=\"Facebook social link\">\n\t\t\t\t\t\t<span class=\"wd-icon\"><\/span>\n\t\t\t\t\t\t\t\t\t\t\t<\/a>\n\t\t\t\t\n\t\t\t\t\t\t\t\t\t<a rel=\"noopener noreferrer nofollow\" href=\"https:\/\/twitter.com\/UIGDETECTORS\" target=\"_blank\" class=\" wd-social-icon social-twitter\" aria-label=\"X social link\">\n\t\t\t\t\t\t<span class=\"wd-icon\"><\/span>\n\t\t\t\t\t\t\t\t\t\t\t<\/a>\n\t\t\t\t\n\t\t\t\t\n\t\t\t\t\n\t\t\t\t\t\t\t\t\t<a rel=\"noopener noreferrer nofollow\" href=\"https:\/\/www.instagram.com\/uig_detectors\/\" target=\"_blank\" class=\" wd-social-icon social-instagram\" aria-label=\"Instagram social link\">\n\t\t\t\t\t\t<span class=\"wd-icon\"><\/span>\n\t\t\t\t\t\t\t\t\t\t\t<\/a>\n\t\t\t\t\n\t\t\t\t\n\t\t\t\t\t\t\t\t\t<a rel=\"noopener noreferrer nofollow\" href=\"https:\/\/www.youtube.com\/channel\/UCDUfo1hDRsPcbq-htS3vCAg\" target=\"_blank\" class=\" wd-social-icon social-youtube\" aria-label=\"YouTube social link\">\n\t\t\t\t\t\t<span class=\"wd-icon\"><\/span>\n\t\t\t\t\t\t\t\t\t\t\t<\/a>\n\t\t\t\t\n\t\t\t\t\n\t\t\t\t\n\t\t\t\t\n\t\t\t\t\n\t\t\t\t\n\t\t\t\t\n\t\t\t\t\n\t\t\t\t\n\t\t\t\t\n\t\t\t\t\n\t\t\t\t\n\t\t\t\t\t\t\t\t\t<a rel=\"noopener noreferrer nofollow\" href=\"https:\/\/api.whatsapp.com\/send?phone=905395440223\" target=\"_blank\" class=\" wd-hide-md wd-social-icon social-whatsapp\" aria-label=\"WhatsApp social link\">\n\t\t\t\t\t\t<span class=\"wd-icon\"><\/span>\n\t\t\t\t\t\t\t\t\t\t\t<\/a>\n\n\t\t\t\t\t<a rel=\"noopener noreferrer nofollow\" href=\"https:\/\/api.whatsapp.com\/send?phone=905395440223\" target=\"_blank\" class=\" wd-hide-lg wd-social-icon social-whatsapp\" aria-label=\"WhatsApp social link\">\n\t\t\t\t\t\t<span class=\"wd-icon\"><\/span>\n\t\t\t\t\t\t\t\t\t\t\t<\/a>\n\t\t\t\t\n\t\t\t\t\n\t\t\t\t\n\t\t\t\t\t\t\t\t\t<a rel=\"noopener noreferrer nofollow\" href=\"https:\/\/www.tiktok.com\/@uigdetectors.com\" target=\"_blank\" class=\" wd-social-icon social-tiktok\" aria-label=\"TikTok social link\">\n\t\t\t\t\t\t<span class=\"wd-icon\"><\/span>\n\t\t\t\t\t\t\t\t\t\t\t<\/a>\n\t\t\t\t\n\t\t\t\t\n\t\t\t\t\n\t\t\t\t\n\t\t\t\t\n\t\t\t<\/div>\n\n\t\t\t\t\t\t<\/div>\n\t\t\t\t<\/div>\n\t\t\t\t\t<\/div>\n\t\t\t\t<\/div>\n\t\t\t\t<\/div>\n\t\t","protected":false},"excerpt":{"rendered":"<p>Bienvenido a nuestra red global de distribuidores Nuestro objetivo es expandir la prestaci\u00f3n de nuestros servicios a miles de clientes<\/p>\n","protected":false},"author":844,"featured_media":0,"parent":0,"menu_order":0,"comment_status":"closed","ping_status":"closed","template":"","meta":{"footnotes":""},"class_list":["post-23643","page","type-page","status-publish","hentry"],"_links":{"self":[{"href":"https:\/\/uigdetectors.com\/es\/wp-json\/wp\/v2\/pages\/23643","targetHints":{"allow":["GET"]}}],"collection":[{"href":"https:\/\/uigdetectors.com\/es\/wp-json\/wp\/v2\/pages"}],"about":[{"href":"https:\/\/uigdetectors.com\/es\/wp-json\/wp\/v2\/types\/page"}],"author":[{"embeddable":true,"href":"https:\/\/uigdetectors.com\/es\/wp-json\/wp\/v2\/users\/844"}],"replies":[{"embeddable":true,"href":"https:\/\/uigdetectors.com\/es\/wp-json\/wp\/v2\/comments?post=23643"}],"version-history":[{"count":0,"href":"https:\/\/uigdetectors.com\/es\/wp-json\/wp\/v2\/pages\/23643\/revisions"}],"wp:attachment":[{"href":"https:\/\/uigdetectors.com\/es\/wp-json\/wp\/v2\/media?parent=23643"}],"curies":[{"name":"wp","href":"https:\/\/api.w.org\/{rel}","templated":true}]}}