{"id":17389,"date":"2023-06-01T22:44:54","date_gmt":"2023-06-01T22:44:54","guid":{"rendered":"https:\/\/shop.uigdetectors.com\/?post_type=product&#038;p=17389"},"modified":"2024-03-28T11:46:22","modified_gmt":"2024-03-28T08:46:22","slug":"uig-gold-digger-detector-es","status":"publish","type":"product","link":"https:\/\/uigdetectors.com\/es\/producto\/uig-gold-digger-detector-es\/","title":{"rendered":"UIG GOLD DIGGER Detector de metales"},"content":{"rendered":"<h1 class=\"p1\" style=\"text-align: center;\"><strong><span class=\"s1\">Dispositivo <\/span><span class=\"s2\"><i>UIG GOLD DIGGER <\/i><\/span><\/strong><\/h1>\n<p class=\"p3\"><strong>El dispositivo UIG GOLD DIGGER funciona con siete sistemas de b\u00fasqueda para detectar oro enterrado, oro en bruto, vetas de oro, tesoros escondidos, metales preciosos y monedas de oro, bronce y plata bajo tierra.<\/strong><\/p>\n<p class=\"p3\"><strong>Despu\u00e9s de importantes esfuerzos, investigaciones cient\u00edficas y pruebas de campo realizadas por la compa\u00f1\u00eda Uig Detectors Company, nos complace presentar nuestro nuevo e innovador dispositivo, el primero del mundo para detectar oro, metales preciosos y tesoros escondidos bajo tierra.<\/strong><\/p>\n<p class=\"p3\"><strong>A trav\u00e9s de intensos experimentos pr\u00e1cticos y numerosas pruebas de campo en todo el mundo, el dispositivo UIG GOLD DIGGER ha demostrado su alta eficiencia.<\/strong><\/p>\n<p class=\"p3\"><strong>El dispositivo UIG GOLD DIGGER cuenta con varias funciones avanzadas que transformar\u00e1n a los principiantes en profesionales de la prospecci\u00f3n, brindando resultados \u00f3ptimos.<\/strong><\/p>\n<p class=\"p3\"><strong>El dispositivo Uig Gold Digger es vers\u00e1til, preciso y el primero de su tipo a nivel mundial para detectar oro enterrado, oro en bruto, metales preciosos, monedas met\u00e1licas y tesoros escondidos, operando en todas las condiciones y terrenos naturales.<\/strong><\/p>\n<p class=\"p3\"><strong>El dispositivo UIG GOLD DIGGER funciona con un sistema autom\u00e1tico avanzado (VLF) de alta precisi\u00f3n, que distingue entre metales preciosos y no preciosos.<\/strong><\/p>\n<p class=\"p3\"><strong>La m\u00e1quina Uig Gold Digger proporciona, a quienes se dedican al campo de la prospecci\u00f3n de oro, una herramienta altamente eficiente y amigable con el usuario.<\/strong><\/p>\n<p class=\"p3\"><strong><span class=\"Apple-converted-space\">\u00a0\u00a0 <\/span>El dispositivo UIG GOLD DIGGER dispone de un sistema de funcionamiento autom\u00e1tico que no se ve afectado por el tipo de suelo: h\u00famedo, rico en minerales o mineralizado (rocas bas\u00e1lticas).<\/strong><\/p>\n<p class=\"p3\"><strong><span class=\"Apple-converted-space\">\u00a0\u00a0 <\/span>Puede evitar todo tipo de rocas mineralizadas con tecnolog\u00eda de calibraci\u00f3n avanzada.<\/strong><\/p>\n<p class=\"p3\"><strong><span class=\"Apple-converted-space\">\u00a0\u00a0 <\/span>El dispositivo UIG GOLD DIGGER funciona con siete sistemas de b\u00fasqueda diferentes para detectar metales preciosos y no preciosos.<\/strong><\/p>\n<p class=\"p3\"><strong>La m\u00e1quina excavadora de oro Uig es multisistema:<\/strong><\/p>\n<p class=\"p3\"><strong><span class=\"Apple-converted-space\">\u00a0 \u00a0 <\/span>1- Sistema de B\u00fasqueda General:<\/strong><\/p>\n<p class=\"p3\"><strong><span class=\"Apple-converted-space\">\u00a0 \u00a0 \u00a0 \u00a0 <\/span>Este sistema puede buscar todo tipo de objetivos (grandes y peque\u00f1os).<\/strong><\/p>\n<p class=\"p3\"><strong><span class=\"Apple-converted-space\">\u00a0 \u00a0 <\/span>2- Sistema de b\u00fasqueda de objetivos peque\u00f1os:<\/strong><\/p>\n<p class=\"p3\"><strong><span class=\"Apple-converted-space\">\u00a0 \u00a0 \u00a0 \u00a0 <\/span>Este sistema se especializa en detectar objetivos peque\u00f1os (como oro en bruto, vetas de oro, peque\u00f1as escamas de oro y monedas de metal).<\/strong><\/p>\n<p class=\"p3\"><strong><span class=\"Apple-converted-space\">\u00a0 \u00a0 <\/span>3- Sistema de b\u00fasqueda de alta profundidad:<\/strong><\/p>\n<p class=\"p3\"><strong><span class=\"Apple-converted-space\">\u00a0 \u00a0 \u00a0 \u00a0 <\/span>Este sistema se especializa en detectar objetivos grandes (como tesoros escondidos) a grandes profundidades.<\/strong><\/p>\n<p class=\"p3\"><strong><span class=\"Apple-converted-space\">\u00a0 \u00a0 <\/span>4- Sistema de B\u00fasqueda de suelos duros:<\/strong><\/p>\n<p class=\"p3\"><strong><span class=\"Apple-converted-space\">\u00a0 \u00a0 \u00a0 \u00a0 <\/span>Este sistema destaca en el descubrimiento de objetivos en entornos de mucho ruido y en los tipos m\u00e1s desafiantes de suelos impuros y ricos en minerales.<\/strong><\/p>\n<p class=\"p3\"><strong><span class=\"Apple-converted-space\">\u00a0 \u00a0 <\/span>5- Sistema de escaneo inteligente:<\/strong><\/p>\n<p class=\"p3\"><strong><span class=\"Apple-converted-space\">\u00a0 \u00a0 \u00a0 \u00a0 <\/span>Este sistema \u00fanico combina dos caracter\u00edsticas, alcanzando grandes profundidades sin perder la capacidad de detectar objetivos peque\u00f1os.<\/strong><\/p>\n<p class=\"p3\"><strong><span class=\"Apple-converted-space\">\u00a0 \u00a0 <\/span>6- Sistema de b\u00fasqueda personalizado:<\/strong><\/p>\n<p class=\"p3\"><strong><span class=\"Apple-converted-space\">\u00a0 \u00a0 \u00a0 \u00a0 <\/span>Este sistema puede almacenar frecuencias para m\u00e1s de veinte tipos de metales, lo que permite a los usuarios elegir qu\u00e9 metal buscar o ignorar.<\/strong><\/p>\n<p class=\"p3\"><strong>Puede buscar varios metales simult\u00e1neamente o ignorar varios metales al mismo tiempo.<\/strong><\/p>\n<p class=\"p3\"><strong><span class=\"Apple-converted-space\">\u00a0 \u00a0 <\/span>7- Sistema de localizaci\u00f3n de objetivos (puntero):<\/strong><\/p>\n<p class=\"p3\"><strong><span class=\"Apple-converted-space\">\u00a0 \u00a0 \u00a0 \u00a0 <\/span>Este sistema se especializa en se\u00f1alar con precisi\u00f3n las ubicaciones de los objetivos, alcanzar grandes profundidades y facilitar el proceso de excavaci\u00f3n para el buscador.<\/strong><\/p>\n<p class=\"p3\"><strong>La profundidad del dispositivo para objetivos antiguos enterrados alcanza los 4 metros o m\u00e1s bajo tierra.<\/strong><\/p>\n<p class=\"p5\"><strong>El dispositivo UIG GOLD DIGGER puede trabajar con varios idiomas:<\/strong><\/p>\n<p class=\"p5\"><strong>Alem\u00e1n &#8211; Ingl\u00e9s &#8211; Franc\u00e9s &#8211; \u00c1rabe &#8211; Portugu\u00e9s &#8211; Espa\u00f1ol.<\/strong><\/p>\n<p class=\"p5\"><strong>El dispositivo UIG GOLD DIGGER es de una las mejores industrias alemanas y posee la certificaci\u00f3n europea CE seg\u00fan est\u00e1ndares globales, adem\u00e1s de la certificaci\u00f3n internacional ISO 9001 de acuerdo con est\u00e1ndares y medidas globales.<\/strong><\/p>\n<p class=\"p5\"><strong>El dispositivo UIG GOLD DIGGER est\u00e1 dise\u00f1ado para funcionar en todos los pa\u00edses y climas.<\/strong><\/p>\n<p class=\"p5\"><strong>Un verdadero viaje de exploraci\u00f3n no requiere aventurarse en nuevas tierras sino ver con nuevos ojos.<\/strong><\/p>\n<p class=\"p7\"><strong>Le deseamos \u00e9xito en sus viajes exploratorios.<\/strong><\/p>\n<p><iframe title=\"Raw gold, buried gold, precious metals, and treasures underground detector, UIG GOLD DIGGER Device\" width=\"500\" height=\"281\" src=\"https:\/\/www.youtube.com\/embed\/xcPmSq9scOA?feature=oembed\" frameborder=\"0\" allow=\"accelerometer; autoplay; clipboard-write; encrypted-media; gyroscope; picture-in-picture; web-share\" referrerpolicy=\"strict-origin-when-cross-origin\" allowfullscreen><\/iframe><\/p>\n","protected":false},"excerpt":{"rendered":"<div class=\"woocommerce-product-details__short-description\">\n<p class=\"p1\"><strong>Operates with seven different search systems in one device:<\/strong><\/p>\n<p class=\"p1\"><strong>To detect buried gold, raw gold, treasures, gold, bronze, and silver coins underground.<\/strong><\/p>\n<\/div>\n","protected":false},"featured_media":30102,"template":"","meta":[],"product_brand":[],"product_cat":[196,229],"product_tag":[],"class_list":{"0":"post-17389","1":"product","2":"type-product","3":"status-publish","4":"has-post-thumbnail","6":"product_cat-detectores-de-oro-y-metales","7":"product_cat-almacenar","9":"first","10":"instock","11":"purchasable","12":"product-type-simple"},"_links":{"self":[{"href":"https:\/\/uigdetectors.com\/es\/wp-json\/wp\/v2\/product\/17389","targetHints":{"allow":["GET"]}}],"collection":[{"href":"https:\/\/uigdetectors.com\/es\/wp-json\/wp\/v2\/product"}],"about":[{"href":"https:\/\/uigdetectors.com\/es\/wp-json\/wp\/v2\/types\/product"}],"version-history":[{"count":0,"href":"https:\/\/uigdetectors.com\/es\/wp-json\/wp\/v2\/product\/17389\/revisions"}],"wp:featuredmedia":[{"embeddable":true,"href":"https:\/\/uigdetectors.com\/es\/wp-json\/wp\/v2\/media\/30102"}],"wp:attachment":[{"href":"https:\/\/uigdetectors.com\/es\/wp-json\/wp\/v2\/media?parent=17389"}],"wp:term":[{"taxonomy":"product_brand","embeddable":true,"href":"https:\/\/uigdetectors.com\/es\/wp-json\/wp\/v2\/product_brand?post=17389"},{"taxonomy":"product_cat","embeddable":true,"href":"https:\/\/uigdetectors.com\/es\/wp-json\/wp\/v2\/product_cat?post=17389"},{"taxonomy":"product_tag","embeddable":true,"href":"https:\/\/uigdetectors.com\/es\/wp-json\/wp\/v2\/product_tag?post=17389"}],"curies":[{"name":"wp","href":"https:\/\/api.w.org\/{rel}","templated":true}]}}