{"id":17418,"date":"2023-06-05T22:33:03","date_gmt":"2023-06-05T19:33:03","guid":{"rendered":"https:\/\/shop.uigdetectors.com\/?post_type=product&#038;p=17418"},"modified":"2024-10-03T17:19:54","modified_gmt":"2024-10-03T14:19:54","slug":"easy-way-smart-detector","status":"publish","type":"product","link":"https:\/\/uigdetectors.com\/es\/producto\/easy-way-smart-detector\/","title":{"rendered":"EASY WAY SMART &#8211; Detector de metales"},"content":{"rendered":"\t\t<div data-elementor-type=\"product-post\" data-elementor-id=\"17418\" class=\"elementor elementor-17418 elementor-11502\" data-elementor-post-type=\"product\">\n\t\t\t\t<div class=\"wd-negative-gap elementor-element elementor-element-3e322cea e-flex e-con-boxed e-con e-parent\" data-id=\"3e322cea\" data-element_type=\"container\" data-e-type=\"container\">\n\t\t\t\t\t<div class=\"e-con-inner\">\n\t\t\t\t<div class=\"elementor-element elementor-element-2d8d8651 elementor-widget elementor-widget-heading\" data-id=\"2d8d8651\" data-element_type=\"widget\" data-e-type=\"widget\" data-widget_type=\"heading.default\">\n\t\t\t\t\t<h1 class=\"elementor-heading-title elementor-size-default\">EASY WAY SMART DETECTOR<\/h1>\t\t\t\t<\/div>\n\t\t\t\t<div class=\"elementor-element elementor-element-32271e98 elementor-widget elementor-widget-heading\" data-id=\"32271e98\" data-element_type=\"widget\" data-e-type=\"widget\" data-widget_type=\"heading.default\">\n\t\t\t\t\t<h2 class=\"elementor-heading-title elementor-size-default\">The Easy Way Smart device is the smallest device with a three-dimensional imaging system and a long-range radar sensing system for detecting gold, buried treasures, precious metals, and voids underground, with the capacity to completely hide it<\/h2>\t\t\t\t<\/div>\n\t\t<div class=\"elementor-element elementor-element-2dfd15a9 e-con-full e-flex e-con e-child\" data-id=\"2dfd15a9\" data-element_type=\"container\" data-e-type=\"container\">\n\t\t\t\t<div class=\"elementor-element elementor-element-6fb51759 color-scheme-inherit text-left elementor-widget elementor-widget-text-editor\" data-id=\"6fb51759\" data-element_type=\"widget\" data-e-type=\"widget\" data-widget_type=\"text-editor.default\">\n\t\t\t\t\t\t\t\t\t<div>\nThe unique and unprecedented technology in the world combines two search systems in one single device.\n<br\/><br\/>\nGER Detect and UIG Detectors have integrated all the advanced technologies to make this device the first globally. <br\/>\nThis is great news for those seeking underground buried gold, treasures, ancient artifacts, precious metals, and voids. <br\/>\nOur experts have developed the Easy Way Smart device, minimizing its size to be effectively concealed, solving the challenges faced by explorers who encounter significant risks during excavation operations\n<br\/><br\/>\nThe features of this device are the dream of all explorers and prospectors worldwide. <br\/>\nThe Easy Way Smart is a multi-system device for searching underground wealth. <br\/>\nFor the first time in the world of modern technology, one device operates with two different search systems. \nThe device reaches a depth of 18 meters underground and has a front range of 2000 meters.\n\n<\/div>\t\t\t\t\t\t\t\t<\/div>\n\t\t\t\t<\/div>\n\t\t\t\t<div class=\"elementor-element elementor-element-63726eb1 elementor-widget elementor-widget-heading\" data-id=\"63726eb1\" data-element_type=\"widget\" data-e-type=\"widget\" data-widget_type=\"heading.default\">\n\t\t\t\t\t<h3 class=\"elementor-heading-title elementor-size-default\">The Easy Way Smart operates with two professional and innovative search systems.<\/h3>\t\t\t\t<\/div>\n\t\t\t\t<div class=\"elementor-element elementor-element-6ef89bc3 color-scheme-inherit text-left elementor-widget elementor-widget-text-editor\" data-id=\"6ef89bc3\" data-element_type=\"widget\" data-e-type=\"widget\" data-widget_type=\"text-editor.default\">\n\t\t\t\t\t\t\t\t\t<ul>\n \t<li><strong><span style=\"color: #c99c00;\">3D Imaging System <\/span><\/strong>\nThe system introduces many newly innovative technical specifications.<br\/>\nIt captures images of all layers of the ground, displaying imaging results from all directions on the device&#8217;s screen to clarify the target underground.<br\/>\nIt reveals everything the ground contains, from gold and precious metals to hidden treasures, caves, voids, tombs, and all that is hidden underground.<br\/>\nAdditionally, it determines the depth of all discovered targets in meters and centimeters.<\/li>\n<\/ul>\n&nbsp;\n<ul>\n \t<li><strong><span style=\"color: #c99c00;\"> Long-Range Radar Sensing System <\/span><\/strong>A highly accurate and precise capacity to identify the type of metal intended for detection.<br\/>\nIt can pinpoint a single target during the search process, such as buried gold, raw gold, silver, copper, bronze, and voids.\nThis high-resolution system is a confirmed signal identification and monitoring system to guide you to the target.<br\/>\nWhen a signal is obtained, the antenna will turn directly toward the target.<br\/>\nFollow the signal, and when the antenna turns backward, you will have surpassed the target.<br\/>\nThen, confirm the target&#8217;s location from all four directions and confine it to a one-square-meter area.<\/li>\n<\/ul>\t\t\t\t\t\t\t\t<\/div>\n\t\t\t\t<div class=\"elementor-element elementor-element-6156da9a elementor-widget elementor-widget-heading\" data-id=\"6156da9a\" data-element_type=\"widget\" data-e-type=\"widget\" data-widget_type=\"heading.default\">\n\t\t\t\t\t<h3 class=\"elementor-heading-title elementor-size-default\">Features and Characteristics of the Easy Way Smart Device:<\/h3>\t\t\t\t<\/div>\n\t\t\t\t<div class=\"elementor-element elementor-element-62f88a9 color-scheme-inherit text-left elementor-widget elementor-widget-text-editor\" data-id=\"62f88a9\" data-element_type=\"widget\" data-e-type=\"widget\" data-widget_type=\"text-editor.default\">\n\t\t\t\t\t\t\t\t\t&#8211; Operates in eight languages: German \u2013 English \u2013 French \u2013 Italian \u2013 Spanish \u2013 Arabic \u2013 Portuguese \u2013 Russian.<br\/><br\/>\n&#8211; The search depth of the Easy Way Smart device reaches up to 18 meters underground with a front range of 2000 meters, with the capacity to determine the depth of targets underground in meters and centimeters\n<br\/><br\/>\nThe Easy Way Smart device is distinguished by an automatic operating system that is not affected by soil types: humid, rich in mineral salts, metallic rocks, or basalt rocks. \nIt can surpass all types of metallic rocks with automatic calibration technology\n<br\/><br\/>\nThe Easy Way Smart device is designed to work in various terrains and under challenging climatic conditions. <br\/>\nIt is one of the finest German industries, certified with European CE certification according to global specifications, and ISO 9001 international certification according to global standards\n<br\/><br\/>\nThe Easy Way Smart device is designed to operate in all countries and regions.<br\/><br\/>\n A true exploration journey does not require going to new lands but rather seeing with new eyes.\n<br\/><br\/>\nBest wishes for success in your exploratory journeys\t\t\t\t\t\t\t\t<\/div>\n\t\t\t\t<div class=\"elementor-element elementor-element-1b5acaf5 elementor-widget elementor-widget-video\" data-id=\"1b5acaf5\" data-element_type=\"widget\" data-e-type=\"widget\" data-settings=\"{&quot;youtube_url&quot;:&quot;https:\\\/\\\/www.youtube.com\\\/watch?v=LocPnpT2Vpw&quot;,&quot;video_type&quot;:&quot;youtube&quot;,&quot;controls&quot;:&quot;yes&quot;}\" data-widget_type=\"video.default\">\n\t\t\t\t\t\t\t<div class=\"elementor-wrapper elementor-open-inline\">\n\t\t\t<div class=\"elementor-video\"><\/div>\t\t<\/div>\n\t\t\t\t\t\t<\/div>\n\t\t\t\t<div class=\"elementor-element elementor-element-1c22c135 elementor-widget elementor-widget-wd_accordion\" data-id=\"1c22c135\" data-element_type=\"widget\" data-e-type=\"widget\" data-widget_type=\"wd_accordion.default\">\n\t\t\t\t<div class=\"elementor-widget-container\">\n\t\t\t\t\t\n\t\t<div class=\"wd-accordion wd-style-shadow wd-titles-left wd-opener-pos-right wd-opener-style-arrow\" data-state=\"all_closed\">\n\t\t\t\t\t\t\t\n\t\t\t\t<div class=\"wd-accordion-item\">\n\t\t\t\t\t<div class=\"wd-accordion-title wd-role-btn\" data-accordion-index=\"0\" tabindex=\"0\">\n\t\t\t\t\t\t<div class=\"wd-accordion-title-text\">\n\t\t\t\t\t\t\t\t\t\t\t\t\t\t\t<span class=\"img-wrapper\">\n\t\t\t\t\t\t\t\t\t<svg class=\"e-font-icon-svg e-fas-table\" viewBox=\"0 0 512 512\" xmlns=\"http:\/\/www.w3.org\/2000\/svg\"><path d=\"M464 32H48C21.49 32 0 53.49 0 80v352c0 26.51 21.49 48 48 48h416c26.51 0 48-21.49 48-48V80c0-26.51-21.49-48-48-48zM224 416H64v-96h160v96zm0-160H64v-96h160v96zm224 160H288v-96h160v96zm0-160H288v-96h160v96z\"><\/path><\/svg>\t\t\t\t\t\t\t\t<\/span>\n\t\t\t\t\t\t\t\t\t\t\t\t\t\t<span>\n\t\t\t\t\t\t\t\tTechnical Specifications\t\t\t\t\t\t\t<\/span>\n\t\t\t\t\t\t<\/div>\n\t\t\t\t\t\t<span class=\"wd-accordion-opener\"><\/span>\n\t\t\t\t\t<\/div>\n\n\t\t\t\t\t<div class=\"wd-accordion-content wd-entry-content\" data-accordion-index=\"0\">\n\t\t\t\t\t\t\t\t\t\t\t\t\t\n\t\t\t\t\t\t\t<table class=\"table table-striped table-bordered\">\n<thead class=\"thead-dark\">\n<tr>\n<th scope=\"col\"><\/th>\n<th scope=\"col\"><\/th>\n<\/tr>\n<\/thead>\n<tbody id=\"technicalContainer\">\n<tr>\n<td>Audio Output<\/td>\n<td>piezo buzzer \u00d8:12mm - H:9.8mm sound pressure level 85db at 12v\/10cm frequency 4.5\u00b10.5 KHz<\/td>\n<\/tr>\n<tr>\n<td>Length<\/td>\n<td>Device (main unit): 145.5 mm<\/td>\n<\/tr>\n<tr>\n<td>Data processing speed<\/td>\n<td>12 MHz<\/td>\n<\/tr>\n<tr>\n<td>Operating Temperature Range<\/td>\n<td>0 C\u00b0 to 70 C\u00b0<\/td>\n<\/tr>\n<tr>\n<td>Operating Humidity Range<\/td>\n<td>up to 95 % non-condensing<\/td>\n<\/tr>\n<tr>\n<td>Storage Temperature Range<\/td>\n<td>- 20C\u00b0 to 70C\u00b0<\/td>\n<\/tr>\n<tr>\n<td>Storage Humidity Range<\/td>\n<td>up to 98 % Relative Humidity<\/td>\n<\/tr>\n<tr>\n<td>Operating Time (7.56 Wh Battery)<\/td>\n<td>10 Hours<\/td>\n<\/tr>\n<tr>\n<td>Waterproof Rating - Detector<\/td>\n<td>not waterproof (weather proof only)<\/td>\n<\/tr>\n<tr>\n<td>Bluetooth<\/td>\n<td>HC-06 module - 2.4 GHz radio<\/td>\n<\/tr>\n<tr>\n<td class=\"table-dark\" colspan=\"2\"><span style=\"color: #c99c00;\">Li-ion Battery Technical Specifications<\/span><\/td>\n<\/tr>\n<tr>\n<td>Type<\/td>\n<td>Li-ion Rechargeable Battery - internal battery<\/td>\n<\/tr>\n<tr>\n<td>Output Voltage<\/td>\n<td>Li-ion 3.6 VDC<\/td>\n<\/tr>\n<tr>\n<td>Capacity<\/td>\n<td>Li-ion 7.56 Wh<\/td>\n<\/tr>\n<tr>\n<td>Run Time<\/td>\n<td>10 Hours<\/td>\n<\/tr>\n<tr>\n<td>Battery Operating Temperature<\/td>\n<td>0 C\u00b0 to 60 C\u00b0<\/td>\n<\/tr>\n<tr>\n<td>Battery Storage Temperature<\/td>\n<td>- 2C\u00b0 to 70C\u00b0<\/td>\n<\/tr>\n<tr>\n<td class=\"table-dark\" colspan=\"2\"><span style=\"color: #c99c00;\">Electric Li-ion Battery Charger Technical Specifications !!!<\/span><\/td>\n<\/tr>\n<tr>\n<td>Operating Temperature<\/td>\n<td>0 C\u00b0 to 50 C\u00b0<\/td>\n<\/tr>\n<tr>\n<td>Storage Temperature<\/td>\n<td>- 30C\u00b0 to 80C\u00b0<\/td>\n<\/tr>\n<tr>\n<td>Input Voltage<\/td>\n<td>90 \u2192 250 VAC 50\u219260 Hz<\/td>\n<\/tr>\n<tr>\n<td>USB Output Current<\/td>\n<td>5 VDC \/ 2000 mA<\/td>\n<\/tr>\n<tr>\n<td class=\"table-dark\" colspan=\"2\">Car Li-ion Battery Charger Technical Specifications !!!<\/td>\n<\/tr>\n<tr>\n<td>Input Voltage<\/td>\n<td>11 \u2192 15 VDC<\/td>\n<\/tr>\n<tr>\n<td>USB Output Current<\/td>\n<td>5 VDC \/ 2100 mA<\/td>\n<\/tr>\n<tr>\n<td class=\"table-dark\" colspan=\"2\"><span style=\"color: #c99c00;\">Other Technical Specifications<\/span><\/td>\n<\/tr>\n<tr>\n<td>weight total<\/td>\n<td>3550 g<\/td>\n<\/tr>\n<tr>\n<td>Device weight<\/td>\n<td>230 g<\/td>\n<\/tr>\n<tr>\n<td>Battery weight<\/td>\n<td>65 g<\/td>\n<\/tr>\n<tr>\n<td>Bag weight (empty)<\/td>\n<td>2135 g<\/td>\n<\/tr>\n<tr>\n<td>Bag dimensions<\/td>\n<td>460mm x 175mm x 342mm<\/td>\n<\/tr>\n<\/tbody>\n<\/table>\n\t\t\t\t\t\t\t\t\t\t\t\t\t\t\t\t\t\t<\/div>\n\t\t\t\t<\/div>\n\t\t\t\t\t<\/div>\n\t\t\t\t\t\t<\/div>\n\t\t\t\t<\/div>\n\t\t\t\t\t<\/div>\n\t\t\t\t<\/div>\n\t\t\t\t<\/div>\n\t\t","protected":false},"excerpt":{"rendered":"<h5 style=\"color: #333333;\">El dispositivo m\u00e1s peque\u00f1o con un sistema de detecci\u00f3n de radar y un sistema de im\u00e1genes en 3D<\/h5>\n<table style=\"font-size: 14px;\" border=\"1&quot;\" width=\"50%\" cellspacing=\"0\" cellpadding=\"5\">\n<tbody>\n<tr>\n<td style=\"border: 1px solid lightgray;\" align=\"left\" width=\"10%\"><strong>Search system<\/strong><\/td>\n<td style=\"border: 1px solid lightgray; text-align: center;\" align=\"center\" width=\"40%\">3D Imaging System<\/td>\n<\/tr>\n<tr>\n<td style=\"border: 1px solid lightgray;\" align=\"left\" width=\"10%\"><strong>Search depth<\/strong><\/td>\n<td style=\"border: 1px solid lightgray; text-align: center;\" align=\"center\" width=\"40%\">18 meter<\/td>\n<\/tr>\n<tr>\n<td style=\"border: 1px solid lightgray;\" align=\"left\" width=\"10%\"><strong>Front-range<\/strong><\/td>\n<td style=\"border: 1px solid lightgray; text-align: center;\" align=\"center\" width=\"40%\">2000 meter<\/td>\n<\/tr>\n<tr>\n<td style=\"border: 1px solid lightgray;\" align=\"left\" width=\"10%\"><strong>Device weight<\/strong><\/td>\n<td style=\"border: 1px solid lightgray; text-align: center;\" align=\"center\" width=\"40%\">230 gram<\/td>\n<\/tr>\n<tr>\n<td style=\"border: 1px solid lightgray;\" align=\"left\" width=\"10%\"><strong>Total weight<\/strong><\/td>\n<td style=\"border: 1px solid lightgray; text-align: center;\" align=\"center\" width=\"40%\">3550 gram<\/td>\n<\/tr>\n<tr>\n<td style=\"border: 1px solid lightgray;\" align=\"left\" width=\"10%\"><strong>Package dimensions<\/strong><\/td>\n<td style=\"border: 1px solid lightgray; text-align: center;\" align=\"center\" width=\"40%\">342mm x 157mm x 460mm<\/td>\n<\/tr>\n<tr>\n<td style=\"border: 1px solid lightgray;\" align=\"left\" width=\"10%\"><strong>Warranty<\/strong><\/td>\n<td style=\"border: 1px solid lightgray; text-align: center;\" align=\"center\" width=\"40%\">Two (2) Year<\/td>\n<\/tr>\n<tr>\n<td style=\"border: 1px solid lightgray;\" align=\"left\" width=\"10%\"><strong>Made in<\/strong><\/td>\n<td style=\"border: 1px solid lightgray; text-align: center;\" align=\"center\" width=\"40%\">Germany<\/td>\n<\/tr>\n<\/tbody>\n<\/table>\n","protected":false},"featured_media":28884,"template":"","meta":[],"product_brand":[],"product_cat":[1967,196,1969,229,1265,1627],"product_tag":[],"class_list":{"0":"post-17418","1":"product","2":"type-product","3":"status-publish","4":"has-post-thumbnail","6":"product_cat-3d-imaging-magnetometer-system-es","7":"product_cat-detectores-de-oro-y-metales","8":"product_cat-long-range-system-es","9":"product_cat-almacenar","10":"product_cat-sale-es","11":"product_cat-treasures-es","13":"first","14":"instock","15":"sale","16":"purchasable","17":"product-type-simple"},"_links":{"self":[{"href":"https:\/\/uigdetectors.com\/es\/wp-json\/wp\/v2\/product\/17418","targetHints":{"allow":["GET"]}}],"collection":[{"href":"https:\/\/uigdetectors.com\/es\/wp-json\/wp\/v2\/product"}],"about":[{"href":"https:\/\/uigdetectors.com\/es\/wp-json\/wp\/v2\/types\/product"}],"version-history":[{"count":0,"href":"https:\/\/uigdetectors.com\/es\/wp-json\/wp\/v2\/product\/17418\/revisions"}],"wp:featuredmedia":[{"embeddable":true,"href":"https:\/\/uigdetectors.com\/es\/wp-json\/wp\/v2\/media\/28884"}],"wp:attachment":[{"href":"https:\/\/uigdetectors.com\/es\/wp-json\/wp\/v2\/media?parent=17418"}],"wp:term":[{"taxonomy":"product_brand","embeddable":true,"href":"https:\/\/uigdetectors.com\/es\/wp-json\/wp\/v2\/product_brand?post=17418"},{"taxonomy":"product_cat","embeddable":true,"href":"https:\/\/uigdetectors.com\/es\/wp-json\/wp\/v2\/product_cat?post=17418"},{"taxonomy":"product_tag","embeddable":true,"href":"https:\/\/uigdetectors.com\/es\/wp-json\/wp\/v2\/product_tag?post=17418"}],"curies":[{"name":"wp","href":"https:\/\/api.w.org\/{rel}","templated":true}]}}