{"id":17436,"date":"2023-06-07T22:32:50","date_gmt":"2023-06-07T22:32:50","guid":{"rendered":"https:\/\/shop.uigdetectors.com\/?post_type=product&#038;p=17436"},"modified":"2024-02-17T22:28:50","modified_gmt":"2024-02-17T19:28:50","slug":"titan-500-smart-detector","status":"publish","type":"product","link":"https:\/\/uigdetectors.com\/es\/producto\/titan-500-smart-detector\/","title":{"rendered":"TITAN 500 SMART Detector de metales"},"content":{"rendered":"<p>&nbsp;<\/p>\n<h4><span style=\"color: #c99c00;\">DISPOSITIVO TITAN 500 SMART<\/span><\/h4>\n<div class=\"row\">\n<div class=\"col-md-12\">\n<div class=\"row\">\n<div class=\"col-md-12\">\n<div class=\"row\">\n<div class=\"col-md-12\">\n<p class=\"my-4 black-text desc-par\">El dispositivo TITAN 500 SMART trabaja con cuatro diferentes sitemas de b\u00fasquedas ; especializado en la detecci\u00f3n de: oro, metales preciosos, tesoros enterrados, diamantes y piedras preciosas.<br \/>\nDespu\u00e9s del gran \u00e9xito de Ger Detect, en cooperaci\u00f3n con UIG Detectors, el dispositivo TITAN 500, el cual ha alcanzado grandes ventajas durante los \u00faltimos cinco a\u00f1os.<br \/>\nHa desarrollado completamente el dispositivo en TITAN 500 SMART, que es el mejor detector de diamantes y adem\u00e1s con m\u00e1s sistemas y el desarrollode las caracter\u00edsticas del dispositivo con nuevas t\u00e9cnicas profesionales en la captura de objetivos a larga distancia con gran exactitud y la detecci\u00f3n de la profundidad de una manera m\u00e1s sencilla y exacta.<\/p>\n<\/div>\n<\/div>\n<div>\n<h2 id=\"par1\" class=\"font-weight-bold dark-grey mb-4\">Descripci\u00f3n.<\/h2>\n<p class=\"mb-5 desc-par\">La m\u00e1quina de b\u00fasqueda de piedras preciosas TITAN 500 SMART es un dispositivo multifuncional para la b\u00fasqueda de diamantes, piedras preciosas, oro y metales preciosos en el suelo.<br \/>\n&#8211; Super velocidad en la captura y localizaci\u00f3n exacta de objetivos.<br \/>\n-B\u00fasqueda de diamantes grandes y peque\u00f1os.<br \/>\n&#8211; B\u00fasqueda de gemas y capacidad de descubrir 18 especies diferentes.<br \/>\n&#8211; Safiro, Esmeralda, Cuarzo, Topacio, Granate, Amatista, Lapisl\u00e1zuli, Tormalina, Columbita, Tanzanita, Turquesa, Peridoto, Alejandrina, Ojo de Gato, Rub\u00ed, Jaspe, \u00d3palo, Aguamarina.<br \/>\n&#8211; B\u00fasqueda de preciosos metales como: oro antiguo enterrado \u2013 pepitas de oro &#8211; platino &#8211; plata &#8211; bronce &#8211; circ\u00f3n &#8211; cobalto &#8211; colt\u00e1n &#8211; cobre \u2013 mercurio &#8211; meteoritos &#8211; osmio.<br \/>\nDetermina la profundidad del objetivo en metros y la marca f\u00e1cilmente y con agran exactitud.<br \/>\nDetermina el continente de b\u00fasqueda.<br \/>\n&#8211; Una pantalla que apoya al sistema t\u00e1ctil, el cual tiene muchas ventajas y caracter\u00edsticas:<br \/>\n&#8211; Un term\u00f3metro electr\u00f3nico en la pantalla del dispositivo, el cual mide la temperatura ambiente.<br \/>\n&#8211; Un reloj digital.<br \/>\n&#8211; Silenciar y activar el sonido del dispositivo.<br \/>\n&#8211; Super Antena, la cual ayuda al dispositivo a cubrir grandes areas de b\u00fasqueda.<\/p>\n<\/div>\n<h2 class=\"font-weight-bold dark-grey my-4 systemCheckCount\">Sistemas de b\u00fasqueda:<\/h2>\n<div id=\"par2\" class=\"\">\n<h3 class=\"lead\">E dispositivo TITAN GER 500 trabaja con cuatro sistemas diferentes de b\u00fasqueda:<\/h3>\n<div class=\"row\">\n<div class=\"col-md-12\">\n<p class=\"my-4 black-text desc-par\">1- El sistema de b\u00fasqueda de diamantes grandes y peque\u00f1os bajo tierra.<br \/>\n2- El sistema de b\u00fasqueda de piedras preciosas bajo tierra.<br \/>\nComo: Safiro, Esmeralda, Cuarzo, Topacio, Granate, Amatista, Lapisl\u00e1zuli, Tormalina, Columbita, Tanzanita, Turquesa, Peridoto, Alejandrina, Ojo de Gato, Rub\u00ed, Jaspe, \u00d3palo, Aguamarina.<br \/>\n3- El sistema de b\u00fasqueda de oro y metales preciosos bajo tierra.<br \/>\nComo: oro antiguo enterrado \u2013 pepitas de oro &#8211; platino &#8211; plata &#8211; bronce &#8211; circ\u00f3n &#8211; cobalto &#8211; colt\u00e1n &#8211; cobre \u2013 mercurio &#8211; meteoritos &#8211; osmio.<br \/>\n4- Sistema de determinaci\u00f3n de profundidad y an\u00e1lisis de resultados bajo tierra.<br \/>\nLa profundidad de b\u00fasqueda del dispositivo TITAN 500 SMART alcanza hasta 120 metros bajo tierra y un rango frontal de 3000 metros.<\/p>\n<\/div>\n<\/div>\n<p class=\"alert alert-warning black-text desc-par\"><strong>La exploraci\u00f3n de diamantes bajo tierra TITAN 500 SMART es una de las mejores industrias Alemanas. Cuenta con el certificado Europeo CE de acuerdo con los est\u00e1ndares internacionales, adem\u00e1s, se cuenta con la certificaci\u00f3n Internacional ISO 9001 de acuerdo con las normas y est\u00e1ndares internacionales de manufactura.<\/strong><\/p>\n<\/div>\n<div class=\"row\">\n<div class=\"col-md-12\">\n<p class=\"my-4 black-text desc-par\">Este dispositivo esta dise\u00f1ado para ser compatible con su funcionamiento en todos los pa\u00edses y regiones.<br \/>\nEl verdadero viaje de exploraci\u00f3n no requiere de ir a nuevas tierras, m\u00e1s bien requiere de ver con nuevos ojos.<\/p>\n<\/div>\n<\/div>\n<p><!--najeen edit video------------------start-----------------><\/p>\n<h2 style=\"text-align: center;\"><span style=\"color: #c99c00;\">DISPOSITIVO DE V\u00cdDEO<\/span><\/h2>\n<div class=\"wrapper\">\n<div class=\"youtube\" data-embed=\"gSub4-iGGe8\" data-attrib=\"\/?rel=0&amp;autoplay=1&amp;loop=1\">\n<div class=\"play-button\"><\/div>\n<\/div>\n<\/div>\n<p><!--najeen edit video-------------------end------------------><\/p>\n<h2 class=\"font-weight-bold dark-grey my-4\">Especificaciones t\u00e9cnicas<\/h2>\n<div id=\"par3\" class=\"\">\n<div class=\"my-4\">\n<table class=\"table table-striped table-bordered\">\n<thead class=\"thead-dark\">\n<tr>\n<th scope=\"col\">Nombre de la especificaci\u00f3n t\u00e9cnica<\/th>\n<th scope=\"col\">Valor de especificaci\u00f3n t\u00e9cnica<\/th>\n<\/tr>\n<\/thead>\n<tbody id=\"technicalContainer\">\n<tr>\n<td>Salida de Audio<\/td>\n<td>Rango din\u00e1mico de frecuencia de alta voz: 350~5500 Hz salida del sonido: 84 \u00b1 3dB<\/td>\n<\/tr>\n<tr>\n<td>Pantalla de Cristal L\u00edquido (LCD)<\/td>\n<td>Pantalla t\u00e1ctil a todo color480 x 272 px<\/td>\n<\/tr>\n<tr>\n<td>Longitud<\/td>\n<td>Dispositivo: 218 mm &#8211; con la super antena 388 mm &#8211; con la antena golden 462 mm<\/td>\n<\/tr>\n<tr>\n<td>Frecuencia<\/td>\n<td>3.2 _ 18 KHz<\/td>\n<\/tr>\n<tr>\n<td>Velocidad de Procesamiento de Datos<\/td>\n<td>180 MHz<\/td>\n<\/tr>\n<tr>\n<td>Rango de Temperatura en Operaci\u00f3n<\/td>\n<td>De 0 \u00b0 C a 70 \u00b0 C<\/td>\n<\/tr>\n<tr>\n<td>Rango de Humedad en Operaci\u00f3n<\/td>\n<td>hasta 95 % sin condensaci\u00f3n<\/td>\n<\/tr>\n<tr>\n<td>Rango de Temperatura en Almacenamiento<\/td>\n<td>De &#8211; 20C\u00b0 a 70C\u00b0<\/td>\n<\/tr>\n<tr>\n<td>Rango de Humedad en Almacenamiento<\/td>\n<td>hasta 98 % Humedad Relativa<\/td>\n<\/tr>\n<tr>\n<td>Tiempo de Operaci\u00f3n (27 Wh Bater\u00eda)<\/td>\n<td>10 Horas<\/td>\n<\/tr>\n<tr>\n<td>Clasificaci\u00f3n de Impermeabilidad &#8211; Detector<\/td>\n<td>No impermeable (resistente solo a la intemperie )<\/td>\n<\/tr>\n<tr>\n<td>Tipo<\/td>\n<td>Bater\u00eda de Litio Recargable &#8211; Bater\u00eda interna<\/td>\n<\/tr>\n<tr>\n<td>Salida de voltage<\/td>\n<td>Li-ion 3.6 VDC<\/td>\n<\/tr>\n<tr>\n<td>Capacidad<\/td>\n<td>Li-ion 27 Wh<\/td>\n<\/tr>\n<tr>\n<td>Tiempo de Ejecuci\u00f3n<\/td>\n<td>10 Horas<\/td>\n<\/tr>\n<tr>\n<td>Temperatura de bater\u00eda de ejecuci\u00f3n<\/td>\n<td>0 C\u00b0 to 50 C\u00b0<\/td>\n<\/tr>\n<tr>\n<td>Temperatura de Bater\u00eda de Almacenamiento<\/td>\n<td>&#8211; 5C\u00b0 to 70C\u00b0<\/td>\n<\/tr>\n<tr>\n<td>Temperatura de Ejecuci\u00f3n<\/td>\n<td>0 C\u00b0 to 50 C\u00b0<\/td>\n<\/tr>\n<tr>\n<td>Temperatura de Almacenamiento<\/td>\n<td>&#8211; 30 C\u00b0 to 80 C\u00b0<\/td>\n<\/tr>\n<tr>\n<td>Entrada de Voltaje<\/td>\n<td>90 \u2192 250 VAC 50\u219260 Hz<\/td>\n<\/tr>\n<tr>\n<td>Salida de Corriente USB<\/td>\n<td>5 VDC \/ 2100 mA<\/td>\n<\/tr>\n<tr>\n<td>Peso Total<\/td>\n<td>4865 g<\/td>\n<\/tr>\n<tr>\n<td>Peso del Dispositivo<\/td>\n<td>592 g<\/td>\n<\/tr>\n<tr>\n<td>Peso de la Bater\u00eda<\/td>\n<td>130 g<\/td>\n<\/tr>\n<tr>\n<td>Peso de la Bolsa (vac\u00eda)<\/td>\n<td>3730 g<\/td>\n<\/tr>\n<tr>\n<td>Dimensiones de la Bolsa<\/td>\n<td>530 cm x 400 cm x 228 cm<\/td>\n<\/tr>\n<\/tbody>\n<\/table>\n<\/div>\n<\/div>\n<\/div>\n<\/div>\n<\/div>\n<\/div>\n","protected":false},"excerpt":{"rendered":"<h5><span style=\"color: #c99c00;\">Dispositivo de sistema de largo alcance para detectar diamantes y piedras preciosas en la tierra<\/span><\/h5>\n","protected":false},"featured_media":28782,"template":"","meta":[],"product_brand":[],"product_cat":[200,196,1969,229],"product_tag":[],"class_list":{"0":"post-17436","1":"product","2":"type-product","3":"status-publish","4":"has-post-thumbnail","6":"product_cat-detectores-de-diamantes-y-piedras-preciosas","7":"product_cat-detectores-de-oro-y-metales","8":"product_cat-long-range-system-es","9":"product_cat-almacenar","11":"first","12":"instock","13":"purchasable","14":"product-type-simple"},"_links":{"self":[{"href":"https:\/\/uigdetectors.com\/es\/wp-json\/wp\/v2\/product\/17436","targetHints":{"allow":["GET"]}}],"collection":[{"href":"https:\/\/uigdetectors.com\/es\/wp-json\/wp\/v2\/product"}],"about":[{"href":"https:\/\/uigdetectors.com\/es\/wp-json\/wp\/v2\/types\/product"}],"version-history":[{"count":0,"href":"https:\/\/uigdetectors.com\/es\/wp-json\/wp\/v2\/product\/17436\/revisions"}],"wp:featuredmedia":[{"embeddable":true,"href":"https:\/\/uigdetectors.com\/es\/wp-json\/wp\/v2\/media\/28782"}],"wp:attachment":[{"href":"https:\/\/uigdetectors.com\/es\/wp-json\/wp\/v2\/media?parent=17436"}],"wp:term":[{"taxonomy":"product_brand","embeddable":true,"href":"https:\/\/uigdetectors.com\/es\/wp-json\/wp\/v2\/product_brand?post=17436"},{"taxonomy":"product_cat","embeddable":true,"href":"https:\/\/uigdetectors.com\/es\/wp-json\/wp\/v2\/product_cat?post=17436"},{"taxonomy":"product_tag","embeddable":true,"href":"https:\/\/uigdetectors.com\/es\/wp-json\/wp\/v2\/product_tag?post=17436"}],"curies":[{"name":"wp","href":"https:\/\/api.w.org\/{rel}","templated":true}]}}