{"id":17450,"date":"2023-06-08T22:32:46","date_gmt":"2023-06-08T22:32:46","guid":{"rendered":"https:\/\/shop.uigdetectors.com\/?post_type=product&#038;p=17450"},"modified":"2024-03-18T21:13:28","modified_gmt":"2024-03-18T18:13:28","slug":"gold-hunter-smart-detector","status":"publish","type":"product","link":"https:\/\/uigdetectors.com\/es\/producto\/gold-hunter-smart-detector\/","title":{"rendered":"GOLD HUNTER SMART Detector de metales"},"content":{"rendered":"<p>&nbsp;<\/p>\n<h4><span style=\"color: #c99c00;\">DISPOSITIVO GOLD HUNTER SMART<\/span><\/h4>\n<div>\n<div>El dispositivo Gold Hunter Smart tiene m\u00faltiples caracter\u00edsticas para buscar oro, tesoros enterrados, metales preciosos y diamantes en el suelo.<br \/>\n-Supervelocidad en la captaci\u00f3n de objetivos y localizaci\u00f3n de los mismos con precisi\u00f3n.<br \/>\n-Sistema para determinar la profundidad de objetivos f\u00e1cilmente y con alta precisi\u00f3n.<br \/>\n-Sistema para especificar el continente en el que buscar. -Una pantalla que soporta el sistema t\u00e1ctil, que contiene muchas ventajas y caracter\u00edsticas:<br \/>\n-Un term\u00f3metro electr\u00f3nico dentro de la pantalla del dispositivo para medir la temperatura ambiental.<br \/>\n-Un reloj digital.<br \/>\n-La posibilidad de silenciar y activar el sonido del dispositivo.<br \/>\n-Super antena que abarca grandes \u00e1reas de b\u00fasqueda.<br \/>\n-Una antena de radar para recibir y mejorar la se\u00f1al.<\/div>\n<h2 class=\"font-weight-bold dark-grey my-4 systemCheckCount\">Sistemas de b\u00fasqueda:<\/h2>\n<div id=\"par2\" class=\"\">\n<div class=\"row\">\n<div class=\"col-md-12\">\n<h4>Gold Hunter Smart cuenta con cuatro sistemas de b\u00fasqueda diferentes:<\/h4>\n<p>1.Sistema de b\u00fasqueda de metales preciosos y no preciosos tales como oro antiguo enterrado, oro puro, vetas de oro, meteoritos, plata, circ\u00f3n, bronce, cobalto, colt\u00e1n, mercurio, cobre, hierro.<br \/>\n2.Sistema de b\u00fasqueda de cuevas subterr\u00e1neas, huecos y tumbas antiguas.<br \/>\n3.Sistema de b\u00fasqueda de diamantes subterr\u00e1neos.<br \/>\n4.Sistema de im\u00e1genes bidimensionales para determinar la profundidad y analizar los resultados de la b\u00fasqueda.<br \/>\nLa profundidad de b\u00fasqueda del dispositivo Gold Hunter Smart tiene un alcance de 50 metros bajo el suelo y un rango de 3000 metros sobre la superficie.<br \/>\nEl dispositivo funciona en seis idiomas: Alem\u00e1n, Ingl\u00e9s, Franc\u00e9s, Espa\u00f1ol, Italiano, \u00c1rabe.<\/p>\n<\/div>\n<\/div>\n<p class=\"alert alert-warning black-text desc-par\"><strong>El dispositivo Gold Hunter Smart es uno de los mejores fabricantes alemanes. Cuenta con el certificado europeo CE, adem\u00e1s del certificado internacional ISO 9001 de acuerdo con las especificaciones y normas internacionales:<\/strong><\/p>\n<\/div>\n<p><!--najeen edit video------------------start-----------------><\/p>\n<h2 style=\"text-align: center;\"><span style=\"color: #c99c00;\">DISPOSITIVO DE V\u00cdDEO<\/span><\/h2>\n<div class=\"wrapper\">\n<div class=\"youtube\" data-embed=\"yktruZ_TVW8\" data-attrib=\"\/?rel=0&amp;autoplay=1&amp;loop=1\">\n<div class=\"play-button\"><\/div>\n<\/div>\n<\/div>\n<p><!--najeen edit video-------------------end------------------><\/p>\n<h2 class=\"font-weight-bold dark-grey my-4\">Especificaciones t\u00e9cnicas<\/h2>\n<div id=\"par3\" class=\"\">\n<div class=\"my-4\">\n<table class=\"table table-striped table-bordered\">\n<thead class=\"thead-dark\">\n<tr>\n<th scope=\"col\">Nombre de la especificaci\u00f3n t\u00e9cnica<\/th>\n<th scope=\"col\">Valor de especificaci\u00f3n t\u00e9cnica<\/th>\n<\/tr>\n<\/thead>\n<tbody id=\"technicalContainer\">\n<tr>\n<td>Salida de Audio<\/td>\n<td>DYNAMIC SPEAKER FREQUENCY RANGE: 350~5500 Hz SOUND OUTPUT: 84 \u00b1 3dB<\/td>\n<\/tr>\n<tr>\n<td>Pantalla de Cristal L\u00edquido (LCD)<\/td>\n<td>pantalla t\u00e1ctil a todo color 320 x 240 px<\/td>\n<\/tr>\n<tr>\n<td>Longitud<\/td>\n<td>Dispositivo: 220 mm Dispositivo con antena 425 mm (Cerrado) Dispositivo con antena 695 mm (Abierto)<\/td>\n<\/tr>\n<tr>\n<td>Frecuencia<\/td>\n<td>3.2 _ 16 KHz<\/td>\n<\/tr>\n<tr>\n<td>Velocidad de Procesamiento de Datos<\/td>\n<td>180 MHz<\/td>\n<\/tr>\n<tr>\n<td>Temperatura en Uso<\/td>\n<td>0 C\u00b0 to 70 C\u00b0<\/td>\n<\/tr>\n<tr>\n<td>Humedad en Uso<\/td>\n<td>hasta 95 % sin condensaci\u00f3n<\/td>\n<\/tr>\n<tr>\n<td>Temperatura en Almacenamiento<\/td>\n<td>&#8211; 20C\u00b0 to 70C\u00b0<\/td>\n<\/tr>\n<tr>\n<td>Humedad de almacenamiento<\/td>\n<td>hasta 98 % Humedad Relativa<\/td>\n<\/tr>\n<tr>\n<td>Tiempo en Uso (18 Wh Bater\u00eda)<\/td>\n<td>10 Horas<\/td>\n<\/tr>\n<tr>\n<td>Clasificaci\u00f3n de Impermeabilidad \u2013 Detector<\/td>\n<td>No impermeable (solo resistente a la intemperie)<\/td>\n<\/tr>\n<tr>\n<td>Bater\u00eda Tipo<\/td>\n<td>Bater\u00eda recargable de iones de litio &#8211; Bater\u00eda interna<\/td>\n<\/tr>\n<tr>\n<td>Bater\u00eda Voltaje de Salida<\/td>\n<td>Li-ion 3.6 VDC<\/td>\n<\/tr>\n<tr>\n<td>Bater\u00eda Capacidad<\/td>\n<td>Li-ion 18 Wh<\/td>\n<\/tr>\n<tr>\n<td>Tiempo de Bater\u00eda en Uso<\/td>\n<td>10 Horas<\/td>\n<\/tr>\n<tr>\n<td>Temperatura de Bater\u00eda en Uso<\/td>\n<td>0 C\u00b0 to 50 C\u00b0<\/td>\n<\/tr>\n<tr>\n<td>Temperatura de Bater\u00eda en Almacenamiento<\/td>\n<td>&#8211; 5C\u00b0 to 70C\u00b0<\/td>\n<\/tr>\n<tr>\n<td>cargador temp\u00e9rature de fonctionnement<\/td>\n<td>0 C\u00b0 \u00e0 50 C\u00b0<\/td>\n<\/tr>\n<tr>\n<td>Temperatura del Cargador en Almacenamiento<\/td>\n<td>&#8211; 30 C\u00b0 to 80 C\u00b0<\/td>\n<\/tr>\n<tr>\n<td>cargador Voltaje de Entrada<\/td>\n<td>90 \u2192 250 VAC 50\u219260 Hz<\/td>\n<\/tr>\n<tr>\n<td>Corriente de salida USB<\/td>\n<td>5 VDC \/ 2100 mA<\/td>\n<\/tr>\n<tr>\n<td>Peso total<\/td>\n<td>2720 g<\/td>\n<\/tr>\n<tr>\n<td>Peso del dispositivo<\/td>\n<td>325 g<\/td>\n<\/tr>\n<tr>\n<td>Peso de la bater\u00eda<\/td>\n<td>40 g<\/td>\n<\/tr>\n<tr>\n<td>Peso de la bolsa (vac\u00eda) 2160 g<\/td>\n<td>2160 g<\/td>\n<\/tr>\n<tr>\n<td>Dimensiones de la bolsa<\/td>\n<td>42.5 cm x 17.5 cm x 28 cm<\/td>\n<\/tr>\n<\/tbody>\n<\/table>\n<\/div>\n<\/div>\n<\/div>\n<div id=\"par3\" class=\"\"><\/div>\n","protected":false},"excerpt":{"rendered":"<h4 class=\"card-title dark-blue text-left font-weight-bold\"><span style=\"color: #c99c00;\">Dispositivo de largo alcance para detectar oro arqueol\u00f3gico enterrado, oro en bruto, plata, diamantes, piedras preciosas y cavidades y huecos subterr\u00e1neos<\/span><\/h4>\n","protected":false},"featured_media":28833,"template":"","meta":[],"product_brand":[],"product_cat":[200,196,1969,229,1265],"product_tag":[],"class_list":{"0":"post-17450","1":"product","2":"type-product","3":"status-publish","4":"has-post-thumbnail","6":"product_cat-detectores-de-diamantes-y-piedras-preciosas","7":"product_cat-detectores-de-oro-y-metales","8":"product_cat-long-range-system-es","9":"product_cat-almacenar","10":"product_cat-sale-es","12":"first","13":"instock","14":"sale","15":"purchasable","16":"product-type-simple"},"_links":{"self":[{"href":"https:\/\/uigdetectors.com\/es\/wp-json\/wp\/v2\/product\/17450","targetHints":{"allow":["GET"]}}],"collection":[{"href":"https:\/\/uigdetectors.com\/es\/wp-json\/wp\/v2\/product"}],"about":[{"href":"https:\/\/uigdetectors.com\/es\/wp-json\/wp\/v2\/types\/product"}],"version-history":[{"count":0,"href":"https:\/\/uigdetectors.com\/es\/wp-json\/wp\/v2\/product\/17450\/revisions"}],"wp:featuredmedia":[{"embeddable":true,"href":"https:\/\/uigdetectors.com\/es\/wp-json\/wp\/v2\/media\/28833"}],"wp:attachment":[{"href":"https:\/\/uigdetectors.com\/es\/wp-json\/wp\/v2\/media?parent=17450"}],"wp:term":[{"taxonomy":"product_brand","embeddable":true,"href":"https:\/\/uigdetectors.com\/es\/wp-json\/wp\/v2\/product_brand?post=17450"},{"taxonomy":"product_cat","embeddable":true,"href":"https:\/\/uigdetectors.com\/es\/wp-json\/wp\/v2\/product_cat?post=17450"},{"taxonomy":"product_tag","embeddable":true,"href":"https:\/\/uigdetectors.com\/es\/wp-json\/wp\/v2\/product_tag?post=17450"}],"curies":[{"name":"wp","href":"https:\/\/api.w.org\/{rel}","templated":true}]}}