{"id":17480,"date":"2023-06-11T22:33:04","date_gmt":"2023-06-11T19:33:04","guid":{"rendered":"https:\/\/shop.uigdetectors.com\/?post_type=product&#038;p=17480"},"modified":"2023-12-24T14:58:54","modified_gmt":"2023-12-24T11:58:54","slug":"uig-pointer-detector-es","status":"publish","type":"product","link":"https:\/\/uigdetectors.com\/es\/producto\/uig-pointer-detector-es\/","title":{"rendered":"UIG POINTER DETECTOR"},"content":{"rendered":"\t\t<div data-elementor-type=\"product-post\" data-elementor-id=\"17480\" class=\"elementor elementor-17480 elementor-11503\" data-elementor-post-type=\"product\">\n\t\t\t\t<div class=\"wd-negative-gap elementor-element elementor-element-299e54d2 e-flex e-con-boxed e-con e-parent\" data-id=\"299e54d2\" data-element_type=\"container\" data-e-type=\"container\">\n\t\t\t\t\t<div class=\"e-con-inner\">\n\t\t\t\t<div class=\"elementor-element elementor-element-d5c7de4 elementor-widget elementor-widget-heading\" data-id=\"d5c7de4\" data-element_type=\"widget\" data-e-type=\"widget\" data-widget_type=\"heading.default\">\n\t\t\t\t\t<h2 class=\"elementor-heading-title elementor-size-default\">Dispositivo UIG POINTER<\/h2>\t\t\t\t<\/div>\n\t\t\t\t<div class=\"elementor-element elementor-element-3377250 elementor-widget elementor-widget-heading\" data-id=\"3377250\" data-element_type=\"widget\" data-e-type=\"widget\" data-widget_type=\"heading.default\">\n\t\t\t\t\t<h2 class=\"elementor-heading-title elementor-size-default\">GER DETECT, en cooperaci\u00f3n con el dispositivo UIG DETECTORS, ha dise\u00f3ado al UIG POINTER para ser el primero en su tipo a nivel mundial en la detecci\u00f3n de metales, mientras detecta los metales al mismo tiempo identifica si son metales preciosos o no.<\/h2>\t\t\t\t<\/div>\n\t\t\t\t<div class=\"elementor-element elementor-element-25f91ec elementor-widget elementor-widget-heading\" data-id=\"25f91ec\" data-element_type=\"widget\" data-e-type=\"widget\" data-widget_type=\"heading.default\">\n\t\t\t\t\t<h2 class=\"elementor-heading-title elementor-size-default\">Sistemas<\/h2>\t\t\t\t<\/div>\n\t\t\t\t<div class=\"elementor-element elementor-element-3fa154d0 color-scheme-inherit text-left elementor-widget elementor-widget-text-editor\" data-id=\"3fa154d0\" data-element_type=\"widget\" data-e-type=\"widget\" data-widget_type=\"text-editor.default\">\n\t\t\t\t\t\t\t\t\t<h2 class=\"font-weight-bold dark-grey my-4 systemCheckCount\">\u00a0<\/h2><div id=\"par2\" class=\"\"><h3 class=\"lead\">UIG POINTER caracteristicas<\/h3><div class=\"row\"><div class=\"col-md-12\"><p class=\"my-4 black-text desc-par\">UIG POINTER tiene cuatro botones:<\/p><\/div><div class=\"col-md-6 text-center\"><h5 class=\"font-weight-bold dark-grey my-4\">Bot\u00f3n de encendido: El UIG POINTER se enciende despues de precionar por un momento en bot\u00f3n de ON (Encendido).<\/h5><p><img decoding=\"async\" class=\"alignnone wp-image-14257 size-thumbnail\" role=\"img\" src=\"https:\/\/uigdetectors.com\/wp-content\/uploads\/2023\/05\/uig-pointer-device-power-on-off-button.svg\" alt=\"\" width=\"150\" height=\"150\" \/><\/p><\/div><div class=\"col-md-6 text-center\"><h5 class=\"font-weight-bold dark-grey my-4\">Bot\u00f3n de alerta de vibraci\u00f3n: Preciona este bot\u00f3n para activar la alerta vibratoria (La vibraci\u00f3n se activa al detectarse alg\u00f3n metal)<\/h5><p><img decoding=\"async\" class=\"alignnone wp-image-14261 size-thumbnail\" role=\"img\" src=\"https:\/\/uigdetectors.com\/wp-content\/uploads\/2023\/05\/uig-pointer-device-vibration-activation-button.svg\" alt=\"\" width=\"150\" height=\"150\" \/><\/p><\/div><div class=\"col-md-6 text-center\"><h5 class=\"font-weight-bold dark-grey my-4\">Bot\u00f3n de luz: Este bot\u00f3n activa la luzque ayuda al buscador en areas obscuras.<\/h5><p><img decoding=\"async\" class=\"alignnone wp-image-14253 size-thumbnail\" role=\"img\" src=\"https:\/\/uigdetectors.com\/wp-content\/uploads\/2023\/05\/uig-pointer-device-light-on-off-button.svg\" alt=\"\" width=\"150\" height=\"150\" \/><\/p><\/div><div class=\"col-md-6 text-center\"><h5 class=\"font-weight-bold dark-grey my-4\">Bot\u00f3n de calibrado: Este bot\u00f3n se debe precionar en caso de cualquier interferencia que pueda afectar la funi\u00f3n del dispositivo.<\/h5><p><img decoding=\"async\" class=\"alignnone wp-image-14265 size-thumbnail\" role=\"img\" src=\"https:\/\/uigdetectors.com\/wp-content\/uploads\/2023\/05\/uig-pointer-device-calibration-button.svg\" alt=\"\" width=\"150\" height=\"150\" \/><\/p><\/div><\/div><p class=\"alert alert-warning black-text desc-par\"><strong>El UIG POINTER es ligero y muy f\u00e1cil de usar. Este dispositivo esta dise\u00f1ado para ser utilizado en todos los paises y regiones de manera efectiva.<\/strong><br \/><strong>El dispositivo UIG POINTER es uno de los mejores dispositivos alemanes que cuenta con la certificaci\u00f3n Europea CE seg\u00fan especificaciones internacionales, adem\u00e1s del certificado internacional ISO 9001.<\/strong><br \/><strong>EL UIG POINTER tiene su patente (certificado de origen) y una garant\u00eda de un a\u00f1o desde la fecha de compra, industria alemana altamente calificada.<\/strong><\/p><\/div>\t\t\t\t\t\t\t\t<\/div>\n\t\t\t\t<div class=\"elementor-element elementor-element-fff57f0 color-scheme-inherit text-left elementor-widget elementor-widget-text-editor\" data-id=\"fff57f0\" data-element_type=\"widget\" data-e-type=\"widget\" data-widget_type=\"text-editor.default\">\n\t\t\t\t\t\t\t\t\tThe UIG POINTER is lightweight and easy to use. This device is designed to fit all countries and regions.\n\n\nUIG POINTER is one of the best German industries with European CE certification according to international specifications.\n\n\nThe UIG POINTER has its patent (a certificate of origin) and a warranty for one year from the date of purchase, highly rated German industry.<\/div>\t\t\t\t\t\t\t\t<\/div>\n\t\t\t\t<div class=\"elementor-element elementor-element-f67732b elementor-widget elementor-widget-video\" data-id=\"f67732b\" data-element_type=\"widget\" data-e-type=\"widget\" data-settings=\"{&quot;youtube_url&quot;:&quot;https:\\\/\\\/www.youtube.com\\\/watch?v=f7UhhniJco4&quot;,&quot;video_type&quot;:&quot;youtube&quot;,&quot;controls&quot;:&quot;yes&quot;}\" data-widget_type=\"video.default\">\n\t\t\t\t\t\t\t<div class=\"elementor-wrapper elementor-open-inline\">\n\t\t\t<div class=\"elementor-video\"><\/div>\t\t<\/div>\n\t\t\t\t\t\t<\/div>\n\t\t\t\t\t<\/div>\n\t\t\t\t<\/div>\n\t\t\t\t<\/div>\n\t\t","protected":false},"excerpt":{"rendered":"<h4 class=\"card-title dark-blue text-left font-weight-bold\"><span style=\"color: #c99c00;\">Esta dise\u00f1ado para detectar todo tipo de metales y distinguir entre metales preciosos y no preciosos<br \/>\n<\/span><\/h4>\n","protected":false},"featured_media":29019,"template":"","meta":[],"product_brand":[],"product_cat":[196,229,1265],"product_tag":[],"class_list":{"0":"post-17480","1":"product","2":"type-product","3":"status-publish","4":"has-post-thumbnail","6":"product_cat-detectores-de-oro-y-metales","7":"product_cat-almacenar","8":"product_cat-sale-es","10":"first","11":"instock","12":"taxable","13":"shipping-taxable","14":"purchasable","15":"product-type-simple"},"_links":{"self":[{"href":"https:\/\/uigdetectors.com\/es\/wp-json\/wp\/v2\/product\/17480","targetHints":{"allow":["GET"]}}],"collection":[{"href":"https:\/\/uigdetectors.com\/es\/wp-json\/wp\/v2\/product"}],"about":[{"href":"https:\/\/uigdetectors.com\/es\/wp-json\/wp\/v2\/types\/product"}],"version-history":[{"count":0,"href":"https:\/\/uigdetectors.com\/es\/wp-json\/wp\/v2\/product\/17480\/revisions"}],"wp:featuredmedia":[{"embeddable":true,"href":"https:\/\/uigdetectors.com\/es\/wp-json\/wp\/v2\/media\/29019"}],"wp:attachment":[{"href":"https:\/\/uigdetectors.com\/es\/wp-json\/wp\/v2\/media?parent=17480"}],"wp:term":[{"taxonomy":"product_brand","embeddable":true,"href":"https:\/\/uigdetectors.com\/es\/wp-json\/wp\/v2\/product_brand?post=17480"},{"taxonomy":"product_cat","embeddable":true,"href":"https:\/\/uigdetectors.com\/es\/wp-json\/wp\/v2\/product_cat?post=17480"},{"taxonomy":"product_tag","embeddable":true,"href":"https:\/\/uigdetectors.com\/es\/wp-json\/wp\/v2\/product_tag?post=17480"}],"curies":[{"name":"wp","href":"https:\/\/api.w.org\/{rel}","templated":true}]}}