{"id":17488,"date":"2023-07-03T03:03:51","date_gmt":"2023-07-03T03:03:51","guid":{"rendered":"https:\/\/shop.uigdetectors.com\/?post_type=product&#038;p=17488"},"modified":"2024-02-17T22:38:09","modified_gmt":"2024-02-17T19:38:09","slug":"diamond-hunter-detector-es","status":"publish","type":"product","link":"https:\/\/uigdetectors.com\/es\/producto\/diamond-hunter-detector-es\/","title":{"rendered":"DIAMOND HUNTER SMART Detector de piedras preciosas"},"content":{"rendered":"<p>&nbsp;<\/p>\n<h2 class=\"text-center mt-4 dark-blue mb-5 productName\" style=\"text-align: left;\"><span style=\"color: #c99c00;\">DISPOSITIVO DIAMOND HUNTER SMART<\/span><\/h2>\n<div id=\"productContainer\">\n<div>\n<div>\n<p class=\"mb-5 desc-par\">The smallest modern device for detecting gemstones and diamonds underground &#8211; 3 systems device<br \/>\nDIAMOND HUNTER SMART sensing device underground diamond and gemstones detector with its completely new design and the first of its kind in the world.<br \/>\nThe device has been completely developed into the DIAMOND HUNTER SMART device with the addition of more systems and the improvement of the device\u2019s characteristics with new professional techniques in detecting targets from long distances with high accuracy and determining the depth easier and more accurately.<\/p>\n<\/div>\n<h2 class=\"font-weight-bold dark-grey my-4 systemCheckCount\">System<\/h2>\n<div id=\"par2\" class=\"\">\n<ol id=\"systemsContainer\">\n<li class=\"our-yellow lead\">\n<h3 class=\"lead\">The DIAMOND HUNTER SMART is a multifunctional device<\/h3>\n<div class=\"row\">\n<div class=\"col-md-12\">\n<p class=\"my-4 black-text desc-par\">Which works with three different search systems:<br \/>\n1- Underground gemstones search system: Sapphire, Emerald, Quartz, Topaz, Granet, Amethyst, Lapis Lazuli, Tourmaline, Columbite, Tanzanite, Turquoise, Peridot, Alexandrite, Cat Eye, Ruby, Jasper, Opal, Aquamarine.<br \/>\n2- Underground diamond search system.<br \/>\n3- A system of analyzing the results and determining the depth in meters, and centimeters easily and with high accuracy.<br \/>\n4- High speed in detecting diamonds, and gemstones and locating them accurately.<br \/>\nThe search depth of the DIAMOND HUNTER SMART device reaches 50 meters in the ground and a forward range of 3000 meters.<br \/>\nThe DIAMOND HUNTER SMART has been developed to make it easier to operate in all kinds of terrain and in the most difficult weather conditions.<br \/>\nThe DIAMOND HUNTER SMART device has the ability to penetrate the layers of the earth to great depths that are difficult for many devices to reach.<br \/>\nThe DIAMOND HUNTER SMART device is one of the best German industries.<\/p>\n<\/div>\n<\/div>\n<p class=\"alert alert-warning black-text desc-par\"><strong>It holds the European CE certificate according to international specifications, in addition to the international ISO 9001 certificate according to international specifications and standards.<\/strong><\/p>\n<\/li>\n<\/ol>\n<\/div>\n<p><!--najeen edit video------------------start-----------------><\/p>\n<h2 style=\"text-align: center;\"><span style=\"color: #c99c00;\">DISPOSITIVO DE V\u00cdDEO<\/span><\/h2>\n<div class=\"wrapper\">\n<div class=\"youtube\" data-embed=\"bHZ0EZIJJd8\" data-attrib=\"\/?rel=0&amp;autoplay=1&amp;loop=1\">\n<div class=\"play-button\"><\/div>\n<\/div>\n<\/div>\n<p><!--najeen edit video-------------------end------------------><\/p>\n<h2 class=\"font-weight-bold dark-grey my-4\">Especificaciones t\u00e9cnicas<\/h2>\n<div id=\"par3\" class=\"\">\n<div class=\"my-4\">\n<table class=\"table table-striped table-bordered\">\n<thead class=\"thead-dark\">\n<tr>\n<th scope=\"col\">Nombre de la especificaci\u00f3n t\u00e9cnica<\/th>\n<th scope=\"col\">Valor de especificaci\u00f3n t\u00e9cnica<\/th>\n<\/tr>\n<\/thead>\n<tbody id=\"technicalContainer\">\n<tr>\n<td>Salida de Audio<\/td>\n<td>Zumbador el\u00e9ctrico \u00d8:12mm &#8211; H:9.8mm nivel de presi\u00f3n de sonido 85db at 12v\/10cm frecuencia 4.5\u00b10.5 kHz<\/td>\n<\/tr>\n<tr>\n<td>Pantalla de Cristal L\u00edquido (LCD)<\/td>\n<td>Gr\u00e1ficos LCD (128&#215;64) pixel \/ 55mm x 27.22mm<\/td>\n<\/tr>\n<tr>\n<td>Longitud<\/td>\n<td>Solo dispositivo 203mm &#8211; El dispositivo con la super antena 398mm &#8211; El dispositivo con la antena de largo alcance 638mm (abierta)<\/td>\n<\/tr>\n<tr>\n<td>Frecuencia<\/td>\n<td>Max 500 KHz<\/td>\n<\/tr>\n<tr>\n<td>Velocidad de Procesamiento de Datos<\/td>\n<td>20 MHz<\/td>\n<\/tr>\n<tr>\n<td>Rango de Temperatura en Operaci\u00f3n<\/td>\n<td>De 0 \u00b0 C a 60 \u00b0 C<\/td>\n<\/tr>\n<tr>\n<td>Rango de Humedad en Operaci\u00f3n<\/td>\n<td>hasta 95 % sin condensaci\u00f3n<\/td>\n<\/tr>\n<tr>\n<td>Rango de Temperatura en Almacenamiento<\/td>\n<td>De &#8211; 20C\u00b0 a 70C\u00b0<\/td>\n<\/tr>\n<tr>\n<td>Rango de Humedad en Almacenamiento<\/td>\n<td>hasta 98 % Humedad Relativa<\/td>\n<\/tr>\n<tr>\n<td>Tiempo de Operaci\u00f3n (7.56 Wh Bater\u00eda)<\/td>\n<td>10 Horas<\/td>\n<\/tr>\n<tr>\n<td>Clasificaci\u00f3n de Impermeabilidad &#8211; Detector<\/td>\n<td>no impermeable (resistente solo a la intemperie )<\/td>\n<\/tr>\n<tr>\n<td>Peso Total<\/td>\n<td>1800 g<\/td>\n<\/tr>\n<tr>\n<td>Peso del Dispositivo<\/td>\n<td>600 g<\/td>\n<\/tr>\n<tr>\n<td>Peso de la Bolsa (vac\u00eda)<\/td>\n<td>1000 g<\/td>\n<\/tr>\n<tr>\n<td>Dimensiones de la Bolsa<\/td>\n<td>340mm x 275mm x 125mm<\/td>\n<\/tr>\n<tr>\n<td>Tipo de Bater\u00eda<\/td>\n<td>Bater\u00eda recargable de Iones de Litio &#8211; bater\u00eda interna<\/td>\n<\/tr>\n<tr>\n<td>Voltaje de Salida de la Bater\u00eda<\/td>\n<td>Li-ion 10.8 VDC<\/td>\n<\/tr>\n<tr>\n<td>Capacidad de la Bater\u00eda<\/td>\n<td>Li-ion 7.56 Wh<\/td>\n<\/tr>\n<tr>\n<td>Tiempo de Bater\u00eda en Uso<\/td>\n<td>10 Horas<\/td>\n<\/tr>\n<tr>\n<td>Temperatura de Bater\u00eda en Operaci\u00f3n<\/td>\n<td>De 0 \u00b0 C a 60 \u00b0 C<\/td>\n<\/tr>\n<tr>\n<td>Temperatura de Bater\u00eda en Almacenamiento<\/td>\n<td>De &#8211; 2C\u00b0 a 70C\u00b0<\/td>\n<\/tr>\n<tr>\n<td>Peso de la Bater\u00eda<\/td>\n<td>60 g<\/td>\n<\/tr>\n<tr>\n<td>Temperatura del Cargador en Uso<\/td>\n<td>De 0 \u00b0 C a 50 \u00b0 C<\/td>\n<\/tr>\n<tr>\n<td>Temperatura de Cargador en Almacenamiento<\/td>\n<td>De &#8211; 30C\u00b0 a 80C\u00b0<\/td>\n<\/tr>\n<tr>\n<td>Voltaje de Entrada del Cargador<\/td>\n<td>90 \u2192 250 VAC 50\u219260 Hz<\/td>\n<\/tr>\n<tr>\n<td>Salida del Cargador<\/td>\n<td>12.6 VDC \/ 1000 mA<\/td>\n<\/tr>\n<\/tbody>\n<\/table>\n<\/div>\n<\/div>\n<\/div>\n<div id=\"par3\" class=\"\"><\/div>\n<\/div>\n","protected":false},"excerpt":{"rendered":"<h4><span style=\"color: #c99c00;\">Le plus petit appareil pour d\u00e9tecter les pierres pr\u00e9cieuses, diamants DIAMOND HUNTER SMART<\/span><\/h4>\n","protected":false},"featured_media":28809,"template":"","meta":[],"product_brand":[],"product_cat":[200,1969,229,1265],"product_tag":[],"class_list":{"0":"post-17488","1":"product","2":"type-product","3":"status-publish","4":"has-post-thumbnail","6":"product_cat-detectores-de-diamantes-y-piedras-preciosas","7":"product_cat-long-range-system-es","8":"product_cat-almacenar","9":"product_cat-sale-es","11":"first","12":"instock","13":"sale","14":"purchasable","15":"product-type-simple"},"_links":{"self":[{"href":"https:\/\/uigdetectors.com\/es\/wp-json\/wp\/v2\/product\/17488","targetHints":{"allow":["GET"]}}],"collection":[{"href":"https:\/\/uigdetectors.com\/es\/wp-json\/wp\/v2\/product"}],"about":[{"href":"https:\/\/uigdetectors.com\/es\/wp-json\/wp\/v2\/types\/product"}],"version-history":[{"count":0,"href":"https:\/\/uigdetectors.com\/es\/wp-json\/wp\/v2\/product\/17488\/revisions"}],"wp:featuredmedia":[{"embeddable":true,"href":"https:\/\/uigdetectors.com\/es\/wp-json\/wp\/v2\/media\/28809"}],"wp:attachment":[{"href":"https:\/\/uigdetectors.com\/es\/wp-json\/wp\/v2\/media?parent=17488"}],"wp:term":[{"taxonomy":"product_brand","embeddable":true,"href":"https:\/\/uigdetectors.com\/es\/wp-json\/wp\/v2\/product_brand?post=17488"},{"taxonomy":"product_cat","embeddable":true,"href":"https:\/\/uigdetectors.com\/es\/wp-json\/wp\/v2\/product_cat?post=17488"},{"taxonomy":"product_tag","embeddable":true,"href":"https:\/\/uigdetectors.com\/es\/wp-json\/wp\/v2\/product_tag?post=17488"}],"curies":[{"name":"wp","href":"https:\/\/api.w.org\/{rel}","templated":true}]}}