{"id":17503,"date":"2023-01-20T22:33:00","date_gmt":"2023-01-20T22:33:00","guid":{"rendered":"https:\/\/shop.uigdetectors.com\/?post_type=product&#038;p=17503"},"modified":"2024-09-12T09:49:45","modified_gmt":"2024-09-12T06:49:45","slug":"river-g-3-systems-detector-es","status":"publish","type":"product","link":"https:\/\/uigdetectors.com\/es\/producto\/river-g-3-systems-detector-es\/","title":{"rendered":"RIVER-G 3-SYSTEMS Detector aguas subterr\u00e1neas"},"content":{"rendered":"\n<h4><span style=\"color: #c99c00;\">DISPOSITIVO RIVER G 3 SYSTEMS<\/span><\/h4>\n<div>\n<p class=\"mb-5 desc-par\">River G: Dispositivo de 3 sistemas integrados<br \/>\nUn dispositivo totalmente nuevo y \u00fanico en su especie a nivel mundial, River G, el cual se caracteriza por contar con tres sistemas de detecci\u00f3n de agua subterr\u00e1nea, pozos artesianos y norias bajo la tierra.<br \/>\nSistema de im\u00e1genes 3D, sistema de b\u00fasqueda geof\u00edsica y sistema de largo alcance.<br \/>\nEl dispositivo alcanza profundidades de 1500 metros bajo tierra y hasta 3000 metros cuadrados de rango frontal con la capacidad de identificar la profundidad del agua.<br \/>\nFelicitamos a todos los agricultores, inversionistas en tierras agr\u00edcolas, investigadores, exploradores y principales empresas de exploraci\u00f3n de agua por emitir el dispositivo totalmente nuevo y \u00fanico en el mundo y trabajar con tres sistemas de exploraci\u00f3n de agua subterr\u00e1nea.<br \/>\nEl dispositivo alcanza profundidades de 1500 metros bajo tierra y hasta 3000 metros cuadrados de rango frontal.<br \/>\nMuy acertado y con gran posibilidad de determinar el tipo de agua, ya sea dulce, salada o muy salada.<br \/>\nUno de los beneficios \u00fanicos es la posibilidad de escoger el continente y el pa\u00eds donde se llevar\u00e1 a cabo la b\u00fasqueda de agua subterr\u00e1nea.<br \/>\nLa habilidad de trabajar alrededor del mundo y en diferentes terrenos con la posibilidad de buscar en seis diferentes tipos de suelo: rocoso, natural, mixto, mineralizado, arcilloso y arenoso. Adem\u00e1s de mostrar el porcentaje de rocas dentro del \u00e1rea a escanear en la tierra.<br \/>\nIm\u00e1genes tridimensionales de alta calidad de la ubicaci\u00f3n del agua y rocas en el \u00e1rea de b\u00fasqueda del agua.<br \/>\nTambi\u00e9n cuanta con la posibilidad de determinar la profundidad del agua.<br \/>\nRever G, con una tecnolog\u00eda avanzada para detectar e identificar fuentes de agua subterr\u00e1nea.<\/p>\n<\/div>\n<h2 class=\"font-weight-bold dark-grey my-4 systemCheckCount\">Sistemas<\/h2>\n<div id=\"par2\" class=\"\">\n<ol id=\"systemsContainer\">\n<li class=\"our-yellow lead\">\n<h3 class=\"lead\">Primer sistema: SISTEMA DE IM\u00c1GENES TRIDIMENSIONALES<\/h3>\n<div class=\"row\">\n<div class=\"col-md-6\">\n<p class=\"my-4 black-text desc-par\">El RIVER G est\u00e1 provisto de un sistema de im\u00e1genes tridimensionales que permiten al explorador ver detalles m\u00e1s precisos sobre la presencia de capas de agua subterr\u00e1nea, as\u00ed como mostrar los resultados del an\u00e1lisis del agua.<br \/>\nTipo de agua: Con un se\u00f1alamiento que indica el mejor lugar para cavar, el cual contiene la mayor cantidad de agua.<br \/>\nLa profundidad del agua detectada se mide en metros.<br \/>\nUna gr\u00e1fica circular que muestra la proporci\u00f3n de densidad, rocas y salinidad.<\/p>\n<\/div>\n<div class=\"col-md-6\">\n<div class=\"mt-1\">\n<div class=\"wrapper\">\n<div class=\"youtube\" data-embed=\"ZFglXMfuU7E\" data-attrib=\"\/?rel=0&amp;autoplay=1&amp;loop=1\">\n<div class=\"play-button\"><\/div>\n<p><img decoding=\"async\" src=\"https:\/\/img.youtube.com\/vi\/ZFglXMfuU7E\/sddefault.jpg\" alt=\"uig detectors youtube\" \/><\/p>\n<\/div>\n<\/div>\n<\/div>\n<\/div>\n<\/div>\n<\/li>\n<li class=\"our-yellow lead\">\n<h3 class=\"lead\">Segundo sistema: SISTEMA DE BUSQUEDA GEOF\u00cdSICA:<\/h3>\n<div class=\"row\">\n<div class=\"col-md-6\">\n<p class=\"my-4 black-text desc-par\">El sistema geof\u00edsico en el dispositivo RIVER G es uno de los mejores y m\u00e1s poderosos sistemas para encontrar agua y mostrar resultados r\u00e1pidos y precisos.<br \/>\nEste sistema provee al explorador con toda la informaci\u00f3n que necesita sobre el agua subterr\u00e1nea con muchas caracter\u00edsticas \u00fanicas.<br \/>\nDeterminaci\u00f3n de la profundidad del agua subterr\u00e1nea, as\u00ed como detalles precisos de la densidad del agua, su salinidad y tipo (dulce, salada, muy salada)<\/p>\n<\/div>\n<div class=\"col-md-6\">\n<div class=\"mt-1\">\n<div class=\"wrapper\">\n<div class=\"youtube\" data-embed=\"Lt0ju9djyXc\" data-attrib=\"\/?rel=0&amp;autoplay=1&amp;loop=1\">\n<div class=\"play-button\"><\/div>\n<p><img decoding=\"async\" src=\"https:\/\/img.youtube.com\/vi\/Lt0ju9djyXc\/sddefault.jpg\" alt=\"uig detectors youtube\" \/><\/p>\n<\/div>\n<\/div>\n<\/div>\n<\/div>\n<\/div>\n<\/li>\n<li class=\"our-yellow lead\">\n<h3 class=\"lead\">Tercer sistema: SISTEMA DE LARGO ALCANCE:<\/h3>\n<div class=\"row\">\n<div class=\"col-md-6\">\n<p class=\"my-4 black-text desc-par\">Este sistema de alta precisi\u00f3n puede determinar la posici\u00f3n del agua dentro de \u00e1reas vastas.<br \/>\nEl sistema de largo alcance tiene varias caracter\u00edsticas:<br \/>\n&#8211; Pantalla a color de alta resoluci\u00f3n con opci\u00f3n t\u00e1ctil.<br \/>\n&#8211; Funciona con sistema t\u00e1ctil y con teclado.<br \/>\n&#8211; Provee seis diferentes idiomas: Alem\u00e1n, Franc\u00e9s, Ingl\u00e9s, Espa\u00f1ol, Italiano y \u00c1rabe.<br \/>\n&#8211; Una br\u00fajula digital para determinar la direcci\u00f3n de b\u00fasqueda.<br \/>\n&#8211; Determina el tipo de suelo de acuerdo a la naturaleza del lugar donde se realiza la b\u00fasqueda. (rocoso, natural, mixto, mineralizado, arcilloso y arenoso)<br \/>\n&#8211; Al capturar el objetivo, el usuario puede dirigirse directamente al objetivo hasta que se pone de pie en su superficie exacta.<br \/>\n&#8211; confinado en un \u00e1rea de 1 metro cuadrado, el usuario puede determinar el rango frontal del<br \/>\ndispositivo de arranque (desde 500, 1000, 1500, 2000, 2500 hasta 3000 metros) y una profundidad de 1500 metros bajo tierra.<br \/>\nCuando el dispositivo est\u00e1 funcionando se pude escoger el idioma a trabajar y la profundidad y rango frontal.<br \/>\nAl identificar el objetivo, el dispositivo se dirige al objeto detectado, el usuario pude caminar para alcanzar el objetivo y confinarlo por completo en un \u00e1rea de 1 metro cuadrado.<\/p>\n<\/div>\n<div class=\"col-md-6\">\n<div class=\"mt-1\">\n<div class=\"wrapper\">\n<div class=\"youtube\" data-embed=\"88gCwASMHqw\" data-attrib=\"\/?rel=0&amp;autoplay=1&amp;loop=1\">\n<div class=\"play-button\"><\/div>\n<p><img decoding=\"async\" src=\"https:\/\/img.youtube.com\/vi\/88gCwASMHqw\/sddefault.jpg\" alt=\"uig detectors youtube\" \/><\/p>\n<\/div>\n<\/div>\n<\/div>\n<\/div>\n<\/div>\n<p class=\"alert alert-warning black-text desc-par\"><strong>El dispositivo River &#8211; G es uno de los mejores dispositivos alemanes que cuenta con la certificaci\u00f3n Europea CE seg\u00fan especificaciones internacionales, adem\u00e1s del certificado internacional ISO 9001.<\/strong><\/p>\n<\/li>\n<\/ol>\n<\/div>\n<p><!--najeen edit video------------------start-----------------><\/p>\n<h2 style=\"text-align: center;\"><span style=\"color: #c99c00;\">DISPOSITIVO DE V\u00cdDEO<\/span><\/h2>\n<div class=\"wrapper\">\n<div class=\"youtube\" data-embed=\"mFvY9fAyuFQ\" data-attrib=\"\/?rel=0&amp;autoplay=1&amp;loop=1\">\n<div class=\"play-button\"><\/div>\n<\/div>\n<\/div>\n<p><!--najeen edit video-------------------end------------------><\/p>\n<h2 class=\"font-weight-bold dark-grey my-4\">Especificaciones t\u00e9cnicas<\/h2>\n<div id=\"par3\" class=\"\">\n<div class=\"my-4\">\n<table class=\"table table-striped table-bordered\">\n<thead class=\"thead-dark\">\n<tr>\n<th scope=\"col\">Nombre de la especificaci\u00f3n t\u00e9cnica<\/th>\n<th scope=\"col\">Valor de especificaci\u00f3n t\u00e9cnica<\/th>\n<\/tr>\n<\/thead>\n<tbody id=\"technicalContainer\">\n<tr>\n<td>Salida de Audio (SISTEMA GEOF\u00cdSICO)<\/td>\n<td>Zumbador El\u00e9ctrico \u00d8:12mm &#8211; H:9.8mm nivel de presi\u00f3n de sonido 85db at 12v\/10cm frecuencia 4.5\u00b10.5 kHz<\/td>\n<\/tr>\n<tr>\n<td>Pantalla de Cristal L\u00edquido (LCD)<\/td>\n<td>Pantalla t\u00e1ctil full-color 800 x 600 px (8 inch) &#8211; 165mm x 124 mm<\/td>\n<\/tr>\n<tr>\n<td>Frecuencia<\/td>\n<td>2,91 kHz<\/td>\n<\/tr>\n<tr>\n<td>Velocidad de Procesamiento de Datos<\/td>\n<td>11 MHz<\/td>\n<\/tr>\n<tr>\n<td>Rango de Temperatura en Operaci\u00f3n<\/td>\n<td>De 0 \u00b0 C a 60 \u00b0 C<\/td>\n<\/tr>\n<tr>\n<td>Rango de Humedad en Operaci\u00f3n<\/td>\n<td>hasta 95 % sin condensaci\u00f3n<\/td>\n<\/tr>\n<tr>\n<td>Rango de Temperatura de Almacenamiento<\/td>\n<td>De &#8211; 20C\u00b0 a 70C\u00b0<\/td>\n<\/tr>\n<tr>\n<td>Rango de Humedad de Almacenamiento<\/td>\n<td>hasta 98 % Humedad Relativa<\/td>\n<\/tr>\n<tr>\n<td>Tiempo de Operaci\u00f3n (54Wh Bater\u00eda)<\/td>\n<td>(8 &#8211; 12) Horas<\/td>\n<\/tr>\n<tr>\n<td>Clasificaci\u00f3n de Impermeabilidad &#8211; Detector<\/td>\n<td>no impermeable (solo resistente a la intemperie )<\/td>\n<\/tr>\n<tr>\n<td>Longitud de los Cables<\/td>\n<td>20 m<\/td>\n<\/tr>\n<tr>\n<td>Longitud de la Sonda Geof\u00edsica<\/td>\n<td>810 mm<\/td>\n<\/tr>\n<tr>\n<td>Longitud de la Sonda de Largo Alcance<\/td>\n<td>340 mm<\/td>\n<\/tr>\n<tr>\n<td>Bluetooth<\/td>\n<td>HC-06 2.4GHz Transceptor de radio<\/td>\n<\/tr>\n<tr>\n<td>Peso Total<\/td>\n<td>Bolsa de sistemas: 7500 g &#8211; Bolsa de Accesorios: 9200 g<\/td>\n<\/tr>\n<tr>\n<td>Peso de la Bolsa (vac\u00eda )<\/td>\n<td>Bolsa de Sistemas (vac\u00eda ): 3.5 kg &#8211; Bolsa de accesorios (vac\u00eda): 3.5 kg<\/td>\n<\/tr>\n<tr>\n<td>Dimensiones de la Bolsa<\/td>\n<td>Bolsa de Sistemas (dimensiones): 53cm x 40cm x 22.8 cm -Bolsa de accesorios (dimensiones): 53cm x 40cm x 22.8 cm<\/td>\n<\/tr>\n<tr>\n<td>Tipo de Bater\u00eda<\/td>\n<td>Bater\u00eda recargable de iones de litio &#8211; Bater\u00eda externa<\/td>\n<\/tr>\n<tr>\n<td>Voltaje de Salida de la Bater\u00eda<\/td>\n<td>Li-ion 10.8 VDC<\/td>\n<\/tr>\n<tr>\n<td>Capacidad de la Bater\u00eda<\/td>\n<td>Li-ion 54 Wh<\/td>\n<\/tr>\n<tr>\n<td>Tiempo de Bater\u00eda en Uso<\/td>\n<td>(8 &#8211; 12) Horas<\/td>\n<\/tr>\n<tr>\n<td>Temperatura de Bater\u00eda en Operaci\u00f3n<\/td>\n<td>De 0 \u00b0 C a 60 \u00b0 C<\/td>\n<\/tr>\n<tr>\n<td>Temperatura de Bater\u00eda de Almacenamiento<\/td>\n<td>De &#8211; 2C\u00b0 a 70C\u00b0<\/td>\n<\/tr>\n<tr>\n<td>Peso de la Bater\u00eda<\/td>\n<td>500 g<\/td>\n<\/tr>\n<tr>\n<td>Temperatura del Cargador en Operaci\u00f3n<\/td>\n<td>De 0 \u00b0 C a 50 \u00b0 C<\/td>\n<\/tr>\n<tr>\n<td>Temperatura del Cargador de Almacenamiento<\/td>\n<td>De &#8211; 30C\u00b0 a 80C\u00b0<\/td>\n<\/tr>\n<tr>\n<td>Voltaje de Entrada del Cargador<\/td>\n<td>90 \u2192 250 VAC 50\u219260 Hz<\/td>\n<\/tr>\n<tr>\n<td>Salida del Cargador<\/td>\n<td>12.6 VDC \/ 1000 mA<\/td>\n<\/tr>\n<tr>\n<td>Salida de Audio (SISTEMA DE LARGO ALCANCE)<\/td>\n<td>zumbador el\u00e9ctrico \u00d8:12mm &#8211; H:9.8mm nivel de presi\u00f3n de sonido 85db at 12v\/10cm frecuencia 4.5\u00b10.5 kHz<\/td>\n<\/tr>\n<tr>\n<td>Pantalla de Cristal L\u00edquido (LCD)<\/td>\n<td>full-color 98mm x 57mm \/ 480&#215;270 px<\/td>\n<\/tr>\n<tr>\n<td>Longitud<\/td>\n<td>Dispositivo 170 mm &#8211; El dispositivo con sensor de largo alcance 310mm<\/td>\n<\/tr>\n<tr>\n<td>Frecuencia<\/td>\n<td>Max 500 KHz<\/td>\n<\/tr>\n<tr>\n<td>Velocidad de Procesamiento de Datos<\/td>\n<td>8 MHz<\/td>\n<\/tr>\n<tr>\n<td>Rango de Temperatura de Operaci\u00f3n<\/td>\n<td>De 0 \u00b0 C a 70 \u00b0 C<\/td>\n<\/tr>\n<tr>\n<td>Rango de Humedad de Operaci\u00f3n<\/td>\n<td>hasta 95 % sin condensaci\u00f3n<\/td>\n<\/tr>\n<tr>\n<td>Rango de Temperatura de Almacenamiento<\/td>\n<td>De &#8211; 20C\u00b0 a 70C\u00b0<\/td>\n<\/tr>\n<tr>\n<td>Rango de Humedad de Almacenamiento<\/td>\n<td>hasta 98 % Humedad Relativa<\/td>\n<\/tr>\n<tr>\n<td>Tiempo de Operaci\u00f3n (27 Wh Bater\u00eda)<\/td>\n<td>10 Horas<\/td>\n<\/tr>\n<tr>\n<td>Clasificaci\u00f3n de Impermeabilidad &#8211; Detector<\/td>\n<td>No impermeable (solo resistente a la intemperie )<\/td>\n<\/tr>\n<tr>\n<td>M\u00f3dulo de Br\u00fajula<\/td>\n<td>GY-282<\/td>\n<\/tr>\n<tr>\n<td>Peso del Dispositivo<\/td>\n<td>500 g<\/td>\n<\/tr>\n<tr>\n<td>Tipo de Bater\u00eda<\/td>\n<td>Bater\u00eda recargable de iones de litio &#8211; Bater\u00eda externa<\/td>\n<\/tr>\n<tr>\n<td>Voltaje de salida de la Bater\u00eda<\/td>\n<td>Li-ion 10.8 VDC<\/td>\n<\/tr>\n<tr>\n<td>Capacidad de la Bater\u00eda<\/td>\n<td>Li-ion 27 Wh<\/td>\n<\/tr>\n<tr>\n<td>Tiempo de Uso de la Bater\u00eda<\/td>\n<td>10 Horas<\/td>\n<\/tr>\n<tr>\n<td>Temperatura de l Operaci\u00f3n de la Bater\u00eda<\/td>\n<td>De 0 \u00b0 C a 60 \u00b0 C<\/td>\n<\/tr>\n<tr>\n<td>Temperatura de Almacenamiento de la Bater\u00eda<\/td>\n<td>De &#8211; 2C\u00b0 a 70C\u00b0<\/td>\n<\/tr>\n<tr>\n<td>Peso de la Bater\u00eda<\/td>\n<td>350 g<\/td>\n<\/tr>\n<\/tbody>\n<\/table>\n<\/div>\n<\/div>\n<div id=\"par3\" class=\"\"><\/div>\n","protected":false},"excerpt":{"rendered":"<h5 style=\"color: #333333;\">Un dispositivo multisist\u00e9mico para detectar agua subterr\u00e1nea y pozos artesianos<\/h5>\n<ul>\n<li style=\"text-align: left;\"><span style=\"color: #333333;\">Geophysical Search System<\/span><\/li>\n<li style=\"text-align: left;\"><span style=\"color: #333333;\">Long-range Sensing System<\/span><\/li>\n<li style=\"text-align: left;\"><span style=\"color: #333333;\">3D Imaging System<\/span><\/li>\n<\/ul>\n<table style=\"font-size: 14px;\" border=\"1&quot;\" width=\"55%\" cellspacing=\"0\" cellpadding=\"5\">\n<tbody>\n<tr>\n<td style=\"border: 1px solid lightgray;\" align=\"left\" width=\"15%\"><strong>Search system<\/strong><\/td>\n<td style=\"border: 1px solid lightgray; text-align: center;\" align=\"center\" width=\"40%\">3 Search System<\/td>\n<\/tr>\n<tr>\n<td style=\"border: 1px solid lightgray;\" align=\"left\" width=\"15%\"><strong>Search depth<\/strong><\/td>\n<td style=\"border: 1px solid lightgray; text-align: center;\" align=\"center\" width=\"40%\">1500 meter<\/td>\n<\/tr>\n<tr>\n<td style=\"border: 1px solid lightgray;\" align=\"left\" width=\"15%\"><strong>Front-range<\/strong><\/td>\n<td style=\"border: 1px solid lightgray; text-align: center;\" align=\"center\" width=\"40%\">3000 meter<\/td>\n<\/tr>\n<tr>\n<td style=\"border: 1px solid lightgray;\" align=\"left\" width=\"15%\"><strong>Device weight<\/strong><\/td>\n<td style=\"border: 1px solid lightgray; text-align: center;\" align=\"center\" width=\"40%\">16.7 kilogram<\/td>\n<\/tr>\n<tr>\n<td style=\"border: 1px solid lightgray;\" align=\"left\" width=\"15%\"><strong>Package dimensions<\/strong><\/td>\n<td style=\"border: 1px solid lightgray; text-align: center;\" align=\"center\" width=\"40%\">(228mm x 400mm x 530mm) 2 Box<\/td>\n<\/tr>\n<tr>\n<td style=\"border: 1px solid lightgray;\" align=\"left\" width=\"15%\"><strong>Warranty<\/strong><\/td>\n<td style=\"border: 1px solid lightgray; text-align: center;\" align=\"center\" width=\"40%\">Two (2) Year<\/td>\n<\/tr>\n<tr>\n<td style=\"border: 1px solid lightgray;\" align=\"left\" width=\"15%\"><strong>Made in<\/strong><\/td>\n<td style=\"border: 1px solid lightgray; text-align: center;\" align=\"center\" width=\"40%\">Germany<\/td>\n<\/tr>\n<\/tbody>\n<\/table>\n","protected":false},"featured_media":28701,"template":"","meta":[],"product_brand":[],"product_cat":[1969,229,1265,198],"product_tag":[],"class_list":{"0":"post-17503","1":"product","2":"type-product","3":"status-publish","4":"has-post-thumbnail","6":"product_cat-long-range-system-es","7":"product_cat-almacenar","8":"product_cat-sale-es","9":"product_cat-detectores-de-agua-subterranea","11":"first","12":"instock","13":"sale","14":"purchasable","15":"product-type-simple"},"_links":{"self":[{"href":"https:\/\/uigdetectors.com\/es\/wp-json\/wp\/v2\/product\/17503","targetHints":{"allow":["GET"]}}],"collection":[{"href":"https:\/\/uigdetectors.com\/es\/wp-json\/wp\/v2\/product"}],"about":[{"href":"https:\/\/uigdetectors.com\/es\/wp-json\/wp\/v2\/types\/product"}],"version-history":[{"count":0,"href":"https:\/\/uigdetectors.com\/es\/wp-json\/wp\/v2\/product\/17503\/revisions"}],"wp:featuredmedia":[{"embeddable":true,"href":"https:\/\/uigdetectors.com\/es\/wp-json\/wp\/v2\/media\/28701"}],"wp:attachment":[{"href":"https:\/\/uigdetectors.com\/es\/wp-json\/wp\/v2\/media?parent=17503"}],"wp:term":[{"taxonomy":"product_brand","embeddable":true,"href":"https:\/\/uigdetectors.com\/es\/wp-json\/wp\/v2\/product_brand?post=17503"},{"taxonomy":"product_cat","embeddable":true,"href":"https:\/\/uigdetectors.com\/es\/wp-json\/wp\/v2\/product_cat?post=17503"},{"taxonomy":"product_tag","embeddable":true,"href":"https:\/\/uigdetectors.com\/es\/wp-json\/wp\/v2\/product_tag?post=17503"}],"curies":[{"name":"wp","href":"https:\/\/api.w.org\/{rel}","templated":true}]}}