{"id":17507,"date":"2023-01-20T22:34:52","date_gmt":"2023-01-20T19:34:52","guid":{"rendered":"https:\/\/shop.uigdetectors.com\/?post_type=product&#038;p=17507"},"modified":"2024-02-17T22:20:37","modified_gmt":"2024-02-17T19:20:37","slug":"fresh-result-2-systems-detector-es","status":"publish","type":"product","link":"https:\/\/uigdetectors.com\/es\/producto\/fresh-result-2-systems-detector-es\/","title":{"rendered":"FRESH RESULT 2-SYSTEMS Detector aguas subterr\u00e1neas"},"content":{"rendered":"<p>&nbsp;<\/p>\n<h4><span style=\"color: #c99c00;\">DISPOSITIVO FRESH RESULT 2 SYSTEMS<\/span><\/h4>\n<div>\n<p class=\"mb-5 desc-par\">El dispositivo Fresh Result 2 Systems Plus tiene un sistema de largo alcance, as\u00ed como un sistema geol\u00f3gico, es el primer detector de su tipo en el mundo, creado para detectar agua subterr\u00e1nea.<br \/>\nFelicitamos a todos los agricultores, inversionistas en tierras agr\u00edcolas, investigadores y exploradores de aguas y pozos subterr\u00e1neos por el lanzamiento de nuestro mas reciente y especial dispositivo: Fresh Result 2 Systems.<br \/>\nL a empresa GER DETECT se enorgullece de ofrecer la \u00faltima tecnolog\u00eda con mayor precisi\u00f3n y alta resoluci\u00f3n a nivel mundial para la b\u00fasqueda, detecci\u00f3n, identificaci\u00f3n y filtrado de objetivos: El dispositivo Fresh Result 2 Systems con sistemas geol\u00f3gico y de largo alcance.<br \/>\nEl dispositivo cuenta con una profundidad de hasta 1200 metros bajo tierra y un alcance frontal de 2000 metros cuadrados.<br \/>\nTiene la posibilidad de determinar el tipo de agua (dulce, natural, salada).<br \/>\nCapacidad de investigar en cuatro tipos de suelo (arenosos, arcilloso, rocoso y mixto)<br \/>\nEl dispositivo Fresh Result 2 Systems con tecnolog\u00eda avanzada para detectar e identificar fuentes de agua subterr\u00e1neas.<\/p>\n<\/div>\n<h2 class=\"font-weight-bold dark-grey my-4 systemCheckCount\">Sistemas<\/h2>\n<div id=\"par2\" class=\"\">\n<ol id=\"systemsContainer\">\n<li class=\"our-yellow lead\">\n<h3 class=\"lead\">Primer Sistema: SISTEMA DE LARGO ALCANCE:<\/h3>\n<div class=\"row\">\n<div class=\"col-md-12\">\n<p class=\"my-4 black-text desc-par\">Este sistema con gran precisi\u00f3n es capaz de determinar la ubicaci\u00f3n de fuentes de agua subterr\u00e1neas desde una distancia larga.<br \/>\nCuando un objetivo ha sido detectado, el usuario puede moverse para rastrearlo hasta quedar sobre el mismo y confinarlo a un \u00e1rea de 1 metro cuadrado.<br \/>\nTiene la capacidad de determinar el rango frontal del dispositivo desde 500 hasta 2000 metros cuadrados (500, 1000, 1500 o 2000) y una profundidad de 1200 metros bajo tierra.<br \/>\nEl dispositivo funciona en 4 idiomas: Alem\u00e1n, Ingl\u00e9s, Franc\u00e9s, \u00c1rabe.<br \/>\nCuando el dispositivo esta iniciando se puede escoger el idioma y determinar el rango frontal.<br \/>\nCuando se capta el objetivo, el dispositivo se dirige hacia \u00e9l, el usuario puede caminar hac\u00eda el mismo y detenerse cuando se encuentre justo sobre el objetivo en un \u00e1rea confinada de 21 metro cuadrado, luego identifica la profundidad en metros y cent\u00edmetros.<\/p>\n<\/div>\n<\/div>\n<\/li>\n<li class=\"our-yellow lead\">\n<h3 class=\"lead\">Segundo Sistema: SISTEMA DE BUSQUEDA GEOF\u00cdSICO:<\/h3>\n<div class=\"row\">\n<div class=\"col-md-12\">\n<p class=\"my-4 black-text desc-par\">Ha este sistema se han agregado nuevas caracter\u00edsticas y una gran cantidad de tecnolog\u00eda innovadora.<br \/>\n-Escaneando todas las capas del suelo a una profundidad de 1200 metros y mostrando los resultados encontrados en la pantalla a color de alta calidad del dispositivo, que muestra la densidad del agua y su tipo (dulce &#8211; natural &#8211; salada), mostrando la profundidad inicial y final por metro y cent\u00edmetro.<br \/>\nEl dispositivo se caracteriza por ser un sistema de balance de tierra autom\u00e1tico con la finalidad de ser configurado para cualquier tipo de suelo.<br \/>\nEste dispositivo ha sido dise\u00f1ado y desarrollado para detectar agua subterr\u00e1nea.<br \/>\nEl dispositivo trabaja con todo tipo de campos asegurando as\u00ed un f\u00e1cil y eficiente alcance de objetivos para el explorador.<\/p>\n<\/div>\n<\/div>\n<p class=\"alert alert-warning black-text desc-par\"><strong>El dispositivo Fresh Result 2 Systems Plus es uno de los mejores dispositivos alemanes que cuenta con la certificaci\u00f3n Europea CE seg\u00fan especificaciones internacionales, adem\u00e1s del certificado internacional ISO 9001.<\/strong><\/p>\n<\/li>\n<\/ol>\n<\/div>\n<p><!--najeen edit video------------------start-----------------><\/p>\n<h2 style=\"text-align: center;\"><span style=\"color: #c99c00;\">DISPOSITIVO DE V\u00cdDEO<\/span><\/h2>\n<div class=\"wrapper\">\n<div class=\"youtube\" data-embed=\"wwD3r7Lq03U\" data-attrib=\"\/?rel=0&amp;autoplay=1&amp;loop=1\">\n<div class=\"play-button\"><\/div>\n<\/div>\n<\/div>\n<h2 class=\"font-weight-bold dark-grey my-4\">Especificaciones t\u00e9cnicas<\/h2>\n<div id=\"par3\" class=\"\">\n<div class=\"my-4\">\n<table class=\"table table-striped table-bordered\">\n<thead class=\"thead-dark\">\n<tr>\n<th scope=\"col\">Nombre de la especificaci\u00f3n t\u00e9cnica<\/th>\n<th scope=\"col\">Valor de especificaci\u00f3n t\u00e9cnica<\/th>\n<\/tr>\n<\/thead>\n<tbody id=\"technicalContainer\">\n<tr>\n<td>(Sistema Geof\u00edsico) Audio de Salida<\/td>\n<td>Zumbador el\u00e9ctrico \u00d8:12mm &#8211; H:9.8mm nivel de presi\u00f3n de sonido 85db at 12v\/10cm frecuencia 4.5\u00b10.5 kHz<\/td>\n<\/tr>\n<tr>\n<td>Pantalla de Cristal L\u00edquido (LCD)<\/td>\n<td>Full color 480 x 270 px (4,5 inch)<\/td>\n<\/tr>\n<tr>\n<td>Frecuencia<\/td>\n<td>2,91 kHz<\/td>\n<\/tr>\n<tr>\n<td>Velocidad de Procesamiento de Datos<\/td>\n<td>11 MHz<\/td>\n<\/tr>\n<tr>\n<td>Rango de Temperatura de Operaci\u00f3n<\/td>\n<td>De 0 C\u00b0 a 60 C\u00b0<\/td>\n<\/tr>\n<tr>\n<td>Rango de Humedad de Operaci\u00f3n<\/td>\n<td>hasta 95 % sin condensaci\u00f3n<\/td>\n<\/tr>\n<tr>\n<td>Rango de Temperatura de Almacenamiento<\/td>\n<td>De &#8211; 20C\u00b0 a 70C\u00b0<\/td>\n<\/tr>\n<tr>\n<td>Rango de Humedad de Almacenamiento<\/td>\n<td>hasta 98 % Humedad Relativa<\/td>\n<\/tr>\n<tr>\n<td>Tiempo de Operaci\u00f3n (27Wh Bater\u00eda)<\/td>\n<td>10 Horas<\/td>\n<\/tr>\n<tr>\n<td>Clasificaci\u00f3n de Impermeabilidad &#8211; Detector<\/td>\n<td>No impermeable (solo resistente a la intemperie )<\/td>\n<\/tr>\n<tr>\n<td>Longitud de Cables<\/td>\n<td>20 m<\/td>\n<\/tr>\n<tr>\n<td>Longitud de la Sonda<\/td>\n<td>42 cm<\/td>\n<\/tr>\n<tr>\n<td>Peso Total<\/td>\n<td>10850 g<\/td>\n<\/tr>\n<tr>\n<td>Peso del Dispositivo<\/td>\n<td>1250 g<\/td>\n<\/tr>\n<tr>\n<td>Peso de la Bolsa (vac\u00eda )<\/td>\n<td>3,5 kg<\/td>\n<\/tr>\n<tr>\n<td>Dimensiones de la Bolsa<\/td>\n<td>53cm x 40cm x 22.8 cm<\/td>\n<\/tr>\n<tr>\n<td>Tipo de Bater\u00eda<\/td>\n<td>Bater\u00eda recargable de iones de litio &#8211; Bater\u00eda Externa<\/td>\n<\/tr>\n<tr>\n<td>Voltaje de Salida de la Bater\u00eda<\/td>\n<td>Li-ion 10.8 VDC<\/td>\n<\/tr>\n<tr>\n<td>Capacidad de la Bater\u00eda<\/td>\n<td>Li-ion 27 Wh<\/td>\n<\/tr>\n<tr>\n<td>Tiempo de Uso de la Bater\u00eda<\/td>\n<td>10 Horas<\/td>\n<\/tr>\n<tr>\n<td>Temperatura de de Operaci\u00f3n de la Bater\u00eda<\/td>\n<td>De 0 C\u00b0 a 60 C\u00b0<\/td>\n<\/tr>\n<tr>\n<td>Temperatura de Almacenamiento de la Bater\u00eda<\/td>\n<td>De &#8211; 2C\u00b0 a 70C\u00b0<\/td>\n<\/tr>\n<tr>\n<td>Peso de la Bater\u00eda<\/td>\n<td>350 g<\/td>\n<\/tr>\n<tr>\n<td>Temperatura de Operaci\u00f3n del Cargador<\/td>\n<td>De 0 C\u00b0 a 50 C\u00b0<\/td>\n<\/tr>\n<tr>\n<td>Temperatura de Almacenamiento del Cargador<\/td>\n<td>De &#8211; 30C\u00b0 a 80C\u00b0<\/td>\n<\/tr>\n<tr>\n<td>Voltaje de Entrada del Cargador<\/td>\n<td>90 \u2192 250 VAC 50\u219260 Hz<\/td>\n<\/tr>\n<tr>\n<td>Salida del Cargador<\/td>\n<td>12.6 VDC \/ 1000 mA<\/td>\n<\/tr>\n<tr>\n<td>(SISTEMA DE LARGO ALCANCE) Salida de Audio<\/td>\n<td>zumbador el\u00e9ctrico \u00d8:12mm &#8211; H:9.8mm nivel de presi\u00f3n de sonido 85db at 12v\/10cm frecuencia 4.5\u00b10.5khz<\/td>\n<\/tr>\n<tr>\n<td>Pantalla de Cristal L\u00edquido (LCD)<\/td>\n<td>gr\u00e1ficos LCD (128&#215;64) pixel \/ 55mm x 27.22mm<\/td>\n<\/tr>\n<tr>\n<td>Longitud<\/td>\n<td>Solo dispositivo 203mm &#8211; El dispositivo con la antena de largo alcance 386mm (cerrada) &#8211; El dispositivo con la antena de largo alcance 638mm (abierta)<\/td>\n<\/tr>\n<tr>\n<td>Frecuencia<\/td>\n<td>Max 500 KHz<\/td>\n<\/tr>\n<tr>\n<td>Velocidad de Procesamiento de Datos<\/td>\n<td>20 MHz<\/td>\n<\/tr>\n<tr>\n<td>Rango de Temperatura de Operaci\u00f3n<\/td>\n<td>De 0 C\u00b0 a 60 C\u00b0<\/td>\n<\/tr>\n<tr>\n<td>Rango de Humedad de Operaci\u00f3n<\/td>\n<td>hasta 95 % sin condensaci\u00f3n<\/td>\n<\/tr>\n<tr>\n<td>Rango de Temperatura de Almacenamiento<\/td>\n<td>De &#8211; 20C\u00b0 a 70C\u00b0<\/td>\n<\/tr>\n<tr>\n<td>Rango de Humedad de Almacenamiento<\/td>\n<td>up to 98 % Humedad Relativa<\/td>\n<\/tr>\n<tr>\n<td>Tiempo de Operaci\u00f3n (7.56 Wh Bater\u00eda)<\/td>\n<td>10 Horas<\/td>\n<\/tr>\n<tr>\n<td>Clasificaci\u00f3n de Impermeabilidad &#8211; Detector<\/td>\n<td>no impermeable (solo resistente a la intemperie )<\/td>\n<\/tr>\n<tr>\n<td>Peso del Dispositivo<\/td>\n<td>550 g<\/td>\n<\/tr>\n<tr>\n<td>Tipo deBater\u00eda<\/td>\n<td>Li-ion Rechargeable Battery &#8211; internal battery<\/td>\n<\/tr>\n<tr>\n<td>Voltaje de Salida de la Bater\u00eda<\/td>\n<td>Li-ion 10.8 VDC<\/td>\n<\/tr>\n<tr>\n<td>Capacidad de la Bater\u00eda<\/td>\n<td>Li-ion 7.56 Wh<\/td>\n<\/tr>\n<tr>\n<td>Tiempo de Bater\u00eda en Uso<\/td>\n<td>10 Horas<\/td>\n<\/tr>\n<tr>\n<td>Temperatura de Operaci\u00f3n de la Bater\u00eda<\/td>\n<td>De 0 C\u00b0 a 60 C\u00b0<\/td>\n<\/tr>\n<tr>\n<td>Temperatura de Almacenamiento de la Bater\u00eda<\/td>\n<td>De &#8211; 2C\u00b0 a 70C\u00b0<\/td>\n<\/tr>\n<tr>\n<td>Battery weight<\/td>\n<td>60 g<\/td>\n<\/tr>\n<\/tbody>\n<\/table>\n<\/div>\n<\/div>\n<div id=\"par3\" class=\"\"><\/div>\n","protected":false},"excerpt":{"rendered":"<h5 style=\"color: #333333;\">The latest detector for groundwater, artesian wells, and water springs underground. Fresh result 2 systems device with two systems and the first of its kind in the world. Long-range sensing system &#8211; Geophysical search system<\/h5>\n<table style=\"font-size: 14px;\" border=\"1&quot;\" width=\"50%\" cellspacing=\"0\" cellpadding=\"5\">\n<tbody>\n<tr>\n<td style=\"border: 1px solid lightgray;\" align=\"left\" width=\"10%\"><strong>Search system<\/strong><\/td>\n<td style=\"border: 1px solid lightgray; text-align: center;\" align=\"center\" width=\"40%\">2 Search System<\/td>\n<\/tr>\n<tr>\n<td style=\"border: 1px solid lightgray;\" align=\"left\" width=\"10%\"><strong>Search depth<\/strong><\/td>\n<td style=\"border: 1px solid lightgray; text-align: center;\" align=\"center\" width=\"40%\">1200 meter<\/td>\n<\/tr>\n<tr>\n<td style=\"border: 1px solid lightgray;\" align=\"left\" width=\"10%\"><strong>Front-range<\/strong><\/td>\n<td style=\"border: 1px solid lightgray; text-align: center;\" align=\"center\" width=\"40%\">2000 meter<\/td>\n<\/tr>\n<tr>\n<td style=\"border: 1px solid lightgray;\" align=\"left\" width=\"10%\"><strong>Device weight<\/strong><\/td>\n<td style=\"border: 1px solid lightgray; text-align: center;\" align=\"center\" width=\"40%\">11 kilogram<\/td>\n<\/tr>\n<tr>\n<td style=\"border: 1px solid lightgray;\" align=\"left\" width=\"10%\"><strong>Package dimensions<\/strong><\/td>\n<td style=\"border: 1px solid lightgray; text-align: center;\" align=\"center\" width=\"40%\">530mm x 400mm x 228mm<\/td>\n<\/tr>\n<tr>\n<td style=\"border: 1px solid lightgray;\" align=\"left\" width=\"10%\"><strong>Warranty<\/strong><\/td>\n<td style=\"border: 1px solid lightgray; text-align: center;\" align=\"center\" width=\"40%\">Two (2) Year<\/td>\n<\/tr>\n<tr>\n<td style=\"border: 1px solid lightgray;\" align=\"left\" width=\"10%\"><strong>Made in<\/strong><\/td>\n<td style=\"border: 1px solid lightgray; text-align: center;\" align=\"center\" width=\"40%\">Germany<\/td>\n<\/tr>\n<\/tbody>\n<\/table>\n","protected":false},"featured_media":28728,"template":"","meta":[],"product_brand":[],"product_cat":[1969,229,1265,198],"product_tag":[],"class_list":{"0":"post-17507","1":"product","2":"type-product","3":"status-publish","4":"has-post-thumbnail","6":"product_cat-long-range-system-es","7":"product_cat-almacenar","8":"product_cat-sale-es","9":"product_cat-detectores-de-agua-subterranea","11":"first","12":"instock","13":"sale","14":"purchasable","15":"product-type-simple"},"_links":{"self":[{"href":"https:\/\/uigdetectors.com\/es\/wp-json\/wp\/v2\/product\/17507","targetHints":{"allow":["GET"]}}],"collection":[{"href":"https:\/\/uigdetectors.com\/es\/wp-json\/wp\/v2\/product"}],"about":[{"href":"https:\/\/uigdetectors.com\/es\/wp-json\/wp\/v2\/types\/product"}],"version-history":[{"count":0,"href":"https:\/\/uigdetectors.com\/es\/wp-json\/wp\/v2\/product\/17507\/revisions"}],"wp:featuredmedia":[{"embeddable":true,"href":"https:\/\/uigdetectors.com\/es\/wp-json\/wp\/v2\/media\/28728"}],"wp:attachment":[{"href":"https:\/\/uigdetectors.com\/es\/wp-json\/wp\/v2\/media?parent=17507"}],"wp:term":[{"taxonomy":"product_brand","embeddable":true,"href":"https:\/\/uigdetectors.com\/es\/wp-json\/wp\/v2\/product_brand?post=17507"},{"taxonomy":"product_cat","embeddable":true,"href":"https:\/\/uigdetectors.com\/es\/wp-json\/wp\/v2\/product_cat?post=17507"},{"taxonomy":"product_tag","embeddable":true,"href":"https:\/\/uigdetectors.com\/es\/wp-json\/wp\/v2\/product_tag?post=17507"}],"curies":[{"name":"wp","href":"https:\/\/api.w.org\/{rel}","templated":true}]}}