{"id":17515,"date":"2023-01-20T22:35:54","date_gmt":"2023-01-20T22:35:54","guid":{"rendered":"https:\/\/shop.uigdetectors.com\/?post_type=product&#038;p=17515"},"modified":"2024-02-17T22:32:00","modified_gmt":"2024-02-17T19:32:00","slug":"river-f-smart-detector-es","status":"publish","type":"product","link":"https:\/\/uigdetectors.com\/es\/producto\/river-f-smart-detector-es\/","title":{"rendered":"RIVER-F SMART Detector de aguas subterr\u00e1neas"},"content":{"rendered":"\n<h4><span style=\"color: #c99c00;\">DISPOSITIVO RIVER-F SMART<br \/>\n<\/span><\/h4>\n<div>\n<p class=\"mb-5 desc-par\">RIVER &#8211; F SMART Long-range detecting underground water, artesian wells, and underground springs with its all-new design and the first of its kind worldwide.<br \/>\nThe device has been completely developed into the RIVER &#8211; F SMART with the addition of more systems and properties with new professional technologies in detecting water sites and sources and their depths with high accuracy and ease.<\/p>\n<\/div>\n<h2 class=\"font-weight-bold dark-grey my-4 systemCheckCount\">System<\/h2>\n<div id=\"par2\" class=\"\">\n<ol id=\"systemsContainer\">\n<li class=\"our-yellow lead\">\n<h3 class=\"lead\">RIVER &#8211; F SMART multi-properties device<\/h3>\n<div class=\"row\">\n<div class=\"col-md-12\">\n<p class=\"my-4 black-text desc-par\">It integrates three different research systems:<br \/>\n1- Freshwater search system.<br \/>\n2- Salty water search system.<br \/>\n3- A system for determining the water depth by meter, and centimeter easily and with high accuracy.<br \/>\nA super speed in detecting water sources and determining their locations accurately.<br \/>\nRIVER F groundwater detection device is also characterized by several functions:<br \/>\nThe search depth of the RIVER &#8211; F SMART device reaches 500 meters in the ground and a forward range of 3000 meters.<br \/>\nThe RIVER-F SMART has been developed to make it easier to operate in all kinds of terrain and in the most difficult weather conditions.<br \/>\nThe RIVER &#8211; F SMART device has the ability to penetrate the layers of the earth to great depths that are difficult for many devices to reach.<\/p>\n<\/div>\n<\/div>\n<p class=\"alert alert-warning black-text desc-par\"><strong>The RIVER &#8211; F SMART device is one of the best German industries. It holds the European CE certificate according to international specifications, in addition to the international ISO 9001 certificate according to international specifications and standards.<\/strong><\/p>\n<\/li>\n<\/ol>\n<\/div>\n<p><!--najeen edit video------------------start-----------------><\/p>\n<h2 style=\"text-align: center;\"><span style=\"color: #c99c00;\">DISPOSITIVO DE V\u00cdDEO<\/span><\/h2>\n<div class=\"wrapper\">\n<div class=\"youtube\" data-embed=\"kAHp6H8xT7w\" data-attrib=\"\/?rel=0&amp;autoplay=1&amp;loop=1\">\n<div class=\"play-button\"><\/div>\n<\/div>\n<\/div>\n<h2 class=\"font-weight-bold dark-grey my-4\">Especificaciones t\u00e9cnicas<\/h2>\n<div id=\"par3\" class=\"\">\n<div class=\"my-4\">\n<table class=\"table table-striped table-bordered\">\n<thead class=\"thead-dark\">\n<tr>\n<th scope=\"col\">Nombre de la especificaci\u00f3n t\u00e9cnica<\/th>\n<th scope=\"col\">Valor de especificaci\u00f3n t\u00e9cnica<\/th>\n<\/tr>\n<\/thead>\n<tbody id=\"technicalContainer\">\n<tr>\n<td>Salida de Audio<\/td>\n<td>Zumbido el\u00e9ctrico \u00d8:12mm &#8211; H:9.8mm nivel de presi\u00f3n del sonido 85db at 12v\/10cm frecuencia 4.5\u00b10.5 kHz<\/td>\n<\/tr>\n<tr>\n<td>Pantalla L\u00edquida de Cristal (LCD)<\/td>\n<td>full-color 98mm x 57mm \/ 480&#215;270 px<\/td>\n<\/tr>\n<tr>\n<td>Longitud<\/td>\n<td>Dispositivo: 170 mm &#8211; Dispositivo con el sensor de largo alcance 310mm<\/td>\n<\/tr>\n<tr>\n<td>Frecuencia<\/td>\n<td>Max 500 KHz<\/td>\n<\/tr>\n<tr>\n<td>Velocidad de Procesamiento de Datos<\/td>\n<td>8 MHz<\/td>\n<\/tr>\n<tr>\n<td>Rango de Temperatura de Operaci\u00f3n<\/td>\n<td>De 0 \u00b0 C a 70 \u00b0 C<\/td>\n<\/tr>\n<tr>\n<td>Rango de Humedad de Operaci\u00f3n<\/td>\n<td>hasta 95 % sin condensaci\u00f3n<\/td>\n<\/tr>\n<tr>\n<td>Rango de Temperatura de Almacenamiento<\/td>\n<td>De &#8211; 20C\u00b0 a 70C\u00b0<\/td>\n<\/tr>\n<tr>\n<td>Rango de Humedad de Almacenamiento<\/td>\n<td>hasta 98 % Humedad Relativa<\/td>\n<\/tr>\n<tr>\n<td>Tiempo de OPeraci\u00f3n (27 W Bater\u00eda)<\/td>\n<td>10 Horas<\/td>\n<\/tr>\n<tr>\n<td>Clasificaci\u00f3n de Impermeabilidad &#8211; Detector<\/td>\n<td>No impermeable (solo resistente a la intemperie )<\/td>\n<\/tr>\n<tr>\n<td>M\u00f3dulo de Br\u00fajula<\/td>\n<td>GY-282<\/td>\n<\/tr>\n<tr>\n<td>Peso Total<\/td>\n<td>4950 g<\/td>\n<\/tr>\n<tr>\n<td>Peso del Dispositivo<\/td>\n<td>500 g<\/td>\n<\/tr>\n<tr>\n<td>Peso de la Bolsa (vac\u00eda )<\/td>\n<td>3.5 kg<\/td>\n<\/tr>\n<tr>\n<td>Dimensiones de la Bolsa<\/td>\n<td>53cm x 40cm x 22.8 cm<\/td>\n<\/tr>\n<tr>\n<td>Tipo deBater\u00eda<\/td>\n<td>Bater\u00eda recargable de iones de litio &#8211; Bater\u00eda externa<\/td>\n<\/tr>\n<tr>\n<td>Voltaje de Salida de la Bater\u00eda<\/td>\n<td>Li-ion 10.8 VDC<\/td>\n<\/tr>\n<tr>\n<td>Capacidad de la Bater\u00eda<\/td>\n<td>Li-ion 27 Wh<\/td>\n<\/tr>\n<tr>\n<td>Tiempo de Uso de la Bater\u00eda<\/td>\n<td>10 Horas<\/td>\n<\/tr>\n<tr>\n<td>Temperatura de Uso de la Bater\u00eda<\/td>\n<td>De 0 \u00b0 C a 60 \u00b0 C<\/td>\n<\/tr>\n<tr>\n<td>Temperatura de Almacenamiento de la Bater\u00eda<\/td>\n<td>De &#8211; 2C\u00b0 a 70C\u00b0<\/td>\n<\/tr>\n<tr>\n<td>Peso de la Bater\u00eda<\/td>\n<td>350 g<\/td>\n<\/tr>\n<tr>\n<td>Temperatura de Operaci\u00f3n del Cargador<\/td>\n<td>0 \u00b0 C to 50 \u00b0 C<\/td>\n<\/tr>\n<tr>\n<td>Temperatura de Almacenamiento del Cargador<\/td>\n<td>-De 30C\u00b0 a 80C\u00b0<\/td>\n<\/tr>\n<tr>\n<td>Voltaje de Entrada del Cargador<\/td>\n<td>90 \u2192 250 VAC 50\u219260 Hz<\/td>\n<\/tr>\n<tr>\n<td>Salida del Cargador<\/td>\n<td>12.6 VDC \/ 1000 mA<\/td>\n<\/tr>\n<\/tbody>\n<\/table>\n<\/div>\n<\/div>\n<div id=\"par3\" class=\"\"><\/div>\n","protected":false},"excerpt":{"rendered":"<h4><span style=\"color: #c99c00;\">New Long range underground water finder \u2013 RIVER \u2013 F SMART 3 systems device<\/span><\/h4>\n","protected":false},"featured_media":28755,"template":"","meta":[],"product_brand":[],"product_cat":[1265,1969,229,198],"product_tag":[],"class_list":{"0":"post-17515","1":"product","2":"type-product","3":"status-publish","4":"has-post-thumbnail","6":"product_cat-sale-es","7":"product_cat-long-range-system-es","8":"product_cat-almacenar","9":"product_cat-detectores-de-agua-subterranea","11":"first","12":"instock","13":"sale","14":"purchasable","15":"product-type-simple"},"_links":{"self":[{"href":"https:\/\/uigdetectors.com\/es\/wp-json\/wp\/v2\/product\/17515","targetHints":{"allow":["GET"]}}],"collection":[{"href":"https:\/\/uigdetectors.com\/es\/wp-json\/wp\/v2\/product"}],"about":[{"href":"https:\/\/uigdetectors.com\/es\/wp-json\/wp\/v2\/types\/product"}],"version-history":[{"count":0,"href":"https:\/\/uigdetectors.com\/es\/wp-json\/wp\/v2\/product\/17515\/revisions"}],"wp:featuredmedia":[{"embeddable":true,"href":"https:\/\/uigdetectors.com\/es\/wp-json\/wp\/v2\/media\/28755"}],"wp:attachment":[{"href":"https:\/\/uigdetectors.com\/es\/wp-json\/wp\/v2\/media?parent=17515"}],"wp:term":[{"taxonomy":"product_brand","embeddable":true,"href":"https:\/\/uigdetectors.com\/es\/wp-json\/wp\/v2\/product_brand?post=17515"},{"taxonomy":"product_cat","embeddable":true,"href":"https:\/\/uigdetectors.com\/es\/wp-json\/wp\/v2\/product_cat?post=17515"},{"taxonomy":"product_tag","embeddable":true,"href":"https:\/\/uigdetectors.com\/es\/wp-json\/wp\/v2\/product_tag?post=17515"}],"curies":[{"name":"wp","href":"https:\/\/api.w.org\/{rel}","templated":true}]}}