{"id":39777,"date":"2025-04-17T18:26:02","date_gmt":"2025-04-17T15:26:02","guid":{"rendered":"https:\/\/uigdetectors.com\/?post_type=product&#038;p=39777"},"modified":"2025-10-28T13:37:58","modified_gmt":"2025-10-28T10:37:58","slug":"detector-treasure-way","status":"publish","type":"product","link":"https:\/\/uigdetectors.com\/es\/producto\/detector-treasure-way\/","title":{"rendered":"Detector Treasure Way"},"content":{"rendered":"\t\t<div data-elementor-type=\"product-post\" data-elementor-id=\"39777\" class=\"elementor elementor-39777 elementor-37076\" data-elementor-post-type=\"product\">\n\t\t\t\t<div class=\"wd-negative-gap elementor-element elementor-element-28aa795 e-flex e-con-boxed e-con e-parent\" data-id=\"28aa795\" data-element_type=\"container\" data-e-type=\"container\">\n\t\t\t\t\t<div class=\"e-con-inner\">\n\t\t\t\t<div class=\"elementor-element elementor-element-23c3de2 elementor-widget elementor-widget-video\" data-id=\"23c3de2\" data-element_type=\"widget\" data-e-type=\"widget\" data-settings=\"{&quot;youtube_url&quot;:&quot;https:\\\/\\\/youtu.be\\\/D7g9qgJOWyg&quot;,&quot;video_type&quot;:&quot;youtube&quot;}\" data-widget_type=\"video.default\">\n\t\t\t\t\t\t\t<div class=\"elementor-wrapper elementor-open-inline\">\n\t\t\t<div class=\"elementor-video\"><\/div>\t\t<\/div>\n\t\t\t\t\t\t<\/div>\n\t\t\t\t<div class=\"elementor-element elementor-element-6d73029 color-scheme-inherit text-left elementor-widget elementor-widget-text-editor\" data-id=\"6d73029\" data-element_type=\"widget\" data-e-type=\"widget\" data-widget_type=\"text-editor.default\">\n\t\t\t\t\t\t\t\t\t<h4 class=\"p1\">El dispositivo Treasure Way est\u00e1 equipado con un avanzado sistema de inducci\u00f3n por pulso, dise\u00f1ado espec\u00edficamente para ignorar objetivos peque\u00f1os e impurezas del suelo, concentr\u00e1ndose en objetos grandes y profundamente enterrados, como tesoros antiguos, reliquias y artefactos valiosos. Este sistema tambi\u00e9n cuenta con capacidades de detecci\u00f3n de metales preciosos y no preciosos.<\/h4><h4 class=\"p1\">Adem\u00e1s, incorpora tecnolog\u00eda de balance de suelo para eliminar los efectos de la interferencia de minerales, mejorando as\u00ed la precisi\u00f3n de detecci\u00f3n del dispositivo.<\/h4><h4 class=\"p1\">El Treasure Way funciona con tres sistemas de b\u00fasqueda diferentes integrados en un \u00fanico dispositivo.<\/h4><h3><img decoding=\"async\" class=\"aligncenter\" src=\"https:\/\/uigdetectors.com\/wp-content\/uploads\/2025\/04\/Treasure-Way-Metal-Detector6.webp\" alt=\"\" width=\"614\" height=\"284\" \/><\/h3><ol start=\"1\"><li><h4 class=\"p1\">Sistema de detecci\u00f3n de metales mediante tecnolog\u00eda de inducci\u00f3n por pulso.<\/h4><\/li><li><h4 class=\"p1\">Sistema de detecci\u00f3n de huecos, cuevas y tumbas arqueol\u00f3gicas, tambi\u00e9n basado en inducci\u00f3n por pulso.<\/h4><\/li><li><h4 class=\"p1\">Sistema de medici\u00f3n de profundidad, que proporciona lecturas en cent\u00edmetros.<\/h4><\/li><\/ol><h4 class=\"p3\">El dispositivo Treasure Way es capaz de detectar objetivos antiguos profundamente enterrados a profundidades de hasta 4 metros o m\u00e1s bajo tierra.<\/h4><h4 class=\"p3\">Treasure Way est\u00e1 orgullosamente dise\u00f1ado y fabricado en Alemania, cuenta con la marca CE europea en cumplimiento con las normas internacionales y posee la certificaci\u00f3n de calidad internacional ISO 9001.<\/h4><h4 class=\"p3\">Dise\u00f1ado para un rendimiento \u00f3ptimo en todas las regiones y terrenos, el Treasure Way es un compa\u00f1ero vers\u00e1til y fiable para los cazadores de tesoros de todo el mundo.<\/h4><p><img decoding=\"async\" src=\"https:\/\/uigdetectors.com\/wp-content\/uploads\/2025\/04\/Treasure-way-metal-detector-2.webp\" alt=\"\" width=\"1600\" height=\"1067\" \/><\/p><h4 class=\"p1\">\u201cEl verdadero viaje del descubrimiento no consiste en buscar nuevas tierras, sino en ver con nuevos ojos.\u201d<\/h4><h4 class=\"p1\">Les deseamos gran \u00e9xito en sus aventuras de exploraci\u00f3n.<\/h4>\t\t\t\t\t\t\t\t<\/div>\n\t\t<div class=\"elementor-element elementor-element-fdc5abb e-con-full e-flex e-con e-child\" data-id=\"fdc5abb\" data-element_type=\"container\" data-e-type=\"container\">\n\t\t\t\t<div class=\"elementor-element elementor-element-d7b5037 elementor-widget elementor-widget-heading\" data-id=\"d7b5037\" data-element_type=\"widget\" data-e-type=\"widget\" data-widget_type=\"heading.default\">\n\t\t\t\t\t<h4 class=\"elementor-heading-title elementor-size-default\">Este dispositivo admite seis idiomas:<\/h4>\t\t\t\t<\/div>\n\t\t<div class=\"elementor-element elementor-element-e9571b8 e-con-full e-flex e-con e-child\" data-id=\"e9571b8\" data-element_type=\"container\" data-e-type=\"container\">\n\t\t\t\t<div class=\"elementor-element elementor-element-5aa094c elementor-widget-mobile__width-initial elementor-position-top elementor-widget elementor-widget-image-box\" data-id=\"5aa094c\" data-element_type=\"widget\" data-e-type=\"widget\" data-widget_type=\"image-box.default\">\n\t\t\t\t\t<div class=\"elementor-image-box-wrapper\"><figure class=\"elementor-image-box-img\"><img decoding=\"async\" src=\"https:\/\/uigdetectors.com\/wp-content\/uploads\/elementor\/thumbs\/Flag-of-Saudi-Arabia-r4rr5x03fn334lsm9wnt3h0un8zf4rw3hoyrjlllro.webp\" title=\"Flag of Saudi Arabia\" alt=\"Flag of Saudi Arabia\" loading=\"lazy\" \/><\/figure><div class=\"elementor-image-box-content\"><h3 class=\"elementor-image-box-title\">Arabic<\/h3><\/div><\/div>\t\t\t\t<\/div>\n\t\t\t\t<div class=\"elementor-element elementor-element-410059e elementor-widget-mobile__width-initial elementor-position-top elementor-widget elementor-widget-image-box\" data-id=\"410059e\" data-element_type=\"widget\" data-e-type=\"widget\" data-widget_type=\"image-box.default\">\n\t\t\t\t\t<div class=\"elementor-image-box-wrapper\"><figure class=\"elementor-image-box-img\"><img decoding=\"async\" src=\"https:\/\/uigdetectors.com\/wp-content\/uploads\/elementor\/thumbs\/Flag-of-the-United-States-1-r4rr5xxxmh4dg7r94f2fnysb8muscgztttm90vk7lg.webp\" title=\"Flag of the United States 1\" alt=\"Flag of the United States 1\" loading=\"lazy\" \/><\/figure><div class=\"elementor-image-box-content\"><h3 class=\"elementor-image-box-title\">English<\/h3><\/div><\/div>\t\t\t\t<\/div>\n\t\t\t\t<div class=\"elementor-element elementor-element-477dacb elementor-widget-mobile__width-initial elementor-position-top elementor-widget elementor-widget-image-box\" data-id=\"477dacb\" data-element_type=\"widget\" data-e-type=\"widget\" data-widget_type=\"image-box.default\">\n\t\t\t\t\t<div class=\"elementor-image-box-wrapper\"><figure class=\"elementor-image-box-img\"><img decoding=\"async\" src=\"https:\/\/uigdetectors.com\/wp-content\/uploads\/elementor\/thumbs\/Flag-of-Germany-r4rr5yvrtb5nrtpvyxh28gjru0q5k63k5y9qi5itf8.webp\" title=\"Flag of Germany\" alt=\"Flag of Germany\" loading=\"lazy\" \/><\/figure><div class=\"elementor-image-box-content\"><h3 class=\"elementor-image-box-title\">German<\/h3><\/div><\/div>\t\t\t\t<\/div>\n\t\t\t\t<div class=\"elementor-element elementor-element-13277c2 elementor-widget-mobile__width-initial elementor-position-top elementor-widget elementor-widget-image-box\" data-id=\"13277c2\" data-element_type=\"widget\" data-e-type=\"widget\" data-widget_type=\"image-box.default\">\n\t\t\t\t\t<div class=\"elementor-image-box-wrapper\"><figure class=\"elementor-image-box-img\"><img decoding=\"async\" src=\"https:\/\/uigdetectors.com\/wp-content\/uploads\/elementor\/thumbs\/Flag-of-Spain-r4rr5ztm056y3foitfvosyb8felirv7ai2x7zfhf90.webp\" title=\"Flag of Spain\" alt=\"Flag of Spain\" loading=\"lazy\" \/><\/figure><div class=\"elementor-image-box-content\"><h3 class=\"elementor-image-box-title\">Spanish<\/h3><\/div><\/div>\t\t\t\t<\/div>\n\t\t\t\t<div class=\"elementor-element elementor-element-9a5fdd9 elementor-widget-mobile__width-initial elementor-position-top elementor-widget elementor-widget-image-box\" data-id=\"9a5fdd9\" data-element_type=\"widget\" data-e-type=\"widget\" data-widget_type=\"image-box.default\">\n\t\t\t\t\t<div class=\"elementor-image-box-wrapper\"><figure class=\"elementor-image-box-img\"><img decoding=\"async\" src=\"https:\/\/uigdetectors.com\/wp-content\/uploads\/elementor\/thumbs\/Flag-of-France-r4rr60rg6z88f1n5nyabdg2p0sgvzkb0u7kpgpg12s.webp\" title=\"Flag of France\" alt=\"Flag of France\" loading=\"lazy\" \/><\/figure><div class=\"elementor-image-box-content\"><h3 class=\"elementor-image-box-title\">French<\/h3><\/div><\/div>\t\t\t\t<\/div>\n\t\t\t\t<div class=\"elementor-element elementor-element-f268f8f elementor-widget-mobile__width-initial elementor-position-top elementor-widget elementor-widget-image-box\" data-id=\"f268f8f\" data-element_type=\"widget\" data-e-type=\"widget\" data-widget_type=\"image-box.default\">\n\t\t\t\t\t<div class=\"elementor-image-box-wrapper\"><figure class=\"elementor-image-box-img\"><img decoding=\"async\" src=\"https:\/\/uigdetectors.com\/wp-content\/uploads\/elementor\/thumbs\/flag-of-iran-r4rr61padt9iqnlsigoxxxu5m6c979er6c86xzemwk.webp\" title=\"flag of iran\" alt=\"flag of iran\" loading=\"lazy\" \/><\/figure><div class=\"elementor-image-box-content\"><h3 class=\"elementor-image-box-title\">Persian<\/h3><\/div><\/div>\t\t\t\t<\/div>\n\t\t\t\t<\/div>\n\t\t\t\t<\/div>\n\t\t\t\t<div class=\"elementor-element elementor-element-0d9d53a wd-width-100 elementor-widget elementor-widget-wd_images_gallery\" data-id=\"0d9d53a\" data-element_type=\"widget\" data-e-type=\"widget\" data-widget_type=\"wd_images_gallery.default\">\n\t\t\t\t<div class=\"elementor-widget-container\">\n\t\t\t\t\t\t\t<div class=\"wd-images-gallery photoswipe-images wd-carousel-container\" style=\"--wd-align-items:center; --wd-justify-content:center;\">\n\t\t\t\t\t\t\t<div class=\"wd-carousel-inner\">\n\t\t\t\t\t\t<div class=\"wd-carousel wd-grid\" data-speed=\"3000\" data-wrap=\"yes\" data-autoplay=\"yes\" data-autoheight=\"yes\" data-scroll_per_page=\"yes\" style=\"--wd-col-lg:3;--wd-col-md:3;--wd-col-sm:1;--wd-gap-lg:20px;--wd-gap-sm:10px;\">\n\t\t\t\t\t\t\t\t\t<div class=\"wd-carousel-wrap\">\n\t\t\t\t\t\t\t\t\t\t\t\t\t\t\t\t\t\t<div class=\"wd-gallery-item wd-carousel-item\">\n\t\t\t\t\t\t\t\t\t\t\t\t\t<a  href=\"https:\/\/uigdetectors.com\/wp-content\/uploads\/2025\/10\/Treasure-Way-1-min.jpg\" data-width=\"2000\" data-height=\"2000\" data-index=\"1\" data-elementor-open-lightbox=\"no\">\n\t\t\t\t\t\t\n\t\t\t\t\t\t<img decoding=\"async\" width=\"800\" height=\"800\" src=\"https:\/\/uigdetectors.com\/wp-content\/uploads\/2025\/10\/Treasure-Way-1-min-800x800.jpg\" class=\"attachment-large size-large\" alt=\"Treasure Way 1 min\" srcset=\"https:\/\/uigdetectors.com\/wp-content\/uploads\/2025\/10\/Treasure-Way-1-min-800x800.jpg 800w, https:\/\/uigdetectors.com\/wp-content\/uploads\/2025\/10\/Treasure-Way-1-min-300x300.jpg 300w, https:\/\/uigdetectors.com\/wp-content\/uploads\/2025\/10\/Treasure-Way-1-min-150x150.jpg 150w, https:\/\/uigdetectors.com\/wp-content\/uploads\/2025\/10\/Treasure-Way-1-min-768x768.jpg 768w, https:\/\/uigdetectors.com\/wp-content\/uploads\/2025\/10\/Treasure-Way-1-min-1536x1536.jpg 1536w, https:\/\/uigdetectors.com\/wp-content\/uploads\/2025\/10\/Treasure-Way-1-min-430x430.jpg 430w, https:\/\/uigdetectors.com\/wp-content\/uploads\/2025\/10\/Treasure-Way-1-min-700x700.jpg 700w, https:\/\/uigdetectors.com\/wp-content\/uploads\/2025\/10\/Treasure-Way-1-min.jpg 2000w\" sizes=\"(max-width: 800px) 100vw, 800px\" \/>\n\t\t\t\t\t\t\t\t\t\t\t\t\t<\/a>\n\t\t\t\t\t\t\t\t\t\t\t<\/div>\n\t\t\t\t\t\t\t\t\t\t\t\t\t\t\t<div class=\"wd-gallery-item wd-carousel-item\">\n\t\t\t\t\t\t\t\t\t\t\t\t\t<a  href=\"https:\/\/uigdetectors.com\/wp-content\/uploads\/2025\/10\/Treasure-Way-2-min.jpg\" data-width=\"2000\" data-height=\"2000\" data-index=\"2\" data-elementor-open-lightbox=\"no\">\n\t\t\t\t\t\t\n\t\t\t\t\t\t<img decoding=\"async\" width=\"800\" height=\"800\" src=\"https:\/\/uigdetectors.com\/wp-content\/uploads\/2025\/10\/Treasure-Way-2-min-800x800.jpg\" class=\"attachment-large size-large\" alt=\"Treasure Way 2 min\" srcset=\"https:\/\/uigdetectors.com\/wp-content\/uploads\/2025\/10\/Treasure-Way-2-min-800x800.jpg 800w, https:\/\/uigdetectors.com\/wp-content\/uploads\/2025\/10\/Treasure-Way-2-min-300x300.jpg 300w, https:\/\/uigdetectors.com\/wp-content\/uploads\/2025\/10\/Treasure-Way-2-min-150x150.jpg 150w, https:\/\/uigdetectors.com\/wp-content\/uploads\/2025\/10\/Treasure-Way-2-min-768x768.jpg 768w, https:\/\/uigdetectors.com\/wp-content\/uploads\/2025\/10\/Treasure-Way-2-min-1536x1536.jpg 1536w, https:\/\/uigdetectors.com\/wp-content\/uploads\/2025\/10\/Treasure-Way-2-min-430x430.jpg 430w, https:\/\/uigdetectors.com\/wp-content\/uploads\/2025\/10\/Treasure-Way-2-min-700x700.jpg 700w, https:\/\/uigdetectors.com\/wp-content\/uploads\/2025\/10\/Treasure-Way-2-min.jpg 2000w\" sizes=\"(max-width: 800px) 100vw, 800px\" \/>\n\t\t\t\t\t\t\t\t\t\t\t\t\t<\/a>\n\t\t\t\t\t\t\t\t\t\t\t<\/div>\n\t\t\t\t\t\t\t\t\t\t\t\t\t\t\t\t\t\t\t\t<div class=\"wd-gallery-item wd-carousel-item\">\n\t\t\t\t\t\t\t\t\t\t\t\t\t<a  href=\"https:\/\/uigdetectors.com\/wp-content\/uploads\/2025\/10\/Treasure-Way-4-min.jpg\" data-width=\"2000\" data-height=\"2000\" data-index=\"4\" data-elementor-open-lightbox=\"no\">\n\t\t\t\t\t\t\n\t\t\t\t\t\t<img decoding=\"async\" width=\"800\" height=\"800\" src=\"https:\/\/uigdetectors.com\/wp-content\/uploads\/2025\/10\/Treasure-Way-4-min-800x800.jpg\" class=\"attachment-large size-large\" alt=\"Treasure Way 4 min\" srcset=\"https:\/\/uigdetectors.com\/wp-content\/uploads\/2025\/10\/Treasure-Way-4-min-800x800.jpg 800w, https:\/\/uigdetectors.com\/wp-content\/uploads\/2025\/10\/Treasure-Way-4-min-300x300.jpg 300w, https:\/\/uigdetectors.com\/wp-content\/uploads\/2025\/10\/Treasure-Way-4-min-150x150.jpg 150w, https:\/\/uigdetectors.com\/wp-content\/uploads\/2025\/10\/Treasure-Way-4-min-768x768.jpg 768w, https:\/\/uigdetectors.com\/wp-content\/uploads\/2025\/10\/Treasure-Way-4-min-1536x1536.jpg 1536w, https:\/\/uigdetectors.com\/wp-content\/uploads\/2025\/10\/Treasure-Way-4-min-430x430.jpg 430w, https:\/\/uigdetectors.com\/wp-content\/uploads\/2025\/10\/Treasure-Way-4-min-700x700.jpg 700w, https:\/\/uigdetectors.com\/wp-content\/uploads\/2025\/10\/Treasure-Way-4-min.jpg 2000w\" sizes=\"(max-width: 800px) 100vw, 800px\" \/>\n\t\t\t\t\t\t\t\t\t\t\t\t\t<\/a>\n\t\t\t\t\t\t\t\t\t\t\t<\/div>\n\t\t\t\t\t\t\t\t\t\t\t\t\t\t\t<div class=\"wd-gallery-item wd-carousel-item\">\n\t\t\t\t\t\t\t\t\t\t\t\t\t<a  href=\"https:\/\/uigdetectors.com\/wp-content\/uploads\/2025\/10\/Treasure-Way-5-min.jpg\" data-width=\"2000\" data-height=\"2000\" data-index=\"5\" data-elementor-open-lightbox=\"no\">\n\t\t\t\t\t\t\n\t\t\t\t\t\t<img decoding=\"async\" width=\"800\" height=\"800\" src=\"https:\/\/uigdetectors.com\/wp-content\/uploads\/2025\/10\/Treasure-Way-5-min-800x800.jpg\" class=\"attachment-large size-large\" alt=\"Treasure Way 5 min\" srcset=\"https:\/\/uigdetectors.com\/wp-content\/uploads\/2025\/10\/Treasure-Way-5-min-800x800.jpg 800w, https:\/\/uigdetectors.com\/wp-content\/uploads\/2025\/10\/Treasure-Way-5-min-300x300.jpg 300w, https:\/\/uigdetectors.com\/wp-content\/uploads\/2025\/10\/Treasure-Way-5-min-150x150.jpg 150w, https:\/\/uigdetectors.com\/wp-content\/uploads\/2025\/10\/Treasure-Way-5-min-768x768.jpg 768w, https:\/\/uigdetectors.com\/wp-content\/uploads\/2025\/10\/Treasure-Way-5-min-1536x1536.jpg 1536w, https:\/\/uigdetectors.com\/wp-content\/uploads\/2025\/10\/Treasure-Way-5-min-430x430.jpg 430w, https:\/\/uigdetectors.com\/wp-content\/uploads\/2025\/10\/Treasure-Way-5-min-700x700.jpg 700w, https:\/\/uigdetectors.com\/wp-content\/uploads\/2025\/10\/Treasure-Way-5-min.jpg 2000w\" sizes=\"(max-width: 800px) 100vw, 800px\" \/>\n\t\t\t\t\t\t\t\t\t\t\t\t\t<\/a>\n\t\t\t\t\t\t\t\t\t\t\t<\/div>\n\t\t\t\t\t\t\t\t\t\t\t\t\t\t\t<div class=\"wd-gallery-item wd-carousel-item\">\n\t\t\t\t\t\t\t\t\t\t\t\t\t<a  href=\"https:\/\/uigdetectors.com\/wp-content\/uploads\/2025\/10\/Treasure-Way-6-min.jpg\" data-width=\"2000\" data-height=\"2000\" data-index=\"6\" data-elementor-open-lightbox=\"no\">\n\t\t\t\t\t\t\n\t\t\t\t\t\t<img decoding=\"async\" width=\"800\" height=\"800\" src=\"https:\/\/uigdetectors.com\/wp-content\/uploads\/2025\/10\/Treasure-Way-6-min-800x800.jpg\" class=\"attachment-large size-large\" alt=\"Treasure Way 6 min\" srcset=\"https:\/\/uigdetectors.com\/wp-content\/uploads\/2025\/10\/Treasure-Way-6-min-800x800.jpg 800w, https:\/\/uigdetectors.com\/wp-content\/uploads\/2025\/10\/Treasure-Way-6-min-300x300.jpg 300w, https:\/\/uigdetectors.com\/wp-content\/uploads\/2025\/10\/Treasure-Way-6-min-150x150.jpg 150w, https:\/\/uigdetectors.com\/wp-content\/uploads\/2025\/10\/Treasure-Way-6-min-768x768.jpg 768w, https:\/\/uigdetectors.com\/wp-content\/uploads\/2025\/10\/Treasure-Way-6-min-1536x1536.jpg 1536w, https:\/\/uigdetectors.com\/wp-content\/uploads\/2025\/10\/Treasure-Way-6-min-430x430.jpg 430w, https:\/\/uigdetectors.com\/wp-content\/uploads\/2025\/10\/Treasure-Way-6-min-700x700.jpg 700w, https:\/\/uigdetectors.com\/wp-content\/uploads\/2025\/10\/Treasure-Way-6-min.jpg 2000w\" sizes=\"(max-width: 800px) 100vw, 800px\" \/>\n\t\t\t\t\t\t\t\t\t\t\t\t\t<\/a>\n\t\t\t\t\t\t\t\t\t\t\t<\/div>\n\t\t\t\t\t\t\t\t\t\t\t\t\t\t\t<div class=\"wd-gallery-item wd-carousel-item\">\n\t\t\t\t\t\t\t\t\t\t\t\t\t<a  href=\"https:\/\/uigdetectors.com\/wp-content\/uploads\/2025\/10\/Treasure-Way-8-min.jpg\" data-width=\"2000\" data-height=\"2000\" data-index=\"7\" data-elementor-open-lightbox=\"no\">\n\t\t\t\t\t\t\n\t\t\t\t\t\t<img decoding=\"async\" width=\"800\" height=\"800\" src=\"https:\/\/uigdetectors.com\/wp-content\/uploads\/2025\/10\/Treasure-Way-8-min-800x800.jpg\" class=\"attachment-large size-large\" alt=\"Treasure Way 8 min\" srcset=\"https:\/\/uigdetectors.com\/wp-content\/uploads\/2025\/10\/Treasure-Way-8-min-800x800.jpg 800w, https:\/\/uigdetectors.com\/wp-content\/uploads\/2025\/10\/Treasure-Way-8-min-300x300.jpg 300w, https:\/\/uigdetectors.com\/wp-content\/uploads\/2025\/10\/Treasure-Way-8-min-150x150.jpg 150w, https:\/\/uigdetectors.com\/wp-content\/uploads\/2025\/10\/Treasure-Way-8-min-768x768.jpg 768w, https:\/\/uigdetectors.com\/wp-content\/uploads\/2025\/10\/Treasure-Way-8-min-1536x1536.jpg 1536w, https:\/\/uigdetectors.com\/wp-content\/uploads\/2025\/10\/Treasure-Way-8-min-430x430.jpg 430w, https:\/\/uigdetectors.com\/wp-content\/uploads\/2025\/10\/Treasure-Way-8-min-700x700.jpg 700w, https:\/\/uigdetectors.com\/wp-content\/uploads\/2025\/10\/Treasure-Way-8-min.jpg 2000w\" sizes=\"(max-width: 800px) 100vw, 800px\" \/>\n\t\t\t\t\t\t\t\t\t\t\t\t\t<\/a>\n\t\t\t\t\t\t\t\t\t\t\t<\/div>\n\t\t\t\t\t\t\t\t\t\t\t\t\t\t\t<div class=\"wd-gallery-item wd-carousel-item\">\n\t\t\t\t\t\t\t\t\t\t\t\t\t<a  href=\"https:\/\/uigdetectors.com\/wp-content\/uploads\/2025\/10\/Treasure-Way-7-min.jpg\" data-width=\"2000\" data-height=\"2000\" data-index=\"8\" data-elementor-open-lightbox=\"no\">\n\t\t\t\t\t\t\n\t\t\t\t\t\t<img decoding=\"async\" width=\"800\" height=\"800\" src=\"https:\/\/uigdetectors.com\/wp-content\/uploads\/2025\/10\/Treasure-Way-7-min-800x800.jpg\" class=\"attachment-large size-large\" alt=\"Treasure Way 7 min\" srcset=\"https:\/\/uigdetectors.com\/wp-content\/uploads\/2025\/10\/Treasure-Way-7-min-800x800.jpg 800w, https:\/\/uigdetectors.com\/wp-content\/uploads\/2025\/10\/Treasure-Way-7-min-300x300.jpg 300w, https:\/\/uigdetectors.com\/wp-content\/uploads\/2025\/10\/Treasure-Way-7-min-150x150.jpg 150w, https:\/\/uigdetectors.com\/wp-content\/uploads\/2025\/10\/Treasure-Way-7-min-768x768.jpg 768w, https:\/\/uigdetectors.com\/wp-content\/uploads\/2025\/10\/Treasure-Way-7-min-1536x1536.jpg 1536w, https:\/\/uigdetectors.com\/wp-content\/uploads\/2025\/10\/Treasure-Way-7-min-430x430.jpg 430w, https:\/\/uigdetectors.com\/wp-content\/uploads\/2025\/10\/Treasure-Way-7-min-700x700.jpg 700w, https:\/\/uigdetectors.com\/wp-content\/uploads\/2025\/10\/Treasure-Way-7-min.jpg 2000w\" sizes=\"(max-width: 800px) 100vw, 800px\" \/>\n\t\t\t\t\t\t\t\t\t\t\t\t\t<\/a>\n\t\t\t\t\t\t\t\t\t\t\t<\/div>\n\t\t\t\t\t\t\t\t\t\t\t\t\t\t\t\t<\/div>\n\t\t\t\t\t\t\t\t<\/div>\n\t\t\t\t\t\t\t\t\t\t\t\t\t\t<div class=\"wd-nav-arrows wd-pos-sep wd-hover-1 wd-icon-1\">\n\t\t\t<div class=\"wd-btn-arrow wd-prev wd-disabled\">\n\t\t\t\t<div class=\"wd-arrow-inner\"><\/div>\n\t\t\t<\/div>\n\t\t\t<div class=\"wd-btn-arrow wd-next\">\n\t\t\t\t<div class=\"wd-arrow-inner\"><\/div>\n\t\t\t<\/div>\n\t\t<\/div>\n\t\t\t\t\t\t\n\t\t\t\t<\/div>\n\n\t\t\t\t\t\t<div class=\"wd-nav-pagin-wrap text-center wd-style-shape wd-hide-md-sm wd-hide-sm\">\n\t\t\t<ul class=\"wd-nav-pagin\"><\/ul>\n\t\t<\/div>\n\t\t\t\t\t\t\t\t\t\t\t<\/div>\n\t\t\t\t\t\t<\/div>\n\t\t\t\t<\/div>\n\t\t\t\t\t<\/div>\n\t\t\t\t<\/div>\n\t\t\t\t<\/div>\n\t\t","protected":false},"excerpt":{"rendered":"<p class=\"p1\">(Sistema de Inducci\u00f3n por Pulso)<\/p>\n<p class=\"p1\">Para la detecci\u00f3n de oro, metales preciosos, tesoros enterrados y cuevas subterr\u00e1neas.<\/p>\n","protected":false},"featured_media":39591,"template":"","meta":[],"product_brand":[],"product_cat":[229,1970],"product_tag":[],"class_list":{"0":"post-39777","1":"product","2":"type-product","3":"status-publish","4":"has-post-thumbnail","6":"product_cat-almacenar","7":"product_cat-pulse-induction-system-es","9":"first","10":"instock","11":"taxable","12":"shipping-taxable","13":"purchasable","14":"product-type-simple"},"_links":{"self":[{"href":"https:\/\/uigdetectors.com\/es\/wp-json\/wp\/v2\/product\/39777","targetHints":{"allow":["GET"]}}],"collection":[{"href":"https:\/\/uigdetectors.com\/es\/wp-json\/wp\/v2\/product"}],"about":[{"href":"https:\/\/uigdetectors.com\/es\/wp-json\/wp\/v2\/types\/product"}],"version-history":[{"count":10,"href":"https:\/\/uigdetectors.com\/es\/wp-json\/wp\/v2\/product\/39777\/revisions"}],"predecessor-version":[{"id":40812,"href":"https:\/\/uigdetectors.com\/es\/wp-json\/wp\/v2\/product\/39777\/revisions\/40812"}],"wp:featuredmedia":[{"embeddable":true,"href":"https:\/\/uigdetectors.com\/es\/wp-json\/wp\/v2\/media\/39591"}],"wp:attachment":[{"href":"https:\/\/uigdetectors.com\/es\/wp-json\/wp\/v2\/media?parent=39777"}],"wp:term":[{"taxonomy":"product_brand","embeddable":true,"href":"https:\/\/uigdetectors.com\/es\/wp-json\/wp\/v2\/product_brand?post=39777"},{"taxonomy":"product_cat","embeddable":true,"href":"https:\/\/uigdetectors.com\/es\/wp-json\/wp\/v2\/product_cat?post=39777"},{"taxonomy":"product_tag","embeddable":true,"href":"https:\/\/uigdetectors.com\/es\/wp-json\/wp\/v2\/product_tag?post=39777"}],"curies":[{"name":"wp","href":"https:\/\/api.w.org\/{rel}","templated":true}]}}