{"id":17330,"date":"2023-01-24T01:19:07","date_gmt":"2023-01-23T22:19:07","guid":{"rendered":"https:\/\/shop.uigdetectors.com\/?page_id=17330"},"modified":"2024-12-24T12:05:59","modified_gmt":"2024-12-24T09:05:59","slug":"contact-us","status":"publish","type":"page","link":"https:\/\/uigdetectors.com\/fr\/contact-us\/","title":{"rendered":"FR &#8211; Contact"},"content":{"rendered":"\t\t<div data-elementor-type=\"wp-page\" data-elementor-id=\"17330\" class=\"elementor elementor-17330 elementor-11761\" data-elementor-post-type=\"page\">\n\t\t\t\t<div class=\"wd-negative-gap elementor-element elementor-element-016b85b e-flex e-con-boxed e-con e-parent\" data-id=\"016b85b\" data-element_type=\"container\" data-e-type=\"container\">\n\t\t\t\t\t<div class=\"e-con-inner\">\n\t\t\t\t<div class=\"elementor-element elementor-element-34ece5c color-scheme-inherit text-left elementor-widget elementor-widget-text-editor\" data-id=\"34ece5c\" data-element_type=\"widget\" data-e-type=\"widget\" data-widget_type=\"text-editor.default\">\n\t\t\t\t\t\t\t\t\t<p><\/p>\t\t\t\t\t\t\t\t<\/div>\n\t\t\t\t\t<\/div>\n\t\t\t\t<\/div>\n\t\t<div class=\"elementor-element elementor-element-1268030b e-con-full e-flex e-con e-parent\" data-id=\"1268030b\" data-element_type=\"container\" data-e-type=\"container\">\n\t\t\t\t<div class=\"elementor-element elementor-element-842df19 elementor-widget elementor-widget-heading\" data-id=\"842df19\" data-element_type=\"widget\" data-e-type=\"widget\" data-widget_type=\"heading.default\">\n\t\t\t\t\t<h1 class=\"elementor-heading-title elementor-size-xl\">Contactez-nous<\/h1>\t\t\t\t<\/div>\n\t\t\t\t<div class=\"elementor-element elementor-element-5e299b92 elementor-widget elementor-widget-heading\" data-id=\"5e299b92\" data-element_type=\"widget\" data-e-type=\"widget\" data-widget_type=\"heading.default\">\n\t\t\t\t\t<h2 class=\"elementor-heading-title elementor-size-medium\">Nous sommes ici pour t'aider. Que tu pr\u00e9f\u00e8res la communication classique ou interagir via les R\u00e9seaux Sociaux. N'h\u00e9site pas \u00e0 nous contacter en utilisant le Formulaire de Contact ci-dessous ou via les options suivantes<\/h2>\t\t\t\t<\/div>\n\t\t<div class=\"elementor-element elementor-element-1528fe99 e-con-full e-flex e-con e-child\" data-id=\"1528fe99\" data-element_type=\"container\" data-e-type=\"container\">\n\t\t\t\t<div class=\"elementor-element elementor-element-36a5f5d0 elementor-widget__width-auto elementor-position-top elementor-widget elementor-widget-image-box\" data-id=\"36a5f5d0\" data-element_type=\"widget\" data-e-type=\"widget\" data-widget_type=\"image-box.default\">\n\t\t\t\t\t<div class=\"elementor-image-box-wrapper\"><figure class=\"elementor-image-box-img\"><a href=\"mailto:info@uigdetectors.com\" tabindex=\"-1\"><img decoding=\"async\" width=\"60\" height=\"60\" src=\"https:\/\/uigdetectors.com\/wp-content\/uploads\/2023\/12\/mail_icon.png\" class=\"attachment-full size-full wp-image-23158\" alt=\"mail icon\" \/><\/a><\/figure><div class=\"elementor-image-box-content\"><h3 class=\"elementor-image-box-title\"><a href=\"mailto:info@uigdetectors.com\">Email<\/a><\/h3><p class=\"elementor-image-box-description\"><a href=\"mailto:info@uigdetectors.com\">info@uigdetectors.com<\/a><\/p><\/div><\/div>\t\t\t\t<\/div>\n\t\t\t\t<div class=\"elementor-element elementor-element-2499fa8e elementor-widget__width-auto elementor-position-top elementor-widget elementor-widget-image-box\" data-id=\"2499fa8e\" data-element_type=\"widget\" data-e-type=\"widget\" data-widget_type=\"image-box.default\">\n\t\t\t\t\t<div class=\"elementor-image-box-wrapper\"><figure class=\"elementor-image-box-img\"><a href=\"tel:00905318524031\" tabindex=\"-1\"><img decoding=\"async\" width=\"60\" height=\"60\" src=\"https:\/\/uigdetectors.com\/wp-content\/uploads\/2023\/12\/phone_icon.png\" class=\"attachment-full size-full wp-image-23159\" alt=\"phone icon\" \/><\/a><\/figure><div class=\"elementor-image-box-content\"><h3 class=\"elementor-image-box-title\"><a href=\"tel:00905318524031\">Phone<\/a><\/h3><p class=\"elementor-image-box-description\"><a href=\"tel:00905318524031\">+90 531 852 40 31<\/a><\/p><\/div><\/div>\t\t\t\t<\/div>\n\t\t\t\t<div class=\"elementor-element elementor-element-0bc7b77 elementor-widget__width-auto elementor-position-top elementor-widget elementor-widget-image-box\" data-id=\"0bc7b77\" data-element_type=\"widget\" data-e-type=\"widget\" data-widget_type=\"image-box.default\">\n\t\t\t\t\t<div class=\"elementor-image-box-wrapper\"><figure class=\"elementor-image-box-img\"><a href=\"https:\/\/api.whatsapp.com\/send?phone=905395440223&#038;text=\" tabindex=\"-1\" rel=\"noopener\"><img decoding=\"async\" width=\"60\" height=\"60\" src=\"https:\/\/uigdetectors.com\/wp-content\/uploads\/2024\/12\/whatsapp.png\" class=\"attachment-full size-full wp-image-34698\" alt=\"whatsapp\" \/><\/a><\/figure><div class=\"elementor-image-box-content\"><h3 class=\"elementor-image-box-title\"><a href=\"https:\/\/api.whatsapp.com\/send?phone=905395440223&#038;text=\" rel=\"noopener\">Whatsapp<\/a><\/h3><p class=\"elementor-image-box-description\"><a href=\"https:\/\/api.whatsapp.com\/send?phone=905335056207&amp;text=.\" target=\"_blank\" rel=\"noopener\">+90 539 544 02 23<\/a><\/p><\/div><\/div>\t\t\t\t<\/div>\n\t\t\t\t<\/div>\n\t\t\t\t<div class=\"elementor-element elementor-element-b795c97 color-scheme-inherit text-left elementor-widget elementor-widget-text-editor\" data-id=\"b795c97\" data-element_type=\"widget\" data-e-type=\"widget\" data-widget_type=\"text-editor.default\">\n\t\t\t\t\t\t\t\t\t<p>\t\t\t<link rel=\"stylesheet\" id=\"elementor-post-16514-css\" href=\"https:\/\/uigdetectors.com\/wp-content\/uploads\/elementor\/css\/post-16514.css?ver=1774865655\" type=\"text\/css\" media=\"all\">\n\t\t\t\t\t<div data-elementor-type=\"wp-post\" data-elementor-id=\"16514\" class=\"elementor elementor-16514 elementor-11751 elementor-11751\" data-elementor-post-type=\"cms_block\">\n\t\t\t\t<div class=\"elementor-element elementor-element-71f6006 e-con-full e-flex e-con e-parent\" data-id=\"71f6006\" data-element_type=\"container\" data-e-type=\"container\" data-settings=\"{&quot;background_background&quot;:&quot;classic&quot;}\">\n\t\t\t\t<div class=\"elementor-element elementor-element-42ab56e elementor-widget__width-initial color-scheme-inherit text-left elementor-widget elementor-widget-text-editor\" data-id=\"42ab56e\" data-element_type=\"widget\" data-e-type=\"widget\" data-widget_type=\"text-editor.default\">\n\t\t\t\t\t\t\t\t\t<p>\t\t<div data-elementor-type=\"container\" data-elementor-id=\"24726\" class=\"elementor elementor-24726\" data-elementor-post-type=\"elementor_library\">\n\t\t\t\t<div class=\"elementor-element elementor-element-fe5e37c e-con-full e-flex e-con e-parent\" data-id=\"fe5e37c\" data-element_type=\"container\" data-e-type=\"container\">\n\t\t\t\t<div class=\"elementor-element elementor-element-5ef913c elementor-widget elementor-widget-image\" data-id=\"5ef913c\" data-element_type=\"widget\" data-e-type=\"widget\" data-widget_type=\"image.default\">\n\t\t\t\t\t\t\t\t\t\t\t\t\t\t\t<img decoding=\"async\" src=\"https:\/\/uigdetectors.com\/wp-content\/uploads\/elementor\/thumbs\/uig-detectors-logo-quyx9drvk1p8ms019da5eii2u1x793r7w5dq0mwhay.png\" title=\"uig detectors logo\" alt=\"uig detectors logo\" loading=\"lazy\" \/>\t\t\t\t\t\t\t\t\t\t\t\t\t\t\t<\/div>\n\t\t\t\t<div class=\"elementor-element elementor-element-4ff96f0 elementor-widget elementor-widget-heading\" data-id=\"4ff96f0\" data-element_type=\"widget\" data-e-type=\"widget\" data-widget_type=\"heading.default\">\n\t\t\t\t\t<h2 class=\"elementor-heading-title elementor-size-default\">UIG Detectors Company<\/h2>\t\t\t\t<\/div>\n\t\t\t\t<div class=\"elementor-element elementor-element-d811afa color-scheme-inherit text-left elementor-widget elementor-widget-text-editor\" data-id=\"d811afa\" data-element_type=\"widget\" data-e-type=\"widget\" data-widget_type=\"text-editor.default\">\n\t\t\t\t\t\t\t\t\t<p><strong>Mobile:<\/strong>\u00a0 \u00a0 \u00a0<a href=\"https:\/\/api.whatsapp.com\/send?phone=905318524031&amp;text=.\" target=\"_blank\" rel=\"noopener\">+90 531 852 40 31<\/a><br \/><strong>Mobile:<\/strong>\u00a0 \u00a0 \u00a0<a href=\"https:\/\/api.whatsapp.com\/send?phone=905318524031&amp;text=.\" target=\"_blank\" rel=\"noopener\">+90 539 544 02 23<\/a><br \/><strong>Phone:<\/strong>\u00a0 \u00a0 \u00a0<a href=\"tel:00902125518188\">+90 212 551 81 88<\/a><br \/><strong>Fax:<\/strong>\u00a0 \u00a0 \u00a0 \u00a0 \u00a0 +90 212 551 8189<br \/><strong>PO Box:<\/strong> \u00a0\u00a0 34196<br \/><strong>Email:<\/strong>\u00a0 \u00a0 \u00a0 \u00a0 <a href=\"mailto:info@uigdetectors.com\">info@uigdetectors.com<\/a><br \/><strong>Address:<\/strong>\u00a0 \u00a0\u00c7oban\u00e7e\u015fme K\u0131m\u0131z Sok.No:36 Bah\u00e7elievler \/ \u0130stanbul<\/p>\t\t\t\t\t\t\t\t<\/div>\n\t\t\t\t<div class=\"elementor-element elementor-element-56ade16 elementor-widget elementor-widget-wd_social_buttons\" data-id=\"56ade16\" data-element_type=\"widget\" data-e-type=\"widget\" data-widget_type=\"wd_social_buttons.default\">\n\t\t\t\t<div class=\"elementor-widget-container\">\n\t\t\t\t\t\t\t\t<div\n\t\t\t\t\t\tclass=\" wd-social-icons wd-style-default wd-size-large social-follow wd-shape-circle color-scheme-dark text-center\">\n\t\t\t\t\n\t\t\t\t\t\t\t\t\t<span class=\"wd-label\">FOLLOW US ON SOCIAL MEDIA<\/span>\n\t\t\t\t\n\t\t\t\t\t\t\t\t\t<a rel=\"noopener noreferrer nofollow\" href=\"https:\/\/www.facebook.com\/UIGDETECTORS\/\" target=\"_blank\" class=\" wd-social-icon social-facebook\" aria-label=\"Facebook social link\">\n\t\t\t\t\t\t<span class=\"wd-icon\"><\/span>\n\t\t\t\t\t\t\t\t\t\t\t<\/a>\n\t\t\t\t\n\t\t\t\t\t\t\t\t\t<a rel=\"noopener noreferrer nofollow\" href=\"https:\/\/twitter.com\/UIGDETECTORS\" target=\"_blank\" class=\" wd-social-icon social-twitter\" aria-label=\"X social link\">\n\t\t\t\t\t\t<span class=\"wd-icon\"><\/span>\n\t\t\t\t\t\t\t\t\t\t\t<\/a>\n\t\t\t\t\n\t\t\t\t\n\t\t\t\t\n\t\t\t\t\t\t\t\t\t<a rel=\"noopener noreferrer nofollow\" href=\"https:\/\/www.instagram.com\/uig_detectors\/\" target=\"_blank\" class=\" wd-social-icon social-instagram\" aria-label=\"Instagram social link\">\n\t\t\t\t\t\t<span class=\"wd-icon\"><\/span>\n\t\t\t\t\t\t\t\t\t\t\t<\/a>\n\t\t\t\t\n\t\t\t\t\n\t\t\t\t\t\t\t\t\t<a rel=\"noopener noreferrer nofollow\" href=\"https:\/\/www.youtube.com\/channel\/UCDUfo1hDRsPcbq-htS3vCAg\" target=\"_blank\" class=\" wd-social-icon social-youtube\" aria-label=\"YouTube social link\">\n\t\t\t\t\t\t<span class=\"wd-icon\"><\/span>\n\t\t\t\t\t\t\t\t\t\t\t<\/a>\n\t\t\t\t\n\t\t\t\t\n\t\t\t\t\n\t\t\t\t\n\t\t\t\t\n\t\t\t\t\n\t\t\t\t\n\t\t\t\t\n\t\t\t\t\n\t\t\t\t\n\t\t\t\t\n\t\t\t\t\n\t\t\t\t\t\t\t\t\t<a rel=\"noopener noreferrer nofollow\" href=\"https:\/\/api.whatsapp.com\/send?phone=905395440223\" target=\"_blank\" class=\" wd-hide-md wd-social-icon social-whatsapp\" aria-label=\"WhatsApp social link\">\n\t\t\t\t\t\t<span class=\"wd-icon\"><\/span>\n\t\t\t\t\t\t\t\t\t\t\t<\/a>\n\n\t\t\t\t\t<a rel=\"noopener noreferrer nofollow\" href=\"https:\/\/api.whatsapp.com\/send?phone=905395440223\" target=\"_blank\" class=\" wd-hide-lg wd-social-icon social-whatsapp\" aria-label=\"WhatsApp social link\">\n\t\t\t\t\t\t<span class=\"wd-icon\"><\/span>\n\t\t\t\t\t\t\t\t\t\t\t<\/a>\n\t\t\t\t\n\t\t\t\t\n\t\t\t\t\n\t\t\t\t\t\t\t\t\t<a rel=\"noopener noreferrer nofollow\" href=\"https:\/\/www.tiktok.com\/@uig_detectors\" target=\"_blank\" class=\" wd-social-icon social-tiktok\" aria-label=\"TikTok social link\">\n\t\t\t\t\t\t<span class=\"wd-icon\"><\/span>\n\t\t\t\t\t\t\t\t\t\t\t<\/a>\n\t\t\t\t\n\t\t\t\t\n\t\t\t\t\n\t\t\t\t\n\t\t\t\t\n\t\t\t<\/div>\n\n\t\t\t\t\t\t<\/div>\n\t\t\t\t<\/div>\n\t\t\t\t<\/div>\n\t\t\t\t<\/div>\n\t\t<\/p>\t\t\t\t\t\t\t\t<\/div>\n\t\t\t\t<div class=\"elementor-element elementor-element-47552f3 elementor-widget__width-initial elementor-widget elementor-widget-spacer\" data-id=\"47552f3\" data-element_type=\"widget\" data-e-type=\"widget\" data-widget_type=\"spacer.default\">\n\t\t\t\t\t\t\t<div class=\"elementor-spacer\">\n\t\t\t<div class=\"elementor-spacer-inner\"><\/div>\n\t\t<\/div>\n\t\t\t\t\t\t<\/div>\n\t\t<div class=\"elementor-element elementor-element-20d8b64 e-con-full e-flex e-con e-child\" data-id=\"20d8b64\" data-element_type=\"container\" data-e-type=\"container\">\n\t\t\t\t<div class=\"elementor-element elementor-element-c516df4 wd-width-100 elementor-widget elementor-widget-wd_title\" data-id=\"c516df4\" data-element_type=\"widget\" data-e-type=\"widget\" data-widget_type=\"wd_title.default\">\n\t\t\t\t<div class=\"elementor-widget-container\">\n\t\t\t\t\t\t\t<div class=\"title-wrapper wd-set-mb reset-last-child wd-title-color-default wd-title-style-bordered wd-title-size-default text-left\">\n\n\t\t\t\n\t\t\t<div class=\"liner-continer\">\n\t\t\t\t<h4 class=\"woodmart-title-container title wd-fontsize-l\">Contact us for any questions<\/h4> \n\t\t\t\t\t\t\t<\/div>\n\n\t\t\t\t\t<\/div>\n\t\t\t\t\t\t<\/div>\n\t\t\t\t<\/div>\n\t\t\t\t<div class=\"elementor-element elementor-element-9a508ef elementor-button-align-end elementor-widget elementor-widget-form\" data-id=\"9a508ef\" data-element_type=\"widget\" data-e-type=\"widget\" data-settings=\"{&quot;step_next_label&quot;:&quot;Next&quot;,&quot;step_previous_label&quot;:&quot;Previous&quot;,&quot;button_width&quot;:&quot;100&quot;,&quot;step_type&quot;:&quot;number_text&quot;,&quot;step_icon_shape&quot;:&quot;circle&quot;}\" data-widget_type=\"form.default\">\n\t\t\t\t\t\t\t<form class=\"elementor-form\" method=\"post\" name=\"Contact Form\" aria-label=\"Contact Form\">\n\t\t\t<input type=\"hidden\" name=\"post_id\" value=\"16514\"\/>\n\t\t\t<input type=\"hidden\" name=\"form_id\" value=\"9a508ef\"\/>\n\t\t\t<input type=\"hidden\" name=\"referer_title\" value=\"Appareil EASY WAY SMART, D\u00e9tecteur De M\u00e9taux Et De Cavit\u00e9s\" \/>\n\n\t\t\t\t\t\t\t<input type=\"hidden\" name=\"queried_id\" value=\"17414\"\/>\n\t\t\t\n\t\t\t<div class=\"elementor-form-fields-wrapper elementor-labels-above\">\n\t\t\t\t\t\t\t\t<div class=\"elementor-field-type-text elementor-field-group elementor-column elementor-field-group-name elementor-col-100\">\n\t\t\t\t\t\t\t\t\t\t\t\t<label for=\"form-field-name\" class=\"elementor-field-label\">\n\t\t\t\t\t\t\t\tVotre nom\t\t\t\t\t\t\t<\/label>\n\t\t\t\t\t\t\t\t\t\t\t\t\t\t<input size=\"1\" type=\"text\" name=\"form_fields[name]\" id=\"form-field-name\" class=\"elementor-field elementor-size-sm  elementor-field-textual\">\n\t\t\t\t\t\t\t\t\t\t\t<\/div>\n\t\t\t\t\t\t\t\t<div class=\"elementor-field-type-email elementor-field-group elementor-column elementor-field-group-email elementor-col-100 elementor-field-required\">\n\t\t\t\t\t\t\t\t\t\t\t\t<label for=\"form-field-email\" class=\"elementor-field-label\">\n\t\t\t\t\t\t\t\tVotre e-mail\t\t\t\t\t\t\t<\/label>\n\t\t\t\t\t\t\t\t\t\t\t\t\t\t<input size=\"1\" type=\"email\" name=\"form_fields[email]\" id=\"form-field-email\" class=\"elementor-field elementor-size-sm  elementor-field-textual\" required=\"required\">\n\t\t\t\t\t\t\t\t\t\t\t<\/div>\n\t\t\t\t\t\t\t\t<div class=\"elementor-field-type-tel elementor-field-group elementor-column elementor-field-group-field_8c3b2df elementor-col-100\">\n\t\t\t\t\t\t\t\t\t\t\t\t<label for=\"form-field-field_8c3b2df\" class=\"elementor-field-label\">\n\t\t\t\t\t\t\t\tTel\t\t\t\t\t\t\t<\/label>\n\t\t\t\t\t\t\t\t<input size=\"1\" type=\"tel\" name=\"form_fields[field_8c3b2df]\" id=\"form-field-field_8c3b2df\" class=\"elementor-field elementor-size-sm  elementor-field-textual\" pattern=\"[0-9()#&amp;+*-=.]+\" title=\"Seuls les caract\u00e8res de num\u00e9ros de t\u00e9l\u00e9phone (#, -, *, etc.) sont accept\u00e9s.\">\n\n\t\t\t\t\t\t<\/div>\n\t\t\t\t\t\t\t\t<div class=\"elementor-field-type-textarea elementor-field-group elementor-column elementor-field-group-message elementor-col-100\">\n\t\t\t\t\t\t\t\t\t\t\t\t<label for=\"form-field-message\" class=\"elementor-field-label\">\n\t\t\t\t\t\t\t\tMessage\t\t\t\t\t\t\t<\/label>\n\t\t\t\t\t\t<textarea class=\"elementor-field-textual elementor-field  elementor-size-sm\" name=\"form_fields[message]\" id=\"form-field-message\" rows=\"4\"><\/textarea>\t\t\t\t<\/div>\n\t\t\t\t\t\t\t\t<div class=\"elementor-field-type-recaptcha_v3 elementor-field-group elementor-column elementor-field-group-field_0990cad elementor-col-100 recaptcha_v3-bottomright\">\n\t\t\t\t\t<div class=\"elementor-field\" id=\"form-field-field_0990cad\"><div class=\"elementor-g-recaptcha\" data-sitekey=\"6LdKvOQpAAAAAForOC0-MueZf4_b1YGYJ8516Jek\" data-type=\"v3\" data-action=\"Form\" data-badge=\"bottomright\" data-size=\"invisible\"><\/div><\/div>\t\t\t\t<\/div>\n\t\t\t\t\t\t\t\t<div class=\"elementor-field-group elementor-column elementor-field-type-submit elementor-col-100 e-form__buttons\">\n\t\t\t\t\t<button class=\"elementor-button elementor-size-sm\" type=\"submit\">\n\t\t\t\t\t\t<span class=\"elementor-button-content-wrapper\">\n\t\t\t\t\t\t\t\t\t\t\t\t\t\t\t\t\t\t\t\t\t\t<span class=\"elementor-button-text\">Send<\/span>\n\t\t\t\t\t\t\t\t\t\t\t\t\t<\/span>\n\t\t\t\t\t<\/button>\n\t\t\t\t<\/div>\n\t\t\t<\/div>\n\t\t<\/form>\n\t\t\t\t\t\t<\/div>\n\t\t\t\t<\/div>\n\t\t\t\t<\/div>\n\t\t\t\t<\/div>\n\t\t<\/p>\t\t\t\t\t\t\t\t<\/div>\n\t\t\t\t<\/div>\n\t\t\t\t<\/div>\n\t\t","protected":false},"excerpt":{"rendered":"<p>Contactez-nous Nous sommes ici pour t&rsquo;aider. Que tu pr\u00e9f\u00e8res la communication classique ou interagir via les R\u00e9seaux Sociaux. N&rsquo;h\u00e9site pas<\/p>\n","protected":false},"author":1,"featured_media":0,"parent":0,"menu_order":0,"comment_status":"closed","ping_status":"closed","template":"","meta":{"footnotes":""},"class_list":["post-17330","page","type-page","status-publish","hentry"],"_links":{"self":[{"href":"https:\/\/uigdetectors.com\/fr\/wp-json\/wp\/v2\/pages\/17330","targetHints":{"allow":["GET"]}}],"collection":[{"href":"https:\/\/uigdetectors.com\/fr\/wp-json\/wp\/v2\/pages"}],"about":[{"href":"https:\/\/uigdetectors.com\/fr\/wp-json\/wp\/v2\/types\/page"}],"author":[{"embeddable":true,"href":"https:\/\/uigdetectors.com\/fr\/wp-json\/wp\/v2\/users\/1"}],"replies":[{"embeddable":true,"href":"https:\/\/uigdetectors.com\/fr\/wp-json\/wp\/v2\/comments?post=17330"}],"version-history":[{"count":3,"href":"https:\/\/uigdetectors.com\/fr\/wp-json\/wp\/v2\/pages\/17330\/revisions"}],"predecessor-version":[{"id":34999,"href":"https:\/\/uigdetectors.com\/fr\/wp-json\/wp\/v2\/pages\/17330\/revisions\/34999"}],"wp:attachment":[{"href":"https:\/\/uigdetectors.com\/fr\/wp-json\/wp\/v2\/media?parent=17330"}],"curies":[{"name":"wp","href":"https:\/\/api.w.org\/{rel}","templated":true}]}}