{"id":17696,"date":"2023-04-12T07:07:22","date_gmt":"2023-04-12T04:07:22","guid":{"rendered":"https:\/\/shop.uigdetectors.com\/?page_id=17696"},"modified":"2025-01-30T16:19:32","modified_gmt":"2025-01-30T13:19:32","slug":"propos-de-nous","status":"publish","type":"page","link":"https:\/\/uigdetectors.com\/fr\/propos-de-nous\/","title":{"rendered":"FR &#8211; About"},"content":{"rendered":"\t\t<div data-elementor-type=\"wp-page\" data-elementor-id=\"17696\" class=\"elementor elementor-17696 elementor-13369\" data-elementor-post-type=\"page\">\n\t\t\t\t<div class=\"wd-negative-gap elementor-element elementor-element-75f5728 e-flex e-con-boxed e-con e-parent\" data-id=\"75f5728\" data-element_type=\"container\" data-e-type=\"container\">\n\t\t\t\t\t<div class=\"e-con-inner\">\n\t\t\t\t<div class=\"elementor-element elementor-element-19152e0 color-scheme-inherit text-left elementor-widget elementor-widget-text-editor\" data-id=\"19152e0\" data-element_type=\"widget\" data-e-type=\"widget\" data-widget_type=\"text-editor.default\">\n\t\t\t\t\t\t\t\t\t<p>\t\t<div data-elementor-type=\"container\" data-elementor-id=\"25158\" class=\"elementor elementor-25158\" data-elementor-post-type=\"elementor_library\">\n\t\t\t\t<div class=\"elementor-element elementor-element-fce100a e-con-full e-flex e-con e-parent\" data-id=\"fce100a\" data-element_type=\"container\" data-e-type=\"container\">\n\t\t\t\t<div class=\"elementor-element elementor-element-885ce54 elementor-widget elementor-widget-image\" data-id=\"885ce54\" data-element_type=\"widget\" data-e-type=\"widget\" data-widget_type=\"image.default\">\n\t\t\t\t\t\t\t\t\t\t\t\t\t\t\t<img decoding=\"async\" width=\"1920\" height=\"700\" src=\"https:\/\/uigdetectors.com\/wp-content\/uploads\/2024\/02\/uig-detectors-about-us.webp\" class=\"attachment-full size-full wp-image-25155\" alt=\"uig detectors about us\" srcset=\"https:\/\/uigdetectors.com\/wp-content\/uploads\/2024\/02\/uig-detectors-about-us.webp 1920w, https:\/\/uigdetectors.com\/wp-content\/uploads\/2024\/02\/uig-detectors-about-us-430x157.webp 430w, https:\/\/uigdetectors.com\/wp-content\/uploads\/2024\/02\/uig-detectors-about-us-150x55.webp 150w, https:\/\/uigdetectors.com\/wp-content\/uploads\/2024\/02\/uig-detectors-about-us-700x255.webp 700w, https:\/\/uigdetectors.com\/wp-content\/uploads\/2024\/02\/uig-detectors-about-us-400x146.webp 400w, https:\/\/uigdetectors.com\/wp-content\/uploads\/2024\/02\/uig-detectors-about-us-1300x474.webp 1300w, https:\/\/uigdetectors.com\/wp-content\/uploads\/2024\/02\/uig-detectors-about-us-768x280.webp 768w, https:\/\/uigdetectors.com\/wp-content\/uploads\/2024\/02\/uig-detectors-about-us-1536x560.webp 1536w, https:\/\/uigdetectors.com\/wp-content\/uploads\/2024\/02\/uig-detectors-about-us-860x314.webp 860w\" sizes=\"(max-width: 1920px) 100vw, 1920px\" \/>\t\t\t\t\t\t\t\t\t\t\t\t\t\t\t<\/div>\n\t\t\t\t<\/div>\n\t\t\t\t<\/div>\n\t\t<\/p>\t\t\t\t\t\t\t\t<\/div>\n\t\t\t\t\t<\/div>\n\t\t\t\t<\/div>\n\t\t<div class=\"elementor-element elementor-element-b633fae e-con-full e-flex e-con e-parent\" data-id=\"b633fae\" data-element_type=\"container\" data-e-type=\"container\">\n\t\t\t\t<div class=\"elementor-element elementor-element-3745247 elementor-widget elementor-widget-heading\" data-id=\"3745247\" data-element_type=\"widget\" data-e-type=\"widget\" data-widget_type=\"heading.default\">\n\t\t\t\t\t<h1 class=\"elementor-heading-title elementor-size-xl\">Usine<\/h1>\t\t\t\t<\/div>\n\t\t\t\t<div class=\"elementor-element elementor-element-a05e2eb elementor-widget elementor-widget-video\" data-id=\"a05e2eb\" data-element_type=\"widget\" data-e-type=\"widget\" data-settings=\"{&quot;youtube_url&quot;:&quot;https:\\\/\\\/www.youtube.com\\\/watch?v=zbfzGav6CdE&quot;,&quot;video_type&quot;:&quot;youtube&quot;,&quot;controls&quot;:&quot;yes&quot;}\" data-widget_type=\"video.default\">\n\t\t\t\t\t\t\t<div class=\"elementor-wrapper elementor-open-inline\">\n\t\t\t<div class=\"elementor-video\"><\/div>\t\t<\/div>\n\t\t\t\t\t\t<\/div>\n\t\t\t\t<\/div>\n\t\t<div class=\"wd-negative-gap elementor-element elementor-element-d7c8c40 e-flex e-con-boxed e-con e-parent\" data-id=\"d7c8c40\" data-element_type=\"container\" data-e-type=\"container\">\n\t\t\t\t\t<div class=\"e-con-inner\">\n\t\t<div class=\"elementor-element elementor-element-fc8e5b5 e-con-full e-flex e-con e-child\" data-id=\"fc8e5b5\" data-element_type=\"container\" data-e-type=\"container\">\n\t\t\t\t<div class=\"elementor-element elementor-element-e411994 elementor-widget elementor-widget-wd_text_block\" data-id=\"e411994\" data-element_type=\"widget\" data-e-type=\"widget\" data-widget_type=\"wd_text_block.default\">\n\t\t\t\t<div class=\"elementor-widget-container\">\n\t\t\t\t\t\t\t<div class=\"wd-text-block reset-last-child text-left\">\n\t\t\t\n\t\t\t<h4><strong>UIG Detectors est un leader mondial dans la fabrication et le d\u00e9veloppement d'appareils de recherche et de d\u00e9tection souterraine.<\/strong><\/h4>\n<h4><strong>Depuis la cr\u00e9ation d'UIG Detectors en 1990, il a \u00e9t\u00e9 un leader mondial dans la recherche, le d\u00e9veloppement, l'innovation et la conception, jusqu'\u00e0 aujourd'hui, il est devenu le plus grand fabricant et fournisseur de d\u00e9tecteurs de m\u00e9taux, pierres pr\u00e9cieuses, diamants et eaux souterraines.<\/strong><\/h4>\n<h4><strong>Depuis cette ann\u00e9e, UIG Detectors a commenc\u00e9 \u00e0 \u00e9crire une histoire \u00e0 succ\u00e8s, car elle a \u00e9t\u00e9 cr\u00e9\u00e9e dans le but de d\u00e9velopper et d'innover des technologies sp\u00e9ciales dans le domaine de la fabrication de d\u00e9tecteurs d'or et de m\u00e9taux jusqu'\u00e0 ce qu'elle soit class\u00e9e dans le top dix mondial pour la fabrication de ces appareils.<\/strong><\/h4>\n<h4><strong>Au cours des trois derni\u00e8res d\u00e9cennies, la soci\u00e9t\u00e9 a introduit les dispositifs les plus innovants, techniquement et scientifiquement, par rapport \u00e0 ses concurrents du monde entier, ce qui a conduit \u00e0 \u00e9lever le niveau de l'industrie des dispositifs de d\u00e9tection comme jamais auparavant.<\/strong><\/h4>\n<h4><strong>La soci\u00e9t\u00e9 UIG Detectors, bien \u00e9tablie, met \u00e0 la disposition de tous les chercheurs et prospecteurs les derni\u00e8res technologies et innovations scientifiques dans le domaine de la prospection des richesses souterraines sur un plateau d'or.<\/strong><\/h4>\n<h4><strong>Tous nos appareils fonctionnent avec plusieurs syst\u00e8mes de d\u00e9tection et de recherche sous terre, nous les avons donc class\u00e9s selon le type de cible \u00e0 rechercher pour faciliter le processus de choix de l'appareil appropri\u00e9:<\/strong><\/h4>\n<h4><strong>Dispositifs de recherche et de d\u00e9tection de l'or enfoui sous terre<\/strong><\/h4>\n<h4><strong>D\u00e9tecteurs de p\u00e9pites d'or et de filons d'or souterrains.<\/strong><\/h4>\n<h4><strong>Dispositifs de d\u00e9tection de tr\u00e9sors arch\u00e9ologiques enfouis sous terre.<\/strong><\/h4>\n<h4><strong>D\u00e9tecteurs souterrains de m\u00e9taux pr\u00e9cieux.<\/strong><\/h4>\n<h4><strong>D\u00e9tecteurs d'antiquit\u00e9s souterraines et de tombes anciennes.<\/strong><\/h4>\n<h4><strong>D\u00e9tecteurs souterrains de diamants et de pierres pr\u00e9cieuses.<\/strong><\/h4>\n<h4><strong>Appareils \u00e9quip\u00e9s de la derni\u00e8re technologie de pointe pours d\u00e9tecter l'or, les m\u00e9taux pr\u00e9cieux, les tr\u00e9sors enfouis, les reliques anciennes, les vides, les pierres pr\u00e9cieuses et les diamants sous terre.<\/strong><\/h4>\n<h4><strong>cette technologie atteint des profondeurs allant jusqu'\u00e0 120 m\u00e8tres dans le sol et une port\u00e9e frontale de 3000 m\u00e8tres.<\/strong><\/h4>\n<h4><strong>Dispositifs soutenus par des syst\u00e8mes avanc\u00e9s pour d\u00e9tecter toutes les sources d'eau souterraines provenant des bassins d'eau souterrains et des puits art\u00e9siens.<\/strong><\/h4>\n<h4><strong>Ils atteignent des profondeurs allant jusqu'\u00e0 1 500 m\u00e8tres dans le sol et une port\u00e9e frontale de 3000 m\u00e8tres, y compris des localisateurs \u00e0 longue port\u00e9e<\/strong><\/h4>\n<h4><strong>Dispositifs d'imagerie qui fonctionnent selon le syst\u00e8me d'imagerie 3D.<\/strong><\/h4>\n<h4><strong>Appareils fonctionnant selon la technologie de d\u00e9tection par induction d'impulsions<\/strong><\/h4>\n<h4><strong>(INDUCTION D'IMPULSIONS)<\/strong><\/h4>\n<h4><strong>Appareils fonctionnant selon la technologie de recherche \u00e9lectromagn\u00e9tique-VLF.<\/strong><\/h4>\n<h4><strong>Appareils qui recherchent des champs ioniques<\/strong><\/h4>\n<h4><strong>Syst\u00e8me de recherche de d\u00e9tection de champs ioniques.<\/strong><\/h4>\n<h4><strong>Syst\u00e8me de recherche de d\u00e9tection par magn\u00e9tom\u00e8tre<\/strong><\/h4>\n<h4><strong>Appareils fonctionnant selon la technologie du syst\u00e8me de recherche (EMF)<\/strong><\/h4>\n<h4><strong>L'une des meilleures industries allemandes - le certificat europ\u00e9en CE selon les normes internationales en plus du certificat international ISO 9001 conform\u00e9ment aux sp\u00e9cifications et normes internationales.<\/strong><\/h4>\n\n\t\t\t\t\t<\/div>\n\t\t\t\t\t\t<\/div>\n\t\t\t\t<\/div>\n\t\t\t\t<\/div>\n\t\t<div class=\"elementor-element elementor-element-306b65b e-con-full e-flex e-con e-child\" data-id=\"306b65b\" data-element_type=\"container\" data-e-type=\"container\">\n\t\t\t\t<div class=\"elementor-element elementor-element-f6fa998 elementor-widget elementor-widget-image\" data-id=\"f6fa998\" data-element_type=\"widget\" data-e-type=\"widget\" data-widget_type=\"image.default\">\n\t\t\t\t\t\t\t\t\t\t\t\t\t\t\t<img decoding=\"async\" width=\"579\" height=\"800\" src=\"https:\/\/uigdetectors.com\/wp-content\/uploads\/2023\/06\/cer-gold-579x800.jpg\" class=\"attachment-large size-large wp-image-37595\" alt=\"cer gold\" srcset=\"https:\/\/uigdetectors.com\/wp-content\/uploads\/2023\/06\/cer-gold-579x800.jpg 579w, https:\/\/uigdetectors.com\/wp-content\/uploads\/2023\/06\/cer-gold-430x594.jpg 430w, https:\/\/uigdetectors.com\/wp-content\/uploads\/2023\/06\/cer-gold-150x207.jpg 150w, https:\/\/uigdetectors.com\/wp-content\/uploads\/2023\/06\/cer-gold-217x300.jpg 217w, https:\/\/uigdetectors.com\/wp-content\/uploads\/2023\/06\/cer-gold.jpg 595w\" sizes=\"(max-width: 579px) 100vw, 579px\" \/>\t\t\t\t\t\t\t\t\t\t\t\t\t\t\t<\/div>\n\t\t\t\t<\/div>\n\t\t<div class=\"elementor-element elementor-element-f60a6f4 e-con-full e-flex e-con e-child\" data-id=\"f60a6f4\" data-element_type=\"container\" data-e-type=\"container\">\n\t\t\t\t<div class=\"elementor-element elementor-element-c755158 elementor-widget elementor-widget-image\" data-id=\"c755158\" data-element_type=\"widget\" data-e-type=\"widget\" data-widget_type=\"image.default\">\n\t\t\t\t\t\t\t\t\t\t\t\t\t\t\t<img decoding=\"async\" width=\"579\" height=\"800\" src=\"https:\/\/uigdetectors.com\/wp-content\/uploads\/2023\/06\/cer-diamond-579x800.jpg\" class=\"attachment-large size-large wp-image-37598\" alt=\"cer diamond\" srcset=\"https:\/\/uigdetectors.com\/wp-content\/uploads\/2023\/06\/cer-diamond-579x800.jpg 579w, https:\/\/uigdetectors.com\/wp-content\/uploads\/2023\/06\/cer-diamond-430x594.jpg 430w, https:\/\/uigdetectors.com\/wp-content\/uploads\/2023\/06\/cer-diamond-150x207.jpg 150w, https:\/\/uigdetectors.com\/wp-content\/uploads\/2023\/06\/cer-diamond-217x300.jpg 217w, https:\/\/uigdetectors.com\/wp-content\/uploads\/2023\/06\/cer-diamond.jpg 595w\" sizes=\"(max-width: 579px) 100vw, 579px\" \/>\t\t\t\t\t\t\t\t\t\t\t\t\t\t\t<\/div>\n\t\t\t\t<\/div>\n\t\t<div class=\"elementor-element elementor-element-6fcc6be e-con-full e-flex e-con e-child\" data-id=\"6fcc6be\" data-element_type=\"container\" data-e-type=\"container\">\n\t\t\t\t<div class=\"elementor-element elementor-element-373e648 color-scheme-inherit text-left elementor-widget elementor-widget-text-editor\" data-id=\"373e648\" data-element_type=\"widget\" data-e-type=\"widget\" data-widget_type=\"text-editor.default\">\n\t\t\t\t\t\t\t\t\t<h4><strong>Avec les op\u00e9rations de maintenance, de distribution et de service client au Moyen-Orient, en Europe et aux \u00c9tats-Unis, vous \u00eates toujours s\u00fbr de savoir que le service client est \u00e0 port\u00e9e de main.<\/strong><br \/><strong>Le r\u00e9seau mondial de revendeurs agr\u00e9\u00e9s GER Detect est en mesure de vous fournir les connaissances les plus r\u00e9centes sur les produits et les techniques qui vous aideront \u00e0 am\u00e9liorer votre taux de r\u00e9ussite sur le terrain.<\/strong><br \/><strong>Les produits GER Detect CT continuent d&rsquo;\u00e9tablir de nouvelles normes dans le monde de la d\u00e9tection des m\u00e9taux, tant pour la performance que pour l&rsquo;innovation. Conform\u00e9ment aux normes \u00e9lev\u00e9es, GER Detect est une entreprise certifi\u00e9e ISO 9001. ISO 9001 est une certification de norme de qualit\u00e9 mondiale qui garantit une am\u00e9lioration continue afin de fournir le plus haut niveau de qualit\u00e9 des produits \u00e0 nos clients.<\/strong><br \/><strong>Nous croyons en une forte orientation client et en travaillant ensemble pour trouver des solutions innovantes qui ajoutent de la valeur \u00e0 nos produits.<\/strong><\/h4>\t\t\t\t\t\t\t\t<\/div>\n\t\t\t\t<\/div>\n\t\t<div class=\"elementor-element elementor-element-ac56e16 e-con-full e-flex e-con e-child\" data-id=\"ac56e16\" data-element_type=\"container\" data-e-type=\"container\">\n\t\t\t\t<div class=\"elementor-element elementor-element-5d16f50 color-scheme-inherit text-left elementor-widget elementor-widget-text-editor\" data-id=\"5d16f50\" data-element_type=\"widget\" data-e-type=\"widget\" data-widget_type=\"text-editor.default\">\n\t\t\t\t\t\t\t\t\t<h4><strong>C&rsquo;est cet engagement pour le d\u00e9veloppement de nouvelles technologies, ainsi que l&rsquo;excellence du service client qui vous donneront un gros avantage lorsque vous serez hors d\u00e9tection, quelles que soient les conditions de terrain ou d&rsquo;environnement.<\/strong><br \/><strong>Avec les produits GER Detect, vous aurez l&rsquo;occasion de trouver le plus souvent de bonnes cibles. UIG DETECTORS COMPANY \u00c0 Istanbul, Turquie Fournisseur de services de maintenance et de vente. Depuis d\u00e9cembre 2012, le service de distribution UIG DETECTORS COMPANY \u00e0 Istanbul, en Turquie, est responsable de la majorit\u00e9 de la production mondiale de d\u00e9tecteurs de m\u00e9taux GER Detect.<\/strong><br \/><strong>Ger d\u00e9tecter son association avec elle est partenaire externalis\u00e9 en Turquie. Les d\u00e9tecteurs de m\u00e9taux d&rsquo;origine GER Detect sont des agents exclusifs de GER Detect en Allemagne et d&rsquo;Istanbul, en Turquie, dans l\u2019usine allemande.<\/strong><\/h4>\t\t\t\t\t\t\t\t<\/div>\n\t\t\t\t<\/div>\n\t\t<div class=\"elementor-element elementor-element-bd22842 e-con-full e-flex e-con e-child\" data-id=\"bd22842\" data-element_type=\"container\" data-e-type=\"container\">\n\t\t\t\t<div class=\"elementor-element elementor-element-0a72cd9 elementor-widget elementor-widget-image\" data-id=\"0a72cd9\" data-element_type=\"widget\" data-e-type=\"widget\" data-widget_type=\"image.default\">\n\t\t\t\t\t\t\t\t\t\t\t\t\t\t\t<img decoding=\"async\" width=\"579\" height=\"800\" src=\"https:\/\/uigdetectors.com\/wp-content\/uploads\/2023\/06\/cer-water-579x800.jpg\" class=\"attachment-large size-large wp-image-37601\" alt=\"cer water\" srcset=\"https:\/\/uigdetectors.com\/wp-content\/uploads\/2023\/06\/cer-water-579x800.jpg 579w, https:\/\/uigdetectors.com\/wp-content\/uploads\/2023\/06\/cer-water-430x594.jpg 430w, https:\/\/uigdetectors.com\/wp-content\/uploads\/2023\/06\/cer-water-150x207.jpg 150w, https:\/\/uigdetectors.com\/wp-content\/uploads\/2023\/06\/cer-water-217x300.jpg 217w, https:\/\/uigdetectors.com\/wp-content\/uploads\/2023\/06\/cer-water.jpg 595w\" sizes=\"(max-width: 579px) 100vw, 579px\" \/>\t\t\t\t\t\t\t\t\t\t\t\t\t\t\t<\/div>\n\t\t\t\t<\/div>\n\t\t\t\t\t<\/div>\n\t\t\t\t<\/div>\n\t\t<div class=\"elementor-element elementor-element-ef05cd8 e-con-full e-flex e-con e-parent\" data-id=\"ef05cd8\" data-element_type=\"container\" data-e-type=\"container\">\n\t\t\t\t<div class=\"elementor-element elementor-element-0289113 elementor-widget elementor-widget-video\" data-id=\"0289113\" data-element_type=\"widget\" data-e-type=\"widget\" data-settings=\"{&quot;youtube_url&quot;:&quot;https:\\\/\\\/www.youtube.com\\\/watch?v=XK2xXUHaYBw&quot;,&quot;video_type&quot;:&quot;youtube&quot;,&quot;controls&quot;:&quot;yes&quot;}\" data-widget_type=\"video.default\">\n\t\t\t\t\t\t\t<div class=\"elementor-wrapper elementor-open-inline\">\n\t\t\t<div class=\"elementor-video\"><\/div>\t\t<\/div>\n\t\t\t\t\t\t<\/div>\n\t\t\t\t<\/div>\n\t\t\t\t<\/div>\n\t\t","protected":false},"excerpt":{"rendered":"<p>Usine https:\/\/www.youtube.com\/watch?v=zbfzGav6CdE UIG Detectors est un leader mondial dans la fabrication et le d\u00e9veloppement d&rsquo;appareils de recherche et de d\u00e9tection<\/p>\n","protected":false},"author":1,"featured_media":29642,"parent":0,"menu_order":0,"comment_status":"closed","ping_status":"closed","template":"","meta":{"footnotes":""},"class_list":["post-17696","page","type-page","status-publish","has-post-thumbnail","hentry"],"_links":{"self":[{"href":"https:\/\/uigdetectors.com\/fr\/wp-json\/wp\/v2\/pages\/17696","targetHints":{"allow":["GET"]}}],"collection":[{"href":"https:\/\/uigdetectors.com\/fr\/wp-json\/wp\/v2\/pages"}],"about":[{"href":"https:\/\/uigdetectors.com\/fr\/wp-json\/wp\/v2\/types\/page"}],"author":[{"embeddable":true,"href":"https:\/\/uigdetectors.com\/fr\/wp-json\/wp\/v2\/users\/1"}],"replies":[{"embeddable":true,"href":"https:\/\/uigdetectors.com\/fr\/wp-json\/wp\/v2\/comments?post=17696"}],"version-history":[{"count":3,"href":"https:\/\/uigdetectors.com\/fr\/wp-json\/wp\/v2\/pages\/17696\/revisions"}],"predecessor-version":[{"id":35954,"href":"https:\/\/uigdetectors.com\/fr\/wp-json\/wp\/v2\/pages\/17696\/revisions\/35954"}],"wp:featuredmedia":[{"embeddable":true,"href":"https:\/\/uigdetectors.com\/fr\/wp-json\/wp\/v2\/media\/29642"}],"wp:attachment":[{"href":"https:\/\/uigdetectors.com\/fr\/wp-json\/wp\/v2\/media?parent=17696"}],"curies":[{"name":"wp","href":"https:\/\/api.w.org\/{rel}","templated":true}]}}