{"id":23633,"date":"2023-12-22T14:26:13","date_gmt":"2023-12-22T11:26:13","guid":{"rendered":"https:\/\/uigdetectors.com\/?page_id=23633"},"modified":"2024-02-02T12:27:04","modified_gmt":"2024-02-02T09:27:04","slug":"fr-become-distributor","status":"publish","type":"page","link":"https:\/\/uigdetectors.com\/fr\/fr-become-distributor\/","title":{"rendered":"FR &#8211; Become Distributor"},"content":{"rendered":"\t\t<div data-elementor-type=\"wp-page\" data-elementor-id=\"23633\" class=\"elementor elementor-23633 elementor-22978\" data-elementor-post-type=\"page\">\n\t\t\t\t<div class=\"wd-negative-gap elementor-element elementor-element-40cef76 e-flex e-con-boxed e-con e-parent\" data-id=\"40cef76\" data-element_type=\"container\" data-e-type=\"container\">\n\t\t\t\t\t<div class=\"e-con-inner\">\n\t\t\t\t<div class=\"elementor-element elementor-element-1a0cded color-scheme-inherit text-left elementor-widget elementor-widget-text-editor\" data-id=\"1a0cded\" data-element_type=\"widget\" data-e-type=\"widget\" data-widget_type=\"text-editor.default\">\n\t\t\t\t\t\t\t\t\t<p><\/p>\t\t\t\t\t\t\t\t<\/div>\n\t\t\t\t<div class=\"elementor-element elementor-element-4cb69cd elementor-widget elementor-widget-heading\" data-id=\"4cb69cd\" data-element_type=\"widget\" data-e-type=\"widget\" data-widget_type=\"heading.default\">\n\t\t\t\t\t<h1 class=\"elementor-heading-title elementor-size-xl\">Bienvenue dans notre r\u00e9seau mondial de distributeurs<\/h1>\t\t\t\t<\/div>\n\t\t\t\t<div class=\"elementor-element elementor-element-c40a535 elementor-widget elementor-widget-heading\" data-id=\"c40a535\" data-element_type=\"widget\" data-e-type=\"widget\" data-widget_type=\"heading.default\">\n\t\t\t\t\t<h4 class=\"elementor-heading-title elementor-size-default\">Notre objectif est de fournir et elargir nos services \u00e0 des milliers de clients \u00e0 travers le monde\n<br \/><br \/>\nNotre engagement envers l'excellence et la pr\u00e9cision fait de nous le choix optimal pour les entreprises et les particuliers en qu\u00eate de qualit\u00e9\n<br \/><br \/>\nLes usines et les entreprises UIG Detectors ont \u00e9t\u00e9 cr\u00e9\u00e9es en 1990 et font partie des plus grandes entreprises mondiales dans la fabrication et le d\u00e9veloppement d'appareils de d\u00e9tection d'or, de tr\u00e9sors enfouis, de m\u00e9taux pr\u00e9cieux, de vides, de diamants, de pierres pr\u00e9cieuses et d'eaux souterraines.\n<\/h4>\t\t\t\t<\/div>\n\t\t\t\t<div class=\"elementor-element elementor-element-86b75a8 elementor-widget elementor-widget-heading\" data-id=\"86b75a8\" data-element_type=\"widget\" data-e-type=\"widget\" data-widget_type=\"heading.default\">\n\t\t\t\t\t<h5 class=\"elementor-heading-title elementor-size-default\">Afin de devenir un agent pour une entreprise g\u00e9ante et prestigieuse, veuillez remplir le formulaire ci-dessous avec vos coordonn\u00e9es, et notre \u00e9quipe prendra contact avec vous prochainement<\/h5>\t\t\t\t<\/div>\n\t\t\t\t<div class=\"elementor-element elementor-element-234e09c wd-cf7 elementor-widget elementor-widget-wd_contact_form_7\" data-id=\"234e09c\" data-element_type=\"widget\" data-e-type=\"widget\" data-widget_type=\"wd_contact_form_7.default\">\n\t\t\t\t<div class=\"elementor-widget-container\">\n\t\t\t\t\t<div class=\"wd-notice wd-info\">You need to create a form using Contact form 7 plugin to be able to display it using this element.<\/div>\t\t\t\t<\/div>\n\t\t\t\t<\/div>\n\t\t\t\t<div class=\"elementor-element elementor-element-d3cd6d9 elementor-widget elementor-widget-heading\" data-id=\"d3cd6d9\" data-element_type=\"widget\" data-e-type=\"widget\" data-widget_type=\"heading.default\">\n\t\t\t\t\t<h3 class=\"elementor-heading-title elementor-size-default\">Need More Information?<\/h3>\t\t\t\t<\/div>\n\t\t\t\t<div class=\"elementor-element elementor-element-d023ed8 color-scheme-inherit text-left elementor-widget elementor-widget-text-editor\" data-id=\"d023ed8\" data-element_type=\"widget\" data-e-type=\"widget\" data-widget_type=\"text-editor.default\">\n\t\t\t\t\t\t\t\t\t<div>\nIf you have any further questions or require additional information. Please feel free to reach out to us at <a href = \"mailto: info@uigdetectors.com\">info@uigdetectors<\/a>.\n<br\/>\nYou can also stay connected and updated through our social media channels.\n<\/div>\t\t\t\t\t\t\t\t<\/div>\n\t\t\t\t<div class=\"elementor-element elementor-element-3c2d5f6 elementor-widget elementor-widget-wd_social_buttons\" data-id=\"3c2d5f6\" data-element_type=\"widget\" data-e-type=\"widget\" data-widget_type=\"wd_social_buttons.default\">\n\t\t\t\t<div class=\"elementor-widget-container\">\n\t\t\t\t\t\t\t\t<div\n\t\t\t\t\t\tclass=\" wd-social-icons wd-style-primary wd-size-default social-follow wd-shape-circle color-scheme-dark text-center\">\n\t\t\t\t\n\t\t\t\t\n\t\t\t\t\t\t\t\t\t<a rel=\"noopener noreferrer nofollow\" href=\"https:\/\/www.facebook.com\/UIGDETECTORS\/\" target=\"_blank\" class=\" wd-social-icon social-facebook\" aria-label=\"Facebook social link\">\n\t\t\t\t\t\t<span class=\"wd-icon\"><\/span>\n\t\t\t\t\t\t\t\t\t\t\t<\/a>\n\t\t\t\t\n\t\t\t\t\t\t\t\t\t<a rel=\"noopener noreferrer nofollow\" href=\"https:\/\/twitter.com\/UIGDETECTORS\" target=\"_blank\" class=\" wd-social-icon social-twitter\" aria-label=\"X social link\">\n\t\t\t\t\t\t<span class=\"wd-icon\"><\/span>\n\t\t\t\t\t\t\t\t\t\t\t<\/a>\n\t\t\t\t\n\t\t\t\t\n\t\t\t\t\n\t\t\t\t\t\t\t\t\t<a rel=\"noopener noreferrer nofollow\" href=\"https:\/\/www.instagram.com\/uig_detectors\/\" target=\"_blank\" class=\" wd-social-icon social-instagram\" aria-label=\"Instagram social link\">\n\t\t\t\t\t\t<span class=\"wd-icon\"><\/span>\n\t\t\t\t\t\t\t\t\t\t\t<\/a>\n\t\t\t\t\n\t\t\t\t\n\t\t\t\t\t\t\t\t\t<a rel=\"noopener noreferrer nofollow\" href=\"https:\/\/www.youtube.com\/channel\/UCDUfo1hDRsPcbq-htS3vCAg\" target=\"_blank\" class=\" wd-social-icon social-youtube\" aria-label=\"YouTube social link\">\n\t\t\t\t\t\t<span class=\"wd-icon\"><\/span>\n\t\t\t\t\t\t\t\t\t\t\t<\/a>\n\t\t\t\t\n\t\t\t\t\n\t\t\t\t\n\t\t\t\t\n\t\t\t\t\n\t\t\t\t\n\t\t\t\t\n\t\t\t\t\n\t\t\t\t\n\t\t\t\t\n\t\t\t\t\n\t\t\t\t\n\t\t\t\t\t\t\t\t\t<a rel=\"noopener noreferrer nofollow\" href=\"https:\/\/api.whatsapp.com\/send?phone=905395440223\" target=\"_blank\" class=\" wd-hide-md wd-social-icon social-whatsapp\" aria-label=\"WhatsApp social link\">\n\t\t\t\t\t\t<span class=\"wd-icon\"><\/span>\n\t\t\t\t\t\t\t\t\t\t\t<\/a>\n\n\t\t\t\t\t<a rel=\"noopener noreferrer nofollow\" href=\"https:\/\/api.whatsapp.com\/send?phone=905395440223\" target=\"_blank\" class=\" wd-hide-lg wd-social-icon social-whatsapp\" aria-label=\"WhatsApp social link\">\n\t\t\t\t\t\t<span class=\"wd-icon\"><\/span>\n\t\t\t\t\t\t\t\t\t\t\t<\/a>\n\t\t\t\t\n\t\t\t\t\n\t\t\t\t\n\t\t\t\t\t\t\t\t\t<a rel=\"noopener noreferrer nofollow\" href=\"https:\/\/www.tiktok.com\/@uigdetectors.com\" target=\"_blank\" class=\" wd-social-icon social-tiktok\" aria-label=\"TikTok social link\">\n\t\t\t\t\t\t<span class=\"wd-icon\"><\/span>\n\t\t\t\t\t\t\t\t\t\t\t<\/a>\n\t\t\t\t\n\t\t\t\t\n\t\t\t\t\n\t\t\t\t\n\t\t\t\t\n\t\t\t<\/div>\n\n\t\t\t\t\t\t<\/div>\n\t\t\t\t<\/div>\n\t\t\t\t\t<\/div>\n\t\t\t\t<\/div>\n\t\t\t\t<\/div>\n\t\t","protected":false},"excerpt":{"rendered":"<p>Bienvenue dans notre r\u00e9seau mondial de distributeurs Notre objectif est de fournir et elargir nos services \u00e0 des milliers de<\/p>\n","protected":false},"author":844,"featured_media":0,"parent":0,"menu_order":0,"comment_status":"closed","ping_status":"closed","template":"","meta":{"footnotes":""},"class_list":["post-23633","page","type-page","status-publish","hentry"],"_links":{"self":[{"href":"https:\/\/uigdetectors.com\/fr\/wp-json\/wp\/v2\/pages\/23633","targetHints":{"allow":["GET"]}}],"collection":[{"href":"https:\/\/uigdetectors.com\/fr\/wp-json\/wp\/v2\/pages"}],"about":[{"href":"https:\/\/uigdetectors.com\/fr\/wp-json\/wp\/v2\/types\/page"}],"author":[{"embeddable":true,"href":"https:\/\/uigdetectors.com\/fr\/wp-json\/wp\/v2\/users\/844"}],"replies":[{"embeddable":true,"href":"https:\/\/uigdetectors.com\/fr\/wp-json\/wp\/v2\/comments?post=23633"}],"version-history":[{"count":0,"href":"https:\/\/uigdetectors.com\/fr\/wp-json\/wp\/v2\/pages\/23633\/revisions"}],"wp:attachment":[{"href":"https:\/\/uigdetectors.com\/fr\/wp-json\/wp\/v2\/media?parent=23633"}],"curies":[{"name":"wp","href":"https:\/\/api.w.org\/{rel}","templated":true}]}}