{"id":16520,"date":"2023-06-03T22:32:55","date_gmt":"2023-06-03T22:32:55","guid":{"rendered":"https:\/\/shop.uigdetectors.com\/?post_type=product&#038;p=16520"},"modified":"2024-11-19T17:31:02","modified_gmt":"2024-11-19T14:31:02","slug":"deep-seeker-detector","status":"publish","type":"product","link":"https:\/\/uigdetectors.com\/fr\/produit\/deep-seeker-detector\/","title":{"rendered":"Appareil DEEP SEEKER pour d\u00e9tecter l&rsquo;or, les m\u00e9taux et les tr\u00e9sors"},"content":{"rendered":"\t\t<div data-elementor-type=\"product-post\" data-elementor-id=\"16520\" class=\"elementor elementor-16520 elementor-11492\" data-elementor-post-type=\"product\">\n\t\t\t\t<div class=\"wd-negative-gap elementor-element elementor-element-206fd26d e-flex e-con-boxed e-con e-parent\" data-id=\"206fd26d\" data-element_type=\"container\" data-e-type=\"container\">\n\t\t\t\t\t<div class=\"e-con-inner\">\n\t\t\t\t<div class=\"elementor-element elementor-element-23c95a7f elementor-widget elementor-widget-heading\" data-id=\"23c95a7f\" data-element_type=\"widget\" data-e-type=\"widget\" data-widget_type=\"heading.default\">\n\t\t\t\t\t<h1 class=\"elementor-heading-title elementor-size-default\">LE D\u00c9TECTEUR DEEP SEEKER<\/h1>\t\t\t\t<\/div>\n\t\t\t\t<div class=\"elementor-element elementor-element-758f04c6 elementor-widget elementor-widget-heading\" data-id=\"758f04c6\" data-element_type=\"widget\" data-e-type=\"widget\" data-widget_type=\"heading.default\">\n\t\t\t\t\t<h2 class=\"elementor-heading-title elementor-size-default\">Le dispositif DEEP SEEKER, premier du genre dans le monde, fonctionne avec cinq syst\u00e8mes sp\u00e9cialis\u00e9s con\u00e7us pour d\u00e9tecter les richesses souterraines, notamment l'or, les tr\u00e9sors, les m\u00e9taux pr\u00e9cieux, les artefacts anciens, les grottes et les vides sous la surface terrestre.<\/h2>\t\t\t\t<\/div>\n\t\t\t\t<div class=\"elementor-element elementor-element-4c4be64b color-scheme-inherit text-left elementor-widget elementor-widget-text-editor\" data-id=\"4c4be64b\" data-element_type=\"widget\" data-e-type=\"widget\" data-widget_type=\"text-editor.default\">\n\t\t\t\t\t\t\t\t\t<div>\nCon\u00e7u par GER Detect et UIG Detectors, le DEEP SEEKER est adapt\u00e9 aux passionn\u00e9s d&rsquo;or, aux chasseurs de tr\u00e9sors et aux chercheurs de diamants, adaptable \u00e0 des terrains vari\u00e9s et \u00e0 des conditions m\u00e9t\u00e9orologiques difficiles. Il repr\u00e9sente l&rsquo;aboutissement de technologies avanc\u00e9es, en faisant l&rsquo;appareil de r\u00eave pour les explorateurs et les prospecteurs du monde entier.\n\n<br\/><br\/>\n\nNos experts ont d\u00e9velopp\u00e9 le DEEP SEEKER pour r\u00e9soudre les d\u00e9fis auxquels font face les chercheurs utilisant des dispositifs traditionnels r\u00e9pandus sur le march\u00e9. Pour la premi\u00e8re fois dans la technologie moderne, cet appareil unique fonctionne avec cinq syst\u00e8mes de recherche distincts, atteignant des profondeurs allant jusqu&rsquo;\u00e0 40 m\u00e8tres sous terre et une port\u00e9e avant de 3000 m\u00e8tres.\n<\/div>\t\t\t\t\t\t\t\t<\/div>\n\t\t\t\t<div class=\"elementor-element elementor-element-d7d5348 elementor-widget elementor-widget-heading\" data-id=\"d7d5348\" data-element_type=\"widget\" data-e-type=\"widget\" data-widget_type=\"heading.default\">\n\t\t\t\t\t<h3 class=\"elementor-heading-title elementor-size-default\">Sp\u00e9cifications et syst\u00e8mes de recherche du dispositif DEEP SEEKER:<\/h3>\t\t\t\t<\/div>\n\t\t<div class=\"elementor-element elementor-element-f774518 e-con-full e-flex e-con e-child\" data-id=\"f774518\" data-element_type=\"container\" data-e-type=\"container\">\n\t\t\t\t<div class=\"elementor-element elementor-element-1bfb72c4 elementor-widget__width-initial elementor-widget-mobile__width-inherit elementor-widget elementor-widget-wd_infobox\" data-id=\"1bfb72c4\" data-element_type=\"widget\" data-e-type=\"widget\" data-widget_type=\"wd_infobox.default\">\n\t\t\t\t<div class=\"elementor-widget-container\">\n\t\t\t\t\t\t\t<div class=\"info-box-wrapper\">\n\t\t\t<div class=\"wd-info-box text-left box-icon-align-left box-style-base color-scheme- wd-items-middle\">\n\t\t\t\t\n\t\t\t\t<div class=\"info-box-content\">\n\t\t\t\t\t\t\t\t\t\t\t\n\t\t\t\t\t\t<div class=\"info-box-subtitle subtitle-style-default wd-fontsize-xs\" data-elementor-setting-key=\"subtitle\">\n\t\t\t\t\t\t\t1. Syst\u00e8me d'imagerie 3D\t\t\t\t\t\t<\/div>\n\t\t\t\t\t\n\t\t\t\t\t\t\t\t\t\t\t<h4\t\t\t\t\t\tclass=\"info-box-title title box-title-style-default wd-fontsize-m\" data-elementor-setting-key=\"title\">\n\t\t\t\t\t\t\t\tCe syst\u00e8me int\u00e8gre des sp\u00e9cifications techniques innovantes, capture des images de toutes les couches de la terre et affiche les r\u00e9sultats de toutes les directions sur l'\u00e9cran de l'appareil. Il clarifie les cibles souterraines, r\u00e9v\u00e9lant l'or, les m\u00e9taux enfouis, les grottes, les vides, les tombes et tout ce qui est cach\u00e9 sous la terre, indiquant la profondeur de chaque cible d\u00e9couverte en m\u00e8tres et centim\u00e8tres.\t\t\t\t\t\t<\/h4>\n\t\t\t\t\t\n\t\t\t\t\t<div class=\"info-box-inner reset-last-child\"data-elementor-setting-key=\"content\"><\/div>\n\n\t\t\t\t\t\t\t\t\t<\/div>\n\n\t\t\t\t\t\t\t\t\t<a href=\"#\" class=\"wd-info-box-link wd-fill\" aria-label=\"Infobox link\"><\/a>\n\t\t\t\t\t\t\t<\/div>\n\t\t<\/div>\n\t\t\t\t\t\t<\/div>\n\t\t\t\t<\/div>\n\t\t\t\t<div class=\"elementor-element elementor-element-1659553a elementor-widget__width-initial elementor-widget-mobile__width-inherit elementor-widget elementor-widget-video\" data-id=\"1659553a\" data-element_type=\"widget\" data-e-type=\"widget\" data-settings=\"{&quot;youtube_url&quot;:&quot;https:\\\/\\\/www.youtube.com\\\/watch?v=HGFXct3-7aA&quot;,&quot;video_type&quot;:&quot;youtube&quot;,&quot;controls&quot;:&quot;yes&quot;}\" data-widget_type=\"video.default\">\n\t\t\t\t\t\t\t<div class=\"elementor-wrapper elementor-open-inline\">\n\t\t\t<div class=\"elementor-video\"><\/div>\t\t<\/div>\n\t\t\t\t\t\t<\/div>\n\t\t\t\t<\/div>\n\t\t<div class=\"elementor-element elementor-element-6f629677 e-con-full e-flex e-con e-child\" data-id=\"6f629677\" data-element_type=\"container\" data-e-type=\"container\">\n\t\t\t\t<div class=\"elementor-element elementor-element-c7a2ce4 elementor-widget__width-initial elementor-widget-mobile__width-inherit elementor-widget elementor-widget-video\" data-id=\"c7a2ce4\" data-element_type=\"widget\" data-e-type=\"widget\" data-settings=\"{&quot;youtube_url&quot;:&quot;https:\\\/\\\/www.youtube.com\\\/watch?v=Z0gXSvEVhUU&quot;,&quot;video_type&quot;:&quot;youtube&quot;,&quot;controls&quot;:&quot;yes&quot;}\" data-widget_type=\"video.default\">\n\t\t\t\t\t\t\t<div class=\"elementor-wrapper elementor-open-inline\">\n\t\t\t<div class=\"elementor-video\"><\/div>\t\t<\/div>\n\t\t\t\t\t\t<\/div>\n\t\t\t\t<div class=\"elementor-element elementor-element-342e806 elementor-widget__width-initial elementor-widget-mobile__width-inherit elementor-widget elementor-widget-wd_infobox\" data-id=\"342e806\" data-element_type=\"widget\" data-e-type=\"widget\" data-widget_type=\"wd_infobox.default\">\n\t\t\t\t<div class=\"elementor-widget-container\">\n\t\t\t\t\t\t\t<div class=\"info-box-wrapper\">\n\t\t\t<div class=\"wd-info-box text-left box-icon-align-left box-style-base color-scheme- wd-items-middle\">\n\t\t\t\t\n\t\t\t\t<div class=\"info-box-content\">\n\t\t\t\t\t\t\t\t\t\t\t\n\t\t\t\t\t\t<div class=\"info-box-subtitle subtitle-style-default wd-fontsize-xs\" data-elementor-setting-key=\"subtitle\">\n\t\t\t\t\t\t\t2. Syst\u00e8me de d\u00e9tection \u00e0 longue port\u00e9e\t\t\t\t\t\t<\/div>\n\t\t\t\t\t\n\t\t\t\t\t\t\t\t\t\t\t<h4\t\t\t\t\t\tclass=\"info-box-title title box-title-style-default wd-fontsize-m\" data-elementor-setting-key=\"title\">\n\t\t\t\t\t\t\t\tCe syst\u00e8me de haute pr\u00e9cision assure une d\u00e9tection et un suivi pr\u00e9cis des signaux, guidant les utilisateurs vers la cible via l'\u00e9cran smart de l'appareil.<br \/>\nIl offre une identification tr\u00e8s pr\u00e9cise du type de m\u00e9tal destin\u00e9 \u00e0 la d\u00e9couverte.\t\t\t\t\t\t<\/h4>\n\t\t\t\t\t\n\t\t\t\t\t<div class=\"info-box-inner reset-last-child\"data-elementor-setting-key=\"content\"><\/div>\n\n\t\t\t\t\t\t\t\t\t<\/div>\n\n\t\t\t\t\t\t\t\t\t<a href=\"#\" class=\"wd-info-box-link wd-fill\" aria-label=\"Infobox link\"><\/a>\n\t\t\t\t\t\t\t<\/div>\n\t\t<\/div>\n\t\t\t\t\t\t<\/div>\n\t\t\t\t<\/div>\n\t\t\t\t<\/div>\n\t\t<div class=\"elementor-element elementor-element-23171b06 e-con-full e-flex e-con e-child\" data-id=\"23171b06\" data-element_type=\"container\" data-e-type=\"container\">\n\t\t\t\t<div class=\"elementor-element elementor-element-25cce918 elementor-widget__width-initial elementor-widget-mobile__width-inherit elementor-widget elementor-widget-wd_infobox\" data-id=\"25cce918\" data-element_type=\"widget\" data-e-type=\"widget\" data-widget_type=\"wd_infobox.default\">\n\t\t\t\t<div class=\"elementor-widget-container\">\n\t\t\t\t\t\t\t<div class=\"info-box-wrapper\">\n\t\t\t<div class=\"wd-info-box text-left box-icon-align-left box-style-base color-scheme- wd-items-middle\">\n\t\t\t\t\n\t\t\t\t<div class=\"info-box-content\">\n\t\t\t\t\t\t\t\t\t\t\t\n\t\t\t\t\t\t<div class=\"info-box-subtitle subtitle-style-default wd-fontsize-xs\" data-elementor-setting-key=\"subtitle\">\n\t\t\t\t\t\t\t3. Syst\u00e8me de recherche de champs ioniques\t\t\t\t\t\t<\/div>\n\t\t\t\t\t\n\t\t\t\t\t\t\t\t\t\t\t<h4\t\t\t\t\t\tclass=\"info-box-title title box-title-style-default wd-fontsize-m\" data-elementor-setting-key=\"title\">\n\t\t\t\t\t\t\t\tCe syst\u00e8me identifie les champs ioniques \u00e9mis par l'or, les tr\u00e9sors et les artefacts apr\u00e8s avoir entr\u00e9 enterr\u00e9s longtemps sous terre, interagissant avec le sol, la composition du sol et s'alignant avec les lignes magn\u00e9tiques nord et sud. Le syst\u00e8me ionique r\u00e9duit la n\u00e9cessit\u00e9 de parcourir de longues distances dans des terrains vastes lors des recherches\t\t\t\t\t\t<\/h4>\n\t\t\t\t\t\n\t\t\t\t\t<div class=\"info-box-inner reset-last-child\"data-elementor-setting-key=\"content\"><\/div>\n\n\t\t\t\t\t\t\t\t\t<\/div>\n\n\t\t\t\t\t\t\t\t\t<a href=\"#\" class=\"wd-info-box-link wd-fill\" aria-label=\"Infobox link\"><\/a>\n\t\t\t\t\t\t\t<\/div>\n\t\t<\/div>\n\t\t\t\t\t\t<\/div>\n\t\t\t\t<\/div>\n\t\t\t\t<div class=\"elementor-element elementor-element-6d1cf3b0 elementor-widget__width-initial elementor-widget-mobile__width-inherit elementor-widget elementor-widget-video\" data-id=\"6d1cf3b0\" data-element_type=\"widget\" data-e-type=\"widget\" data-settings=\"{&quot;youtube_url&quot;:&quot;https:\\\/\\\/www.youtube.com\\\/watch?v=jdYVttizuY0&quot;,&quot;video_type&quot;:&quot;youtube&quot;,&quot;controls&quot;:&quot;yes&quot;}\" data-widget_type=\"video.default\">\n\t\t\t\t\t\t\t<div class=\"elementor-wrapper elementor-open-inline\">\n\t\t\t<div class=\"elementor-video\"><\/div>\t\t<\/div>\n\t\t\t\t\t\t<\/div>\n\t\t\t\t<\/div>\n\t\t<div class=\"elementor-element elementor-element-38960a6b e-con-full e-flex e-con e-child\" data-id=\"38960a6b\" data-element_type=\"container\" data-e-type=\"container\">\n\t\t\t\t<div class=\"elementor-element elementor-element-3a63fa3c elementor-widget__width-initial elementor-widget-mobile__width-inherit elementor-widget elementor-widget-video\" data-id=\"3a63fa3c\" data-element_type=\"widget\" data-e-type=\"widget\" data-settings=\"{&quot;youtube_url&quot;:&quot;https:\\\/\\\/www.youtube.com\\\/watch?v=QZoLpVwZRgg&quot;,&quot;video_type&quot;:&quot;youtube&quot;,&quot;controls&quot;:&quot;yes&quot;}\" data-widget_type=\"video.default\">\n\t\t\t\t\t\t\t<div class=\"elementor-wrapper elementor-open-inline\">\n\t\t\t<div class=\"elementor-video\"><\/div>\t\t<\/div>\n\t\t\t\t\t\t<\/div>\n\t\t\t\t<div class=\"elementor-element elementor-element-66a2f931 elementor-widget__width-initial elementor-widget-mobile__width-inherit elementor-widget elementor-widget-wd_infobox\" data-id=\"66a2f931\" data-element_type=\"widget\" data-e-type=\"widget\" data-widget_type=\"wd_infobox.default\">\n\t\t\t\t<div class=\"elementor-widget-container\">\n\t\t\t\t\t\t\t<div class=\"info-box-wrapper\">\n\t\t\t<div class=\"wd-info-box text-left box-icon-align-left box-style-base color-scheme- wd-items-middle\">\n\t\t\t\t\n\t\t\t\t<div class=\"info-box-content\">\n\t\t\t\t\t\t\t\t\t\t\t\n\t\t\t\t\t\t<div class=\"info-box-subtitle subtitle-style-default wd-fontsize-xs\" data-elementor-setting-key=\"subtitle\">\n\t\t\t\t\t\t\t4. Syst\u00e8me magn\u00e9tom\u00e8tre\t\t\t\t\t\t<\/div>\n\t\t\t\t\t\n\t\t\t\t\t\t\t\t\t\t\t<h4\t\t\t\t\t\tclass=\"info-box-title title box-title-style-default wd-fontsize-m\" data-elementor-setting-key=\"title\">\n\t\t\t\t\t\t\t\tCe syst\u00e8me d\u00e9tecte les m\u00e9taux magn\u00e9tiques non pr\u00e9cieux tels que le fer sous la surface de la terre, atteignant une profondeur de 40 m\u00e8tres\t\t\t\t\t\t<\/h4>\n\t\t\t\t\t\n\t\t\t\t\t<div class=\"info-box-inner reset-last-child\"data-elementor-setting-key=\"content\"><\/div>\n\n\t\t\t\t\t\t\t\t\t<\/div>\n\n\t\t\t\t\t\t\t\t\t<a href=\"#\" class=\"wd-info-box-link wd-fill\" aria-label=\"Infobox link\"><\/a>\n\t\t\t\t\t\t\t<\/div>\n\t\t<\/div>\n\t\t\t\t\t\t<\/div>\n\t\t\t\t<\/div>\n\t\t\t\t<\/div>\n\t\t<div class=\"elementor-element elementor-element-6adaeaf9 e-con-full e-flex e-con e-child\" data-id=\"6adaeaf9\" data-element_type=\"container\" data-e-type=\"container\">\n\t\t\t\t<div class=\"elementor-element elementor-element-258aece9 elementor-widget__width-initial elementor-widget-mobile__width-inherit elementor-widget elementor-widget-wd_infobox\" data-id=\"258aece9\" data-element_type=\"widget\" data-e-type=\"widget\" data-widget_type=\"wd_infobox.default\">\n\t\t\t\t<div class=\"elementor-widget-container\">\n\t\t\t\t\t\t\t<div class=\"info-box-wrapper\">\n\t\t\t<div class=\"wd-info-box text-left box-icon-align-left box-style-base color-scheme- wd-items-middle\">\n\t\t\t\t\n\t\t\t\t<div class=\"info-box-content\">\n\t\t\t\t\t\t\t\t\t\t\t\n\t\t\t\t\t\t<div class=\"info-box-subtitle subtitle-style-default wd-fontsize-xs\" data-elementor-setting-key=\"subtitle\">\n\t\t\t\t\t\t\t5. Syst\u00e8me de d\u00e9tection de vides\t\t\t\t\t\t<\/div>\n\t\t\t\t\t\n\t\t\t\t\t\t\t\t\t\t\t<h4\t\t\t\t\t\tclass=\"info-box-title title box-title-style-default wd-fontsize-m\" data-elementor-setting-key=\"title\">\n\t\t\t\t\t\t\t\tCe syst\u00e8me excelle dans la localisation de grottes, de vides, de tombes et de chambres souterraines. Lorsqu'un vide est d\u00e9tect\u00e9, l'appareil \u00e9met un signal sonore, et l'indicateur appara\u00eet sur l'\u00e9cran\t\t\t\t\t\t<\/h4>\n\t\t\t\t\t\n\t\t\t\t\t<div class=\"info-box-inner reset-last-child\"data-elementor-setting-key=\"content\"><\/div>\n\n\t\t\t\t\t\t\t\t\t<\/div>\n\n\t\t\t\t\t\t\t\t\t<a href=\"#\" class=\"wd-info-box-link wd-fill\" aria-label=\"Infobox link\"><\/a>\n\t\t\t\t\t\t\t<\/div>\n\t\t<\/div>\n\t\t\t\t\t\t<\/div>\n\t\t\t\t<\/div>\n\t\t\t\t<div class=\"elementor-element elementor-element-31a07840 elementor-widget__width-initial elementor-widget-mobile__width-inherit elementor-widget elementor-widget-video\" data-id=\"31a07840\" data-element_type=\"widget\" data-e-type=\"widget\" data-settings=\"{&quot;youtube_url&quot;:&quot;https:\\\/\\\/www.youtube.com\\\/watch?v=c3o9CGFZWPU&quot;,&quot;video_type&quot;:&quot;youtube&quot;,&quot;controls&quot;:&quot;yes&quot;}\" data-widget_type=\"video.default\">\n\t\t\t\t\t\t\t<div class=\"elementor-wrapper elementor-open-inline\">\n\t\t\t<div class=\"elementor-video\"><\/div>\t\t<\/div>\n\t\t\t\t\t\t<\/div>\n\t\t\t\t<\/div>\n\t\t\t\t<div class=\"elementor-element elementor-element-329202a3 elementor-widget elementor-widget-heading\" data-id=\"329202a3\" data-element_type=\"widget\" data-e-type=\"widget\" data-widget_type=\"heading.default\">\n\t\t\t\t\t<h3 class=\"elementor-heading-title elementor-size-default\">Caract\u00e9ristiques et fonctionnalit\u00e9s du DEEP SEEKER<\/h3>\t\t\t\t<\/div>\n\t\t\t\t<div class=\"elementor-element elementor-element-357ae1d2 color-scheme-inherit text-left elementor-widget elementor-widget-text-editor\" data-id=\"357ae1d2\" data-element_type=\"widget\" data-e-type=\"widget\" data-widget_type=\"text-editor.default\">\n\t\t\t\t\t\t\t\t\t<div>\n&#8211; Identification du type de sol : L&rsquo;appareil permet aux utilisateurs d&rsquo;identifier le type de sol, notamment rocheux, naturel, mixte, m\u00e9tallique, argileux ou sablonneux.\n<br\/><br\/>\n&#8211; Appareil multilingue : Le DEEP SEEKER fonctionne en six langues : allemand \u2013 anglais \u2013 fran\u00e7ais \u2013 italien &#8211; espagnol &#8211; arabe.\n<br\/><br\/>\n&#8211; Profondeur et port\u00e9e : L&rsquo;appareil peut effectuer des recherches jusqu&rsquo;\u00e0 une profondeur de 40 m\u00e8tres sous terre et a une port\u00e9e avant de 3000 m\u00e8tres, avec la capacit\u00e9 de sp\u00e9cifier la profondeur des cibles sous la terre en m\u00e8tres et centim\u00e8tres.\n<br\/><br\/>\n&#8211; Syst\u00e8me de fonctionnement automatique : Le syst\u00e8me de fonctionnement du DEEP SEEKER est immunis\u00e9 contre les variations des types de sol, qu&rsquo;il s&rsquo;agisse de sols humides, riches en sels min\u00e9raux, en roches m\u00e9talliques ou en roches basaltiques, gr\u00e2ce \u00e0 sa technologie de calibrage automatique.\n<br\/><br\/>\n&#8211; Certification mondiale : Fabriqu\u00e9 en Allemagne, le DEEP SEEKER d\u00e9tient la certification europ\u00e9enne CE et la certification internationale ISO 9001, respectant les normes et sp\u00e9cifications mondiales.\n<br\/><br\/>\n&#8211; Compatibilit\u00e9 : Con\u00e7u pour fonctionner dans divers terrains et r\u00e9sister \u00e0 des conditions m\u00e9t\u00e9orologiques difficiles, le DEEP SEEKER est le produit de l&rsquo;excellence de l&rsquo;ing\u00e9nierie allemande.\n<br\/><br\/>\nNous vous souhaitons du succ\u00e8s dans vos voyages\u00a0exploratoires.\n\n<\/div>\t\t\t\t\t\t\t\t<\/div>\n\t\t\t\t<div class=\"elementor-element elementor-element-5f540e27 elementor-widget elementor-widget-video\" data-id=\"5f540e27\" data-element_type=\"widget\" data-e-type=\"widget\" data-settings=\"{&quot;youtube_url&quot;:&quot;https:\\\/\\\/www.youtube.com\\\/watch?v=tApgvL9-qEE&quot;,&quot;video_type&quot;:&quot;youtube&quot;,&quot;controls&quot;:&quot;yes&quot;}\" data-widget_type=\"video.default\">\n\t\t\t\t\t\t\t<div class=\"elementor-wrapper elementor-open-inline\">\n\t\t\t<div class=\"elementor-video\"><\/div>\t\t<\/div>\n\t\t\t\t\t\t<\/div>\n\t\t\t\t<div class=\"elementor-element elementor-element-1482c17c elementor-widget elementor-widget-wd_accordion\" data-id=\"1482c17c\" data-element_type=\"widget\" data-e-type=\"widget\" data-widget_type=\"wd_accordion.default\">\n\t\t\t\t<div class=\"elementor-widget-container\">\n\t\t\t\t\t\n\t\t<div class=\"wd-accordion wd-style-shadow wd-titles-left wd-opener-pos-right wd-opener-style-arrow\" data-state=\"all_closed\">\n\t\t\t\t\t\t\t\n\t\t\t\t<div class=\"wd-accordion-item\">\n\t\t\t\t\t<div class=\"wd-accordion-title wd-role-btn\" data-accordion-index=\"0\" tabindex=\"0\">\n\t\t\t\t\t\t<div class=\"wd-accordion-title-text\">\n\t\t\t\t\t\t\t\t\t\t\t\t\t\t\t<span class=\"img-wrapper\">\n\t\t\t\t\t\t\t\t\t<svg class=\"e-font-icon-svg e-fas-table\" viewBox=\"0 0 512 512\" xmlns=\"http:\/\/www.w3.org\/2000\/svg\"><path d=\"M464 32H48C21.49 32 0 53.49 0 80v352c0 26.51 21.49 48 48 48h416c26.51 0 48-21.49 48-48V80c0-26.51-21.49-48-48-48zM224 416H64v-96h160v96zm0-160H64v-96h160v96zm224 160H288v-96h160v96zm0-160H288v-96h160v96z\"><\/path><\/svg>\t\t\t\t\t\t\t\t<\/span>\n\t\t\t\t\t\t\t\t\t\t\t\t\t\t<span>\n\t\t\t\t\t\t\t\tSp\u00e9cifications Techniques\t\t\t\t\t\t\t<\/span>\n\t\t\t\t\t\t<\/div>\n\t\t\t\t\t\t<span class=\"wd-accordion-opener\"><\/span>\n\t\t\t\t\t<\/div>\n\n\t\t\t\t\t<div class=\"wd-accordion-content wd-entry-content\" data-accordion-index=\"0\">\n\t\t\t\t\t\t\t\t\t\t\t\t\t\n\t\t\t\t\t\t\t<table class=\"table table-striped table-bordered\">\n<thead class=\"thead-dark\">\n<tr>\n<th scope=\"col\">Nom de la sp\u00e9cification technique<\/th>\n<th scope=\"col\">Valeur de sp\u00e9cification technique<\/th>\n<\/tr>\n<\/thead>\n<tbody id=\"technicalContainer\">\n<tr>\n<td>Sortie audio<\/td>\n<td>Sonnerie pi\u00e9zo\u00e9lectrique \u00d8: 12mm - H: niveau de pression acoustique de 9,8mm 85db \u00e0 une fr\u00e9quence de 12v \/ 10cm 4.5 \u00b1 0.5 KHz<\/td>\n<\/tr>\n<tr>\n<td>Un \u00e9cran \u00e0 cristaux liquides<\/td>\n<td>\u00c9cran tactile couleur 98mm x 57mm \/ 480x270 px<\/td>\n<\/tr>\n<tr>\n<td>Longueur<\/td>\n<td>Dispositif : 170 mm - Dispositif avec capteur dimage et magn\u00e9tique 700mm (ferm\u00e9) - Dispositif avec imagerie et capteur magn\u00e9tique 1015mm (Ouvert) - Dispositif avec capteur ionique 355mm - Dispositif avec capteur longue port\u00e9e 310mm<\/td>\n<\/tr>\n<tr>\n<td>Fr\u00e9quence<\/td>\n<td>Max 500 KHz<\/td>\n<\/tr>\n<tr>\n<td>Vitesse du traitement des donn\u00e9es<\/td>\n<td>8 MHz<\/td>\n<\/tr>\n<tr>\n<td>La temp\u00e9rature r\u00e9sistente du dispositif<\/td>\n<td>0 C\u00b0 au 70 C\u00b0<\/td>\n<\/tr>\n<tr>\n<td>Taux dhumidit\u00e9 r\u00e9sist\u00e9 successivement<\/td>\n<td>jusqu\u00e0 95% sans condensation<\/td>\n<\/tr>\n<tr>\n<td>Taux de temp\u00e9rature stocker du dispositif<\/td>\n<td>- 20C\u00b0 au 70C\u00b0<\/td>\n<\/tr>\n<tr>\n<td>Taux de r\u00e9sistence \u00e0 lhumidit\u00e9<\/td>\n<td>Jusqu\u00e0 95% Humidit\u00e9 relative<\/td>\n<\/tr>\n<tr>\n<td>R\u00e9sistence de Batterie<\/td>\n<td>10 Heures<\/td>\n<\/tr>\n<tr>\n<td>D\u00e9tecteur Waterproof<\/td>\n<td>non waterproof<\/td>\n<\/tr>\n<tr>\n<td>Bluetooth<\/td>\n<td>HC-05 module - 2.4 GHz radio<\/td>\n<\/tr>\n<tr>\n<td>Module boussole<\/td>\n<td>GY-282<\/td>\n<\/tr>\n<tr>\n<td>Poids total<\/td>\n<td>5600 g<\/td>\n<\/tr>\n<tr>\n<td>Poids de lappareil<\/td>\n<td>655 g<\/td>\n<\/tr>\n<tr>\n<td>Poids du sac<\/td>\n<td>3.5 kg<\/td>\n<\/tr>\n<tr>\n<td>Dimensions<\/td>\n<td>53cm x 40cm x 22.8 cm<\/td>\n<\/tr>\n<tr>\n<td>Type de la batterie<\/td>\n<td>Batterie Li-ion rechargeable - Batterie externe<\/td>\n<\/tr>\n<tr>\n<td>Tension de sortie de la batterie<\/td>\n<td>Li-ion 10.8 VDC<\/td>\n<\/tr>\n<tr>\n<td>Capacit\u00e9 de la batterie<\/td>\n<td>Li-ion 27 Wh<\/td>\n<\/tr>\n<tr>\n<td>Temps dex\u00e9cution de la batterie<\/td>\n<td>10 Heures<\/td>\n<\/tr>\n<tr>\n<td>Temp\u00e9rature de fonctionnement de la batterie<\/td>\n<td>0 C\u00b0 au 50 C\u00b0<\/td>\n<\/tr>\n<tr>\n<td>Temp\u00e9rature de stockage de la batterie<\/td>\n<td>- 5C\u00b0 au 70C\u00b0<\/td>\n<\/tr>\n<tr>\n<td>Poids de la batterie<\/td>\n<td>350 g<\/td>\n<\/tr>\n<tr>\n<td>Temp\u00e9rature dexploitation du chargeur de la Batterie<\/td>\n<td>0 C\u00b0 au 50 C\u00b0<\/td>\n<\/tr>\n<tr>\n<td>Temp\u00e9rature de stockage du chargeur de la Batterie<\/td>\n<td>- 30C\u00b0 au 80C\u00b0<\/td>\n<\/tr>\n<tr>\n<td>Tension dentr\u00e9e du chargeur de la Batterie<\/td>\n<td>90 \u2192 250 VAC 50\u219260 Hz<\/td>\n<\/tr>\n<tr>\n<td>Sortie du chargeur de la Batterie<\/td>\n<td>12.6 VDC \/ 1000 mA<\/td>\n<\/tr>\n<\/tbody>\n<\/table>\n\t\t\t\t\t\t\t\t\t\t\t\t\t\t\t\t\t\t<\/div>\n\t\t\t\t<\/div>\n\t\t\t\t\t<\/div>\n\t\t\t\t\t\t<\/div>\n\t\t\t\t<\/div>\n\t\t\t\t\t<\/div>\n\t\t\t\t<\/div>\n\t\t\t\t<\/div>\n\t\t","protected":false},"excerpt":{"rendered":"<h5 style=\"color: #333333;\">L\u2019appareil DEEP SEEKER est une station d&rsquo;exploration compl\u00e8te dot\u00e9e de cinq syst\u00e8mes novateurs int\u00e9gr\u00e9s dans un seul dispositif, capable de d\u00e9tecter l&rsquo;or, les tr\u00e9sors enfouis, les vides, les artefacts anciens, les m\u00e9taux pr\u00e9cieux et les diamants sous la surface terrestre.<\/h5>\n<table style=\"font-size: 14px;\" border=\"1&quot;\" width=\"55%\" cellspacing=\"0\" cellpadding=\"5\">\n<tbody>\n<tr>\n<td style=\"border: 1px solid lightgray;\" align=\"left\" width=\"15%\"><strong>Search system<\/strong><\/td>\n<td style=\"border: 1px solid lightgray; text-align: center;\" align=\"center\" width=\"40%\">5 systems including imaging sensor<\/td>\n<\/tr>\n<tr>\n<td style=\"border: 1px solid lightgray;\" align=\"left\" width=\"15%\"><strong>Search depth<\/strong><\/td>\n<td style=\"border: 1px solid lightgray; text-align: center;\" align=\"center\" width=\"40%\">40 meter<\/td>\n<\/tr>\n<tr>\n<td style=\"border: 1px solid lightgray;\" align=\"left\" width=\"15%\"><strong>Device weight<\/strong><\/td>\n<td style=\"border: 1px solid lightgray; text-align: center;\" align=\"center\" width=\"40%\">655 gram<\/td>\n<\/tr>\n<tr>\n<td style=\"border: 1px solid lightgray;\" align=\"left\" width=\"15%\"><strong>Total weight<\/strong><\/td>\n<td style=\"border: 1px solid lightgray; text-align: center;\" align=\"center\" width=\"40%\">5600 gram<\/td>\n<\/tr>\n<tr>\n<td style=\"border: 1px solid lightgray;\" align=\"left\" width=\"15%\"><strong>Package dimensions<\/strong><\/td>\n<td style=\"border: 1px solid lightgray; text-align: center;\" align=\"center\" width=\"40%\">530mm x 400mm x 228mm<\/td>\n<\/tr>\n<tr>\n<td style=\"border: 1px solid lightgray;\" align=\"left\" width=\"10%\"><strong>Warranty<\/strong><\/td>\n<td style=\"border: 1px solid lightgray; text-align: center;\" align=\"center\" width=\"40%\">Two (2) Year<\/td>\n<\/tr>\n<tr>\n<td style=\"border: 1px solid lightgray;\" align=\"left\" width=\"10%\"><strong>Made in<\/strong><\/td>\n<td style=\"border: 1px solid lightgray; text-align: center;\" align=\"center\" width=\"40%\">Germany<\/td>\n<\/tr>\n<\/tbody>\n<\/table>\n","protected":false},"featured_media":41399,"template":"","meta":[],"product_brand":[],"product_cat":[1262,190,226,1626],"product_tag":[],"class_list":{"0":"post-16520","1":"product","2":"type-product","3":"status-publish","4":"has-post-thumbnail","6":"product_cat-sale-fr","7":"product_cat-detecteurs-dor-et-de-metal","8":"product_cat-boutique","9":"product_cat-treasures-fr","11":"first","12":"instock","13":"sale","14":"purchasable","15":"product-type-simple"},"_links":{"self":[{"href":"https:\/\/uigdetectors.com\/fr\/wp-json\/wp\/v2\/product\/16520","targetHints":{"allow":["GET"]}}],"collection":[{"href":"https:\/\/uigdetectors.com\/fr\/wp-json\/wp\/v2\/product"}],"about":[{"href":"https:\/\/uigdetectors.com\/fr\/wp-json\/wp\/v2\/types\/product"}],"version-history":[{"count":0,"href":"https:\/\/uigdetectors.com\/fr\/wp-json\/wp\/v2\/product\/16520\/revisions"}],"wp:featuredmedia":[{"embeddable":true,"href":"https:\/\/uigdetectors.com\/fr\/wp-json\/wp\/v2\/media\/41399"}],"wp:attachment":[{"href":"https:\/\/uigdetectors.com\/fr\/wp-json\/wp\/v2\/media?parent=16520"}],"wp:term":[{"taxonomy":"product_brand","embeddable":true,"href":"https:\/\/uigdetectors.com\/fr\/wp-json\/wp\/v2\/product_brand?post=16520"},{"taxonomy":"product_cat","embeddable":true,"href":"https:\/\/uigdetectors.com\/fr\/wp-json\/wp\/v2\/product_cat?post=16520"},{"taxonomy":"product_tag","embeddable":true,"href":"https:\/\/uigdetectors.com\/fr\/wp-json\/wp\/v2\/product_tag?post=16520"}],"curies":[{"name":"wp","href":"https:\/\/api.w.org\/{rel}","templated":true}]}}