{"id":17365,"date":"2023-06-02T22:19:02","date_gmt":"2023-06-02T19:19:02","guid":{"rendered":"https:\/\/shop.uigdetectors.com\/?post_type=product&#038;p=17365"},"modified":"2024-12-03T14:27:27","modified_gmt":"2024-12-03T11:27:27","slug":"titan-ger-1000-detector-fr","status":"publish","type":"product","link":"https:\/\/uigdetectors.com\/fr\/produit\/titan-ger-1000-detector-fr\/","title":{"rendered":"Appareil TITAN GER 1000 pour d\u00e9tecter les m\u00e9taux pr\u00e9cieux et les tr\u00e9sors enfouis"},"content":{"rendered":"\t\t<div data-elementor-type=\"wp-post\" data-elementor-id=\"17365\" class=\"elementor elementor-17365 elementor-11483\" data-elementor-post-type=\"product\">\n\t\t\t\t<div class=\"wd-negative-gap elementor-element elementor-element-add873e e-flex e-con-boxed e-con e-parent\" data-id=\"add873e\" data-element_type=\"container\" data-e-type=\"container\">\n\t\t\t\t\t<div class=\"e-con-inner\">\n\t\t\t\t<div class=\"elementor-element elementor-element-659f21c elementor-widget elementor-widget-heading\" data-id=\"659f21c\" data-element_type=\"widget\" data-e-type=\"widget\" data-widget_type=\"heading.default\">\n\t\t\t\t\t<h1 class=\"elementor-heading-title elementor-size-default\">LE D\u00c9TECTEUR TITAN GER 1000<\/h1>\t\t\t\t<\/div>\n\t\t\t\t<div class=\"elementor-element elementor-element-85a3f23 elementor-widget elementor-widget-heading\" data-id=\"85a3f23\" data-element_type=\"widget\" data-e-type=\"widget\" data-widget_type=\"heading.default\">\n\t\t\t\t\t<h2 class=\"elementor-heading-title elementor-size-default\">Le TITAN GER \u20131000 est une station de recherche compl\u00e8te dot\u00e9e de cinq syst\u00e8mes de recherche professionnels et innovants, regroup\u00e9s dans un seul dispositif sp\u00e9cialis\u00e9 con\u00e7u pour d\u00e9tecter l'or enfoui, les tr\u00e9sors cach\u00e9s, les objets anciens, les m\u00e9taux pr\u00e9cieux, les tr\u00e9sors arch\u00e9ologiques, les tunnels, les passages, les grottes, les vides, les diamants et les pierres pr\u00e9cieuses sous terre. <\/h2>\t\t\t\t<\/div>\n\t\t\t\t<div class=\"elementor-element elementor-element-0088d77 color-scheme-inherit text-left elementor-widget elementor-widget-text-editor\" data-id=\"0088d77\" data-element_type=\"widget\" data-e-type=\"widget\" data-widget_type=\"text-editor.default\">\n\t\t\t\t\t\t\t\t\t<div>\nBonne nouvelle pour ceux qui recherchent de l&rsquo;or enfoui, des tr\u00e9sors cach\u00e9s, des objets anciens, des m\u00e9taux pr\u00e9cieux, des tr\u00e9sors arch\u00e9ologiques, des tunnels, des passages, des grottes, des vides, des diamants et des pierres pr\u00e9cieuses. \n<br\/><br\/>\nL&rsquo;\u00e8re de la fatigue et de la recherche al\u00e9atoire a enfin pris fin: nous pr\u00e9sentons aux explorateurs et aux passionn\u00e9s des avanc\u00e9es technologiques modernes et uniques qui leur permettent de voir, d&rsquo;entendre et de toucher l&rsquo;or, les diamants, les pierres pr\u00e9cieuses, les tr\u00e9sors enfouis, les objets anciens, les tombes, les grottes arch\u00e9ologiques et tous les tr\u00e9sors sous la terre avant l&rsquo;extraction.  \n<br\/><br\/>\nLe TITAN GER \u20131000 est un dispositif multi-syst\u00e8mes pour la recherche de richesses souterraines. \n<br\/><br\/>\nIl s&rsquo;agit d&rsquo;un seul appareil contenant une station de recherche compl\u00e8te avec cinq syst\u00e8mes de recherche diff\u00e9rents.  \n<br\/><br\/>\nGER Detect et UIG Detectors ont incorpor\u00e9 toutes les technologies avanc\u00e9es dans ce premier appareil mondial. \n<br\/><br\/>\nLes sp\u00e9cifications et les caract\u00e9ristiques de ce dispositif sont le r\u00eave de tous les explorateurs et prospecteurs du monde entier. \n<br\/><br\/>\nNos experts ont d\u00e9velopp\u00e9 le TITAN GER \u20131000 pour r\u00e9soudre tous les probl\u00e8mes rencontr\u00e9s par les chercheurs qui rencontrent des d\u00e9fis importants dans les op\u00e9rations d&rsquo;excavation avec les dispositifs traditionnels pr\u00e9valant sur le march\u00e9.  \n<br\/><br\/>\nPour la premi\u00e8re fois dans le monde de la technologie moderne, un seul dispositif fonctionne avec cinq syst\u00e8mes de recherche diff\u00e9rents. \n<br\/><br\/>\nLe dispositif peut atteindre des profondeurs de 45 m\u00e8tres sous terre et a une port\u00e9e frontale de 2500 m\u00e8tres.  \n<\/div>\t\t\t\t\t\t\t\t<\/div>\n\t\t\t\t<div class=\"elementor-element elementor-element-a34bc20 elementor-widget elementor-widget-heading\" data-id=\"a34bc20\" data-element_type=\"widget\" data-e-type=\"widget\" data-widget_type=\"heading.default\">\n\t\t\t\t\t<h3 class=\"elementor-heading-title elementor-size-default\">Sp\u00e9cifications et syst\u00e8mes de recherche pour le dispositif Titan Ger \u2013 1000: <\/h3>\t\t\t\t<\/div>\n\t\t\t\t<div class=\"elementor-element elementor-element-90663a5 color-scheme-inherit text-left elementor-widget elementor-widget-text-editor\" data-id=\"90663a5\" data-element_type=\"widget\" data-e-type=\"widget\" data-widget_type=\"text-editor.default\">\n\t\t\t\t\t\t\t\t\t<div>\nPour la premi\u00e8re fois dans le monde de la technologie moderne, un seul appareil fonctionne avec cinq syst\u00e8mes de recherche diff\u00e9rents:  \n<ol>\n \t<li> Syst\u00e8me d&rsquo;imagerie tridimensionnelle <\/li>\n \t<li> Syst\u00e8me \u00e0 induction d&rsquo;impulsions <\/li>\n \t<li> Syst\u00e8me de longue portee <\/li>\n \t<li>Syst\u00e8me de recherche de champs ioniques<\/li>\n \t<li> Syst\u00e8me de recherche de m\u00e9taux magn\u00e9tiques <\/li>\n \t<li> Syst\u00e8me de d\u00e9tection de vides <\/li>\n \t<li> Syst\u00e8me de recherche de diamants et de pierres pr\u00e9cieuses <\/li>\n<\/ol>\nSyst\u00e8me d&rsquo;imagerie tridimensionnelle : \nLes sp\u00e9cifications techniques nouvellement introduites ont \u00e9t\u00e9 incorpor\u00e9es dans ce syst\u00e8me. \nIl forme une image de toutes les couches de la terre, affichant les r\u00e9sultats d&rsquo;imagerie de toutes les directions sur l&rsquo;\u00e9cran du dispositif pour clarifier la cible sous la terre. \nIl clarifie tout ce que le sol contient, comme l&rsquo;or, les m\u00e9taux enfouis, les grottes, les vides, les cryptes, les tombes et tout ce qui est cach\u00e9 sous la terre. \nIl indique \u00e9galement la profondeur de toutes les cibles d\u00e9couvertes en m\u00e8tres et centim\u00e8tres.  \n<br\/><br\/>\nSyst\u00e8me \u00e0 induction d&rsquo;impulsions : \nLe dispositif fonctionne sur la fr\u00e9quence d&rsquo;induction d&rsquo;impulsions (PULSE INDUCTION) et excelle dans l\u2019acces au sol \u00e0 des profondeurs que de nombreux dispositifs trouvent difficiles \u00e0 atteindre. \nIl utilise les derni\u00e8res technologies mondiales des syst\u00e8mes \u00e0 induction d&rsquo;impulsions pour d\u00e9tecter l&rsquo;or enfoui, les tr\u00e9sors arch\u00e9ologiques, les tunnels, les grottes, les cryptes et les pi\u00e8ces pr\u00e9cieuses sous la terre. \nIl inclut la fonction de calibrage automatique avec le sol pour s&rsquo;assurer que l\u2019appareil n&rsquo;est pas affect\u00e9 par des interf\u00e9rences provenant du sol humide, des roches m\u00e9talliques ou des terrains solides.  \n<br\/><br\/>\nSyst\u00e8me de longue portee: \nCe syst\u00e8me est tr\u00e8s pr\u00e9cis et distinctif, fournissant une identification et une surveillance de signal confirm\u00e9es pour vous guider vers la cible \u00e0 travers l&rsquo;\u00e9cran Smart num\u00e9rique du dispositif. \nIl offre une identification extr\u00eamement pr\u00e9cise du m\u00e9tal d\u00e9sir\u00e9 \u00e0 d\u00e9couvrir. \nUne seule cible peut \u00eatre identifi\u00e9e pendant l&rsquo;op\u00e9ration de recherche, comme de l&rsquo;or enfoui, de l&rsquo;or naturel, du cuivre, de l&rsquo;argent, du bronze, du fer, du platine, des diamants, des pierres pr\u00e9cieuses, du plomb, de l&rsquo;aluminium, des vides. \nLorsqu&rsquo;une cible est captur\u00e9e, le dispositif indiquera la direction de la cible sur l&rsquo;\u00e9cran, permettant \u00e0 l&rsquo;utilisateur de se d\u00e9placer vers la cible d\u00e9couverte jusqu&rsquo;\u00e0 se tenir directement au-dessus d&rsquo;elle et de la restreindre \u00e0 une zone d&rsquo;un m\u00e8tre carr\u00e9.  \n<br\/><br\/>\nSyst\u00e8me de recherche de champs ioniques : \nLes champs ioniques sont des radiations \u00e9mises par l&rsquo;or, les tr\u00e9sors et les tr\u00e9sors apr\u00e8s \u00eatre rest\u00e9s sous terre pendant longtemps, interagissant et r\u00e9agissant avec le sol, la formation terrestre et s&rsquo;alignant avec les lignes magn\u00e9tiques nord et sud. \nParmi les points importants de ce syst\u00e8me,  l appareil a epargne les efforts et les recherches al\u00e9atoires dans des terres vastes : lors de l&rsquo;utilisation du syst\u00e8me ionique, le dispositif d\u00e9tectera une cible et \u00e9mettra un son indiquant la pr\u00e9sence de la cible. \nL&rsquo;utilisateur peut alors se d\u00e9placer vers la cible d\u00e9couverte jusqu&rsquo;\u00e0 se tenir directement au-dessus d&rsquo;elle et de la restreindre \u00e0 une zone d&rsquo;un m\u00e8tre carr\u00e9. \nVous pouvez \u00e9galement effectuer facilement la d\u00e9tection de cibles tout en conduisant votre propre voiture. Ce syst\u00e8me atteint une profondeur de 45 m\u00e8tres sous terre et une port\u00e9e frontale de 2500 m\u00e8tres.\n<br\/><br\/>\nSyst\u00e8me de recherche de m\u00e9taux magn\u00e9tiques:\n Le systeme magn\u00e9tom\u00e8tre : Ce syst\u00e8me excelle dans la recherche de m\u00e9taux magn\u00e9tiques non pr\u00e9cieux tels que le fer et d&rsquo;autres m\u00e9taux sous terre. Ce syst\u00e8me atteint une profondeur de 45 m\u00e8tres sous terre.\n<\/div>\t\t\t\t\t\t\t\t<\/div>\n\t\t\t\t<div class=\"elementor-element elementor-element-4002809 elementor-widget elementor-widget-heading\" data-id=\"4002809\" data-element_type=\"widget\" data-e-type=\"widget\" data-widget_type=\"heading.default\">\n\t\t\t\t\t<h3 class=\"elementor-heading-title elementor-size-default\">Caract\u00e9ristiques et avantages du dispositif Titan GER 1000:<\/h3>\t\t\t\t<\/div>\n\t\t\t\t<div class=\"elementor-element elementor-element-9d22210 color-scheme-inherit text-left elementor-widget elementor-widget-text-editor\" data-id=\"9d22210\" data-element_type=\"widget\" data-e-type=\"widget\" data-widget_type=\"text-editor.default\">\n\t\t\t\t\t\t\t\t\t<div>\n<ul>\n \t<li>Le Titan GER 1000 fonctionne dans quatre langues : allemand, anglais, fran\u00e7ais et arabe. \n<\/li>\n \t<li>La profondeur de recherche du Titan Ger &#8211; 1000 atteint jusqu&rsquo;\u00e0 45 m\u00e8tres sous terre, avec une port\u00e9e frontale de 2500 m\u00e8tres et la capacit\u00e9 de sp\u00e9cifier la profondeur des cibles sous le sol en m\u00e8tres et centim\u00e8tres.\n<\/li>\n \t<li>Le Titan GER 1000 dispose d&rsquo;un syst\u00e8me de fonctionnement automatique qui n&rsquo;est pas affect\u00e9 par les types de sol: humide, riche en sels min\u00e9raux, roches m\u00e9talliques ou roches basaltiques.\n<\/li>\n \t<li> Il peut surmonter tous les types de roches m\u00e9talliques avec la technologie de calibrage automatique.\n<\/li>\n<\/ul>\nLe Titan GER 1000 a \u00e9t\u00e9 d\u00e9velopp\u00e9 pour fonctionner dans divers\u2019 terrains et sous des conditions climatiques difficiles plus facilement. Fabriqu\u00e9 par l&rsquo;une des meilleures industries allemandes, le Titan GER &#8211; 1000 d\u00e9tient la certification CE europ\u00e9enne et la certification internationale ISO 9001 selon les normes et mesures mondiales.\n<br\/><br\/>\nLe Titan GER1000 est con\u00e7u pour fonctionner dans tous les pays et territoires.\n<br\/><br\/>\nUn v\u00e9ritable voyage d&rsquo;exploration ne n\u00e9cessite pas de se rendre dans de nouveaux territoires, mais plut\u00f4t de voir avec de nouveaux yeux.\n<br\/><br\/>\nMeilleurs v\u0153ux de succ\u00e8s dans\u00a0vos\u00a0efforts.\n<\/div>\t\t\t\t\t\t\t\t<\/div>\n\t\t\t\t<div class=\"elementor-element elementor-element-1431d1e elementor-widget elementor-widget-video\" data-id=\"1431d1e\" data-element_type=\"widget\" data-e-type=\"widget\" data-settings=\"{&quot;youtube_url&quot;:&quot;https:\\\/\\\/www.youtube.com\\\/watch?v=XhcYIBgfRPU&quot;,&quot;video_type&quot;:&quot;youtube&quot;,&quot;controls&quot;:&quot;yes&quot;}\" data-widget_type=\"video.default\">\n\t\t\t\t\t\t\t<div class=\"elementor-wrapper elementor-open-inline\">\n\t\t\t<div class=\"elementor-video\"><\/div>\t\t<\/div>\n\t\t\t\t\t\t<\/div>\n\t\t\t\t<div class=\"elementor-element elementor-element-68e1b4b elementor-widget elementor-widget-wd_accordion\" data-id=\"68e1b4b\" data-element_type=\"widget\" data-e-type=\"widget\" data-widget_type=\"wd_accordion.default\">\n\t\t\t\t<div class=\"elementor-widget-container\">\n\t\t\t\t\t\n\t\t<div class=\"wd-accordion wd-style-shadow wd-titles-left wd-opener-pos-right wd-opener-style-arrow\" data-state=\"all_closed\">\n\t\t\t\t\t\t\t\n\t\t\t\t<div class=\"wd-accordion-item\">\n\t\t\t\t\t<div class=\"wd-accordion-title wd-role-btn\" data-accordion-index=\"0\" tabindex=\"0\">\n\t\t\t\t\t\t<div class=\"wd-accordion-title-text\">\n\t\t\t\t\t\t\t\t\t\t\t\t\t\t\t<span class=\"img-wrapper\">\n\t\t\t\t\t\t\t\t\t<svg class=\"e-font-icon-svg e-fas-table\" viewBox=\"0 0 512 512\" xmlns=\"http:\/\/www.w3.org\/2000\/svg\"><path d=\"M464 32H48C21.49 32 0 53.49 0 80v352c0 26.51 21.49 48 48 48h416c26.51 0 48-21.49 48-48V80c0-26.51-21.49-48-48-48zM224 416H64v-96h160v96zm0-160H64v-96h160v96zm224 160H288v-96h160v96zm0-160H288v-96h160v96z\"><\/path><\/svg>\t\t\t\t\t\t\t\t<\/span>\n\t\t\t\t\t\t\t\t\t\t\t\t\t\t<span>\n\t\t\t\t\t\t\t\tSp\u00e9cifications Techniques\t\t\t\t\t\t\t<\/span>\n\t\t\t\t\t\t<\/div>\n\t\t\t\t\t\t<span class=\"wd-accordion-opener\"><\/span>\n\t\t\t\t\t<\/div>\n\n\t\t\t\t\t<div class=\"wd-accordion-content wd-entry-content\" data-accordion-index=\"0\">\n\t\t\t\t\t\t\t\t\t\t\t\t\t\n\t\t\t\t\t\t\t<table class=\"table table-striped table-bordered\">\n<thead class=\"thead-dark\">\n<tr>\n<th scope=\"col\">Nom de la sp\u00e9cification technique<\/th>\n<th scope=\"col\">Valeur de sp\u00e9cification technique<\/th>\n<\/tr>\n<\/thead>\n<tbody id=\"technicalContainer\">\n<tr>\n<td>Sortie audio<\/td>\n<td>buzzer pi\u00e9zo-\u00e9lectrique \u00d8: 12mm - H: niveau de pression acoustique de 9.8mm 85db \u00e0 la fr\u00e9quence 12v \/ 10cm 4.5 \u00b1 0.5 KHz<\/td>\n<\/tr>\n<tr>\n<td>Un \u00e9cran \u00e0 cristaux liquides<\/td>\n<td>\u00c9cran du syst\u00e8me dinduction \u00e0 impulsions: Graphiques (LCD) 128 x 64 px - \u00c9cran Autres syst\u00e8mes: \u00e9cran tactile couleur 98 mm x 57 mm \/ 480x270 px<\/td>\n<\/tr>\n<tr>\n<td>Longueur<\/td>\n<td>Dispositif : 380 mm - Dispositif avec imagerie et capteur magn\u00e9tique 430mm - Dispositif avec capteur ionique 565mm - Appareil avec capteur longue port\u00e9e 695mm - Dispositif avec bobine 955 mm (ferm\u00e9) - Dispositif avec bobine 1345 mm (Ouvert)<\/td>\n<\/tr>\n<tr>\n<td>Fr\u00e9quence<\/td>\n<td>Syst\u00e8me dinduction dimpulsion: 350Hz - Autres syst\u00e8mes: Max 500 KHz<\/td>\n<\/tr>\n<tr>\n<td>Vitesse de traitement des donn\u00e9es<\/td>\n<td>Syst\u00e8me dinduction dimpulsion: 20 MHz - Autres syst\u00e8mes: 8 MHz<\/td>\n<\/tr>\n<tr>\n<td>Plage de temp\u00e9rature de fonctionnement<\/td>\n<td>0 C\u00b0 au 70 C\u00b0<\/td>\n<\/tr>\n<tr>\n<td>Plage dhumidit\u00e9 en fonctionnement<\/td>\n<td>jusqu\u00e0 95% sans condensation<\/td>\n<\/tr>\n<tr>\n<td>Temp\u00e9rature du stockage du dispositif<\/td>\n<td>- 20C\u00b0 au 70C\u00b0<\/td>\n<\/tr>\n<tr>\n<td>Humidit\u00e9 du stockage du dispositif<\/td>\n<td>jusqu\u00e0 98% dhumidit\u00e9 relative<\/td>\n<\/tr>\n<tr>\n<td>Dur\u00e9e de fonctionnement (batterie 54 Wh)<\/td>\n<td>Dur\u00e9e du syst\u00e8me dinduction du pouls: 10 heures - Dur\u00e9e dautres syst\u00e8mes: 18 heures<\/td>\n<\/tr>\n<tr>\n<td>Bobine Waterproof<\/td>\n<td>waterproof jusqu\u00e0 une profondeur de 30 cm<\/td>\n<\/tr>\n<tr>\n<td>D\u00e9tecteur Waterproof<\/td>\n<td>non waterproof<\/td>\n<\/tr>\n<tr>\n<td>Bluetooth<\/td>\n<td>HC-05 module - 2.4 GHz radio<\/td>\n<\/tr>\n<tr>\n<td>Bobine<\/td>\n<td>Grande bobine: \u00d8 = 45cm - Petite bobine : \u00d8=20cm<\/td>\n<\/tr>\n<tr>\n<td>Poids total<\/td>\n<td>8600 g<\/td>\n<\/tr>\n<tr>\n<td>Poids de lappareil<\/td>\n<td>550 g<\/td>\n<\/tr>\n<tr>\n<td>Poids du sac (vide)<\/td>\n<td>4300 g<\/td>\n<\/tr>\n<tr>\n<td>Dimensions du sac<\/td>\n<td>670mm x 500mm x 270 mm<\/td>\n<\/tr>\n<tr>\n<td>Type de la batterie<\/td>\n<td>Li-ion Batterie Rechargeable - Batterie Externe<\/td>\n<\/tr>\n<tr>\n<td>Tension de sortie de la batterie<\/td>\n<td>Li-ion 10.8 VDC<\/td>\n<\/tr>\n<tr>\n<td>Capacit\u00e9 de la batterie<\/td>\n<td>Li-ion 54 Wh<\/td>\n<\/tr>\n<tr>\n<td>Temps dex\u00e9cution de la batterie<\/td>\n<td>Dur\u00e9e du syst\u00e8me dinduction du pouls: 10 heures - Dur\u00e9e du dautres syst\u00e8mes: 18 heures<\/td>\n<\/tr>\n<tr>\n<td>Temp\u00e9rature de la batterie<\/td>\n<td>0 C\u00b0 au 50 C\u00b0<\/td>\n<\/tr>\n<tr>\n<td>Temp\u00e9rature de la batterie du stockage<\/td>\n<td>- 5C\u00b0 to 70C\u00b0<\/td>\n<\/tr>\n<tr>\n<td>Poids du sac (vide)<\/td>\n<td>4300 g<\/td>\n<\/tr>\n<tr>\n<td>Temp\u00e9rature du dispositif du chargeur de la Batterie<\/td>\n<td>0 C\u00b0 to 50 C\u00b0<\/td>\n<\/tr>\n<tr>\n<td>Temp\u00e9rature du stockage du chargeur de la Batterie<\/td>\n<td>- 30C\u00b0 to 80C\u00b0<\/td>\n<\/tr>\n<tr>\n<td>Tension dentr\u00e9e du chargeur de la Batterie<\/td>\n<td>90 \u2192 250 VAC 50\u219260 Hz<\/td>\n<\/tr>\n<tr>\n<td>Sortie du chargeur de la Batterie<\/td>\n<td>12.6 VDC \/ 1000 mA<\/td>\n<\/tr>\n<\/tbody>\n<\/table>\n\t\t\t\t\t\t\t\t\t\t\t\t\t\t\t\t\t\t<\/div>\n\t\t\t\t<\/div>\n\t\t\t\t\t<\/div>\n\t\t\t\t\t\t<\/div>\n\t\t\t\t<\/div>\n\t\t\t\t\t<\/div>\n\t\t\t\t<\/div>\n\t\t\t\t<\/div>\n\t\t","protected":false},"excerpt":{"rendered":"<h5 style=\"color: #333333;\">D\u00e9tecte l&rsquo;or, les tr\u00e9sors enfouis, les monuments anciens, les vides, les grottes et les tombes souterraines Titan GER 1000 fonctionne avec cinq syst\u00e8mes de recherche diff\u00e9rents dans un seul appareil<\/h5>\n<table style=\"font-size: 14px;\" border=\"1&quot;\" width=\"55%\" cellspacing=\"0\" cellpadding=\"5\">\n<tbody>\n<tr>\n<td style=\"border: 1px solid lightgray;\" align=\"left\" width=\"15%\"><strong>Syst\u00e8me de recherche<\/strong><\/td>\n<td style=\"border: 1px solid lightgray; text-align: center;\" align=\"center\" width=\"40%\">5 syst\u00e8mes dont un capteur d&rsquo;imagerie<\/td>\n<\/tr>\n<tr>\n<td style=\"border: 1px solid lightgray;\" align=\"left\" width=\"15%\"><strong>Profondeur de recherche<\/strong><\/td>\n<td style=\"border: 1px solid lightgray; text-align: center;\" align=\"center\" width=\"40%\">45 meter<\/td>\n<\/tr>\n<tr>\n<td style=\"border: 1px solid lightgray;\" align=\"left\" width=\"15%\"><strong>Poids de l&rsquo;appareil<\/strong><\/td>\n<td style=\"border: 1px solid lightgray; text-align: center;\" align=\"center\" width=\"40%\">550 gram<\/td>\n<\/tr>\n<tr>\n<td style=\"border: 1px solid lightgray;\" align=\"left\" width=\"15%\"><strong>Poids total<\/strong><\/td>\n<td style=\"border: 1px solid lightgray; text-align: center;\" align=\"center\" width=\"40%\">8600 gram<\/td>\n<\/tr>\n<tr>\n<td style=\"border: 1px solid lightgray;\" align=\"left\" width=\"15%\"><strong>Dimensions du colis<\/strong><\/td>\n<td style=\"border: 1px solid lightgray; text-align: center;\" align=\"center\" width=\"40%\">670mm x 500mm x 270mm<\/td>\n<\/tr>\n<tr>\n<td style=\"border: 1px solid lightgray;\" align=\"left\" width=\"15%\"><strong>Garantie<\/strong><\/td>\n<td style=\"border: 1px solid lightgray; text-align: center;\" align=\"center\" width=\"40%\">Two (2) Year<\/td>\n<\/tr>\n<tr>\n<td style=\"border: 1px solid lightgray;\" align=\"left\" width=\"15%\"><strong>Fabriqu\u00e9 en<\/strong><\/td>\n<td style=\"border: 1px solid lightgray; text-align: center;\" align=\"center\" width=\"40%\">Germany<\/td>\n<\/tr>\n<\/tbody>\n<\/table>\n","protected":false},"featured_media":30881,"template":"","meta":[],"product_brand":[],"product_cat":[190,226,1262,1626],"product_tag":[],"class_list":{"0":"post-17365","1":"product","2":"type-product","3":"status-publish","4":"has-post-thumbnail","6":"product_cat-detecteurs-dor-et-de-metal","7":"product_cat-boutique","8":"product_cat-sale-fr","9":"product_cat-treasures-fr","11":"first","12":"instock","13":"sale","14":"purchasable","15":"product-type-simple"},"_links":{"self":[{"href":"https:\/\/uigdetectors.com\/fr\/wp-json\/wp\/v2\/product\/17365","targetHints":{"allow":["GET"]}}],"collection":[{"href":"https:\/\/uigdetectors.com\/fr\/wp-json\/wp\/v2\/product"}],"about":[{"href":"https:\/\/uigdetectors.com\/fr\/wp-json\/wp\/v2\/types\/product"}],"version-history":[{"count":0,"href":"https:\/\/uigdetectors.com\/fr\/wp-json\/wp\/v2\/product\/17365\/revisions"}],"wp:featuredmedia":[{"embeddable":true,"href":"https:\/\/uigdetectors.com\/fr\/wp-json\/wp\/v2\/media\/30881"}],"wp:attachment":[{"href":"https:\/\/uigdetectors.com\/fr\/wp-json\/wp\/v2\/media?parent=17365"}],"wp:term":[{"taxonomy":"product_brand","embeddable":true,"href":"https:\/\/uigdetectors.com\/fr\/wp-json\/wp\/v2\/product_brand?post=17365"},{"taxonomy":"product_cat","embeddable":true,"href":"https:\/\/uigdetectors.com\/fr\/wp-json\/wp\/v2\/product_cat?post=17365"},{"taxonomy":"product_tag","embeddable":true,"href":"https:\/\/uigdetectors.com\/fr\/wp-json\/wp\/v2\/product_tag?post=17365"}],"curies":[{"name":"wp","href":"https:\/\/api.w.org\/{rel}","templated":true}]}}