{"id":17414,"date":"2023-06-05T22:33:03","date_gmt":"2023-06-05T19:33:03","guid":{"rendered":"https:\/\/shop.uigdetectors.com\/?post_type=product&#038;p=17414"},"modified":"2024-11-19T17:31:29","modified_gmt":"2024-11-19T14:31:29","slug":"easy-way-smart-detector","status":"publish","type":"product","link":"https:\/\/uigdetectors.com\/fr\/produit\/easy-way-smart-detector\/","title":{"rendered":"Appareil EASY WAY SMART, d\u00e9tecteur de m\u00e9taux et de cavit\u00e9s"},"content":{"rendered":"\t\t<div data-elementor-type=\"product-post\" data-elementor-id=\"17414\" class=\"elementor elementor-17414 elementor-11502\" data-elementor-post-type=\"product\">\n\t\t\t\t<div class=\"wd-negative-gap elementor-element elementor-element-280ec532 e-flex e-con-boxed e-con e-parent\" data-id=\"280ec532\" data-element_type=\"container\" data-e-type=\"container\">\n\t\t\t\t\t<div class=\"e-con-inner\">\n\t\t\t\t<div class=\"elementor-element elementor-element-703a0361 elementor-widget elementor-widget-heading\" data-id=\"703a0361\" data-element_type=\"widget\" data-e-type=\"widget\" data-widget_type=\"heading.default\">\n\t\t\t\t\t<h1 class=\"elementor-heading-title elementor-size-default\">LE D\u00c9TECTEUR EASY WAY SMART<\/h1>\t\t\t\t<\/div>\n\t\t\t\t<div class=\"elementor-element elementor-element-27d35208 elementor-widget elementor-widget-heading\" data-id=\"27d35208\" data-element_type=\"widget\" data-e-type=\"widget\" data-widget_type=\"heading.default\">\n\t\t\t\t\t<h2 class=\"elementor-heading-title elementor-size-default\">Le dispositif Easy Way Smart est le plus petit dispositif dot\u00e9 d'un syst\u00e8me d'imagerie tridimensionnelle et d'un syst\u00e8me de d\u00e9tection radar \u00e0 longue port\u00e9e pour d\u00e9tecter l'or, les tr\u00e9sors enfouis, les m\u00e9taux pr\u00e9cieux et les vides sous la terre, avec la capacit\u00e9 de le cacher compl\u00e8tement. <\/h2>\t\t\t\t<\/div>\n\t\t<div class=\"elementor-element elementor-element-53581c29 e-con-full e-flex e-con e-child\" data-id=\"53581c29\" data-element_type=\"container\" data-e-type=\"container\">\n\t\t\t\t<div class=\"elementor-element elementor-element-36b5107e color-scheme-inherit text-left elementor-widget elementor-widget-text-editor\" data-id=\"36b5107e\" data-element_type=\"widget\" data-e-type=\"widget\" data-widget_type=\"text-editor.default\">\n\t\t\t\t\t\t\t\t\t<div>\nLa technologie unique et sans pr\u00e9c\u00e9dent au monde combine deux syst\u00e8mes de recherche en un seul appareil\n<br\/><br\/>\nGER Detect et UIG Detectors ont int\u00e9gr\u00e9 toutes les technologies avanc\u00e9es pour faire de ce dispositif le premier au monde. <br\/><br\/>\nC&rsquo;est une excellente nouvelle pour ceux qui recherchent de l&rsquo;or enterr\u00e9, les tr\u00e9sors, les artefacts anciens, les m\u00e9taux pr\u00e9cieux et les vides sous terre. <br\/><br\/>\nNos experts ont d\u00e9velopp\u00e9 le dispositif Easy Way Smart, minimisant sa taille pour \u00eatre efficacement cach\u00e9, r\u00e9solvant les d\u00e9fis auxquels sont confront\u00e9s les explorateurs qui rencontrent des risques significatifs lors des op\u00e9rations d&rsquo;excavation.\n<br\/><br\/>\nLes fonctionnalit\u00e9s de ce dispositif sont le r\u00eave de tous les explorateurs et prospecteurs du monde entier. Le Easy Way Smart est un dispositif multi-syst\u00e8mes pour la recherche de richesses souterraines. \nPour la premi\u00e8re fois dans le monde de la technologie moderne, un seul dispositif fonctionne avec deux syst\u00e8mes de recherche diff\u00e9rents. Le dispositif atteint une profondeur de 18 m\u00e8tres sous terre et a une port\u00e9e avant de 2000 m\u00e8tres.\n<\/div>\t\t\t\t\t\t\t\t<\/div>\n\t\t\t\t<\/div>\n\t\t\t\t<div class=\"elementor-element elementor-element-53b09927 elementor-widget elementor-widget-heading\" data-id=\"53b09927\" data-element_type=\"widget\" data-e-type=\"widget\" data-widget_type=\"heading.default\">\n\t\t\t\t\t<h3 class=\"elementor-heading-title elementor-size-default\">Le Easy Way Smart fonctionne avec deux syst\u00e8mes de recherche professionnels et innovants\u00a0:<\/h3>\t\t\t\t<\/div>\n\t\t\t\t<div class=\"elementor-element elementor-element-548d8fb0 color-scheme-inherit text-left elementor-widget elementor-widget-text-editor\" data-id=\"548d8fb0\" data-element_type=\"widget\" data-e-type=\"widget\" data-widget_type=\"text-editor.default\">\n\t\t\t\t\t\t\t\t\t<ul>\n \t<li><strong><span style=\"color: #c99c00;\"> Syst\u00e8me d&rsquo;imagerie tridimensionnelle<\/span><\/strong>\nLe syst\u00e8me introduit de nombreuses sp\u00e9cifications techniques innovantes. \nIl capture des images de toutes les couches du sol, affichant les r\u00e9sultats d&rsquo;imagerie de toutes les directions sur l&rsquo;\u00e9cran de l&rsquo;appareil pour clarifier la cible sous la terre. \nIl r\u00e9v\u00e8le tout ce que le sol contient, de l&rsquo;or et des m\u00e9taux pr\u00e9cieux aux tr\u00e9sors cach\u00e9s, aux grottes, aux vides, aux tombes, et tout ce qui est cach\u00e9 sous la terre. De plus, il d\u00e9termine la profondeur de toutes les cibles d\u00e9couvertes en m\u00e8tres et centim\u00e8tres.\n<\/li>\n<\/ul>\n&nbsp;\n<ul>\n \t<li><strong><span style=\"color: #c99c00;\"> Syst\u00e8me de d\u00e9tection radar \u00e0 longue port\u00e9e <\/span><\/strong> Une capacit\u00e9 tr\u00e8s performante et pr\u00e9cise pour identifier le type de m\u00e9tal destin\u00e9 \u00e0 la d\u00e9tection.\n Il peut localiser une seule cible pendant le processus de recherche, telle que de l&rsquo;or enfoui, de l&rsquo;or brut, de l&rsquo;argent, du cuivre, du bronze et des vides. \nCe syst\u00e8me de haute r\u00e9solution est un syst\u00e8me confirm\u00e9 d&rsquo;identification et de surveillance des signaux pour vous guider vers la cible. \nLorsqu&rsquo;un signal est obtenu, l&rsquo;antenne se tournera directement vers la cible. Suivez le signal, et lorsque l&rsquo;antenne se tourne vers l&rsquo;arri\u00e8re, vous aurez d\u00e9pass\u00e9 la cible. \nEnsuite, confirmez l&#8217;emplacement de la cible des quatre directions et confinez-la \u00e0 une zone d&rsquo;un m\u00e8tre carr\u00e9\n<\/li>\n<\/ul>\t\t\t\t\t\t\t\t<\/div>\n\t\t\t\t<div class=\"elementor-element elementor-element-5b819f5 elementor-widget elementor-widget-heading\" data-id=\"5b819f5\" data-element_type=\"widget\" data-e-type=\"widget\" data-widget_type=\"heading.default\">\n\t\t\t\t\t<h3 class=\"elementor-heading-title elementor-size-default\">Fonctionnalit\u00e9s et caract\u00e9ristiques du dispositif Easy Way Smart :<\/h3>\t\t\t\t<\/div>\n\t\t\t\t<div class=\"elementor-element elementor-element-356ee666 color-scheme-inherit text-left elementor-widget elementor-widget-text-editor\" data-id=\"356ee666\" data-element_type=\"widget\" data-e-type=\"widget\" data-widget_type=\"text-editor.default\">\n\t\t\t\t\t\t\t\t\t&#8211; Fonctionne en huit langues : allemand, anglais, fran\u00e7ais, italien, espagnol, arabe, portugais et russe<br\/><br\/>\n&#8211; La profondeur de recherche du dispositif Easy Way Smart atteint jusqu&rsquo;\u00e0 18 m\u00e8tres sous terre avec une port\u00e9e avant de 2000 m\u00e8tres, avec la capacit\u00e9 de d\u00e9terminer la profondeur des cibles sous la terre en m\u00e8tres et centim\u00e8tres.\n<br\/><br\/>\nLe dispositif Easy Way Smart se distingue par un syst\u00e8me de fonctionnement automatique qui n&rsquo;est pas affect\u00e9 par les types de sol : humide, riche en sels min\u00e9raux, roches m\u00e9talliques ou roches basaltiques. <br\/><br\/>\nIl peut surpasser tous les types de roches m\u00e9talliques avec la technologie de calibration automatique\n<br\/><br\/>\nLe dispositif Easy Way Smart est con\u00e7u pour fonctionner dans divers terrains et dans des conditions climatiques difficiles. <br\/><br\/>\nIl est l&rsquo;une des meilleures industries allemandes, certifi\u00e9e avec la certification europ\u00e9enne CE selon les sp\u00e9cifications mondiales et la certification internationale ISO 9001 selon les normes mondiales\n<br\/><br\/>\nLe dispositif Easy Way Smart est con\u00e7u pour fonctionner dans tous les pays et r\u00e9gions.<br\/><br\/>\n Un v\u00e9ritable voyage d&rsquo;exploration ne n\u00e9cessite pas de partir vers de nouvelles terres, mais plut\u00f4t de voir avec de nouveaux yeux\n<br\/><br\/>\nMeilleurs v\u0153ux de r\u00e9ussite dans vos voyages\u00a0d&rsquo;exploration\n\t\t\t\t\t\t\t\t<\/div>\n\t\t\t\t<div class=\"elementor-element elementor-element-4a1e57b1 elementor-widget elementor-widget-video\" data-id=\"4a1e57b1\" data-element_type=\"widget\" data-e-type=\"widget\" data-settings=\"{&quot;youtube_url&quot;:&quot;https:\\\/\\\/www.youtube.com\\\/watch?v=bab9ZTs1Pno&quot;,&quot;video_type&quot;:&quot;youtube&quot;,&quot;controls&quot;:&quot;yes&quot;}\" data-widget_type=\"video.default\">\n\t\t\t\t\t\t\t<div class=\"elementor-wrapper elementor-open-inline\">\n\t\t\t<div class=\"elementor-video\"><\/div>\t\t<\/div>\n\t\t\t\t\t\t<\/div>\n\t\t\t\t<div class=\"elementor-element elementor-element-6c435ff5 elementor-widget elementor-widget-wd_accordion\" data-id=\"6c435ff5\" data-element_type=\"widget\" data-e-type=\"widget\" data-widget_type=\"wd_accordion.default\">\n\t\t\t\t<div class=\"elementor-widget-container\">\n\t\t\t\t\t\n\t\t<div class=\"wd-accordion wd-style-shadow wd-titles-left wd-opener-pos-right wd-opener-style-arrow\" data-state=\"all_closed\">\n\t\t\t\t\t\t\t\n\t\t\t\t<div class=\"wd-accordion-item\">\n\t\t\t\t\t<div class=\"wd-accordion-title wd-role-btn\" data-accordion-index=\"0\" tabindex=\"0\">\n\t\t\t\t\t\t<div class=\"wd-accordion-title-text\">\n\t\t\t\t\t\t\t\t\t\t\t\t\t\t\t<span class=\"img-wrapper\">\n\t\t\t\t\t\t\t\t\t<svg class=\"e-font-icon-svg e-fas-table\" viewBox=\"0 0 512 512\" xmlns=\"http:\/\/www.w3.org\/2000\/svg\"><path d=\"M464 32H48C21.49 32 0 53.49 0 80v352c0 26.51 21.49 48 48 48h416c26.51 0 48-21.49 48-48V80c0-26.51-21.49-48-48-48zM224 416H64v-96h160v96zm0-160H64v-96h160v96zm224 160H288v-96h160v96zm0-160H288v-96h160v96z\"><\/path><\/svg>\t\t\t\t\t\t\t\t<\/span>\n\t\t\t\t\t\t\t\t\t\t\t\t\t\t<span>\n\t\t\t\t\t\t\t\tSp\u00e9cifications Techniques\t\t\t\t\t\t\t<\/span>\n\t\t\t\t\t\t<\/div>\n\t\t\t\t\t\t<span class=\"wd-accordion-opener\"><\/span>\n\t\t\t\t\t<\/div>\n\n\t\t\t\t\t<div class=\"wd-accordion-content wd-entry-content\" data-accordion-index=\"0\">\n\t\t\t\t\t\t\t\t\t\t\t\t\t\n\t\t\t\t\t\t\t<table class=\"table table-striped table-bordered\">\n<thead class=\"thead-dark\">\n<tr>\n<th scope=\"col\">Nom de la sp\u00e9cification technique<\/th>\n<th scope=\"col\">Valeur de sp\u00e9cification technique<\/th>\n<\/tr>\n<\/thead>\n<tbody id=\"technicalContainer\">\n<tr>\n<td>Sortie audio<\/td>\n<td>buzzer pi\u00e9zo-\u00e9lectrique \u00d8: 12mm - H: niveau de pression acoustique de 9.8mm 85db \u00e0 la fr\u00e9quence 12v \/ 10cm 4.5 \u00b1 0.5 KHz<\/td>\n<\/tr>\n<tr>\n<td>Longueur<\/td>\n<td>Appareil (unit\u00e9 principale): 145,5 mm<\/td>\n<\/tr>\n<tr>\n<td>Vitesse de traitement des donn\u00e9es<\/td>\n<td>12 MHz<\/td>\n<\/tr>\n<tr>\n<td>Plage de temp\u00e9ratures de fonctionnement<\/td>\n<td>0 C \u00b0 \u00e0 70 C \u00b0C \u00e0 70 \u00b0 C<\/td>\n<\/tr>\n<tr>\n<td>Plage d'humidit\u00e9 de fonctionnement<\/td>\n<td>jusqu'\u00e0 95% sans condensation<\/td>\n<\/tr>\n<tr>\n<td>Plage de temp\u00e9rature de stockage<\/td>\n<td>- 20 \u00b0<\/td>\n<\/tr>\n<tr>\n<td>Plage d'humidit\u00e9 de stockage<\/td>\n<td>jusqu'\u00e0 98% d'humidit\u00e9 relative<\/td>\n<\/tr>\n<tr>\n<td>Dur\u00e9e de fonctionnement (batterie de 7,56 Wh)<\/td>\n<td>10 heures<\/td>\n<\/tr>\n<tr>\n<td>Imperm\u00e9abilit\u00e9 - D\u00e9tecteur<\/td>\n<td>non \u00e9tanche (r\u00e9sistant aux intemp\u00e9ries uniquement )<\/td>\n<\/tr>\n<tr>\n<td>Bluetooth<\/td>\n<td>HC-06 Module - radio 2,4 GHz<\/td>\n<\/tr>\n<tr>\n<td class=\"table-dark\" colspan=\"2\">Li-ion Sp\u00e9cifications techniques batterie<\/td>\n<\/tr>\n<tr>\n<td>type<\/td>\n<td>Li-ion rechargeable - batterie interne<\/td>\n<\/tr>\n<tr>\n<td>tension sortie<\/td>\n<td>Li-ion 3,6 V CC<\/td>\n<\/tr>\n<tr>\n<td>Capacit\u00e9<\/td>\n<td>Li-ion 7,56 Wh<\/td>\n<\/tr>\n<tr>\n<td>Dur\u00e9e<\/td>\n<td>10 heures<\/td>\n<\/tr>\n<tr>\n<td>batterie Temp\u00e9rature fonctionnement<\/td>\n<td>0 C \u00b0 \u00e0 60 C \u00b0<\/td>\n<\/tr>\n<tr>\n<td>Temp\u00e9rature de stockage de la batterie<\/td>\n<td>- 2C \u00b0 \u00e0 70C \u00b0<\/td>\n<\/tr>\n<tr>\n<td class=\"table-dark\" colspan=\"2\">Sp\u00e9cifications techniques du chargeur de batterie Li-ion \u00e9lectrique !!!<\/td>\n<\/tr>\n<tr>\n<td>Temp\u00e9rature de fonctionnement<\/td>\n<td>0 C \u00b0 \u00e0 50 C \u00b0<\/td>\n<\/tr>\n<tr>\n<td>Temp\u00e9rature de stockage<\/td>\n<td>- 30C \u00b0 \u00e0 80C \u00b0<\/td>\n<\/tr>\n<tr>\n<td>Tension d'entr\u00e9e<\/td>\n<td>90 \u2192 250 VAC 50 \u2192 60 Hz<\/td>\n<\/tr>\n<tr>\n<td>Courant de sortie USB<\/td>\n<td>5 VDC \/ 2000 mA<\/td>\n<\/tr>\n<tr>\n<td class=\"table-dark\" colspan=\"2\">Chargeur de batterie Li-ion pour voiture techniques Sp\u00e9cifications!!!<\/td>\n<\/tr>\n<tr>\n<td>Tension d'entr\u00e9e<\/td>\n<td>11 \u2192 15 VDC<\/td>\n<\/tr>\n<tr>\n<td>Courant de sortie USB<\/td>\n<td>5 VDC \/ 2100 mA caract\u00e9ristiques<\/td>\n<\/tr>\n<tr>\n<td class=\"table-dark\" colspan=\"2\">Autres Techniques<\/td>\n<\/tr>\n<tr>\n<td>poids total<\/td>\n<td>3550 g<\/td>\n<\/tr>\n<tr>\n<td>Poids de l'appareil<\/td>\n<td>230 g<\/td>\n<\/tr>\n<tr>\n<td>Poids de la batterie<\/td>\n<td>65 g<\/td>\n<\/tr>\n<tr>\n<td>Poids du sac (vide)<\/td>\n<td>2135 g<\/td>\n<\/tr>\n<tr>\n<td>Dimensions du sac<\/td>\n<td>460 mm x 175 mm x 342 mm<\/td>\n<\/tr>\n<\/tbody>\n<\/table>\n\t\t\t\t\t\t\t\t\t\t\t\t\t\t\t\t\t\t<\/div>\n\t\t\t\t<\/div>\n\t\t\t\t\t<\/div>\n\t\t\t\t\t\t<\/div>\n\t\t\t\t<\/div>\n\t\t\t\t\t<\/div>\n\t\t\t\t<\/div>\n\t\t\t\t<\/div>\n\t\t","protected":false},"excerpt":{"rendered":"<h5 class=\"card-title dark-blue font-weight-bold\" style=\"text-align: left;\"><span style=\"color: #333333;\">L\u2019appareil EASY WAY SMART est le plus petit dispositif dot\u00e9 d&rsquo;un syst\u00e8me d&rsquo;imagerie tridimensionnelle et d&rsquo;un syst\u00e8me de d\u00e9tection radar \u00e0 longue port\u00e9e pour d\u00e9tecter l&rsquo;or, les tr\u00e9sors enfouis, les m\u00e9taux pr\u00e9cieux et les vides sous la terre, avec la capacit\u00e9 d\u2019\u00eatre compl\u00e8tement cach\u00e9.<\/span><\/h5>\n<table style=\"font-size: 14px;\" border=\"1&quot;\" width=\"50%\" cellspacing=\"0\" cellpadding=\"5\">\n<tbody>\n<tr>\n<td style=\"border: 1px solid lightgray;\" align=\"left\" width=\"10%\"><strong>Syst\u00e8me de recherche<\/strong><\/td>\n<td style=\"border: 1px solid lightgray; text-align: center;\" align=\"center\" width=\"40%\">3D Imaging System<\/td>\n<\/tr>\n<tr>\n<td style=\"border: 1px solid lightgray;\" align=\"left\" width=\"10%\"><strong>Profondeur de recherche<\/strong><\/td>\n<td style=\"border: 1px solid lightgray; text-align: center;\" align=\"center\" width=\"40%\">18 meter<\/td>\n<\/tr>\n<tr>\n<td style=\"border: 1px solid lightgray;\" align=\"left\" width=\"10%\"><strong>Front-range<\/strong><\/td>\n<td style=\"border: 1px solid lightgray; text-align: center;\" align=\"center\" width=\"40%\">2000 meter<\/td>\n<\/tr>\n<tr>\n<td style=\"border: 1px solid lightgray;\" align=\"left\" width=\"10%\"><strong>Poids de l&rsquo;appareil<\/strong><\/td>\n<td style=\"border: 1px solid lightgray; text-align: center;\" align=\"center\" width=\"40%\">230 gram<\/td>\n<\/tr>\n<tr>\n<td style=\"border: 1px solid lightgray;\" align=\"left\" width=\"10%\"><strong>Poids total<\/strong><\/td>\n<td style=\"border: 1px solid lightgray; text-align: center;\" align=\"center\" width=\"40%\">3550 gram<\/td>\n<\/tr>\n<tr>\n<td style=\"border: 1px solid lightgray;\" align=\"left\" width=\"10%\"><strong>Dimensions du colis<\/strong><\/td>\n<td style=\"border: 1px solid lightgray; text-align: center;\" align=\"center\" width=\"40%\">342mm x 157mm x 460mm<\/td>\n<\/tr>\n<tr>\n<td style=\"border: 1px solid lightgray;\" align=\"left\" width=\"10%\"><strong>Garantie<\/strong><\/td>\n<td style=\"border: 1px solid lightgray; text-align: center;\" align=\"center\" width=\"40%\">Two (2) Year<\/td>\n<\/tr>\n<tr>\n<td style=\"border: 1px solid lightgray;\" align=\"left\" width=\"10%\"><strong>Fabriqu\u00e9 en<\/strong><\/td>\n<td style=\"border: 1px solid lightgray; text-align: center;\" align=\"center\" width=\"40%\">Germany<\/td>\n<\/tr>\n<\/tbody>\n<\/table>\n","protected":false},"featured_media":28883,"template":"","meta":[],"product_brand":[],"product_cat":[190,226,1262,1626],"product_tag":[],"class_list":{"0":"post-17414","1":"product","2":"type-product","3":"status-publish","4":"has-post-thumbnail","6":"product_cat-detecteurs-dor-et-de-metal","7":"product_cat-boutique","8":"product_cat-sale-fr","9":"product_cat-treasures-fr","11":"first","12":"instock","13":"sale","14":"purchasable","15":"product-type-simple"},"_links":{"self":[{"href":"https:\/\/uigdetectors.com\/fr\/wp-json\/wp\/v2\/product\/17414","targetHints":{"allow":["GET"]}}],"collection":[{"href":"https:\/\/uigdetectors.com\/fr\/wp-json\/wp\/v2\/product"}],"about":[{"href":"https:\/\/uigdetectors.com\/fr\/wp-json\/wp\/v2\/types\/product"}],"version-history":[{"count":0,"href":"https:\/\/uigdetectors.com\/fr\/wp-json\/wp\/v2\/product\/17414\/revisions"}],"wp:featuredmedia":[{"embeddable":true,"href":"https:\/\/uigdetectors.com\/fr\/wp-json\/wp\/v2\/media\/28883"}],"wp:attachment":[{"href":"https:\/\/uigdetectors.com\/fr\/wp-json\/wp\/v2\/media?parent=17414"}],"wp:term":[{"taxonomy":"product_brand","embeddable":true,"href":"https:\/\/uigdetectors.com\/fr\/wp-json\/wp\/v2\/product_brand?post=17414"},{"taxonomy":"product_cat","embeddable":true,"href":"https:\/\/uigdetectors.com\/fr\/wp-json\/wp\/v2\/product_cat?post=17414"},{"taxonomy":"product_tag","embeddable":true,"href":"https:\/\/uigdetectors.com\/fr\/wp-json\/wp\/v2\/product_tag?post=17414"}],"curies":[{"name":"wp","href":"https:\/\/api.w.org\/{rel}","templated":true}]}}