{"id":17425,"date":"2023-06-06T12:25:09","date_gmt":"2023-06-06T09:25:09","guid":{"rendered":"https:\/\/shop.uigdetectors.com\/?post_type=product&#038;p=17425"},"modified":"2024-11-19T17:32:10","modified_gmt":"2024-11-19T14:32:10","slug":"uig-ground-scanner-detectors","status":"publish","type":"product","link":"https:\/\/uigdetectors.com\/fr\/produit\/uig-ground-scanner-detectors\/","title":{"rendered":"Appareil UIG GROUND SCANNER, d\u00e9tecteur de m\u00e9taux pr\u00e9cieux et de cavit\u00e9s"},"content":{"rendered":"\t\t<div data-elementor-type=\"wp-post\" data-elementor-id=\"17425\" class=\"elementor elementor-17425 elementor-12656\" data-elementor-post-type=\"product\">\n\t\t\t\t<div class=\"wd-negative-gap elementor-element elementor-element-194da535 e-flex e-con-boxed e-con e-parent\" data-id=\"194da535\" data-element_type=\"container\" data-e-type=\"container\">\n\t\t\t\t\t<div class=\"e-con-inner\">\n\t\t\t\t<div class=\"elementor-element elementor-element-14fd169a elementor-widget elementor-widget-heading\" data-id=\"14fd169a\" data-element_type=\"widget\" data-e-type=\"widget\" data-widget_type=\"heading.default\">\n\t\t\t\t\t<h1 class=\"elementor-heading-title elementor-size-default\">LE D\u00c9TECTEUR UIG GROUND SCANNER<\/h1>\t\t\t\t<\/div>\n\t\t\t\t<div class=\"elementor-element elementor-element-204c13c4 elementor-widget elementor-widget-heading\" data-id=\"204c13c4\" data-element_type=\"widget\" data-e-type=\"widget\" data-widget_type=\"heading.default\">\n\t\t\t\t\t<h2 class=\"elementor-heading-title elementor-size-default\">Le UIG GROUND SCANNER : Un d\u00e9tecteur pour l'or enfoui, les tr\u00e9sors, les artefacts anciens, les m\u00e9taux pr\u00e9cieux, les tr\u00e9sors arch\u00e9ologiques, les passages, les tunnels, les grottes et les vides sous terre.<\/h2>\t\t\t\t<\/div>\n\t\t\t\t<div class=\"elementor-element elementor-element-c8d7caf elementor-widget elementor-widget-image\" data-id=\"c8d7caf\" data-element_type=\"widget\" data-e-type=\"widget\" data-widget_type=\"image.default\">\n\t\t\t\t\t\t\t\t\t\t\t\t\t\t\t<img decoding=\"async\" width=\"945\" height=\"305\" src=\"https:\/\/uigdetectors.com\/wp-content\/uploads\/2024\/04\/UIG-Ground-Scanner-wall.webp\" class=\"attachment-full size-full wp-image-30281\" alt=\"UIG Ground Scanner wall\" srcset=\"https:\/\/uigdetectors.com\/wp-content\/uploads\/2024\/04\/UIG-Ground-Scanner-wall.webp 945w, https:\/\/uigdetectors.com\/wp-content\/uploads\/2024\/04\/UIG-Ground-Scanner-wall-430x139.webp 430w, https:\/\/uigdetectors.com\/wp-content\/uploads\/2024\/04\/UIG-Ground-Scanner-wall-150x48.webp 150w, https:\/\/uigdetectors.com\/wp-content\/uploads\/2024\/04\/UIG-Ground-Scanner-wall-700x226.webp 700w, https:\/\/uigdetectors.com\/wp-content\/uploads\/2024\/04\/UIG-Ground-Scanner-wall-400x129.webp 400w, https:\/\/uigdetectors.com\/wp-content\/uploads\/2024\/04\/UIG-Ground-Scanner-wall-768x248.webp 768w\" sizes=\"(max-width: 945px) 100vw, 945px\" \/>\t\t\t\t\t\t\t\t\t\t\t\t\t\t\t<\/div>\n\t\t\t\t<div class=\"elementor-element elementor-element-74a091d1 color-scheme-inherit text-left elementor-widget elementor-widget-text-editor\" data-id=\"74a091d1\" data-element_type=\"widget\" data-e-type=\"widget\" data-widget_type=\"text-editor.default\">\n\t\t\t\t\t\t\t\t\t<div>\nL&rsquo;\u00e8re de l&rsquo;\u00e9puisement et de la recherche al\u00e9atoire est enfin r\u00e9volue. Nous pr\u00e9sentons aux explorateurs et aux passionn\u00e9s d&rsquo;excavation la derni\u00e8re technologie d&rsquo;imagerie souterraine, permettant une analyse compl\u00e8te des couches de la Terre et l&rsquo;obtention d&rsquo;une repr\u00e9sentation tridimensionnelle de la cible d\u00e9tect\u00e9e.\n<br\/><br\/>\nLe UIG GROUND SCANNER, un dispositif multi-syst\u00e8me pour l&rsquo;exploration des richesses souterraines, r\u00e9unit les technologies avanc\u00e9es de GER Detect et UIG Detectors. \nLes sp\u00e9cifications et les caract\u00e9ristiques de cet appareil r\u00e9alisent les r\u00eaves des explorateurs et des chercheurs de tr\u00e9sors du monde entier.\n<br\/><br\/>\nNos experts ont d\u00e9velopp\u00e9 le UIG GROUND SCANNER pour r\u00e9soudre les d\u00e9fis auxquels font face les chercheurs utilisant des dispositifs traditionnels sur le march\u00e9. Pour la premi\u00e8re fois dans la technologie moderne, un seul dispositif fonctionne avec trois syst\u00e8mes de recherche diff\u00e9rents.\n\n<\/div>\t\t\t\t\t\t\t\t<\/div>\n\t\t\t\t<div class=\"elementor-element elementor-element-18b47108 elementor-widget elementor-widget-heading\" data-id=\"18b47108\" data-element_type=\"widget\" data-e-type=\"widget\" data-widget_type=\"heading.default\">\n\t\t\t\t\t<h3 class=\"elementor-heading-title elementor-size-default\">Sp\u00e9cifications et syst\u00e8mes de recherche du UIG GROUND SCANNER :<\/h3>\t\t\t\t<\/div>\n\t\t<div class=\"elementor-element elementor-element-8df37fa e-con-full e-flex e-con e-child\" data-id=\"8df37fa\" data-element_type=\"container\" data-e-type=\"container\">\n\t\t\t\t<div class=\"elementor-element elementor-element-40e11cf8 elementor-widget__width-initial color-scheme-inherit text-left elementor-widget elementor-widget-text-editor\" data-id=\"40e11cf8\" data-element_type=\"widget\" data-e-type=\"widget\" data-widget_type=\"text-editor.default\">\n\t\t\t\t\t\t\t\t\t<ul>\n \t<li><span style=\"color: #c99c00;\"><strong> Syst\u00e8me d&rsquo;Imagerie 3D:<\/strong><\/span>\nDes sp\u00e9cifications techniques innovantes ont \u00e9t\u00e9 introduites dans ce syst\u00e8me, capturant des images de toutes les couches de la Terre.\n Les r\u00e9sultats sont affich\u00e9s de toutes les directions sur l&rsquo;\u00e9cran de l&rsquo;appareil, clarifiant la forme approximative de la cible d\u00e9tect\u00e9e. Il r\u00e9v\u00e8le l&rsquo;or, les m\u00e9taux pr\u00e9cieux, les tr\u00e9sors enfouis, les grottes, les vides et tous les \u00e9l\u00e9ments cach\u00e9s sous la surface de la Terre. De plus, il fournit la profondeur des cibles d\u00e9couvertes en m\u00e8tres et centim\u00e8tres. <\/li>\n<\/ul>\n&nbsp;\n<ul>\n \t<li><span style=\"color: #c99c00;\"><strong> Syst\u00e8me du scan Direct au Sol:<\/strong><\/span>\nEn initiant ce syst\u00e8me, une courte vid\u00e9o d\u00e9montre le processus du scan. Le syst\u00e8me offre une analyse rapide et directe de l&#8217;emplacement de la cible sous terre, identifiant instantan\u00e9ment le type de tr\u00e9sor ou de vide. Lorsqu&rsquo;une cible m\u00e9tallique est d\u00e9tect\u00e9e, la zone passe du vert au rouge de mani\u00e8re progressive, avec l&rsquo;indicateur rouge sur le graphique qui monte, accompagn\u00e9 d&rsquo;un son indiquant la pr\u00e9sence de m\u00e9tal sous la surface. Pour la d\u00e9tection de vide, la zone passe du vert au bleu de mani\u00e8re progressive, avec l&rsquo;indicateur bleu sur le graphique qui diminue, accompagn\u00e9 d&rsquo;un son distinct indiquant la pr\u00e9sence d&rsquo;un vide.\n\n<\/li>\n<\/ul>\n&nbsp;\n<ul>\n \t<li><span style=\"color: #c99c00;\"><strong> Syst\u00e8me du scan Direct des Murs <\/strong><\/span>\nSimilaire au Syst\u00e8me du scan Direct au Sol, ce syst\u00e8me offre une analyse rapide et directe de la cible derri\u00e8re le mur, identifiant instantan\u00e9ment le type de tr\u00e9sor, de vides, de passages et de cachettes. Pendant le processus du scan, une zone en vert appara\u00eet, et un graphique repr\u00e9sente la force du signal \u00e9mis par la cible, accompagn\u00e9 d&rsquo;un son intermittent indiquant le d\u00e9but de la recherche. <\/li>\n<\/ul>\t\t\t\t\t\t\t\t<\/div>\n\t\t\t\t<div class=\"elementor-element elementor-element-2053c0c elementor-widget__width-initial elementor-widget elementor-widget-wd_3d_view\" data-id=\"2053c0c\" data-element_type=\"widget\" data-e-type=\"widget\" data-widget_type=\"wd_3d_view.default\">\n\t\t\t\t<div class=\"elementor-widget-container\">\n\t\t\t\t\t\t\t<div class=\"wd-threed-view\" data-args='{\"frames_count\":51,\"images\":[\"https:\\\/\\\/uigdetectors.com\\\/wp-content\\\/uploads\\\/2024\\\/04\\\/UIG-Ground-Scanner-00051.webp\",\"https:\\\/\\\/uigdetectors.com\\\/wp-content\\\/uploads\\\/2024\\\/04\\\/UIG-Ground-Scanner-00050.webp\",\"https:\\\/\\\/uigdetectors.com\\\/wp-content\\\/uploads\\\/2024\\\/04\\\/UIG-Ground-Scanner-00049.webp\",\"https:\\\/\\\/uigdetectors.com\\\/wp-content\\\/uploads\\\/2024\\\/04\\\/UIG-Ground-Scanner-00048.webp\",\"https:\\\/\\\/uigdetectors.com\\\/wp-content\\\/uploads\\\/2024\\\/04\\\/UIG-Ground-Scanner-00047.webp\",\"https:\\\/\\\/uigdetectors.com\\\/wp-content\\\/uploads\\\/2024\\\/04\\\/UIG-Ground-Scanner-00046.webp\",\"https:\\\/\\\/uigdetectors.com\\\/wp-content\\\/uploads\\\/2024\\\/04\\\/UIG-Ground-Scanner-00045.webp\",\"https:\\\/\\\/uigdetectors.com\\\/wp-content\\\/uploads\\\/2024\\\/04\\\/UIG-Ground-Scanner-00044.webp\",\"https:\\\/\\\/uigdetectors.com\\\/wp-content\\\/uploads\\\/2024\\\/04\\\/UIG-Ground-Scanner-00043.webp\",\"https:\\\/\\\/uigdetectors.com\\\/wp-content\\\/uploads\\\/2024\\\/04\\\/UIG-Ground-Scanner-00042.webp\",\"https:\\\/\\\/uigdetectors.com\\\/wp-content\\\/uploads\\\/2024\\\/04\\\/UIG-Ground-Scanner-00041.webp\",\"https:\\\/\\\/uigdetectors.com\\\/wp-content\\\/uploads\\\/2024\\\/04\\\/UIG-Ground-Scanner-00040.webp\",\"https:\\\/\\\/uigdetectors.com\\\/wp-content\\\/uploads\\\/2024\\\/04\\\/UIG-Ground-Scanner-00039.webp\",\"https:\\\/\\\/uigdetectors.com\\\/wp-content\\\/uploads\\\/2024\\\/04\\\/UIG-Ground-Scanner-00038.webp\",\"https:\\\/\\\/uigdetectors.com\\\/wp-content\\\/uploads\\\/2024\\\/04\\\/UIG-Ground-Scanner-00037.webp\",\"https:\\\/\\\/uigdetectors.com\\\/wp-content\\\/uploads\\\/2024\\\/04\\\/UIG-Ground-Scanner-00036.webp\",\"https:\\\/\\\/uigdetectors.com\\\/wp-content\\\/uploads\\\/2024\\\/04\\\/UIG-Ground-Scanner-00035.webp\",\"https:\\\/\\\/uigdetectors.com\\\/wp-content\\\/uploads\\\/2024\\\/04\\\/UIG-Ground-Scanner-00034.webp\",\"https:\\\/\\\/uigdetectors.com\\\/wp-content\\\/uploads\\\/2024\\\/04\\\/UIG-Ground-Scanner-00033.webp\",\"https:\\\/\\\/uigdetectors.com\\\/wp-content\\\/uploads\\\/2024\\\/04\\\/UIG-Ground-Scanner-00032.webp\",\"https:\\\/\\\/uigdetectors.com\\\/wp-content\\\/uploads\\\/2024\\\/04\\\/UIG-Ground-Scanner-00031.webp\",\"https:\\\/\\\/uigdetectors.com\\\/wp-content\\\/uploads\\\/2024\\\/04\\\/UIG-Ground-Scanner-00030.webp\",\"https:\\\/\\\/uigdetectors.com\\\/wp-content\\\/uploads\\\/2024\\\/04\\\/UIG-Ground-Scanner-00029.webp\",\"https:\\\/\\\/uigdetectors.com\\\/wp-content\\\/uploads\\\/2024\\\/04\\\/UIG-Ground-Scanner-00028.webp\",\"https:\\\/\\\/uigdetectors.com\\\/wp-content\\\/uploads\\\/2024\\\/04\\\/UIG-Ground-Scanner-00027.webp\",\"https:\\\/\\\/uigdetectors.com\\\/wp-content\\\/uploads\\\/2024\\\/04\\\/UIG-Ground-Scanner-00026.webp\",\"https:\\\/\\\/uigdetectors.com\\\/wp-content\\\/uploads\\\/2024\\\/04\\\/UIG-Ground-Scanner-00025.webp\",\"https:\\\/\\\/uigdetectors.com\\\/wp-content\\\/uploads\\\/2024\\\/04\\\/UIG-Ground-Scanner-00024.webp\",\"https:\\\/\\\/uigdetectors.com\\\/wp-content\\\/uploads\\\/2024\\\/04\\\/UIG-Ground-Scanner-00023.webp\",\"https:\\\/\\\/uigdetectors.com\\\/wp-content\\\/uploads\\\/2024\\\/04\\\/UIG-Ground-Scanner-00022.webp\",\"https:\\\/\\\/uigdetectors.com\\\/wp-content\\\/uploads\\\/2024\\\/04\\\/UIG-Ground-Scanner-00021.webp\",\"https:\\\/\\\/uigdetectors.com\\\/wp-content\\\/uploads\\\/2024\\\/04\\\/UIG-Ground-Scanner-00020.webp\",\"https:\\\/\\\/uigdetectors.com\\\/wp-content\\\/uploads\\\/2024\\\/04\\\/UIG-Ground-Scanner-00019.webp\",\"https:\\\/\\\/uigdetectors.com\\\/wp-content\\\/uploads\\\/2024\\\/04\\\/UIG-Ground-Scanner-00018.webp\",\"https:\\\/\\\/uigdetectors.com\\\/wp-content\\\/uploads\\\/2024\\\/04\\\/UIG-Ground-Scanner-00017.webp\",\"https:\\\/\\\/uigdetectors.com\\\/wp-content\\\/uploads\\\/2024\\\/04\\\/UIG-Ground-Scanner-00016.webp\",\"https:\\\/\\\/uigdetectors.com\\\/wp-content\\\/uploads\\\/2024\\\/04\\\/UIG-Ground-Scanner-00015.webp\",\"https:\\\/\\\/uigdetectors.com\\\/wp-content\\\/uploads\\\/2024\\\/04\\\/UIG-Ground-Scanner-00014.webp\",\"https:\\\/\\\/uigdetectors.com\\\/wp-content\\\/uploads\\\/2024\\\/04\\\/UIG-Ground-Scanner-00013.webp\",\"https:\\\/\\\/uigdetectors.com\\\/wp-content\\\/uploads\\\/2024\\\/04\\\/UIG-Ground-Scanner-00012.webp\",\"https:\\\/\\\/uigdetectors.com\\\/wp-content\\\/uploads\\\/2024\\\/04\\\/UIG-Ground-Scanner-00011.webp\",\"https:\\\/\\\/uigdetectors.com\\\/wp-content\\\/uploads\\\/2024\\\/04\\\/UIG-Ground-Scanner-00010.webp\",\"https:\\\/\\\/uigdetectors.com\\\/wp-content\\\/uploads\\\/2024\\\/04\\\/UIG-Ground-Scanner-00009.webp\",\"https:\\\/\\\/uigdetectors.com\\\/wp-content\\\/uploads\\\/2024\\\/04\\\/UIG-Ground-Scanner-00008.webp\",\"https:\\\/\\\/uigdetectors.com\\\/wp-content\\\/uploads\\\/2024\\\/04\\\/UIG-Ground-Scanner-00007.webp\",\"https:\\\/\\\/uigdetectors.com\\\/wp-content\\\/uploads\\\/2024\\\/04\\\/UIG-Ground-Scanner-00006.webp\",\"https:\\\/\\\/uigdetectors.com\\\/wp-content\\\/uploads\\\/2024\\\/04\\\/UIG-Ground-Scanner-00005.webp\",\"https:\\\/\\\/uigdetectors.com\\\/wp-content\\\/uploads\\\/2024\\\/04\\\/UIG-Ground-Scanner-00004.webp\",\"https:\\\/\\\/uigdetectors.com\\\/wp-content\\\/uploads\\\/2024\\\/04\\\/UIG-Ground-Scanner-00003.webp\",\"https:\\\/\\\/uigdetectors.com\\\/wp-content\\\/uploads\\\/2024\\\/04\\\/UIG-Ground-Scanner-00002.webp\",\"https:\\\/\\\/uigdetectors.com\\\/wp-content\\\/uploads\\\/2024\\\/04\\\/UIG-Ground-Scanner-00001.webp\"],\"width\":600,\"height\":800}'>\n\t\t\t<ul class=\"threed-view-images\"><\/ul>\n\t\t\t<div class=\"spinner\">\n\t\t\t\t<span>0%<\/span>\n\t\t\t<\/div>\n\t\t<\/div>\n\t\t\t\t\t\t<\/div>\n\t\t\t\t<\/div>\n\t\t\t\t<\/div>\n\t\t\t\t<div class=\"elementor-element elementor-element-5c09fee9 elementor-widget elementor-widget-heading\" data-id=\"5c09fee9\" data-element_type=\"widget\" data-e-type=\"widget\" data-widget_type=\"heading.default\">\n\t\t\t\t\t<h3 class=\"elementor-heading-title elementor-size-default\">Caract\u00e9ristiques et fonctionnalit\u00e9s du UIG GROUND SCANNER :<\/h3>\t\t\t\t<\/div>\n\t\t\t\t<div class=\"elementor-element elementor-element-76dda64f color-scheme-inherit text-left elementor-widget elementor-widget-text-editor\" data-id=\"76dda64f\" data-element_type=\"widget\" data-e-type=\"widget\" data-widget_type=\"text-editor.default\">\n\t\t\t\t\t\t\t\t\t<div>&#8211; Fonctionne en six langues : anglais, arabe, espagnol, fran\u00e7ais, allemand, portugais &#8211; Persane.<br \/><br \/><br \/>&#8211; Profondeur de recherche jusqu&rsquo;\u00e0 30 m\u00e8tres sous terre, avec la capacit\u00e9 de sp\u00e9cifier la profondeur des cibles sous la Terre en m\u00e8tres et centim\u00e8tres.<br \/><br \/><br \/>&#8211; Syst\u00e8me de fonctionnement automatique non affect\u00e9 par les types de sol : humide, riche en sels min\u00e9raux, roches m\u00e9talliques ou roches basaltiques. Il peut contourner tous les types de roches m\u00e9talliques gr\u00e2ce \u00e0 la technologie de calibrage automatique.<br \/><br \/><br \/>Le UIG GROUND SCANNER a \u00e9t\u00e9 d\u00e9velopp\u00e9 pour fonctionner dans divers environnements et dans des conditions climatiques difficiles avec facilit\u00e9.<br \/><br \/><br \/>C&rsquo;est un produit de l&rsquo;ing\u00e9nierie allemande de haut niveau, portant \u00e0 la fois le certificat europ\u00e9en CE et le certificat international ISO 9001.<br \/><br \/><br \/>Con\u00e7u pour s&rsquo;adapter aux op\u00e9rations dans tous les pays et climats, le UIG GROUND SCANNER ouvre de nouvelles perspectives pour les explorateurs.<br \/><br \/><br \/>Un v\u00e9ritable voyage d&rsquo;exploration ne n\u00e9cessite pas de se rendre dans de nouveaux territoires, mais plut\u00f4t de voir avec de nouveaux yeux.<br \/><br \/><br \/>Nous vous souhaitons du succ\u00e8s dans vos voyages\u00a0d&rsquo;exploration.<\/div>\t\t\t\t\t\t\t\t<\/div>\n\t\t\t\t<div class=\"elementor-element elementor-element-2832b250 elementor-widget elementor-widget-video\" data-id=\"2832b250\" data-element_type=\"widget\" data-e-type=\"widget\" data-settings=\"{&quot;youtube_url&quot;:&quot;https:\\\/\\\/www.youtube.com\\\/watch?v=L2F3gHNGjSc&quot;,&quot;video_type&quot;:&quot;youtube&quot;,&quot;controls&quot;:&quot;yes&quot;}\" data-widget_type=\"video.default\">\n\t\t\t\t\t\t\t<div class=\"elementor-wrapper elementor-open-inline\">\n\t\t\t<div class=\"elementor-video\"><\/div>\t\t<\/div>\n\t\t\t\t\t\t<\/div>\n\t\t\t\t<div class=\"elementor-element elementor-element-6e9f2d9 elementor-widget elementor-widget-wd_accordion\" data-id=\"6e9f2d9\" data-element_type=\"widget\" data-e-type=\"widget\" data-widget_type=\"wd_accordion.default\">\n\t\t\t\t<div class=\"elementor-widget-container\">\n\t\t\t\t\t\n\t\t<div class=\"wd-accordion wd-style-shadow wd-titles-left wd-opener-pos-right wd-opener-style-arrow\" data-state=\"all_closed\">\n\t\t\t\t\t\t\t\n\t\t\t\t<div class=\"wd-accordion-item\">\n\t\t\t\t\t<div class=\"wd-accordion-title wd-role-btn\" data-accordion-index=\"0\" tabindex=\"0\">\n\t\t\t\t\t\t<div class=\"wd-accordion-title-text\">\n\t\t\t\t\t\t\t\t\t\t\t\t\t\t\t<span class=\"img-wrapper\">\n\t\t\t\t\t\t\t\t\t<svg class=\"e-font-icon-svg e-fas-table\" viewBox=\"0 0 512 512\" xmlns=\"http:\/\/www.w3.org\/2000\/svg\"><path d=\"M464 32H48C21.49 32 0 53.49 0 80v352c0 26.51 21.49 48 48 48h416c26.51 0 48-21.49 48-48V80c0-26.51-21.49-48-48-48zM224 416H64v-96h160v96zm0-160H64v-96h160v96zm224 160H288v-96h160v96zm0-160H288v-96h160v96z\"><\/path><\/svg>\t\t\t\t\t\t\t\t<\/span>\n\t\t\t\t\t\t\t\t\t\t\t\t\t\t<span>\n\t\t\t\t\t\t\t\tSp\u00e9cifications Techniques\t\t\t\t\t\t\t<\/span>\n\t\t\t\t\t\t<\/div>\n\t\t\t\t\t\t<span class=\"wd-accordion-opener\"><\/span>\n\t\t\t\t\t<\/div>\n\n\t\t\t\t\t<div class=\"wd-accordion-content wd-entry-content\" data-accordion-index=\"0\">\n\t\t\t\t\t\t\t\t\t\t\t\t\t\n\t\t\t\t\t\t\t<table>\n<thead>\n<tr>\n<th style=\"font-weight: 400;\">Nom de la sp\u00e9cification technique<\/th>\n<th style=\"font-weight: 400;\">Valeur de sp\u00e9cification technique<\/th>\n<\/tr>\n<\/thead>\n<tbody>\n<tr>\n<td style=\"font-weight: 300;\">Les dimensions Appareil avec capteur (ouvert)<\/td>\n<td style=\"font-weight: 300;\">880 mm<\/td>\n<\/tr>\n<tr>\n<td style=\"font-weight: 300;\">Les dimensions Appareil avec capteur (Ferm\u00e9)<\/td>\n<td style=\"font-weight: 300;\">600 mm<\/td>\n<\/tr>\n<tr>\n<td style=\"font-weight: 300;\">Les dimensions Appareil sans capteur (Ferm\u00e9)<\/td>\n<td style=\"font-weight: 300;\">575 mm<\/td>\n<\/tr>\n<tr>\n<td style=\"font-weight: 300;\">Bluetooth<\/td>\n<td style=\"font-weight: 300;\">2.4 GHz Radio<\/td>\n<\/tr>\n<tr>\n<td style=\"font-weight: 300;\">Vitesse de traitement des donn\u00e9es<\/td>\n<td style=\"font-weight: 300;\">72 MHz<\/td>\n<\/tr>\n<tr>\n<td style=\"font-weight: 300;\">Plage de temp\u00e9ratures de fonctionnement<\/td>\n<td style=\"font-weight: 300;\">0 C\u00b0 to 70 C\u00b0<\/td>\n<\/tr>\n<tr>\n<td style=\"font-weight: 300;\">Plage d'humidit\u00e9 de fonctionnement<\/td>\n<td style=\"font-weight: 300;\">Jusqu'\u00e0 95 % sans condensation<\/td>\n<\/tr>\n<tr>\n<td style=\"font-weight: 300;\">Plage de temp\u00e9rature de stockage<\/td>\n<td style=\"font-weight: 300;\">-20C\u00b0 \u00e0 70C\u00b0<\/td>\n<\/tr>\n<tr>\n<td style=\"font-weight: 300;\">Plage d'humidit\u00e9 de stockage<\/td>\n<td style=\"font-weight: 300;\">jusqu'\u00e0 98 % d'humidit\u00e9 relative<\/td>\n<\/tr>\n<tr>\n<td style=\"font-weight: 300;\">Temps de fonctionnement (Batterie 27 Wh)<\/td>\n<td style=\"font-weight: 300;\">10 Heures<\/td>\n<\/tr>\n<tr>\n<td style=\"font-weight: 300;\">Indice d'\u00e9tanch\u00e9it\u00e9 - D\u00e9tecteur<\/td>\n<td style=\"font-weight: 300;\">Non \u00e9tanche (r\u00e9sistant aux intemp\u00e9ries uniquement)<\/td>\n<\/tr>\n<tr>\n<td style=\"font-weight: 300;\" colspan=\"2\">Sp\u00e9cifications techniques de la batterie BT144<\/td>\n<\/tr>\n<tr>\n<td style=\"font-weight: 300;\">Type<\/td>\n<td style=\"font-weight: 300;\">Batterie rechargeable Li-ion - batterie externe<\/td>\n<\/tr>\n<tr>\n<td style=\"font-weight: 300;\">Tension de sortie<\/td>\n<td style=\"font-weight: 300;\">Li-ion 10.8 VCC<\/td>\n<\/tr>\n<tr>\n<td style=\"font-weight: 300;\">Capacit\u00e9<\/td>\n<td style=\"font-weight: 300;\">Li-ion 27 Wh<\/td>\n<\/tr>\n<tr>\n<td style=\"font-weight: 300;\">Dur\u00e9e<\/td>\n<td style=\"font-weight: 300;\">10 Heures<\/td>\n<\/tr>\n<tr>\n<td style=\"font-weight: 300;\">Temp\u00e9rature de fonctionnement de la batterie<\/td>\n<td style=\"font-weight: 300;\">0 C\u00b0 \u00e0 50 C\u00b0<\/td>\n<\/tr>\n<tr>\n<td style=\"font-weight: 300;\">Temp\u00e9rature de stockage de la batterie<\/td>\n<td style=\"font-weight: 300;\">- 5C\u00b0 \u00e0 70C\u00b0<\/td>\n<\/tr>\n<tr>\n<td style=\"font-weight: 300;\" colspan=\"2\">Sp\u00e9cifications techniques du chargeur de batterie Li-ion<\/td>\n<\/tr>\n<tr>\n<td style=\"font-weight: 300;\">Temp\u00e9rature de fonctionnement<\/td>\n<td style=\"font-weight: 300;\">0 C\u00b0 \u00e0 50 C\u00b0<\/td>\n<\/tr>\n<tr>\n<td style=\"font-weight: 300;\">Temp\u00e9rature de stockage<\/td>\n<td style=\"font-weight: 300;\">- 30 C\u00b0 \u00e0 80 C\u00b0<\/td>\n<\/tr>\n<tr>\n<td style=\"font-weight: 300;\">Tension d'entr\u00e9e<\/td>\n<td style=\"font-weight: 300;\">90 \u2192 250 VCA 50\u219260 Hz<\/td>\n<\/tr>\n<tr>\n<td style=\"font-weight: 300;\">Courant de sortie USB<\/td>\n<td style=\"font-weight: 300;\">5 VCC \/ 2100 mA<\/td>\n<\/tr>\n<tr>\n<td style=\"font-weight: 300;\" colspan=\"2\">Autres sp\u00e9cifications techniques<\/td>\n<\/tr>\n<tr>\n<td style=\"font-weight: 300;\">Poids total<\/td>\n<td style=\"font-weight: 300;\">3900 g<\/td>\n<\/tr>\n<tr>\n<td style=\"font-weight: 300;\">Poids de l'appareil<\/td>\n<td style=\"font-weight: 300;\">1100 g<\/td>\n<\/tr>\n<tr>\n<td style=\"font-weight: 300;\">Poids de la batterie<\/td>\n<td style=\"font-weight: 300;\">330 g<\/td>\n<\/tr>\n<tr>\n<td style=\"font-weight: 300;\">Poids du sac (vide)<\/td>\n<td style=\"font-weight: 300;\">2230 g<\/td>\n<\/tr>\n<tr>\n<td style=\"font-weight: 300;\">Dimensions du sac<\/td>\n<td style=\"font-weight: 300;\">635 mm x 335 mm x 145 mm<\/td>\n<\/tr>\n<\/tbody>\n<\/table>\n\t\t\t\t\t\t\t\t\t\t\t\t\t\t\t\t\t\t<\/div>\n\t\t\t\t<\/div>\n\t\t\t\t\t<\/div>\n\t\t\t\t\t\t<\/div>\n\t\t\t\t<\/div>\n\t\t\t\t\t<\/div>\n\t\t\t\t<\/div>\n\t\t\t\t<\/div>\n\t\t","protected":false},"excerpt":{"rendered":"<h5 class=\"card-title dark-blue font-weight-bold\">Le UIG GROUND SCANNER : Une technologie de pointe et unique au niveau mondial, une station de recherche d&rsquo;imagerie compl\u00e8te avec trois syst\u00e8mes de recherche professionnels innovants r\u00e9unis dans un seul dispositif<br \/>\nL&rsquo;appareil UIG GROUND SCANNER int\u00e8gre trois syst\u00e8mes de recherche directs :<br \/>\nSyst\u00e8me Live du scan au Sol, Syst\u00e8me de Live du scan des Murs, et un Syst\u00e8me d&rsquo;Imagerie 3D sp\u00e9cialis\u00e9. Il est con\u00e7u pour d\u00e9tecter l&rsquo;or enfoui, les tr\u00e9sors, les artefacts anciens, les m\u00e9taux pr\u00e9cieux, les tr\u00e9sors arch\u00e9ologiques, les passages, les tunnels, les grottes et les vides sous terre.<\/h5>\n<table style=\"font-size: 14px;\" border=\"1&quot;\" width=\"50%\" cellspacing=\"0\" cellpadding=\"5\">\n<tbody>\n<tr>\n<td style=\"border: 1px solid lightgray;\" align=\"left\" width=\"10%\">Search system<\/td>\n<td style=\"border: 1px solid lightgray;\" align=\"center\" width=\"40%\">3D Imaging &#8211; Live Scan<\/td>\n<\/tr>\n<tr>\n<td style=\"border: 1px solid lightgray;\" align=\"left\" width=\"10%\">Search Depth<\/td>\n<td style=\"border: 1px solid lightgray;\" align=\"center\" width=\"40%\">30 meter<\/td>\n<\/tr>\n<tr>\n<td style=\"border: 1px solid lightgray;\" align=\"left\" width=\"10%\">Device Weight<\/td>\n<td style=\"border: 1px solid lightgray;\" align=\"center\" width=\"40%\">1100 gram<\/td>\n<\/tr>\n<tr>\n<td style=\"border: 1px solid lightgray;\" align=\"left\" width=\"10%\">Total Weight<\/td>\n<td style=\"border: 1px solid lightgray;\" align=\"center\" width=\"40%\">3900 gram<\/td>\n<\/tr>\n<tr>\n<td style=\"border: 1px solid lightgray;\" align=\"left\" width=\"10%\">Package dimensions<\/td>\n<td style=\"border: 1px solid lightgray;\" align=\"center\" width=\"40%\">335mm x 145mm x 635mm<\/td>\n<\/tr>\n<tr>\n<td style=\"border: 1px solid lightgray;\" align=\"left\" width=\"10%\">Warranty<\/td>\n<td style=\"border: 1px solid lightgray;\" align=\"center\" width=\"40%\">Two (2) Year<\/td>\n<\/tr>\n<tr>\n<td style=\"border: 1px solid lightgray;\" align=\"left\" width=\"10%\">Made in<\/td>\n<td style=\"border: 1px solid lightgray;\" align=\"center\" width=\"40%\">Germany<\/td>\n<\/tr>\n<\/tbody>\n<\/table>\n","protected":false},"featured_media":34510,"template":"","meta":[],"product_brand":[],"product_cat":[190,226,1262,1626],"product_tag":[],"class_list":{"0":"post-17425","1":"product","2":"type-product","3":"status-publish","4":"has-post-thumbnail","6":"product_cat-detecteurs-dor-et-de-metal","7":"product_cat-boutique","8":"product_cat-sale-fr","9":"product_cat-treasures-fr","11":"first","12":"instock","13":"sale","14":"purchasable","15":"product-type-simple"},"_links":{"self":[{"href":"https:\/\/uigdetectors.com\/fr\/wp-json\/wp\/v2\/product\/17425","targetHints":{"allow":["GET"]}}],"collection":[{"href":"https:\/\/uigdetectors.com\/fr\/wp-json\/wp\/v2\/product"}],"about":[{"href":"https:\/\/uigdetectors.com\/fr\/wp-json\/wp\/v2\/types\/product"}],"version-history":[{"count":0,"href":"https:\/\/uigdetectors.com\/fr\/wp-json\/wp\/v2\/product\/17425\/revisions"}],"wp:featuredmedia":[{"embeddable":true,"href":"https:\/\/uigdetectors.com\/fr\/wp-json\/wp\/v2\/media\/34510"}],"wp:attachment":[{"href":"https:\/\/uigdetectors.com\/fr\/wp-json\/wp\/v2\/media?parent=17425"}],"wp:term":[{"taxonomy":"product_brand","embeddable":true,"href":"https:\/\/uigdetectors.com\/fr\/wp-json\/wp\/v2\/product_brand?post=17425"},{"taxonomy":"product_cat","embeddable":true,"href":"https:\/\/uigdetectors.com\/fr\/wp-json\/wp\/v2\/product_cat?post=17425"},{"taxonomy":"product_tag","embeddable":true,"href":"https:\/\/uigdetectors.com\/fr\/wp-json\/wp\/v2\/product_tag?post=17425"}],"curies":[{"name":"wp","href":"https:\/\/api.w.org\/{rel}","templated":true}]}}