{"id":17434,"date":"2023-06-07T22:32:50","date_gmt":"2023-06-07T22:32:50","guid":{"rendered":"https:\/\/shop.uigdetectors.com\/?post_type=product&#038;p=17434"},"modified":"2024-12-16T15:48:15","modified_gmt":"2024-12-16T12:48:15","slug":"titan-500-smart-detector","status":"publish","type":"product","link":"https:\/\/uigdetectors.com\/fr\/produit\/titan-500-smart-detector\/","title":{"rendered":"Appareil TITAN 500 SMART, d\u00e9tecteur d&rsquo;or, de m\u00e9taux, de pierres pr\u00e9cieuses et de diamants"},"content":{"rendered":"\t\t<div data-elementor-type=\"product-post\" data-elementor-id=\"17434\" class=\"elementor elementor-17434 elementor-11486\" data-elementor-post-type=\"product\">\n\t\t\t\t<div class=\"wd-negative-gap elementor-element elementor-element-5e9f49c3 e-flex e-con-boxed e-con e-parent\" data-id=\"5e9f49c3\" data-element_type=\"container\" data-e-type=\"container\">\n\t\t\t\t\t<div class=\"e-con-inner\">\n\t\t\t\t<div class=\"elementor-element elementor-element-b8903b7 elementor-widget elementor-widget-heading\" data-id=\"b8903b7\" data-element_type=\"widget\" data-e-type=\"widget\" data-widget_type=\"heading.default\">\n\t\t\t\t\t<h1 class=\"elementor-heading-title elementor-size-default\">LE D\u00c9TECTEUR TITAN 500 SMART<\/h1>\t\t\t\t<\/div>\n\t\t\t\t<div class=\"elementor-element elementor-element-f036451 elementor-widget elementor-widget-heading\" data-id=\"f036451\" data-element_type=\"widget\" data-e-type=\"widget\" data-widget_type=\"heading.default\">\n\t\t\t\t\t<h2 class=\"elementor-heading-title elementor-size-default\">L'appareil TITAN 500 SMART est petit, portable et facile \u00e0 utiliser, avec plusieurs syst\u00e8mes pour rechercher de l'or cach\u00e9, de l'or brut, des m\u00e9taux pr\u00e9cieux, des tr\u00e9sors, des diamants, des pierres pr\u00e9cieuses et des richesses souterraines.<\/h2>\t\t\t\t<\/div>\n\t\t\t\t<div class=\"elementor-element elementor-element-db75d97 text-right color-scheme-inherit elementor-widget elementor-widget-text-editor\" data-id=\"db75d97\" data-element_type=\"widget\" data-e-type=\"widget\" data-widget_type=\"text-editor.default\">\n\t\t\t\t\t\t\t\t\t<div>Il int\u00e8gre une technologie moderne et unique destin\u00e9e aux explorateurs et aux passionn\u00e9s, leur permettant de rechercher de l&rsquo;or, des m\u00e9taux pr\u00e9cieux, des tr\u00e9sors cach\u00e9s, des diamants et des pierres pr\u00e9cieuses jusqu&rsquo;\u00e0 des profondeurs de 120 m\u00e8tres sous terre et une port\u00e9e frontale de 3 000 m\u00e8tres carr\u00e9s.\n<br\/><br\/>\nGER Detect et UIG Detectors ont combin\u00e9 des technologies avanc\u00e9es pour faire de cet appareil le premier du genre au monde.\n<br\/><br\/>\nLes sp\u00e9cifications et les caract\u00e9ristiques de cet appareil r\u00e9pondent aux r\u00eaves des explorateurs et prospecteurs du monde entier.\n<br\/><br\/>\nNos experts ont d\u00e9velopp\u00e9 l&rsquo;appareil TITAN 500 SMART pour r\u00e9soudre les d\u00e9fis rencontr\u00e9s par les chercheurs lors des travaux d&rsquo;exploration avec les appareils traditionnels du march\u00e9.\n<\/div>\t\t\t\t\t\t\t\t<\/div>\n\t\t\t\t<div class=\"elementor-element elementor-element-93cbb18 elementor-widget elementor-widget-heading\" data-id=\"93cbb18\" data-element_type=\"widget\" data-e-type=\"widget\" data-widget_type=\"heading.default\">\n\t\t\t\t\t<h3 class=\"elementor-heading-title elementor-size-default\">Les sp\u00e9cifications et les syst\u00e8mes de recherche de l'appareil TITAN 500 SMART incluent:\n<\/h3>\t\t\t\t<\/div>\n\t\t\t\t<div class=\"elementor-element elementor-element-dc67424 text-right color-scheme-inherit elementor-widget elementor-widget-text-editor\" data-id=\"dc67424\" data-element_type=\"widget\" data-e-type=\"widget\" data-widget_type=\"text-editor.default\">\n\t\t\t\t\t\t\t\t\t<div>\n<ol>\n \t<li>Syst\u00e8me de d\u00e9tection de l\u2019or, des m\u00e9taux pr\u00e9cieux et des tr\u00e9sors cach\u00e9s<\/li>\n \t<li>Syst\u00e8me de d\u00e9tection de pierres pr\u00e9cieuses<\/li>\n \t<li>Syst\u00e8me de d\u00e9tection des diamants<\/li>\n \t<li>Syst\u00e8me de d\u00e9termination de la profondeur et analyse des r\u00e9sultats d\u00e9tect\u00e9s sous terre.<\/li>\n<\/ol>\n<br\/>\nLe syst\u00e8me de recherche de d\u00e9tection peut d\u00e9tecter 12 types de m\u00e9taux diff\u00e9rents avec une identification tr\u00e8s pr\u00e9cise du type de m\u00e9tal souhait\u00e9 sous terre, comme l&rsquo;or ancien, l&rsquo;or brut, les veines d&rsquo;or, le platine, l&rsquo;argent, le bronze, le zircon, le cobalt, le coltan, le cuivre, le mercure, la m\u00e9t\u00e9orite. pierre et osmium.\n<br\/><br\/>\nLe syst\u00e8me de recherche de pierres pr\u00e9cieuses peut d\u00e9tecter 18 types diff\u00e9rents avec une identification tr\u00e8s pr\u00e9cise du type de pierre souterraine souhait\u00e9, tel que saphir, \u00e9meraude, quartz, topaze, agate, am\u00e9thyste, lapis-lazuli, tourmaline, colombite, tanzanite, turquoise, \u00e9meraude, alexandrite, chat. \u0153il, rubis, jaspe, opale et aigue-marine.\n<br\/><br\/>\nLe syst\u00e8me de d\u00e9tection de diamants peut identifier les gros et petits diamants sous terre.\n<br\/><br\/>\nLe syst\u00e8me de d\u00e9termination de la profondeur peut analyser les r\u00e9sultats d\u00e9tect\u00e9s sous terre en m\u00e8tres et en centim\u00e8tres.\n<\/div>\t\t\t\t\t\t\t\t<\/div>\n\t\t\t\t<div class=\"elementor-element elementor-element-eb2c57e elementor-widget elementor-widget-heading\" data-id=\"eb2c57e\" data-element_type=\"widget\" data-e-type=\"widget\" data-widget_type=\"heading.default\">\n\t\t\t\t\t<h3 class=\"elementor-heading-title elementor-size-default\">Caract\u00e9ristiques et avantages de l'appareil TITAN 500 SMART:<\/h3>\t\t\t\t<\/div>\n\t\t\t\t<div class=\"elementor-element elementor-element-ff2a47a text-right color-scheme-inherit elementor-widget elementor-widget-text-editor\" data-id=\"ff2a47a\" data-element_type=\"widget\" data-e-type=\"widget\" data-widget_type=\"text-editor.default\">\n\t\t\t\t\t\t\t\t\t<div>\n<ul>\n \t<li>D\u00e9tection de cible \u00e0 grande vitesse et d\u00e9termination de localisation pr\u00e9cise<\/li>\n \t<li>Ic\u00f4ne de s\u00e9lection d&#8217;emplacement pour choisir le continent dans lequel effectuer la recherche<\/li>\n \t<li>Fonctionnalit\u00e9 unique de diff\u00e9renciation de fr\u00e9quence pour des r\u00e9sultats plus pr\u00e9cis dans la zone de recherche<\/li>\n \t<li>S\u00e9lection du type de sole: argileux, m\u00e9talliques, naturels, mixtes, sableux, rocheux<\/li>\n \t<li>S\u00e9lection de la port\u00e9e frontale de 100 m\u00e8tres \u00e0 3000 m\u00e8tres<\/li>\n \t<li>Fonctionne en six langues: allemand, anglais, fran\u00e7ais, italien, espagnol, arabe<\/li>\n \t<li>Profondeur de recherche jusqu&rsquo;\u00e0 120 m\u00e8tres sous terre et port\u00e9e frontale de 3000 m\u00e8tres<\/li>\n \t<li>Syst\u00e8me de fonctionnement automatique insensible aux types de sols: humides, riches en sels min\u00e9raux, roches m\u00e9talliques ou roches basaltiques<\/li>\n \t<li>Con\u00e7u pour fonctionner sur divers\u2019 terrains et dans des conditions climatiques difficiles<\/li>\n<\/ul>\n<br\/><br\/>\nFabrication allemande avec certification europ\u00e9enne CE et certification internationale ISO 9001.\n<br\/><br\/>\nL&rsquo;appareil TITAN 500 SMART est con\u00e7u pour fonctionner dans tous les pays et continents.\n<br\/><br\/>\nUn v\u00e9ritable voyage d&rsquo;exploration ne n\u00e9cessite pas d&rsquo;aller vers de nouvelles terres mais de voir avec de nouveaux yeux.\n<br\/><br\/>\nOn vous souhaite du succ\u00e8s dans vos voyages\u00a0d\u2019exploration!\n<\/div>\t\t\t\t\t\t\t\t<\/div>\n\t\t\t\t<div class=\"elementor-element elementor-element-240e487 elementor-widget elementor-widget-video\" data-id=\"240e487\" data-element_type=\"widget\" data-e-type=\"widget\" data-settings=\"{&quot;youtube_url&quot;:&quot;https:\\\/\\\/www.youtube.com\\\/watch?v=bNiMF1qK7mE&quot;,&quot;video_type&quot;:&quot;youtube&quot;,&quot;controls&quot;:&quot;yes&quot;}\" data-widget_type=\"video.default\">\n\t\t\t\t\t\t\t<div class=\"elementor-wrapper elementor-open-inline\">\n\t\t\t<div class=\"elementor-video\"><\/div>\t\t<\/div>\n\t\t\t\t\t\t<\/div>\n\t\t\t\t<div class=\"elementor-element elementor-element-1ed6ead elementor-widget elementor-widget-wd_accordion\" data-id=\"1ed6ead\" data-element_type=\"widget\" data-e-type=\"widget\" data-widget_type=\"wd_accordion.default\">\n\t\t\t\t<div class=\"elementor-widget-container\">\n\t\t\t\t\t\n\t\t<div class=\"wd-accordion wd-style-shadow wd-titles-left wd-opener-pos-right wd-opener-style-arrow\" data-state=\"all_closed\">\n\t\t\t\t\t\t\t\n\t\t\t\t<div class=\"wd-accordion-item\">\n\t\t\t\t\t<div class=\"wd-accordion-title wd-role-btn\" data-accordion-index=\"0\" tabindex=\"0\">\n\t\t\t\t\t\t<div class=\"wd-accordion-title-text\">\n\t\t\t\t\t\t\t\t\t\t\t\t\t\t\t<span class=\"img-wrapper\">\n\t\t\t\t\t\t\t\t\t<svg class=\"e-font-icon-svg e-fas-table\" viewBox=\"0 0 512 512\" xmlns=\"http:\/\/www.w3.org\/2000\/svg\"><path d=\"M464 32H48C21.49 32 0 53.49 0 80v352c0 26.51 21.49 48 48 48h416c26.51 0 48-21.49 48-48V80c0-26.51-21.49-48-48-48zM224 416H64v-96h160v96zm0-160H64v-96h160v96zm224 160H288v-96h160v96zm0-160H288v-96h160v96z\"><\/path><\/svg>\t\t\t\t\t\t\t\t<\/span>\n\t\t\t\t\t\t\t\t\t\t\t\t\t\t<span>\n\t\t\t\t\t\t\t\tSp\u00e9cifications Techniques\t\t\t\t\t\t\t<\/span>\n\t\t\t\t\t\t<\/div>\n\t\t\t\t\t\t<span class=\"wd-accordion-opener\"><\/span>\n\t\t\t\t\t<\/div>\n\n\t\t\t\t\t<div class=\"wd-accordion-content wd-entry-content\" data-accordion-index=\"0\">\n\t\t\t\t\t\t\t\t\t\t\t\t\t\n\t\t\t\t\t\t\t<table class=\"table table-striped table-bordered\">\n<thead class=\"thead-dark\">\n<tr>\n<th scope=\"col\">Nom de la sp\u00e9cification technique<\/th>\n<th scope=\"col\">Valeur de sp\u00e9cification technique<\/th>\n<\/tr>\n<\/thead>\n<tbody id=\"technicalContainer\">\n<tr>\n<td>Sortie audio<\/td>\n<td>PLAGE DE FR\u00c9QUENCE DYNAMIQUE DES HAUT-PARLEURS: 350 ~ 5 500 Hz SORTIE SONORE: 84 \u00b1 3dB<\/td>\n<\/tr>\n<tr>\n<td>Ecran \u00e0 cristaux liquides (LCD)<\/td>\n<td>Ecran tactile couleur 480 x 272 px<\/td>\n<\/tr>\n<tr>\n<td>Longueur<\/td>\n<td>Appareil: 218 mm - avec antenne 388 mm - avec antenne 462 mm<\/td>\n<\/tr>\n<tr>\n<td>Fr\u00e9quence<\/td>\n<td>3.2 _ 18 KHz<\/td>\n<\/tr>\n<tr>\n<td>Vitesse de traitement des donn\u00e9es<\/td>\n<td>180 MHz<\/td>\n<\/tr>\n<tr>\n<td>Plage de temp\u00e9rature de fonctionnement<\/td>\n<td>0 C\u00b0 au 70 C\u00b0<\/td>\n<\/tr>\n<tr>\n<td>Plage d'humidit\u00e9 en fonctionnement<\/td>\n<td>jusqu'\u00e0 95% sans condensation<\/td>\n<\/tr>\n<tr>\n<td>Temp\u00e9rature du stockage du dispositif<\/td>\n<td>- 20C\u00b0 au 70C\u00b0<\/td>\n<\/tr>\n<tr>\n<td>Humidit\u00e9 du stockage du dispositif<\/td>\n<td>jusqu'\u00e0 98% d'humidit\u00e9 relative<\/td>\n<\/tr>\n<tr>\n<td>Dur\u00e9e de fonctionnement (batterie 27 Wh)<\/td>\n<td>10 Heures<\/td>\n<\/tr>\n<tr>\n<td>Bobine Waterproof<\/td>\n<td>waterproof jusqu'\u00e0 une profondeur de 30 cm<\/td>\n<\/tr>\n<tr>\n<td>Type<\/td>\n<td>Batterie rechargeable Li-ion - batterie interne<\/td>\n<\/tr>\n<tr>\n<td>Tension de sortie<\/td>\n<td>Li-ion 3.6 VDC<\/td>\n<\/tr>\n<tr>\n<td>Capacit\u00e9<\/td>\n<td>Li-ion 27 Wh<\/td>\n<\/tr>\n<tr>\n<td>Dur\u00e9e<\/td>\n<td>10 Heures<\/td>\n<\/tr>\n<tr>\n<td>Temp\u00e9rature de fonctionnement de la batterie<\/td>\n<td>0 C\u00b0 to 50 C\u00b0<\/td>\n<\/tr>\n<tr>\n<td>Temp\u00e9rature de stockage de la batterie<\/td>\n<td>- 5C\u00b0 to 70C\u00b0<\/td>\n<\/tr>\n<tr>\n<td>Temp\u00e9rature de fonctionnement<\/td>\n<td>0 C\u00b0 to 50 C\u00b0<\/td>\n<\/tr>\n<tr>\n<td>Temp\u00e9rature de stockage<\/td>\n<td>- 30 C\u00b0 to 80 C\u00b0<\/td>\n<\/tr>\n<tr>\n<td>Tension d'entr\u00e9e<\/td>\n<td>90 \u2192 250 VAC 50\u219260 Hz<\/td>\n<\/tr>\n<tr>\n<td>Courant de sortie USB<\/td>\n<td>5 VDC \/ 2100 mA<\/td>\n<\/tr>\n<tr>\n<td>Poids total<\/td>\n<td>4865 g<\/td>\n<\/tr>\n<tr>\n<td>Poids de l'appareil<\/td>\n<td>592 g<\/td>\n<\/tr>\n<tr>\n<td>Poids de la batterie<\/td>\n<td>130 g<\/td>\n<\/tr>\n<tr>\n<td>Poids du sac (vide)<\/td>\n<td>3730 g<\/td>\n<\/tr>\n<tr>\n<td>Dimensions du sac<\/td>\n<td>530 cm x 400 cm x 228 cm<\/td>\n<\/tr>\n<\/tbody>\n<\/table>\n\t\t\t\t\t\t\t\t\t\t\t\t\t\t\t\t\t\t<\/div>\n\t\t\t\t<\/div>\n\t\t\t\t\t<\/div>\n\t\t\t\t\t\t<\/div>\n\t\t\t\t<\/div>\n\t\t\t\t\t<\/div>\n\t\t\t\t<\/div>\n\t\t\t\t<\/div>\n\t\t","protected":false},"excerpt":{"rendered":"<p dir=\"rtl\" style=\"text-align: left;\"><span style=\"color: #333333;\">L&rsquo;appareil TITAN 500 SMART avec t\u00e9l\u00e9d\u00e9tection fonctionne avec quatre syst\u00e8mes de recherche professionnels et innovants en un seul appareil : sp\u00e9cialis\u00e9 pour d\u00e9tecter l&rsquo;or, les m\u00e9taux pr\u00e9cieux, les tr\u00e9sors cach\u00e9s, les diamants et les pierres pr\u00e9cieuses sous terre.<br \/>\n<\/span><\/p>\n<table style=\"font-size: 14px;\" border=\"1&quot;\" width=\"50%\" cellspacing=\"0\" cellpadding=\"5\">\n<tbody>\n<tr>\n<td style=\"border: 1px solid lightgray;\" align=\"left\" width=\"10%\">Search system<\/td>\n<td style=\"border: 1px solid lightgray;\" align=\"center\" width=\"40%\">Long-range System<\/td>\n<\/tr>\n<tr>\n<td style=\"border: 1px solid lightgray;\" align=\"left\" width=\"10%\">Search Depth<\/td>\n<td style=\"border: 1px solid lightgray;\" align=\"center\" width=\"40%\">120 meter<\/td>\n<\/tr>\n<tr>\n<td style=\"border: 1px solid lightgray;\" align=\"left\" width=\"10%\">Front Range<\/td>\n<td style=\"border: 1px solid lightgray;\" align=\"center\" width=\"40%\">3000 meter<\/td>\n<\/tr>\n<tr>\n<td style=\"border: 1px solid lightgray;\" align=\"left\" width=\"10%\">Device Weight<\/td>\n<td style=\"border: 1px solid lightgray;\" align=\"center\" width=\"40%\">592 gram<\/td>\n<\/tr>\n<tr>\n<td style=\"border: 1px solid lightgray;\" align=\"left\" width=\"10%\">Total Weight<\/td>\n<td style=\"border: 1px solid lightgray;\" align=\"center\" width=\"40%\">4865 gram<\/td>\n<\/tr>\n<tr>\n<td style=\"border: 1px solid lightgray;\" align=\"left\" width=\"10%\">Package dimensions<\/td>\n<td style=\"border: 1px solid lightgray;\" align=\"center\" width=\"40%\">530mm x 400mm x 228mm<\/td>\n<\/tr>\n<tr>\n<td style=\"border: 1px solid lightgray;\" align=\"left\" width=\"10%\">Warranty<\/td>\n<td style=\"border: 1px solid lightgray;\" align=\"center\" width=\"40%\">Two (2) Year<\/td>\n<\/tr>\n<tr>\n<td style=\"border: 1px solid lightgray;\" align=\"left\" width=\"10%\">Made in<\/td>\n<td style=\"border: 1px solid lightgray;\" align=\"center\" width=\"40%\">Germany<\/td>\n<\/tr>\n<\/tbody>\n<\/table>\n","protected":false},"featured_media":28781,"template":"","meta":[],"product_brand":[],"product_cat":[192,190,226],"product_tag":[],"class_list":{"0":"post-17434","1":"product","2":"type-product","3":"status-publish","4":"has-post-thumbnail","6":"product_cat-detecteur-de-diamant-et-de-gemme","7":"product_cat-detecteurs-dor-et-de-metal","8":"product_cat-boutique","10":"first","11":"instock","12":"purchasable","13":"product-type-simple"},"_links":{"self":[{"href":"https:\/\/uigdetectors.com\/fr\/wp-json\/wp\/v2\/product\/17434","targetHints":{"allow":["GET"]}}],"collection":[{"href":"https:\/\/uigdetectors.com\/fr\/wp-json\/wp\/v2\/product"}],"about":[{"href":"https:\/\/uigdetectors.com\/fr\/wp-json\/wp\/v2\/types\/product"}],"version-history":[{"count":0,"href":"https:\/\/uigdetectors.com\/fr\/wp-json\/wp\/v2\/product\/17434\/revisions"}],"wp:featuredmedia":[{"embeddable":true,"href":"https:\/\/uigdetectors.com\/fr\/wp-json\/wp\/v2\/media\/28781"}],"wp:attachment":[{"href":"https:\/\/uigdetectors.com\/fr\/wp-json\/wp\/v2\/media?parent=17434"}],"wp:term":[{"taxonomy":"product_brand","embeddable":true,"href":"https:\/\/uigdetectors.com\/fr\/wp-json\/wp\/v2\/product_brand?post=17434"},{"taxonomy":"product_cat","embeddable":true,"href":"https:\/\/uigdetectors.com\/fr\/wp-json\/wp\/v2\/product_cat?post=17434"},{"taxonomy":"product_tag","embeddable":true,"href":"https:\/\/uigdetectors.com\/fr\/wp-json\/wp\/v2\/product_tag?post=17434"}],"curies":[{"name":"wp","href":"https:\/\/api.w.org\/{rel}","templated":true}]}}