{"id":17448,"date":"2023-06-08T22:32:46","date_gmt":"2023-06-08T22:32:46","guid":{"rendered":"https:\/\/shop.uigdetectors.com\/?post_type=product&#038;p=17448"},"modified":"2025-04-07T12:22:50","modified_gmt":"2025-04-07T09:22:50","slug":"gold-hunter-smart-detector","status":"publish","type":"product","link":"https:\/\/uigdetectors.com\/fr\/produit\/gold-hunter-smart-detector\/","title":{"rendered":"Appareil GOLD HUNTER SMART, d\u00e9tecteur d&rsquo;or, de m\u00e9taux, de diamants et de cavit\u00e9s"},"content":{"rendered":"\t\t<div data-elementor-type=\"product-post\" data-elementor-id=\"17448\" class=\"elementor elementor-17448 elementor-11482\" data-elementor-post-type=\"product\">\n\t\t\t\t<div class=\"wd-negative-gap elementor-element elementor-element-d77068b e-flex e-con-boxed e-con e-parent\" data-id=\"d77068b\" data-element_type=\"container\" data-e-type=\"container\">\n\t\t\t\t\t<div class=\"e-con-inner\">\n\t\t\t\t<div class=\"elementor-element elementor-element-1a9b088 elementor-widget elementor-widget-heading\" data-id=\"1a9b088\" data-element_type=\"widget\" data-e-type=\"widget\" data-widget_type=\"heading.default\">\n\t\t\t\t\t<h1 class=\"elementor-heading-title elementor-size-default\">LE D\u00c9TECTEUR GOLD HUNTER SMART<\/h1>\t\t\t\t<\/div>\n\t\t\t\t<div class=\"elementor-element elementor-element-8417859 elementor-widget elementor-widget-heading\" data-id=\"8417859\" data-element_type=\"widget\" data-e-type=\"widget\" data-widget_type=\"heading.default\">\n\t\t\t\t\t<h3 class=\"elementor-heading-title elementor-size-default\">Le dispositif Gold Hunter Smart est petit, portable et facile \u00e0 utiliser.\nIl int\u00e8gre plusieurs syst\u00e8mes pour la recherche d'or cach\u00e9, d'or brut, de m\u00e9taux pr\u00e9cieux, de tr\u00e9sors, de diamants, de vides et de richesses souterraines.<\/h3>\t\t\t\t<\/div>\n\t\t\t\t<div class=\"elementor-element elementor-element-bc03a66 color-scheme-inherit text-left elementor-widget elementor-widget-text-editor\" data-id=\"bc03a66\" data-element_type=\"widget\" data-e-type=\"widget\" data-widget_type=\"text-editor.default\">\n\t\t\t\t\t\t\t\t\t<div>\n Il pr\u00e9sente des technologiques modernes et uniques gr\u00e2ce \u00e0 un syst\u00e8me de d\u00e9tection d&rsquo;imagerie bidimensionnelle, permettant aux explorateurs de rechercher de l&rsquo;or ancien cach\u00e9, de l&rsquo;or brut, des m\u00e9taux pr\u00e9cieux, des tr\u00e9sors, des diamants, des vides, jusqu&rsquo;\u00e0 des profondeurs de 50 m\u00e8tres sous terre, avec une port\u00e9e avant de 3 000 m\u00e8tres carr\u00e9s.\n<br\/><br\/>\nD\u00e9velopp\u00e9 par GER Detect et UIG Detectors, cet appareil combine des technologies avanc\u00e9es pour \u00eatre le premier du genre \u00e0 l&rsquo;\u00e9chelle mondiale.\n<br\/><br\/>\nSes sp\u00e9cifications et ses caract\u00e9ristiques r\u00e9alisent les r\u00eaves des explorateurs et des chercheurs du monde entier.\n<br\/><br\/>\nLe dispositif Gold Hunter Smart a \u00e9t\u00e9 con\u00e7u pour r\u00e9pondre aux d\u00e9fis auxquels sont confront\u00e9s les chercheurs utilisant des appareils traditionnels.\n<\/div>\t\t\t\t\t\t\t\t<\/div>\n\t\t\t\t<div class=\"elementor-element elementor-element-f8552ae elementor-widget elementor-widget-heading\" data-id=\"f8552ae\" data-element_type=\"widget\" data-e-type=\"widget\" data-widget_type=\"heading.default\">\n\t\t\t\t\t<h3 class=\"elementor-heading-title elementor-size-default\">Syst\u00e8mes de recherche:<\/h3>\t\t\t\t<\/div>\n\t\t\t\t<div class=\"elementor-element elementor-element-82eacda elementor-widget__width-inherit color-scheme-inherit text-left elementor-widget elementor-widget-text-editor\" data-id=\"82eacda\" data-element_type=\"widget\" data-e-type=\"widget\" data-widget_type=\"text-editor.default\">\n\t\t\t\t\t\t\t\t\t<div><br \/>Pour la premi\u00e8re fois dans la technologie moderne, un seul appareil fonctionne avec quatre syst\u00e8mes de recherche diff\u00e9rents:<ol><li>D\u00e9tection de l&rsquo;or, des m\u00e9taux pr\u00e9cieux et des tr\u00e9sors<\/li><li>Syst\u00e8me de d\u00e9tection de diamants<\/li><li>Syst\u00e8me de recherche de grottes, de vides et de tombes souterraines anciennes<\/li><li>Syst\u00e8me d&rsquo;imagerie bidimensionnelle pour la d\u00e9termination de la profondeur et l&rsquo;analyse des r\u00e9sultats de recherche<\/li><\/ol><p><br \/>Syst\u00e8me de d\u00e9tection de m\u00e9taux:<br \/><br \/>\u2022 Capacit\u00e9 \u00e0 d\u00e9tecter 19 types diff\u00e9rents de m\u00e9taux avec une identification extr\u00eamement pr\u00e9cise du type de m\u00e9tal souhait\u00e9 sous terre:<br \/>Or ancien enfoui, or brut, m\u00e9t\u00e9orites, argent, zircon, bronze, coltan, cobalt, mercure, Cuivre, Cinabre, Rhodium, Zinc, Mangan\u00e8se, Plomb, Nickel, \u00e9tain, lithium.<\/p><p><br \/><br \/><\/p><p>Syst\u00e8me de d\u00e9tection de vides:<br \/><br \/>\u2022 Sp\u00e9cialis\u00e9 dans la recherche de grottes, de vides, de cryptes et de tombes sous terre.<br \/><br \/><br \/>Syst\u00e8me de d\u00e9tection de diamants:<br \/><br \/>\u2022 D\u00e9tecte les diamants de grande et petite taille sous terre.<br \/><br \/><br \/>Syst\u00e8me d&rsquo;imagerie bidimensionnelle:<br \/><br \/>\u2022 D\u00e9termine la profondeur en m\u00e8tres et centim\u00e8tres et analyse les r\u00e9sultats d\u00e9couverts sous terre.<\/p><\/div>\t\t\t\t\t\t\t\t<\/div>\n\t\t\t\t<div class=\"elementor-element elementor-element-fe1af57 elementor-widget elementor-widget-heading\" data-id=\"fe1af57\" data-element_type=\"widget\" data-e-type=\"widget\" data-widget_type=\"heading.default\">\n\t\t\t\t\t<h3 class=\"elementor-heading-title elementor-size-default\">Caract\u00e9ristiques et avantages du dispositif Gold Hunter Smart:<\/h3>\t\t\t\t<\/div>\n\t\t\t\t<div class=\"elementor-element elementor-element-48108ee color-scheme-inherit text-left elementor-widget elementor-widget-text-editor\" data-id=\"48108ee\" data-element_type=\"widget\" data-e-type=\"widget\" data-widget_type=\"text-editor.default\">\n\t\t\t\t\t\t\t\t\t<div>\n&#8211; D\u00e9tection extr\u00eamement rapide des cibles et identification pr\u00e9cise de leur emplacement.\n<br\/>\n&#8211; Ic\u00f4ne de s\u00e9lection de l&#8217;emplacement pour choisir le continent pours des recherches cibl\u00e9es.<br\/>\n&#8211; Fonctionnalit\u00e9 ajout\u00e9e pour des r\u00e9sultats plus pr\u00e9cis dans la zone de recherche en raison des variations de fr\u00e9quences de l&rsquo;or, des m\u00e9taux et des diamants sous terre \u00e0 travers les continents.<br\/>\n&#8211; La port\u00e9e avant peut \u00eatre s\u00e9lectionn\u00e9e de 100 m\u00e8tres \u00e0 500 m\u00e8tres, 1000 m\u00e8tres, 1500 m\u00e8tres, 2000 m\u00e8tres, 2500 m\u00e8tres et 3000 m\u00e8tres.<br\/>\n&#8211; Fonctionne en six langues: allemand, anglais, fran\u00e7ais, espagnol, italien, arabe.<br\/>\n&#8211; La profondeur de recherche atteint jusqu&rsquo;\u00e0 50 m\u00e8tres sous terre, avec une port\u00e9e avant de 3000 m\u00e8tres, permettant une d\u00e9termination pr\u00e9cise de la profondeur cible en m\u00e8tres et centim\u00e8tres sous terre.<br\/>\n&#8211; Fonctionne avec un syst\u00e8me automatique qui n&rsquo;est pas affect\u00e9 par les types de sole: humide, riche en sels min\u00e9raux, roches m\u00e9talliques ou roches basaltiques.\n<br\/><br\/>\nLe dispositif Gold Hunter Smart est con\u00e7u pour fonctionner dans divers\u2019 terrains et dans des conditions climatiques difficiles de mani\u00e8re plus efficace. <br\/><br\/>\nFabriqu\u00e9 par l&rsquo;une des meilleures industries allemandes, il d\u00e9tient la certification CE europ\u00e9enne et la certification ISO 9001 internationale conform\u00e9ment aux normes et mesures mondiales.\n<br\/><br\/>\nGold Hunter Smart est con\u00e7u pour s&rsquo;adapter \u00e0 fonctionner dans tous les pays et territoires.<br\/><br\/>\nUn v\u00e9ritable voyage d&rsquo;exploration ne n\u00e9cessite pas de partir vers de nouveaux territoires, mais plut\u00f4t de voir avec de nouveaux yeux.\n<br\/><br\/>\nMeilleurs v\u0153ux de succ\u00e8s dans vos voyages d&rsquo;exploration.\n\n<\/div>\t\t\t\t\t\t\t\t<\/div>\n\t\t\t\t<div class=\"elementor-element elementor-element-b523a53 elementor-widget elementor-widget-video\" data-id=\"b523a53\" data-element_type=\"widget\" data-e-type=\"widget\" data-settings=\"{&quot;youtube_url&quot;:&quot;https:\\\/\\\/www.youtube.com\\\/watch?v=-LnQY88wtU4&quot;,&quot;video_type&quot;:&quot;youtube&quot;,&quot;controls&quot;:&quot;yes&quot;}\" data-widget_type=\"video.default\">\n\t\t\t\t\t\t\t<div class=\"elementor-wrapper elementor-open-inline\">\n\t\t\t<div class=\"elementor-video\"><\/div>\t\t<\/div>\n\t\t\t\t\t\t<\/div>\n\t\t\t\t<div class=\"elementor-element elementor-element-b49f062 elementor-widget elementor-widget-wd_accordion\" data-id=\"b49f062\" data-element_type=\"widget\" data-e-type=\"widget\" data-widget_type=\"wd_accordion.default\">\n\t\t\t\t<div class=\"elementor-widget-container\">\n\t\t\t\t\t\n\t\t<div class=\"wd-accordion wd-style-shadow wd-titles-left wd-opener-pos-right wd-opener-style-arrow\" data-state=\"all_closed\">\n\t\t\t\t\t\t\t\n\t\t\t\t<div class=\"wd-accordion-item\">\n\t\t\t\t\t<div class=\"wd-accordion-title wd-role-btn\" data-accordion-index=\"0\" tabindex=\"0\">\n\t\t\t\t\t\t<div class=\"wd-accordion-title-text\">\n\t\t\t\t\t\t\t\t\t\t\t\t\t\t\t<span class=\"img-wrapper\">\n\t\t\t\t\t\t\t\t\t<svg class=\"e-font-icon-svg e-fas-table\" viewBox=\"0 0 512 512\" xmlns=\"http:\/\/www.w3.org\/2000\/svg\"><path d=\"M464 32H48C21.49 32 0 53.49 0 80v352c0 26.51 21.49 48 48 48h416c26.51 0 48-21.49 48-48V80c0-26.51-21.49-48-48-48zM224 416H64v-96h160v96zm0-160H64v-96h160v96zm224 160H288v-96h160v96zm0-160H288v-96h160v96z\"><\/path><\/svg>\t\t\t\t\t\t\t\t<\/span>\n\t\t\t\t\t\t\t\t\t\t\t\t\t\t<span>\n\t\t\t\t\t\t\t\tSp\u00e9cifications Techniques\t\t\t\t\t\t\t<\/span>\n\t\t\t\t\t\t<\/div>\n\t\t\t\t\t\t<span class=\"wd-accordion-opener\"><\/span>\n\t\t\t\t\t<\/div>\n\n\t\t\t\t\t<div class=\"wd-accordion-content wd-entry-content\" data-accordion-index=\"0\">\n\t\t\t\t\t\t\t\t\t\t\t\t\t\n\t\t\t\t\t\t\t<table class=\"table table-striped table-bordered\">\n<thead class=\"thead-dark\">\n<tr>\n<th scope=\"col\">Nom de la sp\u00e9cification technique<\/th>\n<th scope=\"col\">Valeur de sp\u00e9cification technique<\/th>\n<\/tr>\n<\/thead>\n<tbody id=\"technicalContainer\">\n<tr>\n<td>Sortie audio<\/td>\n<td>PLAGE DE FR\u00c9QUENCE DYNAMIQUE DES HAUT-PARLEURS : 350 ~ 5 500 Hz SORTIE SONORE: 84 \u00b1 3dB<\/td>\n<\/tr>\n<tr>\n<td>Un \u00e9cran \u00e0 cristaux liquides(LCD)<\/td>\n<td>Ecran tactile couleur 320 x 240 px<\/td>\n<\/tr>\n<tr>\n<td>Longueur<\/td>\n<td>Appareil: 220 mm Appareil avec antenne 425 mm (Ferm\u00e9) Appareil avec antenne 695 mm (ouvert)<\/td>\n<\/tr>\n<tr>\n<td>Fr\u00e9quence<\/td>\n<td>3.2 _ 16 KHz<\/td>\n<\/tr>\n<tr>\n<td>Vitesse de traitement des donn\u00e9es<\/td>\n<td>180 MHz<\/td>\n<\/tr>\n<tr>\n<td>Plage de temp\u00e9ratures de fonctionnement<\/td>\n<td>0 C\u00b0 to 70 C\u00b0<\/td>\n<\/tr>\n<tr>\n<td>Plage d'humidit\u00e9 de fonctionnement<\/td>\n<td>jusqu'\u00e0 95 % sans condensation<\/td>\n<\/tr>\n<tr>\n<td>Plage de temp\u00e9rature de stockage<\/td>\n<td>- 20C\u00b0 \u00e0 70C\u00b0<\/td>\n<\/tr>\n<tr>\n<td>Gamme d'humidit\u00e9 de stockage<\/td>\n<td>jusqu'\u00e0 98 % d'humidit\u00e9 relative<\/td>\n<\/tr>\n<tr>\n<td>Temps de fonctionnement (Batterie 18 Wh)<\/td>\n<td>10 Heures<\/td>\n<\/tr>\n<tr>\n<td>Indice d'\u00e9tanch\u00e9it\u00e9 - D\u00e9tecteur<\/td>\n<td>Non \u00e9tanche (r\u00e9sistant aux intemp\u00e9ries uniquement)<\/td>\n<\/tr>\n<tr>\n<td>batterie Type<\/td>\n<td>Batterie rechargeable Li-ion - batterie interne<\/td>\n<\/tr>\n<tr>\n<td>Batterie Tension de sortie<\/td>\n<td>Li-ion 3,6 Vcc<\/td>\n<\/tr>\n<tr>\n<td>Batterie Capacit\u00e9<\/td>\n<td>Li-ion 18 Wh<\/td>\n<\/tr>\n<tr>\n<td>Batterie Dur\u00e9e<\/td>\n<td>10 Heures<\/td>\n<\/tr>\n<tr>\n<td>Temp\u00e9rature de fonctionnement de la batterie<\/td>\n<td>0 C\u00b0 \u00e0 50 C\u00b0<\/td>\n<\/tr>\n<tr>\n<td>Temp\u00e9rature de stockage de la batterie<\/td>\n<td>- 5C\u00b0 \u00e0 70C\u00b0<\/td>\n<\/tr>\n<tr>\n<td>chargeur Capacit\u00e9 la batterie<\/td>\n<td>0 C\u00b0 \u00e0 50 C\u00b0<\/td>\n<\/tr>\n<tr>\n<td>chargeur Temp\u00e9rature de stockage<\/td>\n<td>- 30 C\u00b0 \u00e0 80 C\u00b0<\/td>\n<\/tr>\n<tr>\n<td>chargeur Tension d'entr\u00e9e<\/td>\n<td>90 \u2192 250 VAC 50\u219260 Hz<\/td>\n<\/tr>\n<tr>\n<td>Courant de sortie USB<\/td>\n<td>5 Vcc \/ 2100 mA<\/td>\n<\/tr>\n<tr>\n<td>Poids total<\/td>\n<td>2720 g<\/td>\n<\/tr>\n<tr>\n<td>Poids de l'appareil<\/td>\n<td>325 g<\/td>\n<\/tr>\n<tr>\n<td>Poids de la batterie<\/td>\n<td>40 g<\/td>\n<\/tr>\n<tr>\n<td>Poids du sac (vide)<\/td>\n<td>2160 g<\/td>\n<\/tr>\n<tr>\n<td>Dimensions du sac<\/td>\n<td>42.5 cm x 17.5 cm x 28 cm<\/td>\n<\/tr>\n<\/tbody>\n<\/table>\n\t\t\t\t\t\t\t\t\t\t\t\t\t\t\t\t\t\t<\/div>\n\t\t\t\t<\/div>\n\t\t\t\t\t<\/div>\n\t\t\t\t\t\t<\/div>\n\t\t\t\t<\/div>\n\t\t\t\t\t<\/div>\n\t\t\t\t<\/div>\n\t\t\t\t<\/div>\n\t\t","protected":false},"excerpt":{"rendered":"<h4 class=\"card-title dark-blue font-weight-bold\"><span style=\"color: #333333;\">Le dispositif GOLD HUNTER SMART est \u00e9quip\u00e9 d&rsquo;un syst\u00e8me de d\u00e9tection d&rsquo;imagerie bidimensionnelle et de quatre syst\u00e8mes de recherche professionnels et innovants dans un seul appareil : sp\u00e9cialis\u00e9 pour la d\u00e9tection de l&rsquo;or cach\u00e9, de l&rsquo;or brut, des m\u00e9taux pr\u00e9cieux, des tr\u00e9sors, des diamants, des vides souterrains et des grottes.<br \/>\n<\/span><\/h4>\n<table style=\"font-size: 14px;\" border=\"1&quot;\" width=\"50%\" cellspacing=\"0\" cellpadding=\"5\">\n<tbody>\n<tr>\n<td style=\"border: 1px solid lightgray;\" align=\"left\" width=\"10%\">Search system<\/td>\n<td style=\"border: 1px solid lightgray;\" align=\"center\" width=\"40%\">Long-range System<\/td>\n<\/tr>\n<tr>\n<td style=\"border: 1px solid lightgray;\" align=\"left\" width=\"10%\">Search Depth<\/td>\n<td style=\"border: 1px solid lightgray;\" align=\"center\" width=\"40%\">50 meter<\/td>\n<\/tr>\n<tr>\n<td style=\"border: 1px solid lightgray;\" align=\"left\" width=\"10%\">Front Range<\/td>\n<td style=\"border: 1px solid lightgray;\" align=\"center\" width=\"40%\">3000 meter<\/td>\n<\/tr>\n<tr>\n<td style=\"border: 1px solid lightgray;\" align=\"left\" width=\"10%\">Device Weight<\/td>\n<td style=\"border: 1px solid lightgray;\" align=\"center\" width=\"40%\">325 gram<\/td>\n<\/tr>\n<tr>\n<td style=\"border: 1px solid lightgray;\" align=\"left\" width=\"10%\">Total Weight<\/td>\n<td style=\"border: 1px solid lightgray;\" align=\"center\" width=\"40%\">2720 gram<\/td>\n<\/tr>\n<tr>\n<td style=\"border: 1px solid lightgray;\" align=\"left\" width=\"10%\">Package dimensions<\/td>\n<td style=\"border: 1px solid lightgray;\" align=\"center\" width=\"40%\">175mm x 280mm x 425mm<\/td>\n<\/tr>\n<tr>\n<td style=\"border: 1px solid lightgray;\" align=\"left\" width=\"10%\">Warranty<\/td>\n<td style=\"border: 1px solid lightgray;\" align=\"center\" width=\"40%\">Two (2) Year<\/td>\n<\/tr>\n<tr>\n<td style=\"border: 1px solid lightgray;\" align=\"left\" width=\"10%\">Made in<\/td>\n<td style=\"border: 1px solid lightgray;\" align=\"center\" width=\"40%\">Germany<\/td>\n<\/tr>\n<\/tbody>\n<\/table>\n","protected":false},"featured_media":28832,"template":"","meta":[],"product_brand":[],"product_cat":[192,190,226,1262],"product_tag":[],"class_list":{"0":"post-17448","1":"product","2":"type-product","3":"status-publish","4":"has-post-thumbnail","6":"product_cat-detecteur-de-diamant-et-de-gemme","7":"product_cat-detecteurs-dor-et-de-metal","8":"product_cat-boutique","9":"product_cat-sale-fr","11":"first","12":"instock","13":"sale","14":"purchasable","15":"product-type-simple"},"_links":{"self":[{"href":"https:\/\/uigdetectors.com\/fr\/wp-json\/wp\/v2\/product\/17448","targetHints":{"allow":["GET"]}}],"collection":[{"href":"https:\/\/uigdetectors.com\/fr\/wp-json\/wp\/v2\/product"}],"about":[{"href":"https:\/\/uigdetectors.com\/fr\/wp-json\/wp\/v2\/types\/product"}],"version-history":[{"count":3,"href":"https:\/\/uigdetectors.com\/fr\/wp-json\/wp\/v2\/product\/17448\/revisions"}],"predecessor-version":[{"id":36752,"href":"https:\/\/uigdetectors.com\/fr\/wp-json\/wp\/v2\/product\/17448\/revisions\/36752"}],"wp:featuredmedia":[{"embeddable":true,"href":"https:\/\/uigdetectors.com\/fr\/wp-json\/wp\/v2\/media\/28832"}],"wp:attachment":[{"href":"https:\/\/uigdetectors.com\/fr\/wp-json\/wp\/v2\/media?parent=17448"}],"wp:term":[{"taxonomy":"product_brand","embeddable":true,"href":"https:\/\/uigdetectors.com\/fr\/wp-json\/wp\/v2\/product_brand?post=17448"},{"taxonomy":"product_cat","embeddable":true,"href":"https:\/\/uigdetectors.com\/fr\/wp-json\/wp\/v2\/product_cat?post=17448"},{"taxonomy":"product_tag","embeddable":true,"href":"https:\/\/uigdetectors.com\/fr\/wp-json\/wp\/v2\/product_tag?post=17448"}],"curies":[{"name":"wp","href":"https:\/\/api.w.org\/{rel}","templated":true}]}}