{"id":17474,"date":"2023-06-11T22:33:04","date_gmt":"2023-06-11T19:33:04","guid":{"rendered":"https:\/\/shop.uigdetectors.com\/?post_type=product&#038;p=17474"},"modified":"2024-11-19T17:51:02","modified_gmt":"2024-11-19T14:51:02","slug":"uig-pointer-detector-fr","status":"publish","type":"product","link":"https:\/\/uigdetectors.com\/fr\/produit\/uig-pointer-detector-fr\/","title":{"rendered":"Appareil UIG POINTER, d\u00e9tection de m\u00e9taux"},"content":{"rendered":"\t\t<div data-elementor-type=\"product-post\" data-elementor-id=\"17474\" class=\"elementor elementor-17474 elementor-11503\" data-elementor-post-type=\"product\">\n\t\t\t\t<div class=\"wd-negative-gap elementor-element elementor-element-b915845 e-flex e-con-boxed e-con e-parent\" data-id=\"b915845\" data-element_type=\"container\" data-e-type=\"container\">\n\t\t\t\t\t<div class=\"e-con-inner\">\n\t\t\t\t<div class=\"elementor-element elementor-element-db406e9 elementor-widget elementor-widget-heading\" data-id=\"db406e9\" data-element_type=\"widget\" data-e-type=\"widget\" data-widget_type=\"heading.default\">\n\t\t\t\t\t<h1 class=\"elementor-heading-title elementor-size-default\">LE D\u00c9TECTEUR UIG POINTER<\/h1>\t\t\t\t<\/div>\n\t\t\t\t<div class=\"elementor-element elementor-element-dba161d elementor-widget elementor-widget-heading\" data-id=\"dba161d\" data-element_type=\"widget\" data-e-type=\"widget\" data-widget_type=\"heading.default\">\n\t\t\t\t\t<h2 class=\"elementor-heading-title elementor-size-default\">UIG POINTER est un dispositif multi-syst\u00e8mes \u00e0 haute technologie ayant la capacit\u00e9 de discerner entre les m\u00e9taux pr\u00e9cieux et non pr\u00e9cieux sous terre. <\/h2>\t\t\t\t<\/div>\n\t\t\t\t<div class=\"elementor-element elementor-element-792e9c7 color-scheme-inherit text-left elementor-widget elementor-widget-text-editor\" data-id=\"792e9c7\" data-element_type=\"widget\" data-e-type=\"widget\" data-widget_type=\"text-editor.default\">\n\t\t\t\t\t\t\t\t\t<div>\nCeci est r\u00e9alis\u00e9 gr\u00e2ce \u00e0 l&rsquo;\u00e9mission de deux sons distincts:\n\n\n<br\/><br\/>\n1. Un son sp\u00e9cifique aux m\u00e9taux pr\u00e9cieux.\n<br\/>\n2. Un son sp\u00e9cifique aux m\u00e9taux non pr\u00e9cieux.\n<br\/><br\/>\nUIG POINTER est l\u00e9ger et facile \u00e0 utiliser, con\u00e7u pour fonctionner de mani\u00e8re transparente dans tous les pays et r\u00e9gions. \n<br\/><br\/>\nFabriqu\u00e9 en Allemagne, il d\u00e9tient des certifications telles que la certification CE conforme aux sp\u00e9cifications europ\u00e9ennes, ainsi que la certification ISO 9001 selon les normes internationales.\n<br\/><br\/>\nMeilleurs v\u0153ux de succ\u00e8s dans vos voyages\u00a0d&rsquo;exploration.\n<\/div>\t\t\t\t\t\t\t\t<\/div>\n\t\t\t\t<div class=\"elementor-element elementor-element-da3e7e1 elementor-widget elementor-widget-video\" data-id=\"da3e7e1\" data-element_type=\"widget\" data-e-type=\"widget\" data-settings=\"{&quot;youtube_url&quot;:&quot;https:\\\/\\\/www.youtube.com\\\/watch?v=yLqcnV85NQ4&quot;,&quot;video_type&quot;:&quot;youtube&quot;,&quot;controls&quot;:&quot;yes&quot;}\" data-widget_type=\"video.default\">\n\t\t\t\t\t\t\t<div class=\"elementor-wrapper elementor-open-inline\">\n\t\t\t<div class=\"elementor-video\"><\/div>\t\t<\/div>\n\t\t\t\t\t\t<\/div>\n\t\t\t\t\t<\/div>\n\t\t\t\t<\/div>\n\t\t\t\t<\/div>\n\t\t","protected":false},"excerpt":{"rendered":"<h4 class=\"card-title dark-blue font-weight-bold\"><span style=\"color: #333333;\"><strong>UIG POINTER, le plus petit dispositif sp\u00e9cialis\u00e9 pour d\u00e9tecter tous les types de m\u00e9taux et faire la distinction entre les m\u00e9taux pr\u00e9cieux et non pr\u00e9cieux.<\/strong><\/span><\/h4>\n","protected":false},"featured_media":29018,"template":"","meta":[],"product_brand":[],"product_cat":[190,226,1262],"product_tag":[],"class_list":{"0":"post-17474","1":"product","2":"type-product","3":"status-publish","4":"has-post-thumbnail","6":"product_cat-detecteurs-dor-et-de-metal","7":"product_cat-boutique","8":"product_cat-sale-fr","10":"first","11":"instock","12":"taxable","13":"shipping-taxable","14":"purchasable","15":"product-type-simple"},"_links":{"self":[{"href":"https:\/\/uigdetectors.com\/fr\/wp-json\/wp\/v2\/product\/17474","targetHints":{"allow":["GET"]}}],"collection":[{"href":"https:\/\/uigdetectors.com\/fr\/wp-json\/wp\/v2\/product"}],"about":[{"href":"https:\/\/uigdetectors.com\/fr\/wp-json\/wp\/v2\/types\/product"}],"version-history":[{"count":0,"href":"https:\/\/uigdetectors.com\/fr\/wp-json\/wp\/v2\/product\/17474\/revisions"}],"wp:featuredmedia":[{"embeddable":true,"href":"https:\/\/uigdetectors.com\/fr\/wp-json\/wp\/v2\/media\/29018"}],"wp:attachment":[{"href":"https:\/\/uigdetectors.com\/fr\/wp-json\/wp\/v2\/media?parent=17474"}],"wp:term":[{"taxonomy":"product_brand","embeddable":true,"href":"https:\/\/uigdetectors.com\/fr\/wp-json\/wp\/v2\/product_brand?post=17474"},{"taxonomy":"product_cat","embeddable":true,"href":"https:\/\/uigdetectors.com\/fr\/wp-json\/wp\/v2\/product_cat?post=17474"},{"taxonomy":"product_tag","embeddable":true,"href":"https:\/\/uigdetectors.com\/fr\/wp-json\/wp\/v2\/product_tag?post=17474"}],"curies":[{"name":"wp","href":"https:\/\/api.w.org\/{rel}","templated":true}]}}