{"id":17485,"date":"2023-07-03T03:03:51","date_gmt":"2023-07-03T03:03:51","guid":{"rendered":"https:\/\/shop.uigdetectors.com\/?post_type=product&#038;p=17485"},"modified":"2024-12-16T15:58:47","modified_gmt":"2024-12-16T12:58:47","slug":"diamond-hunter-detector-fr","status":"publish","type":"product","link":"https:\/\/uigdetectors.com\/fr\/produit\/diamond-hunter-detector-fr\/","title":{"rendered":"Appareil DIAMOND HUNTER SMART, d\u00e9tecteur de pierres pr\u00e9cieuses et de diamants"},"content":{"rendered":"\t\t<div data-elementor-type=\"product-post\" data-elementor-id=\"17485\" class=\"elementor elementor-17485 elementor-11487\" data-elementor-post-type=\"product\">\n\t\t\t\t<div class=\"wd-negative-gap elementor-element elementor-element-82ea91b e-flex e-con-boxed e-con e-parent\" data-id=\"82ea91b\" data-element_type=\"container\" data-e-type=\"container\">\n\t\t\t\t\t<div class=\"e-con-inner\">\n\t\t\t\t<div class=\"elementor-element elementor-element-aadf0d6 elementor-widget elementor-widget-heading\" data-id=\"aadf0d6\" data-element_type=\"widget\" data-e-type=\"widget\" data-widget_type=\"heading.default\">\n\t\t\t\t\t<h1 class=\"elementor-heading-title elementor-size-default\">LE D\u00c9TECTEUR DIAMOND HUNTER SMART<\/h1>\t\t\t\t<\/div>\n\t\t\t\t<div class=\"elementor-element elementor-element-c454843 elementor-widget elementor-widget-heading\" data-id=\"c454843\" data-element_type=\"widget\" data-e-type=\"widget\" data-widget_type=\"heading.default\">\n\t\t\t\t\t<h2 class=\"elementor-heading-title elementor-size-default\">Le DIAMOND HUNTER SMART est un petit dispositif, portable et facile \u00e0 utiliser, int\u00e9grant plusieurs syst\u00e8mes de recherche de diamants et de pierres pr\u00e9cieuses souterrains. <\/h2>\t\t\t\t<\/div>\n\t\t\t\t<div class=\"elementor-element elementor-element-2aea8b2 text-right color-scheme-inherit elementor-widget elementor-widget-text-editor\" data-id=\"2aea8b2\" data-element_type=\"widget\" data-e-type=\"widget\" data-widget_type=\"text-editor.default\">\n\t\t\t\t\t\t\t\t\t<div>Cette technologie de pointe et unique permet aux explorateurs et aux passionn\u00e9s de rechercher 18 types diff\u00e9rents de pierres pr\u00e9cieuses \u00e0 des profondeurs allant jusqu&rsquo;\u00e0 50 m\u00e8tres sous la surface, avec une port\u00e9e frontale de 3000 m\u00e8tres carr\u00e9s.\n<br\/><br\/>\nD\u00e9velopp\u00e9 par GER Detect et UIG Detectors, ce dispositif associe des technologies avanc\u00e9es pour \u00eatre le premier du genre au monde. \n<br\/>\nSes sp\u00e9cifications et ses fonctionnalit\u00e9s comblent les r\u00eaves des explorateurs et des chercheurs du monde entier. \n<br\/><br\/>\nLe Diamond Hunter Smart a \u00e9t\u00e9 sp\u00e9cialement con\u00e7u pour relever les d\u00e9fis auxquels sont confront\u00e9s les chercheurs utilisant des dispositifs traditionnels disponibles sur le march\u00e9.\n<br\/><br\/>\nPour la premi\u00e8re fois dans la technologie moderne, un seul dispositif fonctionne avec trois syst\u00e8mes de recherche diff\u00e9rents. \n<\/div>\t\t\t\t\t\t\t\t<\/div>\n\t\t\t\t<div class=\"elementor-element elementor-element-4771d4c elementor-widget elementor-widget-heading\" data-id=\"4771d4c\" data-element_type=\"widget\" data-e-type=\"widget\" data-widget_type=\"heading.default\">\n\t\t\t\t\t<h3 class=\"elementor-heading-title elementor-size-default\">Les sp\u00e9cifications et les syst\u00e8mes de recherche du Diamond Hunter Smart comprennent:<\/h3>\t\t\t\t<\/div>\n\t\t\t\t<div class=\"elementor-element elementor-element-63449bc text-right color-scheme-inherit elementor-widget elementor-widget-text-editor\" data-id=\"63449bc\" data-element_type=\"widget\" data-e-type=\"widget\" data-widget_type=\"text-editor.default\">\n\t\t\t\t\t\t\t\t\t<dive>\nDiamond Hunter Smart: Syst\u00e8me de d\u00e9tection \u00e0 distance multi-syst\u00e8me avec les caract\u00e9ristiques suivantes:\n<ul>\n <li>Syst\u00e8me de d\u00e9tection de pierres pr\u00e9cieuses<\/li>\n <li>Syst\u00e8me de d\u00e9tection de diamants<\/li>\n <li>Syst\u00e8me de d\u00e9termination de la profondeur et d&rsquo;analyse des r\u00e9sultats d\u00e9couverts sous terre<\/li>\n<ul>\n<br\/>\nLes syst\u00e8mes de recherche du Diamond Hunter Smart comprennent:\n<ul>\n <li>Syst\u00e8me de recherche de pierres pr\u00e9cieuses avec la capacit\u00e9 de d\u00e9tecter 18 types diff\u00e9rents de pierres pr\u00e9cieuses, permettant une identification pr\u00e9cise des pierres cibl\u00e9es sous terre, telles que le saphir, l&rsquo;\u00e9meraude, le quartz, le topaze, l&rsquo;agate, l&rsquo;am\u00e9thyste, la lazurite, la tourmaline, la columbite, le tanzanite, le turquoise, la p\u00e9ridot, l&rsquo;alexandrite, l&rsquo;\u0153il de chat, le rubis, le jaspe, l&rsquo;opale et l&rsquo;aigue-marine<\/li>\n <li>Syst\u00e8me de recherche de diamants pour les diamants de grande et petite taille sous terre<\/li>\n <li>Syst\u00e8me de d\u00e9termination de la profondeur en m\u00e8tres et centim\u00e8tres, avec analyse des r\u00e9sultats d\u00e9couverts sous terre<\/li>\n<ul>\n<\/div>\t\t\t\t\t\t\t\t<\/div>\n\t\t\t\t<div class=\"elementor-element elementor-element-b186159 elementor-widget elementor-widget-heading\" data-id=\"b186159\" data-element_type=\"widget\" data-e-type=\"widget\" data-widget_type=\"heading.default\">\n\t\t\t\t\t<h3 class=\"elementor-heading-title elementor-size-default\">Caract\u00e9ristiques et avantages du Diamond Hunter Smart<\/h3>\t\t\t\t<\/div>\n\t\t\t\t<div class=\"elementor-element elementor-element-4d5a4cb text-right color-scheme-inherit elementor-widget elementor-widget-text-editor\" data-id=\"4d5a4cb\" data-element_type=\"widget\" data-e-type=\"widget\" data-widget_type=\"text-editor.default\">\n\t\t\t\t\t\t\t\t\t<div>\n<ul>\n \t<li style=\"list-style-type: none;\">\n<ul>\n \t<li> Fonctionnalit\u00e9 ajout\u00e9e pour des r\u00e9sultats plus pr\u00e9cis dans la zone de recherche en raison des variations de fr\u00e9quences des diamants et des pierres pr\u00e9cieuses sous terre d&rsquo;un continent \u00e0 l&rsquo;autre <\/li>\n<\/ul>\n<\/li>\n<\/ul>\n<ul>\n \t<li style=\"list-style-type: none;\">\n<ul>\n \t<li>S\u00e9lection de la port\u00e9e frontale souhait\u00e9e : de 50 m\u00e8tres \u00e0 -100 -150 m\u00e8tres -200 m\u00e8tres, -250 m\u00e8tres -300 m\u00e8tres -500 m\u00e8tres -1000 m\u00e8tres -1500 m\u00e8tres -2000 m\u00e8tres -2500 m\u00e8tres, et -3000 m\u00e8tres<\/li>\n<\/ul>\n<\/li>\n<\/ul>\n<ul>\n \t<li style=\"list-style-type: none;\">\n<ul>\n \t<li>Fonctionne en six langues : allemand, anglais, fran\u00e7ais, espagnol, portugais et arabe<\/li>\n<\/ul>\n<\/li>\n<\/ul>\n<ul>\n \t<li style=\"list-style-type: none;\">\n<ul>\n \t<li>Profondeur de recherche allant jusqu&rsquo;\u00e0 50 m\u00e8tres sous terre et une port\u00e9e frontale de 3000 m\u00e8tres, avec la capacit\u00e9 de d\u00e9terminer la profondeur des cibles sous terre en m\u00e8tres et centim\u00e8tres<\/li>\n<\/ul>\n<\/li>\n<\/ul>\n<ul>\n \t<li style=\"list-style-type: none;\">\n<ul>\n \t<li>Syst\u00e8me d&rsquo;exploitation immunis\u00e9 contre les types de sol : humide, riche en sels min\u00e9raux, roches m\u00e9talliques ou roches basaltiques, gr\u00e2ce \u00e0 la technologie de calibrage automatique<\/li>\n<\/ul>\n<\/li>\n<\/ul>\n<ul>\n \t<li style=\"list-style-type: none;\">\n<ul>\n \t<li>D\u00e9velopp\u00e9 pour fonctionner dans divers terrains et dans des conditions climatiques difficiles<\/li>\n<\/ul>\n<\/li>\n<\/ul>\n<br\/><br\/>\nFabriqu\u00e9 en Allemagne, le Diamond Hunter Smart est certifi\u00e9 CE selon les normes internationales, ainsi que la certification ISO 9001\n<br\/><br\/>\nLe Diamond Hunter Smart est con\u00e7u pour s&rsquo;adapter au travail dans tous les pays et r\u00e9gions. \n<br\/><br\/>\nUn v\u00e9ritable voyage d&rsquo; exploration ne n\u00e9cessite pas de s&rsquo;aventurer dans de nouveaux territoires, mais plut\u00f4t de les regarder avec de nouveaux yeux.\n<br\/><br\/>\nMeilleurs v\u0153ux de succ\u00e8s dans vos voyages\u00a0d&rsquo;exploration.\n<\/div>\t\t\t\t\t\t\t\t<\/div>\n\t\t\t\t<div class=\"elementor-element elementor-element-a17fe18 elementor-widget elementor-widget-video\" data-id=\"a17fe18\" data-element_type=\"widget\" data-e-type=\"widget\" data-settings=\"{&quot;youtube_url&quot;:&quot;https:\\\/\\\/www.youtube.com\\\/watch?v=xi1vtSD0FuY&quot;,&quot;video_type&quot;:&quot;youtube&quot;,&quot;controls&quot;:&quot;yes&quot;}\" data-widget_type=\"video.default\">\n\t\t\t\t\t\t\t<div class=\"elementor-wrapper elementor-open-inline\">\n\t\t\t<div class=\"elementor-video\"><\/div>\t\t<\/div>\n\t\t\t\t\t\t<\/div>\n\t\t\t\t<div class=\"elementor-element elementor-element-cac2a4e elementor-widget elementor-widget-wd_accordion\" data-id=\"cac2a4e\" data-element_type=\"widget\" data-e-type=\"widget\" data-widget_type=\"wd_accordion.default\">\n\t\t\t\t<div class=\"elementor-widget-container\">\n\t\t\t\t\t\n\t\t<div class=\"wd-accordion wd-style-shadow wd-titles-left wd-opener-pos-right wd-opener-style-arrow\" data-state=\"all_closed\">\n\t\t\t\t\t\t\t\n\t\t\t\t<div class=\"wd-accordion-item\">\n\t\t\t\t\t<div class=\"wd-accordion-title wd-role-btn\" data-accordion-index=\"0\" tabindex=\"0\">\n\t\t\t\t\t\t<div class=\"wd-accordion-title-text\">\n\t\t\t\t\t\t\t\t\t\t\t\t\t\t\t<span class=\"img-wrapper\">\n\t\t\t\t\t\t\t\t\t<svg class=\"e-font-icon-svg e-fas-table\" viewBox=\"0 0 512 512\" xmlns=\"http:\/\/www.w3.org\/2000\/svg\"><path d=\"M464 32H48C21.49 32 0 53.49 0 80v352c0 26.51 21.49 48 48 48h416c26.51 0 48-21.49 48-48V80c0-26.51-21.49-48-48-48zM224 416H64v-96h160v96zm0-160H64v-96h160v96zm224 160H288v-96h160v96zm0-160H288v-96h160v96z\"><\/path><\/svg>\t\t\t\t\t\t\t\t<\/span>\n\t\t\t\t\t\t\t\t\t\t\t\t\t\t<span>\n\t\t\t\t\t\t\t\tSp\u00e9cifications techniques\t\t\t\t\t\t\t<\/span>\n\t\t\t\t\t\t<\/div>\n\t\t\t\t\t\t<span class=\"wd-accordion-opener\"><\/span>\n\t\t\t\t\t<\/div>\n\n\t\t\t\t\t<div class=\"wd-accordion-content wd-entry-content\" data-accordion-index=\"0\">\n\t\t\t\t\t\t\t\t\t\t\t\t\t\n\t\t\t\t\t\t\t<table class=\"table table-striped table-bordered\">\n<thead class=\"thead-dark\">\n<tr>\n<th scope=\"col\">Nom de la sp\u00e9cification technique<\/th>\n<th scope=\"col\">Valeur de sp\u00e9cification technique<\/th>\n<\/tr>\n<\/thead>\n<tbody id=\"technicalContainer\">\n<tr>\n<td>Sortie audio<\/td>\n<td>sonnerie pi\u00e9zo\u00e9lectrique \u00d8: 12mm - H: niveau de pression acoustique de 9,8mm 85db \u00e0 une fr\u00e9quence de 12v \/ 10cm 4.5 \u00b1 0.5 KHz<\/td>\n<\/tr>\n<tr>\n<td>Un \u00e9cran \u00e0 cristaux liquides (LCD)<\/td>\n<td>LCD graphique (128x64) pixel \/ 55mm x 27.22mm<\/td>\n<\/tr>\n<tr>\n<td>Longueur<\/td>\n<td>Appareil seulement 203mm - Dispositif avec super antenne 398mm - Dispositif avec antenne longue port\u00e9e 638mm (opened)<\/td>\n<\/tr>\n<tr>\n<td>La fr\u00e9quence<\/td>\n<td>Max 500 KHz<\/td>\n<\/tr>\n<tr>\n<td>Vitesse de traitement des donn\u00e9es<\/td>\n<td>20 MHz<\/td>\n<\/tr>\n<tr>\n<td>La temp\u00e9rature r\u00e9sistente du dispositif<\/td>\n<td>0 C\u00b0 au 60 C\u00b0<\/td>\n<\/tr>\n<tr>\n<td>Taux d'humidit\u00e9 r\u00e9sist\u00e9 successivement<\/td>\n<td>jusqu'\u00e0 95% sans condensation<\/td>\n<\/tr>\n<tr>\n<td>Taux de temp\u00e9rature stocker du dispositif<\/td>\n<td>- 20C\u00b0 au 70C\u00b0<\/td>\n<\/tr>\n<tr>\n<td>Taux de r\u00e9sistence \u00e0 l'humidit\u00e9<\/td>\n<td>jusqu'\u00e0 98% d'humidit\u00e9 relative<\/td>\n<\/tr>\n<tr>\n<td>Dur\u00e9e du fonctionnement (batterie de 7,56 Wh)<\/td>\n<td>10 Heures<\/td>\n<\/tr>\n<tr>\n<td>Waterproof Notation - D\u00e9tecteur<\/td>\n<td>non waterproof<\/td>\n<\/tr>\n<tr>\n<td>Poids total<\/td>\n<td>1800 g<\/td>\n<\/tr>\n<tr>\n<td>Poids du dispositif<\/td>\n<td>600 g<\/td>\n<\/tr>\n<tr>\n<td>Poids du sac (vide)<\/td>\n<td>1000 g<\/td>\n<\/tr>\n<tr>\n<td>Dimensions du sac<\/td>\n<td>340mm x 275mm x 125mm<\/td>\n<\/tr>\n<tr>\n<td>Type de la batterie<\/td>\n<td>Li-ion Batterie Rechargeable- Batterie Interne<\/td>\n<\/tr>\n<tr>\n<td>Tension de sortie de la batterie<\/td>\n<td>Li-ion 10.8 VDC<\/td>\n<\/tr>\n<tr>\n<td>Capacit\u00e9 de la batterie<\/td>\n<td>Li-ion 7.56 Wh<\/td>\n<\/tr>\n<tr>\n<td>Temps d'ex\u00e9cution de la batterie<\/td>\n<td>10 Heures<\/td>\n<\/tr>\n<tr>\n<td>Temp\u00e9rature du fonctionnement de la batterie<\/td>\n<td>0 C\u00b0 au 60 C\u00b0<\/td>\n<\/tr>\n<tr>\n<td>Temp\u00e9rature du stockage de la batterie<\/td>\n<td>- 2C\u00b0 au 70C\u00b0<\/td>\n<\/tr>\n<tr>\n<td>Poids de la batterie<\/td>\n<td>60 g<\/td>\n<\/tr>\n<tr>\n<td>Temp\u00e9rature du fonctionnement du chargeur de la Batterie<\/td>\n<td>0 C\u00b0 au 50 C\u00b0<\/td>\n<\/tr>\n<tr>\n<td>Temp\u00e9rature du stockage du chargeur de la Batterie<\/td>\n<td>- 30C\u00b0 au 80C\u00b0<\/td>\n<\/tr>\n<tr>\n<td>Tension d'entr\u00e9e du chargeur de la Batterie<\/td>\n<td>90 \u2192 250 VAC 50\u219260 Hz<\/td>\n<\/tr>\n<tr>\n<td>Sortie du chargeur de la Batterie<\/td>\n<td>12.6 VDC \/ 1000 mA<\/td>\n<\/tr>\n<\/tbody>\n<\/table>\n\t\t\t\t\t\t\t\t\t\t\t\t\t\t\t\t\t\t<\/div>\n\t\t\t\t<\/div>\n\t\t\t\t\t<\/div>\n\t\t\t\t\t\t<\/div>\n\t\t\t\t<\/div>\n\t\t\t\t\t<\/div>\n\t\t\t\t<\/div>\n\t\t\t\t<\/div>\n\t\t","protected":false},"excerpt":{"rendered":"<h5><span style=\"color: #333333;\">Le DIAMOND HUNTER SMART est un dispositif de d\u00e9tection \u00e0 longue port\u00e9e \u00e9quip\u00e9 de trois syst\u00e8mes de recherche professionnels et innovants dans une unit\u00e9 compacte. Con\u00e7u sp\u00e9cifiquement pour d\u00e9tecter les diamants et les pierres pr\u00e9cieuses sous la terre.<\/span><\/h5>\n<table style=\"font-size: 14px;\" border=\"1&quot;\" width=\"50%\" cellspacing=\"0\" cellpadding=\"5\">\n<tbody>\n<tr>\n<td style=\"border: 1px solid lightgray;\" align=\"left\" width=\"10%\">Search system<\/td>\n<td style=\"border: 1px solid lightgray;\" align=\"center\" width=\"40%\">Long-Range System<\/td>\n<\/tr>\n<tr>\n<td style=\"border: 1px solid lightgray;\" align=\"left\" width=\"10%\">Search Depth<\/td>\n<td style=\"border: 1px solid lightgray;\" align=\"center\" width=\"40%\">50 meter<\/td>\n<\/tr>\n<tr>\n<td style=\"border: 1px solid lightgray;\" align=\"left\" width=\"10%\">Front Range<\/td>\n<td style=\"border: 1px solid lightgray;\" align=\"center\" width=\"40%\">3000 meter<\/td>\n<\/tr>\n<tr>\n<td style=\"border: 1px solid lightgray;\" align=\"left\" width=\"10%\">Device Weight<\/td>\n<td style=\"border: 1px solid lightgray;\" align=\"center\" width=\"40%\">600 gram<\/td>\n<\/tr>\n<tr>\n<td style=\"border: 1px solid lightgray;\" align=\"left\" width=\"10%\">Total Weight<\/td>\n<td style=\"border: 1px solid lightgray;\" align=\"center\" width=\"40%\">1800 gram<\/td>\n<\/tr>\n<tr>\n<td style=\"border: 1px solid lightgray;\" align=\"left\" width=\"10%\">Package dimensions<\/td>\n<td style=\"border: 1px solid lightgray;\" align=\"center\" width=\"40%\">340mm x 275mm x 125mm<\/td>\n<\/tr>\n<tr>\n<td style=\"border: 1px solid lightgray;\" align=\"left\" width=\"10%\">Warranty<\/td>\n<td style=\"border: 1px solid lightgray;\" align=\"center\" width=\"40%\">Two (2) Year<\/td>\n<\/tr>\n<tr>\n<td style=\"border: 1px solid lightgray;\" align=\"left\" width=\"10%\">Made in<\/td>\n<td style=\"border: 1px solid lightgray;\" align=\"center\" width=\"40%\">Germany<\/td>\n<\/tr>\n<\/tbody>\n<\/table>\n","protected":false},"featured_media":28808,"template":"","meta":[],"product_brand":[],"product_cat":[192,226,1262],"product_tag":[],"class_list":{"0":"post-17485","1":"product","2":"type-product","3":"status-publish","4":"has-post-thumbnail","6":"product_cat-detecteur-de-diamant-et-de-gemme","7":"product_cat-boutique","8":"product_cat-sale-fr","10":"first","11":"instock","12":"sale","13":"purchasable","14":"product-type-simple"},"_links":{"self":[{"href":"https:\/\/uigdetectors.com\/fr\/wp-json\/wp\/v2\/product\/17485","targetHints":{"allow":["GET"]}}],"collection":[{"href":"https:\/\/uigdetectors.com\/fr\/wp-json\/wp\/v2\/product"}],"about":[{"href":"https:\/\/uigdetectors.com\/fr\/wp-json\/wp\/v2\/types\/product"}],"version-history":[{"count":0,"href":"https:\/\/uigdetectors.com\/fr\/wp-json\/wp\/v2\/product\/17485\/revisions"}],"wp:featuredmedia":[{"embeddable":true,"href":"https:\/\/uigdetectors.com\/fr\/wp-json\/wp\/v2\/media\/28808"}],"wp:attachment":[{"href":"https:\/\/uigdetectors.com\/fr\/wp-json\/wp\/v2\/media?parent=17485"}],"wp:term":[{"taxonomy":"product_brand","embeddable":true,"href":"https:\/\/uigdetectors.com\/fr\/wp-json\/wp\/v2\/product_brand?post=17485"},{"taxonomy":"product_cat","embeddable":true,"href":"https:\/\/uigdetectors.com\/fr\/wp-json\/wp\/v2\/product_cat?post=17485"},{"taxonomy":"product_tag","embeddable":true,"href":"https:\/\/uigdetectors.com\/fr\/wp-json\/wp\/v2\/product_tag?post=17485"}],"curies":[{"name":"wp","href":"https:\/\/api.w.org\/{rel}","templated":true}]}}