{"id":17492,"date":"2023-01-20T22:35:54","date_gmt":"2023-01-20T22:35:54","guid":{"rendered":"https:\/\/shop.uigdetectors.com\/?post_type=product&#038;p=17492"},"modified":"2024-11-19T17:50:20","modified_gmt":"2024-11-19T14:50:20","slug":"river-f-smart-detector-fr","status":"publish","type":"product","link":"https:\/\/uigdetectors.com\/fr\/produit\/river-f-smart-detector-fr\/","title":{"rendered":"RIVER-F SMART D\u00e9tecteur d&rsquo;eau souterraine"},"content":{"rendered":"\t\t<div data-elementor-type=\"product-post\" data-elementor-id=\"17492\" class=\"elementor elementor-17492 elementor-11490\" data-elementor-post-type=\"product\">\n\t\t\t\t<div class=\"wd-negative-gap elementor-element elementor-element-52b380d9 e-flex e-con-boxed e-con e-parent\" data-id=\"52b380d9\" data-element_type=\"container\" data-e-type=\"container\">\n\t\t\t\t\t<div class=\"e-con-inner\">\n\t\t\t\t<div class=\"elementor-element elementor-element-1f1d8028 elementor-widget elementor-widget-heading\" data-id=\"1f1d8028\" data-element_type=\"widget\" data-e-type=\"widget\" data-widget_type=\"heading.default\">\n\t\t\t\t\t<h1 class=\"elementor-heading-title elementor-size-default\">LE D\u00c9TECTEUR RIVER-F SMART<\/h1>\t\t\t\t<\/div>\n\t\t\t\t<div class=\"elementor-element elementor-element-3f9d65b2 elementor-widget elementor-widget-heading\" data-id=\"3f9d65b2\" data-element_type=\"widget\" data-e-type=\"widget\" data-widget_type=\"heading.default\">\n\t\t\t\t\t<h2 class=\"elementor-heading-title elementor-size-default\">Il fonctionne avec trois syst\u00e8mes d'exploration pour les nappes phr\u00e9atiques, les puits art\u00e9siens et les sources souterraines, offrant une identification extr\u00eamement pr\u00e9cise indiquant le type d'eau, qu'elle soit douce ou sal\u00e9e, \u00e0 des profondeurs allant jusqu'\u00e0 500 m\u00e8tres sous la surface du sol et une port\u00e9e frontale de 3000 m\u00e8tres carr\u00e9s.<\/h2>\t\t\t\t<\/div>\n\t\t\t\t<div class=\"elementor-element elementor-element-34ab74cc elementor-widget elementor-widget-heading\" data-id=\"34ab74cc\" data-element_type=\"widget\" data-e-type=\"widget\" data-widget_type=\"heading.default\">\n\t\t\t\t\t<h3 class=\"elementor-heading-title elementor-size-default\">Sp\u00e9cifications et caract\u00e9ristiques du dispositif RIVER \u2013 F SMART :<\/h3>\t\t\t\t<\/div>\n\t\t\t\t<div class=\"elementor-element elementor-element-26f59c66 color-scheme-inherit text-left elementor-widget elementor-widget-text-editor\" data-id=\"26f59c66\" data-element_type=\"widget\" data-e-type=\"widget\" data-widget_type=\"text-editor.default\">\n\t\t\t\t\t\t\t\t\t<div>\nPour la premi\u00e8re fois dans la technologie moderne, un seul appareil fonctionne avec trois syst\u00e8mes de recherche diff\u00e9rents.<br\/><br\/>\n1- Syst\u00e8me de d\u00e9tection de l&rsquo;eau douce.<br\/><br\/>\n2- Syst\u00e8me de d\u00e9tection de l&rsquo;eau sal\u00e9e.<br\/><br\/>\n3- Syst\u00e8me de d\u00e9termination de la profondeur en m\u00e8tres et centim\u00e8tres, localisant la cible dans une zone d&rsquo;un m\u00e8tre carr\u00e9 avec facilit\u00e9 et haute pr\u00e9cision.\n<\/div>\t\t\t\t\t\t\t\t<\/div>\n\t\t\t\t<div class=\"elementor-element elementor-element-20653338 elementor-widget elementor-widget-heading\" data-id=\"20653338\" data-element_type=\"widget\" data-e-type=\"widget\" data-widget_type=\"heading.default\">\n\t\t\t\t\t<h3 class=\"elementor-heading-title elementor-size-default\">Caract\u00e9ristiques des 3 SYSTEMES RIVER \u2013 F SMART :<\/h3>\t\t\t\t<\/div>\n\t\t\t\t<div class=\"elementor-element elementor-element-7b30083f color-scheme-inherit text-left elementor-widget elementor-widget-text-editor\" data-id=\"7b30083f\" data-element_type=\"widget\" data-e-type=\"widget\" data-widget_type=\"text-editor.default\">\n\t\t\t\t\t\t\t\t\t<div>\n&#8211; D\u00e9tection extr\u00eamement rapide de l&rsquo;eau et identification pr\u00e9cise de son emplacement.<br\/><br\/>\n&#8211; Pour obtenir des r\u00e9sultats plus pr\u00e9cis dans la zone de recherche, une fonctionnalit\u00e9 unique a \u00e9t\u00e9 ajout\u00e9e : la possibilit\u00e9 de choisir le continent dans lequel il se trouve et de sp\u00e9cifier le type de sol (argileux, min\u00e9ral, naturel, mixte, sablonneux, rocheux).\n<br\/><br\/>\nLa profondeur de recherche de l&rsquo;appareil RIVER \u2013 F SMART atteint jusqu&rsquo;\u00e0 500 m\u00e8tres sous la surface du sol, avec une port\u00e9e frontale de 3000 m\u00e8tres et une d\u00e9termination automatique de la profondeur.\n<br\/><br\/>\nL&rsquo;appareil RIVER \u2013 F SMART fonctionne en six langues : allemand \u2013 anglais \u2013 fran\u00e7ais \u2013 espagnol &#8211; portugais &#8211; arabe. <br\/><br\/>\nL&rsquo;appareil RIVER \u2013 F SMART est con\u00e7u pour fonctionner dans divers terrains et sous les conditions climatiques les plus difficiles avec facilit\u00e9.\n<br\/><br\/>\nL&rsquo;appareil RIVER \u2013 F SMART, fruit d&rsquo;une ing\u00e9nierie allemande de premier ordre, est certifi\u00e9 avec la certification europ\u00e9enne CE selon les normes mondiales, en plus de la certification internationale ISO 9001 selon les sp\u00e9cifications et normes mondiales.\n<br\/><br\/>\nL&rsquo;appareil RIVER \u2013 F SMART est con\u00e7u pour fonctionner dans tous les pays et territoires.<br\/><br\/>\nUn vrai voyage d&rsquo;exploration ne n\u00e9cessite pas de s&rsquo;aventurer dans de nouveaux territoires, mais plut\u00f4t de voir avec de nouveaux yeux.\n<br\/><br\/>\nNous vous souhaitons du succ\u00e8s dans vos voyages d&rsquo;exploration.\n<\/div>\t\t\t\t\t\t\t\t<\/div>\n\t\t\t\t<div class=\"elementor-element elementor-element-386624ca elementor-widget elementor-widget-video\" data-id=\"386624ca\" data-element_type=\"widget\" data-e-type=\"widget\" data-settings=\"{&quot;youtube_url&quot;:&quot;https:\\\/\\\/www.youtube.com\\\/watch?v=I7PbcTc0yss&quot;,&quot;video_type&quot;:&quot;youtube&quot;,&quot;controls&quot;:&quot;yes&quot;}\" data-widget_type=\"video.default\">\n\t\t\t\t\t\t\t<div class=\"elementor-wrapper elementor-open-inline\">\n\t\t\t<div class=\"elementor-video\"><\/div>\t\t<\/div>\n\t\t\t\t\t\t<\/div>\n\t\t\t\t<div class=\"elementor-element elementor-element-2b4dbf81 elementor-widget elementor-widget-wd_accordion\" data-id=\"2b4dbf81\" data-element_type=\"widget\" data-e-type=\"widget\" data-widget_type=\"wd_accordion.default\">\n\t\t\t\t<div class=\"elementor-widget-container\">\n\t\t\t\t\t\n\t\t<div class=\"wd-accordion wd-style-shadow wd-titles-left wd-opener-pos-right wd-opener-style-arrow\" data-state=\"all_closed\">\n\t\t\t\t\t\t\t\n\t\t\t\t<div class=\"wd-accordion-item\">\n\t\t\t\t\t<div class=\"wd-accordion-title wd-role-btn\" data-accordion-index=\"0\" tabindex=\"0\">\n\t\t\t\t\t\t<div class=\"wd-accordion-title-text\">\n\t\t\t\t\t\t\t\t\t\t\t\t\t\t\t<span class=\"img-wrapper\">\n\t\t\t\t\t\t\t\t\t<svg class=\"e-font-icon-svg e-fas-table\" viewBox=\"0 0 512 512\" xmlns=\"http:\/\/www.w3.org\/2000\/svg\"><path d=\"M464 32H48C21.49 32 0 53.49 0 80v352c0 26.51 21.49 48 48 48h416c26.51 0 48-21.49 48-48V80c0-26.51-21.49-48-48-48zM224 416H64v-96h160v96zm0-160H64v-96h160v96zm224 160H288v-96h160v96zm0-160H288v-96h160v96z\"><\/path><\/svg>\t\t\t\t\t\t\t\t<\/span>\n\t\t\t\t\t\t\t\t\t\t\t\t\t\t<span>\n\t\t\t\t\t\t\t\tSp\u00e9cifications Techniques\t\t\t\t\t\t\t<\/span>\n\t\t\t\t\t\t<\/div>\n\t\t\t\t\t\t<span class=\"wd-accordion-opener\"><\/span>\n\t\t\t\t\t<\/div>\n\n\t\t\t\t\t<div class=\"wd-accordion-content wd-entry-content\" data-accordion-index=\"0\">\n\t\t\t\t\t\t\t\t\t\t\t\t\t\n\t\t\t\t\t\t\t<table class=\"table table-striped table-bordered\">\n<thead class=\"thead-dark\">\n<tr>\n<th scope=\"col\">Nom de la sp\u00e9cification technique<\/th>\n<th scope=\"col\">Valeur de sp\u00e9cification technique<\/th>\n<\/tr>\n<\/thead>\n<tbody id=\"technicalContainer\">\n<tr>\n<td>Sortie audio<\/td>\n<td>sonnerie pi\u00e9zo\u00e9lectrique \u00d8: 12mm - H: niveau de pression acoustique de 9,8mm 85db \u00e0 une fr\u00e9quence de 12v \/ 10cm 4.5 \u00b1 0.5 KHz<\/td>\n<\/tr>\n<tr>\n<td>Un \u00e9cran \u00e0 cristaux liquides(LCD)<\/td>\n<td>Pleine couleur 98mm x 57mm \/ 480x270 px<\/td>\n<\/tr>\n<tr>\n<td>Longueur<\/td>\n<td>Dispositif : 170 mm - Dispositif avec capteur longue port\u00e9e 310mm<\/td>\n<\/tr>\n<tr>\n<td>Fr\u00e9quence<\/td>\n<td>Max 500 KHz<\/td>\n<\/tr>\n<tr>\n<td>Vitesse du traitement des donn\u00e9es<\/td>\n<td>8 MHz<\/td>\n<\/tr>\n<tr>\n<td>La temp\u00e9rature r\u00e9sistente du dispositif<\/td>\n<td>0 C\u00b0 au 70 C\u00b0<\/td>\n<\/tr>\n<tr>\n<td>Plage de temp\u00e9rature de fonctionnement<\/td>\n<td>Jusqu'\u00e0 95 % sans condensation<\/td>\n<\/tr>\n<tr>\n<td>Temp\u00e9rature du stockage du dispositif<\/td>\n<td>- 20C\u00b0 au 70C\u00b0<\/td>\n<\/tr>\n<tr>\n<td>Humidit\u00e9 du stockage du dispositif<\/td>\n<td>jusqu'\u00e0 98% d'humidit\u00e9 relative<\/td>\n<\/tr>\n<tr>\n<td>Dur\u00e9e de fonctionnement (batterie de 27 Wh)<\/td>\n<td>10 Heures<\/td>\n<\/tr>\n<tr>\n<td>Waterproof Notation - D\u00e9tecteur<\/td>\n<td>non waterproof<\/td>\n<\/tr>\n<tr>\n<td>Module boussole<\/td>\n<td>GY-282<\/td>\n<\/tr>\n<tr>\n<td>Poids total<\/td>\n<td>4950 g<\/td>\n<\/tr>\n<tr>\n<td>Poids du dispositif<\/td>\n<td>500 g<\/td>\n<\/tr>\n<tr>\n<td>Poids du sac (vide)<\/td>\n<td>3.5 kg<\/td>\n<\/tr>\n<tr>\n<td>Dimensions du sac<\/td>\n<td>53cm x 40cm x 22.8 cm<\/td>\n<\/tr>\n<tr>\n<td>Type de la batterie<\/td>\n<td>Li-ion Batterie Rechargeable - Batterie Externe<\/td>\n<\/tr>\n<tr>\n<td>Tension de sortie de la batterie<\/td>\n<td>Li-ion 10.8 VDC<\/td>\n<\/tr>\n<tr>\n<td>Capacit\u00e9 de la batterie<\/td>\n<td>Li-ion 27 Wh<\/td>\n<\/tr>\n<tr>\n<td>Temps d'ex\u00e9cution de la batterie<\/td>\n<td>10 Heures<\/td>\n<\/tr>\n<tr>\n<td>Temp\u00e9rature de fonctionnement de la batterie<\/td>\n<td>0 C\u00b0 au 60 C\u00b0<\/td>\n<\/tr>\n<tr>\n<td>Temp\u00e9rature de stockage de la batterie<\/td>\n<td>- 2C\u00b0 au 70C\u00b0<\/td>\n<\/tr>\n<tr>\n<td>Poids de la batterie<\/td>\n<td>350 g<\/td>\n<\/tr>\n<tr>\n<td>Temp\u00e9rature de fonctionnement du chargeur de la Batterie<\/td>\n<td>0 C\u00b0 au 50 C\u00b0<\/td>\n<\/tr>\n<tr>\n<td>Temp\u00e9rature du stockage du chargeur de la Batterie<\/td>\n<td>- 30C\u00b0 au 80C\u00b0<\/td>\n<\/tr>\n<tr>\n<td>Tension d'entr\u00e9e du chargeur de la Batterie<\/td>\n<td>90 \u2192 250 VAC 50\u219260 Hz<\/td>\n<\/tr>\n<tr>\n<td>Sortie du chargeur de la Batterie<\/td>\n<td>12.6 VDC \/ 1000 mA<\/td>\n<\/tr>\n<\/tbody>\n<\/table>\n\t\t\t\t\t\t\t\t\t\t\t\t\t\t\t\t\t\t<\/div>\n\t\t\t\t<\/div>\n\t\t\t\t\t<\/div>\n\t\t\t\t\t\t<\/div>\n\t\t\t\t<\/div>\n\t\t\t\t\t<\/div>\n\t\t\t\t<\/div>\n\t\t\t\t<\/div>\n\t\t","protected":false},"excerpt":{"rendered":"<h5 style=\"text-align: left;\"><span style=\"color: #333333;\">RIVER \u2013 F SMART- 3 SYSTEMES : L\u2019appareil de t\u00e9l\u00e9d\u00e9tection \u00e0 longue port\u00e9e fonctionne avec trois syst\u00e8mes de recherche innovants et professionnels dans un dispositif unique sp\u00e9cialis\u00e9 pour la d\u00e9tection des eaux souterraines, des puits art\u00e9siens et des nappes d\u2019eau souterraines<\/span><\/h5>\n<table style=\"font-size: 14px;\" border=\"1&quot;\" width=\"50%\" cellspacing=\"0\" cellpadding=\"5\">\n<tbody>\n<tr>\n<td style=\"border: 1px solid lightgray;\" align=\"left\" width=\"10%\">Search system<\/td>\n<td style=\"border: 1px solid lightgray;\" align=\"center\" width=\"40%\">Long-range System<\/td>\n<\/tr>\n<tr>\n<td style=\"border: 1px solid lightgray;\" align=\"left\" width=\"10%\">Search Depth<\/td>\n<td style=\"border: 1px solid lightgray;\" align=\"center\" width=\"40%\">500 meter<\/td>\n<\/tr>\n<tr>\n<td style=\"border: 1px solid lightgray;\" align=\"left\" width=\"10%\">Front Range<\/td>\n<td style=\"border: 1px solid lightgray;\" align=\"center\" width=\"40%\">3000 meter<\/td>\n<\/tr>\n<tr>\n<td style=\"border: 1px solid lightgray;\" align=\"left\" width=\"10%\">Device Weight<\/td>\n<td style=\"border: 1px solid lightgray;\" align=\"center\" width=\"40%\">550 gram<\/td>\n<\/tr>\n<tr>\n<td style=\"border: 1px solid lightgray;\" align=\"left\" width=\"10%\">Total Weight<\/td>\n<td style=\"border: 1px solid lightgray;\" align=\"center\" width=\"40%\">1750 gram<\/td>\n<\/tr>\n<tr>\n<td style=\"border: 1px solid lightgray;\" align=\"left\" width=\"10%\">Package dimensions<\/td>\n<td style=\"border: 1px solid lightgray;\" align=\"center\" width=\"40%\">530mm x 400mm x 228mm<\/td>\n<\/tr>\n<tr>\n<td style=\"border: 1px solid lightgray;\" align=\"left\" width=\"10%\">Warranty<\/td>\n<td style=\"border: 1px solid lightgray;\" align=\"center\" width=\"40%\">Two (2) Year<\/td>\n<\/tr>\n<tr>\n<td style=\"border: 1px solid lightgray;\" align=\"left\" width=\"10%\">Made in<\/td>\n<td style=\"border: 1px solid lightgray;\" align=\"center\" width=\"40%\">Germany<\/td>\n<\/tr>\n<\/tbody>\n<\/table>\n","protected":false},"featured_media":28754,"template":"","meta":[],"product_brand":[],"product_cat":[1262,226,194],"product_tag":[],"class_list":{"0":"post-17492","1":"product","2":"type-product","3":"status-publish","4":"has-post-thumbnail","6":"product_cat-sale-fr","7":"product_cat-boutique","8":"product_cat-detecteur-deau","10":"first","11":"instock","12":"sale","13":"purchasable","14":"product-type-simple"},"_links":{"self":[{"href":"https:\/\/uigdetectors.com\/fr\/wp-json\/wp\/v2\/product\/17492","targetHints":{"allow":["GET"]}}],"collection":[{"href":"https:\/\/uigdetectors.com\/fr\/wp-json\/wp\/v2\/product"}],"about":[{"href":"https:\/\/uigdetectors.com\/fr\/wp-json\/wp\/v2\/types\/product"}],"version-history":[{"count":0,"href":"https:\/\/uigdetectors.com\/fr\/wp-json\/wp\/v2\/product\/17492\/revisions"}],"wp:featuredmedia":[{"embeddable":true,"href":"https:\/\/uigdetectors.com\/fr\/wp-json\/wp\/v2\/media\/28754"}],"wp:attachment":[{"href":"https:\/\/uigdetectors.com\/fr\/wp-json\/wp\/v2\/media?parent=17492"}],"wp:term":[{"taxonomy":"product_brand","embeddable":true,"href":"https:\/\/uigdetectors.com\/fr\/wp-json\/wp\/v2\/product_brand?post=17492"},{"taxonomy":"product_cat","embeddable":true,"href":"https:\/\/uigdetectors.com\/fr\/wp-json\/wp\/v2\/product_cat?post=17492"},{"taxonomy":"product_tag","embeddable":true,"href":"https:\/\/uigdetectors.com\/fr\/wp-json\/wp\/v2\/product_tag?post=17492"}],"curies":[{"name":"wp","href":"https:\/\/api.w.org\/{rel}","templated":true}]}}