{"id":17497,"date":"2023-01-20T22:34:52","date_gmt":"2023-01-20T19:34:52","guid":{"rendered":"https:\/\/shop.uigdetectors.com\/?post_type=product&#038;p=17497"},"modified":"2024-11-19T17:30:45","modified_gmt":"2024-11-19T14:30:45","slug":"fresh-result-2-systems-detector-fr","status":"publish","type":"product","link":"https:\/\/uigdetectors.com\/fr\/produit\/fresh-result-2-systems-detector-fr\/","title":{"rendered":"FRESH RESULT 2-SYSTEMS D\u00e9tecteur d&rsquo;eau souterraine"},"content":{"rendered":"\t\t<div data-elementor-type=\"product-post\" data-elementor-id=\"17497\" class=\"elementor elementor-17497 elementor-11488\" data-elementor-post-type=\"product\">\n\t\t\t\t<div class=\"wd-negative-gap elementor-element elementor-element-6ad90623 e-flex e-con-boxed e-con e-parent\" data-id=\"6ad90623\" data-element_type=\"container\" data-e-type=\"container\">\n\t\t\t\t\t<div class=\"e-con-inner\">\n\t\t\t\t<div class=\"elementor-element elementor-element-6cb6edd0 elementor-widget elementor-widget-heading\" data-id=\"6cb6edd0\" data-element_type=\"widget\" data-e-type=\"widget\" data-widget_type=\"heading.default\">\n\t\t\t\t\t<h1 class=\"elementor-heading-title elementor-size-default\">LE \u00c9TECTEUR FRESH RESULT 2 SYSTEMS<\/h1>\t\t\t\t<\/div>\n\t\t\t\t<div class=\"elementor-element elementor-element-21e5f155 elementor-widget elementor-widget-heading\" data-id=\"21e5f155\" data-element_type=\"widget\" data-e-type=\"widget\" data-widget_type=\"heading.default\">\n\t\t\t\t\t<h2 class=\"elementor-heading-title elementor-size-default\">Le dispositif Fresh Result 2 Systems est un syst\u00e8me multi-fonction pour d\u00e9tecter l'eau souterraine, les puits art\u00e9siens et les sources sous terre.<\/h2>\t\t\t\t<\/div>\n\t\t\t\t<div class=\"elementor-element elementor-element-5be72baa color-scheme-inherit text-left elementor-widget elementor-widget-text-editor\" data-id=\"5be72baa\" data-element_type=\"widget\" data-e-type=\"widget\" data-widget_type=\"text-editor.default\">\n\t\t\t\t\t\t\t\t\t<div>Nous f\u00e9licitons les agriculteurs, les investisseurs en terres agricoles, les chercheurs, les explorateurs et les entreprises d&rsquo;exploration d&rsquo;eau pour la sortie de cet appareil enti\u00e8rement nouveau et unique en son genre dans le monde.\n<br\/><br\/>\nIl fonctionne avec deux syst\u00e8mes d&rsquo;exploration pour l&rsquo;eau souterraine, les puits art\u00e9siens et les sources sous-sol :<br\/><br\/>\n1- Syst\u00e8me d&rsquo;exploration g\u00e9ologique<br\/><br\/>\n2- Syst\u00e8me de d\u00e9tection \u00e0 longue port\u00e9e<br\/><br\/>\nIl offre des capacit\u00e9s extr\u00eamement pr\u00e9cises pour identifier le type d&rsquo;eau (douce, sal\u00e9e, tr\u00e8s sal\u00e9e) jusqu&rsquo;\u00e0 des profondeurs allant jusqu&rsquo;\u00e0 1200 m\u00e8tres sous la surface du sol et une port\u00e9e avant de 2000 m\u00e8tres carr\u00e9s.<br\/><br\/>\nEnfin, la recherche al\u00e9atoire est termin\u00e9e. \nNous pr\u00e9sentons aux explorateurs la technologie moderne et unique pour d\u00e9couvrir l&rsquo;eau souterraine, les puits art\u00e9siens et les sources.\n<\/div>\t\t\t\t\t\t\t\t<\/div>\n\t\t\t\t<div class=\"elementor-element elementor-element-17efde89 elementor-widget elementor-widget-heading\" data-id=\"17efde89\" data-element_type=\"widget\" data-e-type=\"widget\" data-widget_type=\"heading.default\">\n\t\t\t\t\t<h3 class=\"elementor-heading-title elementor-size-default\">Sp\u00e9cifications et syst\u00e8mes du dispositif Fresh Result 2 Systems :<\/h3>\t\t\t\t<\/div>\n\t\t\t\t<div class=\"elementor-element elementor-element-61190e5e elementor-widget elementor-widget-heading\" data-id=\"61190e5e\" data-element_type=\"widget\" data-e-type=\"widget\" data-widget_type=\"heading.default\">\n\t\t\t\t\t<h2 class=\"elementor-heading-title elementor-size-default\">Pour la premi\u00e8re fois dans le monde de la technologie moderne, un seul dispositif fonctionne avec deux syst\u00e8mes de recherche diff\u00e9rents.<\/h2>\t\t\t\t<\/div>\n\t\t<div class=\"elementor-element elementor-element-18c07bc4 e-con-full e-flex e-con e-child\" data-id=\"18c07bc4\" data-element_type=\"container\" data-e-type=\"container\">\n\t\t\t\t<div class=\"elementor-element elementor-element-623a3e0c elementor-widget__width-initial elementor-widget-mobile__width-inherit elementor-widget elementor-widget-wd_infobox\" data-id=\"623a3e0c\" data-element_type=\"widget\" data-e-type=\"widget\" data-widget_type=\"wd_infobox.default\">\n\t\t\t\t<div class=\"elementor-widget-container\">\n\t\t\t\t\t\t\t<div class=\"info-box-wrapper\">\n\t\t\t<div class=\"wd-info-box text-left box-icon-align-left box-style-base color-scheme- wd-items-middle\">\n\t\t\t\t\n\t\t\t\t<div class=\"info-box-content\">\n\t\t\t\t\t\t\t\t\t\t\t\n\t\t\t\t\t\t<div class=\"info-box-subtitle subtitle-style-default wd-fontsize-xs\" data-elementor-setting-key=\"subtitle\">\n\t\t\t\t\t\t\tSyst\u00e8me d'exploration g\u00e9ologique\t\t\t\t\t\t<\/div>\n\t\t\t\t\t\n\t\t\t\t\t\t\t\t\t\t\t<h4\t\t\t\t\t\tclass=\"info-box-title title box-title-style-default wd-fontsize-m\" data-elementor-setting-key=\"title\">\n\t\t\t\t\t\t\t\t   Le syst\u00e8me g\u00e9ophysique dans le dispositif Fresh Result 2 Systems est l'un des meilleurs et des plus puissants pour la recherche d'eau sous la surface du sol. Il fournit des r\u00e9sultats pr\u00e9cis et rapides, offrant des fonctionnalit\u00e9s uniques telles que l'identification du type d'eau (douce, sal\u00e9e, tr\u00e8s sal\u00e9e) et la profondeur mesur\u00e9e de l'eau d\u00e9couverte.\t\t\t\t\t\t<\/h4>\n\t\t\t\t\t\n\t\t\t\t\t<div class=\"info-box-inner reset-last-child\"data-elementor-setting-key=\"content\"><\/div>\n\n\t\t\t\t\t\t\t\t\t<\/div>\n\n\t\t\t\t\t\t\t\t\t<a href=\"#\" class=\"wd-info-box-link wd-fill\" aria-label=\"Infobox link\"><\/a>\n\t\t\t\t\t\t\t<\/div>\n\t\t<\/div>\n\t\t\t\t\t\t<\/div>\n\t\t\t\t<\/div>\n\t\t\t\t<div class=\"elementor-element elementor-element-3de987ee elementor-widget__width-initial elementor-widget-mobile__width-inherit elementor-widget elementor-widget-video\" data-id=\"3de987ee\" data-element_type=\"widget\" data-e-type=\"widget\" data-settings=\"{&quot;youtube_url&quot;:&quot;https:\\\/\\\/www.youtube.com\\\/watch?v=P80fdwoG0Lk&quot;,&quot;video_type&quot;:&quot;youtube&quot;,&quot;controls&quot;:&quot;yes&quot;}\" data-widget_type=\"video.default\">\n\t\t\t\t\t\t\t<div class=\"elementor-wrapper elementor-open-inline\">\n\t\t\t<div class=\"elementor-video\"><\/div>\t\t<\/div>\n\t\t\t\t\t\t<\/div>\n\t\t\t\t<\/div>\n\t\t<div class=\"elementor-element elementor-element-62ef7a34 e-con-full e-flex e-con e-child\" data-id=\"62ef7a34\" data-element_type=\"container\" data-e-type=\"container\">\n\t\t\t\t<div class=\"elementor-element elementor-element-512fc9b5 elementor-widget__width-initial elementor-widget-mobile__width-inherit elementor-widget elementor-widget-wd_infobox\" data-id=\"512fc9b5\" data-element_type=\"widget\" data-e-type=\"widget\" data-widget_type=\"wd_infobox.default\">\n\t\t\t\t<div class=\"elementor-widget-container\">\n\t\t\t\t\t\t\t<div class=\"info-box-wrapper\">\n\t\t\t<div class=\"wd-info-box text-left box-icon-align-left box-style-base color-scheme- wd-items-middle\">\n\t\t\t\t\n\t\t\t\t<div class=\"info-box-content\">\n\t\t\t\t\t\t\t\t\t\t\t\n\t\t\t\t\t\t<div class=\"info-box-subtitle subtitle-style-default wd-fontsize-xs\" data-elementor-setting-key=\"subtitle\">\n\t\t\t\t\t\t\tSyst\u00e8me de d\u00e9tection \u00e0 longue port\u00e9e\t\t\t\t\t\t<\/div>\n\t\t\t\t\t\n\t\t\t\t\t\t\t\t\t\t\t<h4\t\t\t\t\t\tclass=\"info-box-title title box-title-style-default wd-fontsize-m\" data-elementor-setting-key=\"title\">\n\t\t\t\t\t\t\t\t   Le syst\u00e8me de d\u00e9tection \u00e0 longue port\u00e9e est sp\u00e9cialis\u00e9 dans la d\u00e9tection de l'eau dans des zones ouvertes et vastes. Il a une grande pr\u00e9cision pour distinguer et localiser l\u2019emplacements d'eau dans une zone d'un m\u00e8tre carr\u00e9.\t\t\t\t\t\t<\/h4>\n\t\t\t\t\t\n\t\t\t\t\t<div class=\"info-box-inner reset-last-child\"data-elementor-setting-key=\"content\"><\/div>\n\n\t\t\t\t\t\t\t\t\t<\/div>\n\n\t\t\t\t\t\t\t\t\t<a href=\"#\" class=\"wd-info-box-link wd-fill\" aria-label=\"Infobox link\"><\/a>\n\t\t\t\t\t\t\t<\/div>\n\t\t<\/div>\n\t\t\t\t\t\t<\/div>\n\t\t\t\t<\/div>\n\t\t\t\t<div class=\"elementor-element elementor-element-1cf51124 elementor-widget__width-initial elementor-widget-mobile__width-inherit elementor-widget elementor-widget-video\" data-id=\"1cf51124\" data-element_type=\"widget\" data-e-type=\"widget\" data-settings=\"{&quot;youtube_url&quot;:&quot;https:\\\/\\\/www.youtube.com\\\/watch?v=x372iWXG9L8&quot;,&quot;video_type&quot;:&quot;youtube&quot;,&quot;controls&quot;:&quot;yes&quot;}\" data-widget_type=\"video.default\">\n\t\t\t\t\t\t\t<div class=\"elementor-wrapper elementor-open-inline\">\n\t\t\t<div class=\"elementor-video\"><\/div>\t\t<\/div>\n\t\t\t\t\t\t<\/div>\n\t\t\t\t<\/div>\n\t\t\t\t<div class=\"elementor-element elementor-element-49171ad9 elementor-widget elementor-widget-heading\" data-id=\"49171ad9\" data-element_type=\"widget\" data-e-type=\"widget\" data-widget_type=\"heading.default\">\n\t\t\t\t\t<h3 class=\"elementor-heading-title elementor-size-default\">Caract\u00e9ristiques et sp\u00e9cifications du dispositif Fresh Result 2 Systems : <\/h3>\t\t\t\t<\/div>\n\t\t\t\t<div class=\"elementor-element elementor-element-6d8b3d96 color-scheme-inherit text-left elementor-widget elementor-widget-text-editor\" data-id=\"6d8b3d96\" data-element_type=\"widget\" data-e-type=\"widget\" data-widget_type=\"text-editor.default\">\n\t\t\t\t\t\t\t\t\t<div>\n&#8211; Obtenez des r\u00e9sultats plus pr\u00e9cis dans la zone de recherche et identifiez les types de sols (sableux, argileux, mixtes, rocheux).<br\/><br\/>\n&#8211; Fonctionne en quatre langues : allemand, anglais, fran\u00e7ais et arabe.<br\/><br\/>\n&#8211; La profondeur de recherche du dispositif Fresh Result 2 atteint jusqu&rsquo;\u00e0 1200 m\u00e8tres sous terre avec une port\u00e9e avant de 2000 m\u00e8tres, d\u00e9terminant automatiquement la profondeur de l&rsquo;eau sous la surface du sol.<br\/><br\/>\nLe dispositif Fresh Result 2 Systems est con\u00e7u pour fonctionner dans divers terrains et dans des conditions climatiques difficiles.<br\/><br\/>\nIl s&rsquo;agit de l&rsquo;une des meilleures industries allemandes, certifi\u00e9e avec la certification europ\u00e9enne CE selon les normes de fabrication, ainsi que la certification internationale ISO 9001 conforme aux sp\u00e9cifications et normes mondiales.<br\/><br\/>\nLe dispositif Fresh Result 2 Systems est con\u00e7u pour fonctionner dans tous les pays et r\u00e9gions. <br\/><br\/>\nUn v\u00e9ritable voyage d&rsquo;exploration ne n\u00e9cessite pas de partir vers de nouvelles terres, mais plut\u00f4t de voir avec de nouveaux yeux.\n<br\/><br\/>\nMeilleurs v\u0153ux de r\u00e9ussite dans vos voyages\u00a0d&rsquo;exploration.\n<\/div>\t\t\t\t\t\t\t\t<\/div>\n\t\t\t\t<div class=\"elementor-element elementor-element-6d78140c elementor-widget elementor-widget-video\" data-id=\"6d78140c\" data-element_type=\"widget\" data-e-type=\"widget\" data-settings=\"{&quot;youtube_url&quot;:&quot;https:\\\/\\\/www.youtube.com\\\/watch?v=ugLidLrWGA0&quot;,&quot;video_type&quot;:&quot;youtube&quot;,&quot;controls&quot;:&quot;yes&quot;}\" data-widget_type=\"video.default\">\n\t\t\t\t\t\t\t<div class=\"elementor-wrapper elementor-open-inline\">\n\t\t\t<div class=\"elementor-video\"><\/div>\t\t<\/div>\n\t\t\t\t\t\t<\/div>\n\t\t\t\t<div class=\"elementor-element elementor-element-2bd8ef13 elementor-widget elementor-widget-wd_accordion\" data-id=\"2bd8ef13\" data-element_type=\"widget\" data-e-type=\"widget\" data-widget_type=\"wd_accordion.default\">\n\t\t\t\t<div class=\"elementor-widget-container\">\n\t\t\t\t\t\n\t\t<div class=\"wd-accordion wd-style-shadow wd-titles-left wd-opener-pos-right wd-opener-style-arrow\" data-state=\"all_closed\">\n\t\t\t\t\t\t\t\n\t\t\t\t<div class=\"wd-accordion-item\">\n\t\t\t\t\t<div class=\"wd-accordion-title wd-role-btn\" data-accordion-index=\"0\" tabindex=\"0\">\n\t\t\t\t\t\t<div class=\"wd-accordion-title-text\">\n\t\t\t\t\t\t\t\t\t\t\t\t\t\t\t<span class=\"img-wrapper\">\n\t\t\t\t\t\t\t\t\t<svg class=\"e-font-icon-svg e-fas-table\" viewBox=\"0 0 512 512\" xmlns=\"http:\/\/www.w3.org\/2000\/svg\"><path d=\"M464 32H48C21.49 32 0 53.49 0 80v352c0 26.51 21.49 48 48 48h416c26.51 0 48-21.49 48-48V80c0-26.51-21.49-48-48-48zM224 416H64v-96h160v96zm0-160H64v-96h160v96zm224 160H288v-96h160v96zm0-160H288v-96h160v96z\"><\/path><\/svg>\t\t\t\t\t\t\t\t<\/span>\n\t\t\t\t\t\t\t\t\t\t\t\t\t\t<span>\n\t\t\t\t\t\t\t\tSp\u00e9cifications Techniques\t\t\t\t\t\t\t<\/span>\n\t\t\t\t\t\t<\/div>\n\t\t\t\t\t\t<span class=\"wd-accordion-opener\"><\/span>\n\t\t\t\t\t<\/div>\n\n\t\t\t\t\t<div class=\"wd-accordion-content wd-entry-content\" data-accordion-index=\"0\">\n\t\t\t\t\t\t\t\t\t\t\t\t\t\n\t\t\t\t\t\t\t<table class=\"table table-striped table-bordered\">\n<thead class=\"thead-dark\">\n<tr>\n<th scope=\"col\">Nom de la sp\u00e9cification technique<\/th>\n<th scope=\"col\">Valeur de sp\u00e9cification technique<\/th>\n<\/tr>\n<\/thead>\n<tbody id=\"technicalContainer\">\n<tr>\n<td>Sortie audio (G\u00e9ophysique syst\u00e8me)<\/td>\n<td>sonnerie pi\u00e9zo\u00e9lectrique \u00d8: 12mm - H: niveau de pression acoustique de 9,8mm 85db \u00e0 une fr\u00e9quence de 12v \/ 10cm 4.5 \u00b1 0.5 KHz<\/td>\n<\/tr>\n<tr>\n<td>Un \u00e9cran \u00e0 cristaux liquides(LCD) (G\u00e9ophysique syst\u00e8me)<\/td>\n<td>Pleine couleur 480 x 270 px (4,5 pouces)<\/td>\n<\/tr>\n<tr>\n<td>La fr\u00e9quence (G\u00e9ophysique syst\u00e8me)<\/td>\n<td>2,91 KHz<\/td>\n<\/tr>\n<tr>\n<td>Vitesse de traitement des donn\u00e9es (G\u00e9ophysique syst\u00e8me)<\/td>\n<td>11 MHz<\/td>\n<\/tr>\n<tr>\n<td>La temp\u00e9rature r\u00e9sistente du dispositif (G\u00e9ophysique syst\u00e8me)<\/td>\n<td>0 C\u00b0 au 60 C\u00b0<\/td>\n<\/tr>\n<tr>\n<td>Plage de temp\u00e9rature de fonctionnement (G\u00e9ophysique syst\u00e8me)<\/td>\n<td>jusqu'\u00e0 95% sans condensation<\/td>\n<\/tr>\n<tr>\n<td>Plage de temp\u00e9rature de stockage (G\u00e9ophysique syst\u00e8me)<\/td>\n<td>- 20C\u00b0 au 70C\u00b0<\/td>\n<\/tr>\n<tr>\n<td>Taux de r\u00e9sistence \u00e0 l'humidit\u00e9 (G\u00e9ophysique syst\u00e8me)<\/td>\n<td>jusqu'\u00e0 98% d'humidit\u00e9 relative<\/td>\n<\/tr>\n<tr>\n<td>Dur\u00e9e du fonctionnement (batterie 27Wh) (G\u00e9ophysique syst\u00e8me)<\/td>\n<td>10 Heures<\/td>\n<\/tr>\n<tr>\n<td>Waterproof Notation D\u00e9tecteur (G\u00e9ophysique syst\u00e8me)<\/td>\n<td>non waterproof<\/td>\n<\/tr>\n<tr>\n<td>Longueur des c\u00e2bles (G\u00e9ophysique syst\u00e8me)<\/td>\n<td>20 m<\/td>\n<\/tr>\n<tr>\n<td>Longueur de la sonde (G\u00e9ophysique syst\u00e8me)<\/td>\n<td>42 cm<\/td>\n<\/tr>\n<tr>\n<td>Poids total (G\u00e9ophysique syst\u00e8me)<\/td>\n<td>10850 g<\/td>\n<\/tr>\n<tr>\n<td>Poids de l'appareil (G\u00e9ophysique syst\u00e8me)<\/td>\n<td>1250 g<\/td>\n<\/tr>\n<tr>\n<td>Poids du sac (vide) (G\u00e9ophysique syst\u00e8me)<\/td>\n<td>3,5 kg<\/td>\n<\/tr>\n<tr>\n<td>Dimensions du sac (G\u00e9ophysique syst\u00e8me)<\/td>\n<td>53cm x 40cm x 22.8 cm<\/td>\n<\/tr>\n<tr>\n<td>Type de la batterie (G\u00e9ophysique syst\u00e8me)<\/td>\n<td>Li-ion Batterie Rechargeable - Batterie externe<\/td>\n<\/tr>\n<tr>\n<td>Tension de sortie de la batterie (G\u00e9ophysique syst\u00e8me)<\/td>\n<td>Li-ion 10.8 VDC<\/td>\n<\/tr>\n<tr>\n<td>Capacit\u00e9 de la batterie (G\u00e9ophysique syst\u00e8me)<\/td>\n<td>Li-ion 27 Wh<\/td>\n<\/tr>\n<tr>\n<td>Temps d'ex\u00e9cution de la batterie (G\u00e9ophysique syst\u00e8me)<\/td>\n<td>10 Heures<\/td>\n<\/tr>\n<tr>\n<td>Temp\u00e9rature du fonctionnement de la batterie (G\u00e9ophysique syst\u00e8me)<\/td>\n<td>0 C\u00b0 au 60 C\u00b0<\/td>\n<\/tr>\n<tr>\n<td>Temp\u00e9rature du stockage de la batterie (G\u00e9ophysique syst\u00e8me)<\/td>\n<td>- 2C\u00b0 au 70C\u00b0<\/td>\n<\/tr>\n<tr>\n<td>Poids de la batterie (G\u00e9ophysique syst\u00e8me)<\/td>\n<td>350 g<\/td>\n<\/tr>\n<tr>\n<td>Temp\u00e9rature du fonctionnement du chargeur de la Batterie (G\u00e9ophysique syst\u00e8me)<\/td>\n<td>0 C\u00b0 au 50 C\u00b0<\/td>\n<\/tr>\n<tr>\n<td>Temp\u00e9rature du stockage du chargeur de la Batterie (G\u00e9ophysique syst\u00e8me)<\/td>\n<td>- 30C\u00b0 au 80C\u00b0<\/td>\n<\/tr>\n<tr>\n<td>Tension d'entr\u00e9e du chargeur de la Batterie (G\u00e9ophysique syst\u00e8me)<\/td>\n<td>90 \u2192 250 VAC 50\u219260 Hz<\/td>\n<\/tr>\n<tr>\n<td>La sortie du chargeur de la Batterie (G\u00e9ophysique syst\u00e8me)<\/td>\n<td>12.6 VDC \/ 1000 mA<\/td>\n<\/tr>\n<tr>\n<td>Sortie audio (SYST\u00c8ME LONGUE PORT\u00c9E)<\/td>\n<td>buzzer pi\u00e9zo-\u00e9lectrique \u00d8: 12mm - H: niveau de pression acoustique de 9.8mm 85db \u00e0 la fr\u00e9quence 12v \/ 10cm 4.5 \u00b1 0.5khz<\/td>\n<\/tr>\n<tr>\n<td>Un \u00e9cran \u00e0 cristaux liquides(LCD) (SYST\u00c8ME LONGUE PORT\u00c9E)<\/td>\n<td>graphiques LCD (128x64) pixel \/ 55mm x 27.22mm<\/td>\n<\/tr>\n<tr>\n<td>Longueur (SYST\u00c8ME LONGUE PORT\u00c9E)<\/td>\n<td>Appareil seulement 203mm - Dispositif avec antenne longue port\u00e9e 386mm (ferm\u00e9) - Appareil avec antenne longue port\u00e9e 638mm (ouverte)<\/td>\n<\/tr>\n<tr>\n<td>La fr\u00e9quence (SYST\u00c8ME LONGUE PORT\u00c9E)<\/td>\n<td>Max 500 KHz<\/td>\n<\/tr>\n<tr>\n<td>Vitesse de traitement des donn\u00e9es (SYST\u00c8ME LONGUE PORT\u00c9E)<\/td>\n<td>20 MHz<\/td>\n<\/tr>\n<tr>\n<td>La temp\u00e9rature r\u00e9sistente du dispositif (SYST\u00c8ME LONGUE PORT\u00c9E)<\/td>\n<td>0 C\u00b0 au 60 C\u00b0<\/td>\n<\/tr>\n<tr>\n<td>Taux de r\u00e9sistence \u00e0 l'humidit\u00e9 (SYST\u00c8ME LONGUE PORT\u00c9E)<\/td>\n<td>Jusqu'\u00e0 95 % sans condensation<\/td>\n<\/tr>\n<tr>\n<td>Taux de temp\u00e9rature stocker du dispositif (SYST\u00c8ME LONGUE PORT\u00c9E)<\/td>\n<td>- 20C\u00b0 au 70C\u00b0<\/td>\n<\/tr>\n<tr>\n<td>Gamme d'humidit\u00e9 de stockage (SYST\u00c8ME LONGUE PORT\u00c9E)<\/td>\n<td>Jusqu'\u00e0 98% d'humidit\u00e9 relative<\/td>\n<\/tr>\n<tr>\n<td>Dur\u00e9e du fonctionnement (7.56 Wh Batterie) (SYST\u00c8ME LONGUE PORT\u00c9E)<\/td>\n<td>10 Heures<\/td>\n<\/tr>\n<tr>\n<td>Waterproof Notation-D\u00e9tecteur (SYST\u00c8ME LONGUE PORT\u00c9E)<\/td>\n<td>non waterproof<\/td>\n<\/tr>\n<tr>\n<td>Poids du dispositif (SYST\u00c8ME LONGUE PORT\u00c9E)<\/td>\n<td>550 g<\/td>\n<\/tr>\n<tr>\n<td>Type de la batterie (SYST\u00c8ME LONGUE PORT\u00c9E)<\/td>\n<td>Li-ion Batterie Rechargeable - Batterie interne<\/td>\n<\/tr>\n<tr>\n<td>Tension de sortie de la batterie (SYST\u00c8ME LONGUE PORT\u00c9E)<\/td>\n<td>Li-ion 10.8 VDC<\/td>\n<\/tr>\n<tr>\n<td>Capacit\u00e9 de la batterie (SYST\u00c8ME LONGUE PORT\u00c9E)<\/td>\n<td>Li-ion 7.56 Wh<\/td>\n<\/tr>\n<tr>\n<td>Temps d'ex\u00e9cution de la batterie (SYST\u00c8ME LONGUE PORT\u00c9E)<\/td>\n<td>10 Heures<\/td>\n<\/tr>\n<tr>\n<td>Battery Operating Temperature (SYST\u00c8ME LONGUE PORT\u00c9E)<\/td>\n<td>0 C\u00b0 au 60 C\u00b0<\/td>\n<\/tr>\n<tr>\n<td>Battery Storage Temperature (SYST\u00c8ME LONGUE PORT\u00c9E)<\/td>\n<td>- 2C\u00b0 au 70C\u00b0<\/td>\n<\/tr>\n<tr>\n<td>Poids de la batterie (SYST\u00c8ME LONGUE PORT\u00c9E)<\/td>\n<td>60 g<\/td>\n<\/tr>\n<\/tbody>\n<\/table>\n\t\t\t\t\t\t\t\t\t\t\t\t\t\t\t\t\t\t<\/div>\n\t\t\t\t<\/div>\n\t\t\t\t\t<\/div>\n\t\t\t\t\t\t<\/div>\n\t\t\t\t<\/div>\n\t\t\t\t\t<\/div>\n\t\t\t\t<\/div>\n\t\t\t\t<\/div>\n\t\t","protected":false},"excerpt":{"rendered":"<h5 style=\"color: #333333;\">Le d\u00e9tecteur FRESH RESULT 2 SYSTEMS fonctionne avec deux syst\u00e8mes de recherche professionnels et innovants combin\u00e9s dans un appareil sp\u00e9cialis\u00e9 pour d\u00e9tecter l&rsquo;eau souterraine, les puits art\u00e9siens et les sources souterraines.<\/h5>\n<p>Syst\u00e8me de d\u00e9tection longue port\u00e9e &#8211; Syst\u00e8me de recherche g\u00e9ophysique<\/p>\n<table style=\"font-size: 14px;\" border=\"1&quot;\" width=\"50%\" cellspacing=\"0\" cellpadding=\"5\">\n<tbody>\n<tr>\n<td style=\"border: 1px solid lightgray;\" align=\"left\" width=\"10%\"><strong>Search system<\/strong><\/td>\n<td style=\"border: 1px solid lightgray; text-align: center;\" align=\"center\" width=\"40%\">2 Search System<\/td>\n<\/tr>\n<tr>\n<td style=\"border: 1px solid lightgray;\" align=\"left\" width=\"10%\"><strong>Search depth<\/strong><\/td>\n<td style=\"border: 1px solid lightgray; text-align: center;\" align=\"center\" width=\"40%\">1200 meter<\/td>\n<\/tr>\n<tr>\n<td style=\"border: 1px solid lightgray;\" align=\"left\" width=\"10%\"><strong>Front-range<\/strong><\/td>\n<td style=\"border: 1px solid lightgray; text-align: center;\" align=\"center\" width=\"40%\">2000 meter<\/td>\n<\/tr>\n<tr>\n<td style=\"border: 1px solid lightgray;\" align=\"left\" width=\"10%\"><strong>Device weight<\/strong><\/td>\n<td style=\"border: 1px solid lightgray; text-align: center;\" align=\"center\" width=\"40%\">11 kilogram<\/td>\n<\/tr>\n<tr>\n<td style=\"border: 1px solid lightgray;\" align=\"left\" width=\"10%\"><strong>Package dimensions<\/strong><\/td>\n<td style=\"border: 1px solid lightgray; text-align: center;\" align=\"center\" width=\"40%\">530mm x 400mm x 228mm<\/td>\n<\/tr>\n<tr>\n<td style=\"border: 1px solid lightgray;\" align=\"left\" width=\"10%\"><strong>Warranty<\/strong><\/td>\n<td style=\"border: 1px solid lightgray; text-align: center;\" align=\"center\" width=\"40%\">Two (2) Year<\/td>\n<\/tr>\n<tr>\n<td style=\"border: 1px solid lightgray;\" align=\"left\" width=\"10%\"><strong>Made in<\/strong><\/td>\n<td style=\"border: 1px solid lightgray; text-align: center;\" align=\"center\" width=\"40%\">Germany<\/td>\n<\/tr>\n<\/tbody>\n<\/table>\n","protected":false},"featured_media":28727,"template":"","meta":[],"product_brand":[],"product_cat":[226,1262,194],"product_tag":[],"class_list":{"0":"post-17497","1":"product","2":"type-product","3":"status-publish","4":"has-post-thumbnail","6":"product_cat-boutique","7":"product_cat-sale-fr","8":"product_cat-detecteur-deau","10":"first","11":"instock","12":"sale","13":"purchasable","14":"product-type-simple"},"_links":{"self":[{"href":"https:\/\/uigdetectors.com\/fr\/wp-json\/wp\/v2\/product\/17497","targetHints":{"allow":["GET"]}}],"collection":[{"href":"https:\/\/uigdetectors.com\/fr\/wp-json\/wp\/v2\/product"}],"about":[{"href":"https:\/\/uigdetectors.com\/fr\/wp-json\/wp\/v2\/types\/product"}],"version-history":[{"count":0,"href":"https:\/\/uigdetectors.com\/fr\/wp-json\/wp\/v2\/product\/17497\/revisions"}],"wp:featuredmedia":[{"embeddable":true,"href":"https:\/\/uigdetectors.com\/fr\/wp-json\/wp\/v2\/media\/28727"}],"wp:attachment":[{"href":"https:\/\/uigdetectors.com\/fr\/wp-json\/wp\/v2\/media?parent=17497"}],"wp:term":[{"taxonomy":"product_brand","embeddable":true,"href":"https:\/\/uigdetectors.com\/fr\/wp-json\/wp\/v2\/product_brand?post=17497"},{"taxonomy":"product_cat","embeddable":true,"href":"https:\/\/uigdetectors.com\/fr\/wp-json\/wp\/v2\/product_cat?post=17497"},{"taxonomy":"product_tag","embeddable":true,"href":"https:\/\/uigdetectors.com\/fr\/wp-json\/wp\/v2\/product_tag?post=17497"}],"curies":[{"name":"wp","href":"https:\/\/api.w.org\/{rel}","templated":true}]}}