{"id":17500,"date":"2023-01-20T22:33:00","date_gmt":"2023-01-20T22:33:00","guid":{"rendered":"https:\/\/shop.uigdetectors.com\/?post_type=product&#038;p=17500"},"modified":"2024-11-19T17:30:28","modified_gmt":"2024-11-19T14:30:28","slug":"river-g-3-systems-detector-fr","status":"publish","type":"product","link":"https:\/\/uigdetectors.com\/fr\/produit\/river-g-3-systems-detector-fr\/","title":{"rendered":"RIVER-G 3-SYSTEMS D\u00e9tecteur d&rsquo;eau souterraine"},"content":{"rendered":"\t\t<div data-elementor-type=\"product-post\" data-elementor-id=\"17500\" class=\"elementor elementor-17500 elementor-11498\" data-elementor-post-type=\"product\">\n\t\t\t\t<div class=\"wd-negative-gap elementor-element elementor-element-466e1d9e e-flex e-con-boxed e-con e-parent\" data-id=\"466e1d9e\" data-element_type=\"container\" data-e-type=\"container\">\n\t\t\t\t\t<div class=\"e-con-inner\">\n\t\t\t\t<div class=\"elementor-element elementor-element-4f8e4aa6 elementor-widget elementor-widget-heading\" data-id=\"4f8e4aa6\" data-element_type=\"widget\" data-e-type=\"widget\" data-widget_type=\"heading.default\">\n\t\t\t\t\t<h1 class=\"elementor-heading-title elementor-size-default\">LE \u00c9TECTEUR RIVER G 3 SYSTEMS<\/h1>\t\t\t\t<\/div>\n\t\t\t\t<div class=\"elementor-element elementor-element-3ccbc25f elementor-widget elementor-widget-heading\" data-id=\"3ccbc25f\" data-element_type=\"widget\" data-e-type=\"widget\" data-widget_type=\"heading.default\">\n\t\t\t\t\t<h2 class=\"elementor-heading-title elementor-size-default\">RIVER - G 3 SYSTEMS est un dispositif multi-syst\u00e8mes pour la d\u00e9tection des eaux souterraines, des puits art\u00e9siens et des sources souterraines. <\/h2>\t\t\t\t<\/div>\n\t\t\t\t<div class=\"elementor-element elementor-element-16ae0e0e color-scheme-inherit text-left elementor-widget elementor-widget-text-editor\" data-id=\"16ae0e0e\" data-element_type=\"widget\" data-e-type=\"widget\" data-widget_type=\"text-editor.default\">\n\t\t\t\t\t\t\t\t\t<div>\nNous nous f\u00e9licitons, nous-m\u00eames, les agriculteurs, les investisseurs en terres agricoles, les chercheurs, les explorateurs et les principales entreprises d&rsquo;exploration de l&rsquo;eau du lancement de ce dispositif enti\u00e8rement nouveau et novateur.\n<br\/><br\/>\nIl est le premier du genre dans le monde, \u00e9quip\u00e9 de trois syst\u00e8mes d&rsquo;exploration pour les eaux souterraines, les puits art\u00e9siens et les sources souterraines.\n<br\/><br\/>\nL&rsquo;appareil dispose d&rsquo;un syst\u00e8me de recherche en imagerie tridimensionnelle, d&rsquo;un syst\u00e8me de recherche g\u00e9ophysique et d&rsquo;un syst\u00e8me de recherche \u00e0 distance, offrant une identification extr\u00eamement pr\u00e9cise des types d&rsquo;eau (douce, sal\u00e9e, extr\u00eamement sal\u00e9e) jusqu&rsquo;\u00e0 des profondeurs de 1500 m\u00e8tres sous terre et une port\u00e9e frontale de 3000 m\u00e8tres carr\u00e9s.\n<br\/><br\/>\nEnfin, l&rsquo;\u00e8re de l&rsquo;\u00e9puisement et de l&rsquo;exploration al\u00e9atoire est r\u00e9volue. \nNous pr\u00e9sentons aux explorateurs et aux passionn\u00e9s de technologie, une technologie moderne et unique pour d\u00e9tecter les eaux souterraines, les puits art\u00e9siens et les sources souterraines.\n<\/div>\t\t\t\t\t\t\t\t<\/div>\n\t\t\t\t<div class=\"elementor-element elementor-element-121b9368 elementor-widget elementor-widget-heading\" data-id=\"121b9368\" data-element_type=\"widget\" data-e-type=\"widget\" data-widget_type=\"heading.default\">\n\t\t\t\t\t<h3 class=\"elementor-heading-title elementor-size-default\">Sp\u00e9cifications et syst\u00e8mes de l'appareil RIVER - G 3 SYSTEMS :<\/h3>\t\t\t\t<\/div>\n\t\t\t\t<div class=\"elementor-element elementor-element-10a166a2 elementor-widget elementor-widget-heading\" data-id=\"10a166a2\" data-element_type=\"widget\" data-e-type=\"widget\" data-widget_type=\"heading.default\">\n\t\t\t\t\t<h2 class=\"elementor-heading-title elementor-size-default\">Pour la premi\u00e8re fois dans la technologie moderne, un seul appareil fonctionne avec trois syst\u00e8mes de recherche diff\u00e9rents.<\/h2>\t\t\t\t<\/div>\n\t\t<div class=\"elementor-element elementor-element-7be6ebb1 e-con-full e-flex e-con e-child\" data-id=\"7be6ebb1\" data-element_type=\"container\" data-e-type=\"container\">\n\t\t\t\t<div class=\"elementor-element elementor-element-60c7ec60 elementor-widget__width-initial elementor-widget-mobile__width-inherit elementor-widget elementor-widget-wd_infobox\" data-id=\"60c7ec60\" data-element_type=\"widget\" data-e-type=\"widget\" data-widget_type=\"wd_infobox.default\">\n\t\t\t\t<div class=\"elementor-widget-container\">\n\t\t\t\t\t\t\t<div class=\"info-box-wrapper\">\n\t\t\t<div class=\"wd-info-box text-left box-icon-align-left box-style-base color-scheme- wd-items-middle\">\n\t\t\t\t\n\t\t\t\t<div class=\"info-box-content\">\n\t\t\t\t\t\t\t\t\t\t\t\n\t\t\t\t\t\t<div class=\"info-box-subtitle subtitle-style-default wd-fontsize-xs\" data-elementor-setting-key=\"subtitle\">\n\t\t\t\t\t\t\tSyst\u00e8me de recherche en imagerie tridimensionnelle\t\t\t\t\t\t<\/div>\n\t\t\t\t\t\n\t\t\t\t\t\t\t\t\t\t\t<h4\t\t\t\t\t\tclass=\"info-box-title title box-title-style-default wd-fontsize-m\" data-elementor-setting-key=\"title\">\n\t\t\t\t\t\t\t\tLe syst\u00e8me d'imagerie tridimensionnelle dans l'appareil River - G permet au prospecteur de voir des informations plus d\u00e9taill\u00e9es sur la pr\u00e9sence de couches d'eau souterraine sous la forme d'une image tridimensionnelle. <br \/>\nIl fournit \u00e9galement les r\u00e9sultats de l'analyse de l'eau, y compris le type d'eau (douce, sal\u00e9e, extr\u00eamement sal\u00e9e) et la profondeur de l'eau d\u00e9couverte, mesur\u00e9e en m\u00e8tres.<br \/>\n<br \/>\nLe diagramme circulaire indique la proportion de la densit\u00e9 de l'eau, de la salinit\u00e9 et de la densit\u00e9 des roches, aidant \u00e0 d\u00e9terminer l'emplacement optimal pour le forage, contenant la plus grande quantit\u00e9 d'eau.<br \/>\n\t\t\t\t\t\t<\/h4>\n\t\t\t\t\t\n\t\t\t\t\t<div class=\"info-box-inner reset-last-child\"data-elementor-setting-key=\"content\"><\/div>\n\n\t\t\t\t\t\t\t\t\t<\/div>\n\n\t\t\t\t\t\t\t\t\t<a href=\"#\" class=\"wd-info-box-link wd-fill\" aria-label=\"Infobox link\"><\/a>\n\t\t\t\t\t\t\t<\/div>\n\t\t<\/div>\n\t\t\t\t\t\t<\/div>\n\t\t\t\t<\/div>\n\t\t\t\t<div class=\"elementor-element elementor-element-f98fd1b elementor-widget__width-initial elementor-widget-mobile__width-inherit elementor-widget elementor-widget-video\" data-id=\"f98fd1b\" data-element_type=\"widget\" data-e-type=\"widget\" data-settings=\"{&quot;youtube_url&quot;:&quot;https:\\\/\\\/www.youtube.com\\\/watch?v=ZFglXMfuU7E&quot;,&quot;video_type&quot;:&quot;youtube&quot;,&quot;controls&quot;:&quot;yes&quot;}\" data-widget_type=\"video.default\">\n\t\t\t\t\t\t\t<div class=\"elementor-wrapper elementor-open-inline\">\n\t\t\t<div class=\"elementor-video\"><\/div>\t\t<\/div>\n\t\t\t\t\t\t<\/div>\n\t\t\t\t<\/div>\n\t\t<div class=\"elementor-element elementor-element-1ba7b093 e-con-full e-flex e-con e-child\" data-id=\"1ba7b093\" data-element_type=\"container\" data-e-type=\"container\">\n\t\t\t\t<div class=\"elementor-element elementor-element-574c0415 elementor-widget__width-initial elementor-widget-mobile__width-inherit elementor-widget elementor-widget-wd_infobox\" data-id=\"574c0415\" data-element_type=\"widget\" data-e-type=\"widget\" data-widget_type=\"wd_infobox.default\">\n\t\t\t\t<div class=\"elementor-widget-container\">\n\t\t\t\t\t\t\t<div class=\"info-box-wrapper\">\n\t\t\t<div class=\"wd-info-box text-left box-icon-align-left box-style-base color-scheme- wd-items-middle\">\n\t\t\t\t\n\t\t\t\t<div class=\"info-box-content\">\n\t\t\t\t\t\t\t\t\t\t\t\n\t\t\t\t\t\t<div class=\"info-box-subtitle subtitle-style-default wd-fontsize-xs\" data-elementor-setting-key=\"subtitle\">\n\t\t\t\t\t\t\tSyst\u00e8me de recherche g\u00e9ophysique\t\t\t\t\t\t<\/div>\n\t\t\t\t\t\n\t\t\t\t\t\t\t\t\t\t\t<h4\t\t\t\t\t\tclass=\"info-box-title title box-title-style-default wd-fontsize-m\" data-elementor-setting-key=\"title\">\n\t\t\t\t\t\t\t\tLe syst\u00e8me g\u00e9ophysique dans l'appareil RIVER - G est l'un des meilleurs et des plus puissants syst\u00e8mes de recherche d'eau souterraine. Il offre une pr\u00e9cision et une rapidit\u00e9 dans l\u2019affichage de r\u00e9sultats, fournissant au prospecteur toutes les donn\u00e9es n\u00e9cessaires sur l'eau souterraine, y compris la profondeur, la densit\u00e9 de l'eau, le pourcentage de salinit\u00e9 et le type d'eau (douce, sal\u00e9e, extr\u00eamement sal\u00e9e).\t\t\t\t\t\t<\/h4>\n\t\t\t\t\t\n\t\t\t\t\t<div class=\"info-box-inner reset-last-child\"data-elementor-setting-key=\"content\"><\/div>\n\n\t\t\t\t\t\t\t\t\t<\/div>\n\n\t\t\t\t\t\t\t\t\t<a href=\"#\" class=\"wd-info-box-link wd-fill\" aria-label=\"Infobox link\"><\/a>\n\t\t\t\t\t\t\t<\/div>\n\t\t<\/div>\n\t\t\t\t\t\t<\/div>\n\t\t\t\t<\/div>\n\t\t\t\t<div class=\"elementor-element elementor-element-4fcd81d8 elementor-widget__width-initial elementor-widget-mobile__width-inherit elementor-widget elementor-widget-video\" data-id=\"4fcd81d8\" data-element_type=\"widget\" data-e-type=\"widget\" data-settings=\"{&quot;youtube_url&quot;:&quot;https:\\\/\\\/www.youtube.com\\\/watch?v=Lt0ju9djyXc&quot;,&quot;video_type&quot;:&quot;youtube&quot;,&quot;controls&quot;:&quot;yes&quot;}\" data-widget_type=\"video.default\">\n\t\t\t\t\t\t\t<div class=\"elementor-wrapper elementor-open-inline\">\n\t\t\t<div class=\"elementor-video\"><\/div>\t\t<\/div>\n\t\t\t\t\t\t<\/div>\n\t\t\t\t<\/div>\n\t\t<div class=\"elementor-element elementor-element-4e8c27d6 e-con-full e-flex e-con e-child\" data-id=\"4e8c27d6\" data-element_type=\"container\" data-e-type=\"container\">\n\t\t\t\t<div class=\"elementor-element elementor-element-42b68fe9 elementor-widget__width-initial elementor-widget-mobile__width-inherit elementor-widget elementor-widget-wd_infobox\" data-id=\"42b68fe9\" data-element_type=\"widget\" data-e-type=\"widget\" data-widget_type=\"wd_infobox.default\">\n\t\t\t\t<div class=\"elementor-widget-container\">\n\t\t\t\t\t\t\t<div class=\"info-box-wrapper\">\n\t\t\t<div class=\"wd-info-box text-left box-icon-align-left box-style-base color-scheme- wd-items-middle\">\n\t\t\t\t\n\t\t\t\t<div class=\"info-box-content\">\n\t\t\t\t\t\t\t\t\t\t\t\n\t\t\t\t\t\t<div class=\"info-box-subtitle subtitle-style-default wd-fontsize-xs\" data-elementor-setting-key=\"subtitle\">\n\t\t\t\t\t\t\tSyst\u00e8me de recherche \u00e0 distance\t\t\t\t\t\t<\/div>\n\t\t\t\t\t\n\t\t\t\t\t\t\t\t\t\t\t<h4\t\t\t\t\t\tclass=\"info-box-title title box-title-style-default wd-fontsize-m\" data-elementor-setting-key=\"title\">\n\t\t\t\t\t\t\t\tLe syst\u00e8me de recherche \u00e0 distance est sp\u00e9cialis\u00e9 dans la d\u00e9tection de l'eau dans des zones vastes. Il offre une grande pr\u00e9cision dans la distinction et la localisation des emplacements d'eau dans une zone d'un m\u00e8tre carr\u00e9.\t\t\t\t\t\t<\/h4>\n\t\t\t\t\t\n\t\t\t\t\t<div class=\"info-box-inner reset-last-child\"data-elementor-setting-key=\"content\"><\/div>\n\n\t\t\t\t\t\t\t\t\t<\/div>\n\n\t\t\t\t\t\t\t\t\t<a href=\"#\" class=\"wd-info-box-link wd-fill\" aria-label=\"Infobox link\"><\/a>\n\t\t\t\t\t\t\t<\/div>\n\t\t<\/div>\n\t\t\t\t\t\t<\/div>\n\t\t\t\t<\/div>\n\t\t\t\t<div class=\"elementor-element elementor-element-73ae4927 elementor-widget__width-initial elementor-widget-mobile__width-inherit elementor-widget elementor-widget-video\" data-id=\"73ae4927\" data-element_type=\"widget\" data-e-type=\"widget\" data-settings=\"{&quot;youtube_url&quot;:&quot;https:\\\/\\\/www.youtube.com\\\/watch?v=88gCwASMHqw&quot;,&quot;video_type&quot;:&quot;youtube&quot;,&quot;controls&quot;:&quot;yes&quot;}\" data-widget_type=\"video.default\">\n\t\t\t\t\t\t\t<div class=\"elementor-wrapper elementor-open-inline\">\n\t\t\t<div class=\"elementor-video\"><\/div>\t\t<\/div>\n\t\t\t\t\t\t<\/div>\n\t\t\t\t<\/div>\n\t\t\t\t<div class=\"elementor-element elementor-element-35fd566b elementor-widget elementor-widget-heading\" data-id=\"35fd566b\" data-element_type=\"widget\" data-e-type=\"widget\" data-widget_type=\"heading.default\">\n\t\t\t\t\t<h3 class=\"elementor-heading-title elementor-size-default\">Caract\u00e9ristiques et avantages de l'appareil RIVER - G :<\/h3>\t\t\t\t<\/div>\n\t\t\t\t<div class=\"elementor-element elementor-element-3b5705e7 color-scheme-inherit text-left elementor-widget elementor-widget-text-editor\" data-id=\"3b5705e7\" data-element_type=\"widget\" data-e-type=\"widget\" data-widget_type=\"text-editor.default\">\n\t\t\t\t\t\t\t\t\t<div>\n&#8211; L&rsquo;appareil est livr\u00e9 avec une imprimante int\u00e9gr\u00e9e pour la g\u00e9n\u00e9ration instantan\u00e9e de rapports sur les r\u00e9sultats de la recherche.<br\/><br\/>\n&#8211; Il affiche un signal indiquant l&#8217;emplacement optimal pour le forage.<br\/><br\/>\n&#8211; D\u00e9tection rapide de cibles et localisation pr\u00e9cise.<br\/><br\/>\n&#8211; Pour une plus grande pr\u00e9cision dans la zone de recherche, une fonction unique a \u00e9t\u00e9 ajout\u00e9e : la possibilit\u00e9 de choisir le continent, le pays et le type de sol (sableux, argileux, mixte, rocheux).\n<br\/><br\/>\nL&rsquo;appareil RIVER &#8211; G a \u00e9t\u00e9 d\u00e9velopp\u00e9 pour fonctionner dans divers terrains et dans des conditions climatiques difficiles plus facilement. \nIl fonctionne en six langues : allemand \u2013 anglais \u2013 fran\u00e7ais \u2013 espagnol &#8211; italien &#8211; arabe.\n<br\/><br\/>\nLa profondeur de recherche de l&rsquo;appareil RIVER &#8211; G atteint jusqu&rsquo;\u00e0 1500 m\u00e8tres sous terre, avec une port\u00e9e frontale de 3000 m\u00e8tres, d\u00e9terminant automatiquement la profondeur de l&rsquo;eau souterraine.<br\/><br\/>\nL&rsquo;appareil RIVER &#8211; G, fabriqu\u00e9 par l&rsquo;une des meilleures industries allemandes, d\u00e9tient le certificat CE europ\u00e9en selon les normes internationales, ainsi que le certificat ISO 9001 international selon les sp\u00e9cifications et les normes mondiales.\n<br\/><br\/>\nLa conception de l&rsquo;appareil RIVER &#8211; G lui permet de s&rsquo;adapter \u00e0 un fonctionnement dans tous les pays et climats. \nLa vraie exploration ne n\u00e9cessite pas de s&rsquo;aventurer dans de nouveaux territoires, mais plut\u00f4t de voir avec de nouveaux yeux.\n<br\/><br\/>\nNous vous souhaitons du succ\u00e8s dans vos voyages\u00a0d&rsquo;exploration.\n<\/div>\t\t\t\t\t\t\t\t<\/div>\n\t\t\t\t<div class=\"elementor-element elementor-element-13b1e0d9 elementor-widget elementor-widget-video\" data-id=\"13b1e0d9\" data-element_type=\"widget\" data-e-type=\"widget\" data-settings=\"{&quot;youtube_url&quot;:&quot;https:\\\/\\\/www.youtube.com\\\/watch?v=C1L2_fA19ps&quot;,&quot;video_type&quot;:&quot;youtube&quot;,&quot;controls&quot;:&quot;yes&quot;}\" data-widget_type=\"video.default\">\n\t\t\t\t\t\t\t<div class=\"elementor-wrapper elementor-open-inline\">\n\t\t\t<div class=\"elementor-video\"><\/div>\t\t<\/div>\n\t\t\t\t\t\t<\/div>\n\t\t\t\t<div class=\"elementor-element elementor-element-5dc9d80c elementor-widget elementor-widget-wd_accordion\" data-id=\"5dc9d80c\" data-element_type=\"widget\" data-e-type=\"widget\" data-widget_type=\"wd_accordion.default\">\n\t\t\t\t<div class=\"elementor-widget-container\">\n\t\t\t\t\t\n\t\t<div class=\"wd-accordion wd-style-shadow wd-titles-left wd-opener-pos-right wd-opener-style-arrow\" data-state=\"all_closed\">\n\t\t\t\t\t\t\t\n\t\t\t\t<div class=\"wd-accordion-item\">\n\t\t\t\t\t<div class=\"wd-accordion-title wd-role-btn\" data-accordion-index=\"0\" tabindex=\"0\">\n\t\t\t\t\t\t<div class=\"wd-accordion-title-text\">\n\t\t\t\t\t\t\t\t\t\t\t\t\t\t\t<span class=\"img-wrapper\">\n\t\t\t\t\t\t\t\t\t<svg class=\"e-font-icon-svg e-fas-table\" viewBox=\"0 0 512 512\" xmlns=\"http:\/\/www.w3.org\/2000\/svg\"><path d=\"M464 32H48C21.49 32 0 53.49 0 80v352c0 26.51 21.49 48 48 48h416c26.51 0 48-21.49 48-48V80c0-26.51-21.49-48-48-48zM224 416H64v-96h160v96zm0-160H64v-96h160v96zm224 160H288v-96h160v96zm0-160H288v-96h160v96z\"><\/path><\/svg>\t\t\t\t\t\t\t\t<\/span>\n\t\t\t\t\t\t\t\t\t\t\t\t\t\t<span>\n\t\t\t\t\t\t\t\tSp\u00e9cifications Techniques\t\t\t\t\t\t\t<\/span>\n\t\t\t\t\t\t<\/div>\n\t\t\t\t\t\t<span class=\"wd-accordion-opener\"><\/span>\n\t\t\t\t\t<\/div>\n\n\t\t\t\t\t<div class=\"wd-accordion-content wd-entry-content\" data-accordion-index=\"0\">\n\t\t\t\t\t\t\t\t\t\t\t\t\t\n\t\t\t\t\t\t\t<table class=\"table table-striped table-bordered\">\n<thead class=\"thead-dark\">\n<tr>\n<th scope=\"col\">Nom de la sp\u00e9cification technique<\/th>\n<th scope=\"col\">Valeur de sp\u00e9cification technique<\/th>\n<\/tr>\n<\/thead>\n<tbody id=\"technicalContainer\">\n<tr>\n<td>Sortie audio (SYST\u00c8ME G\u00c9OPHYSIQUE)<\/td>\n<td>sonnerie pi\u00e9zo\u00e9lectrique \u00d8: 12mm - H: niveau de pression acoustique de 9,8mm 85db \u00e0 une fr\u00e9quence de 12v \/ 10cm 4.5 \u00b1 0.5 KHz<\/td>\n<\/tr>\n<tr>\n<td>Un \u00e9cran \u00e0 cristaux liquides(LCD) (SYST\u00c8ME G\u00c9OPHYSIQUE)<\/td>\n<td>Ecran tactile couleur 800 x 600 px (165 mm) - 165 mm x 124 mm<\/td>\n<\/tr>\n<tr>\n<td>Fr\u00e9quence (SYST\u00c8ME G\u00c9OPHYSIQUE)<\/td>\n<td>2,91 KHz<\/td>\n<\/tr>\n<tr>\n<td>Vitesse du traitement des donn\u00e9es (SYST\u00c8ME G\u00c9OPHYSIQUE)<\/td>\n<td>11 MHz<\/td>\n<\/tr>\n<tr>\n<td>La temp\u00e9rature r\u00e9sistente du dispositif (SYST\u00c8ME G\u00c9OPHYSIQUE)<\/td>\n<td>0 C\u00b0 AU 60 C\u00b0<\/td>\n<\/tr>\n<tr>\n<td>Taux de r\u00e9sistence \u00e0 l'humidit\u00e9 (SYST\u00c8ME G\u00c9OPHYSIQUE)<\/td>\n<td>jusqu'\u00e0 95% sans condensation<\/td>\n<\/tr>\n<tr>\n<td>Taux de temp\u00e9rature stocker du dispositif (SYST\u00c8ME G\u00c9OPHYSIQUE)<\/td>\n<td>- 20 C\u00b0 AU 70C\u00b0<\/td>\n<\/tr>\n<tr>\n<td>Taux de r\u00e9sistence \u00e0 l'humidit\u00e9 (SYST\u00c8ME G\u00c9OPHYSIQUE)<\/td>\n<td>Jusqu'\u00e0 98% d'humidit\u00e9 relative<\/td>\n<\/tr>\n<tr>\n<td>Dur\u00e9e du fonctionnement (batterie 54Wh) (SYST\u00c8ME G\u00c9OPHYSIQUE)<\/td>\n<td>(8 - 12) Heures<\/td>\n<\/tr>\n<tr>\n<td>Waterproof Notation - Detecteur (SYST\u00c8ME G\u00c9OPHYSIQUE)<\/td>\n<td>non waterproof<\/td>\n<\/tr>\n<tr>\n<td>Longueur des c\u00e2bles (SYST\u00c8ME G\u00c9OPHYSIQUE)<\/td>\n<td>20 m<\/td>\n<\/tr>\n<tr>\n<td>Longueur de sonde g\u00e9ophysique (SYST\u00c8ME G\u00c9OPHYSIQUE)<\/td>\n<td>810 mm<\/td>\n<\/tr>\n<tr>\n<td>Longueur de sonde longue port\u00e9e (SYST\u00c8ME G\u00c9OPHYSIQUE)<\/td>\n<td>340 mm<\/td>\n<\/tr>\n<tr>\n<td>Bluetooth (SYST\u00c8ME G\u00c9OPHYSIQUE)<\/td>\n<td>Radio Emetteur-r\u00e9cepteur HC-06 2,4 GHz<\/td>\n<\/tr>\n<tr>\n<td>Poids total (SYST\u00c8ME G\u00c9OPHYSIQUE)<\/td>\n<td>Sac de syst\u00e8mes: 7500 g - Sac des accessoires : 9200 g<\/td>\n<\/tr>\n<tr>\n<td>Poids du sac (Vide) (SYST\u00c8ME G\u00c9OPHYSIQUE)<\/td>\n<td>Sac de syst\u00e8mes: 3.5 kg - Sac des accessoires: 3.5 kg<\/td>\n<\/tr>\n<tr>\n<td>Dimensions du sac (SYST\u00c8ME G\u00c9OPHYSIQUE)<\/td>\n<td>Sac de syst\u00e8mes(dimensions): 53cm x 40cm x 22.8 cm - Sac des accessoires(dimensions): 53cm x 40cm x 22.8 cm<\/td>\n<\/tr>\n<tr>\n<td>Type de la batterie (SYST\u00c8ME G\u00c9OPHYSIQUE)<\/td>\n<td>Li-ion Batterie Rechargeable - Batterie Externe<\/td>\n<\/tr>\n<tr>\n<td>Tension de sortie de la batterie (SYST\u00c8ME G\u00c9OPHYSIQUE)<\/td>\n<td>Li-ion 10.8 VDC<\/td>\n<\/tr>\n<tr>\n<td>Capacit\u00e9 de la batterie (SYST\u00c8ME G\u00c9OPHYSIQUE)<\/td>\n<td>Li-ion 54 Wh<\/td>\n<\/tr>\n<tr>\n<td>Temps d'ex\u00e9cution de la batterie (SYST\u00c8ME G\u00c9OPHYSIQUE)<\/td>\n<td>(8 - 12) Heures<\/td>\n<\/tr>\n<tr>\n<td>Temp\u00e9rature du fonctionnement de la batterie (SYST\u00c8ME G\u00c9OPHYSIQUE)<\/td>\n<td>0 C\u00b0 au 60 C\u00b0<\/td>\n<\/tr>\n<tr>\n<td>Temp\u00e9rature de stockage de la batterie (SYST\u00c8ME G\u00c9OPHYSIQUE)<\/td>\n<td>- 2C\u00b0 au 70C\u00b0<\/td>\n<\/tr>\n<tr>\n<td>Poids de la batterie (SYST\u00c8ME G\u00c9OPHYSIQUE)<\/td>\n<td>500 g<\/td>\n<\/tr>\n<tr>\n<td>Temp\u00e9rature d'exploitation du chargeur de la Batterie<\/td>\n<td>0 C\u00b0 au 50 C\u00b0<\/td>\n<\/tr>\n<tr>\n<td>Temp\u00e9rature de stockage du chargeur de la Batterie<\/td>\n<td>- 30C\u00b0 au 80C\u00b0<\/td>\n<\/tr>\n<tr>\n<td>Tension d'entr\u00e9e du chargeur de la Batterie<\/td>\n<td>90 \u2192 250 VAC 50\u219260 Hz<\/td>\n<\/tr>\n<tr>\n<td>Sortie du chargeur de la Batterie<\/td>\n<td>12.6 VDC \/ 1000 mA<\/td>\n<\/tr>\n<tr>\n<td>Poids total<\/td>\n<td>Sac du syst\u00e8mes : 7500 g - Sac des accessoires: 9200 g<\/td>\n<\/tr>\n<tr>\n<td>Poids de la batterie<\/td>\n<td>500 g<\/td>\n<\/tr>\n<tr>\n<td>Poids du sac (vide)<\/td>\n<td>Sac du syst\u00e8mes (vide): 3.5 kg - Sac des accesoires (vide): 3.5 kg<\/td>\n<\/tr>\n<tr>\n<td>Sac dimensions<\/td>\n<td>Sac du syst\u00e8mes(dimensions): 53cm x 40cm x 22.8 cm - Sac des accesoires(dimensions): 53cm x 40cm x 22.8 cm<\/td>\n<\/tr>\n<tr>\n<td>Sortie audio (SYST\u00c8ME LONGUE PORT\u00c9E)<\/td>\n<td>sonnerie pi\u00e9zo\u00e9lectrique \u00d8: 12mm - H: niveau de pression acoustique de 9,8mm 85db \u00e0 une fr\u00e9quence de 12v \/ 10cm 4.5 \u00b1 0.5 KHz<\/td>\n<\/tr>\n<tr>\n<td>Un \u00e9cran \u00e0 cristaux liquides(LCD) (SYST\u00c8ME LONGUE PORT\u00c9E)<\/td>\n<td>Couleur 98mm x 57mm \/ 480x270 px<\/td>\n<\/tr>\n<tr>\n<td>Longueur (SYST\u00c8ME LONGUE PORT\u00c9E)<\/td>\n<td>Dispositif 170 mm - Appareil avec capteur longue port\u00e9e 310mm<\/td>\n<\/tr>\n<tr>\n<td>Fr\u00e9quence (SYST\u00c8ME LONGUE PORT\u00c9E)<\/td>\n<td>Max 500 KHz<\/td>\n<\/tr>\n<tr>\n<td>Vitesse de traitement des donn\u00e9es (SYST\u00c8ME LONGUE PORT\u00c9E)<\/td>\n<td>8 MHz<\/td>\n<\/tr>\n<tr>\n<td>La temp\u00e9rature r\u00e9sistente du dispositif (SYST\u00c8ME LONGUE PORT\u00c9E)<\/td>\n<td>0 C\u00b0 au 70 C\u00b0<\/td>\n<\/tr>\n<tr>\n<td>Taux de r\u00e9sistence \u00e0 l'humidit\u00e9 (SYST\u00c8ME LONGUE PORT\u00c9E)<\/td>\n<td>Jusqu'\u00e0 95 % sans condensation<\/td>\n<\/tr>\n<tr>\n<td>Taux de temp\u00e9rature stocker du dispositif (SYST\u00c8ME LONGUE PORT\u00c9E)<\/td>\n<td>- 20 \u00b0 C au 70 \u00b0 C<\/td>\n<\/tr>\n<tr>\n<td>Gamme d'humidit\u00e9 de stockage (SYST\u00c8ME LONGUE PORT\u00c9E)<\/td>\n<td>Jusqu'\u00e0 98% d'humidit\u00e9 relative<\/td>\n<\/tr>\n<tr>\n<td>Dur\u00e9e du fonctionnement(27 Wh Batterie) (SYST\u00c8ME LONGUE PORT\u00c9E)<\/td>\n<td>10 Heures<\/td>\n<\/tr>\n<tr>\n<td>Waterproof Notation-Detecteur (SYST\u00c8ME LONGUE PORT\u00c9E)<\/td>\n<td>non waterproof<\/td>\n<\/tr>\n<tr>\n<td>Module boussole (SYST\u00c8ME LONGUE PORT\u00c9E)<\/td>\n<td>GY-282<\/td>\n<\/tr>\n<tr>\n<td>Poids de l'appareil (SYST\u00c8ME LONGUE PORT\u00c9E)<\/td>\n<td>500 g<\/td>\n<\/tr>\n<tr>\n<td>Type de la batterie (SYST\u00c8ME LONGUE PORT\u00c9E)<\/td>\n<td>Li-ion Batterie Rechargeable -Batterie Externe<\/td>\n<\/tr>\n<tr>\n<td>Tension de sortie de la batterie (SYST\u00c8ME LONGUE PORT\u00c9E)<\/td>\n<td>Li-ion 10.8 VDC<\/td>\n<\/tr>\n<tr>\n<td>Capacit\u00e9 de la batterie (SYST\u00c8ME LONGUE PORT\u00c9E)<\/td>\n<td>Li-ion 27 Wh<\/td>\n<\/tr>\n<tr>\n<td>Temps d'ex\u00e9cution de la batterie (SYST\u00c8ME LONGUE PORT\u00c9E)<\/td>\n<td>10 Heures<\/td>\n<\/tr>\n<tr>\n<td>Temp\u00e9rature du fonctionnement de la batterie (SYST\u00c8ME LONGUE PORT\u00c9E)<\/td>\n<td>0 C\u00b0 au 60 C\u00b0<\/td>\n<\/tr>\n<tr>\n<td>Temp\u00e9rature de stockage de la batterie (SYST\u00c8ME LONGUE PORT\u00c9E)<\/td>\n<td>- 2C\u00b0 au 70C\u00b0<\/td>\n<\/tr>\n<tr>\n<td>Poids de la batterie (SYST\u00c8ME LONGUE PORT\u00c9E)<\/td>\n<td>350 g<\/td>\n<\/tr>\n<\/tbody>\n<\/table>\n\t\t\t\t\t\t\t\t\t\t\t\t\t\t\t\t\t\t<\/div>\n\t\t\t\t<\/div>\n\t\t\t\t\t<\/div>\n\t\t\t\t\t\t<\/div>\n\t\t\t\t<\/div>\n\t\t\t\t\t<\/div>\n\t\t\t\t<\/div>\n\t\t\t\t<\/div>\n\t\t","protected":false},"excerpt":{"rendered":"<h5 style=\"color: #333333;\">RIVER &#8211; G 3 SYSTEMS, une station de recherche compl\u00e8te dot\u00e9e de trois syst\u00e8mes de recherche professionnels et innovants dans un seul appareil sp\u00e9cialis\u00e9, con\u00e7u pour d\u00e9tecter les eaux souterraines, les puits art\u00e9siens, et les sources souterraines.<\/h5>\n<table style=\"font-size: 14px;\" border=\"1&quot;\" width=\"55%\" cellspacing=\"0\" cellpadding=\"5\">\n<tbody>\n<tr>\n<td style=\"border: 1px solid lightgray;\" align=\"left\" width=\"15%\"><strong>Search system<\/strong><\/td>\n<td style=\"border: 1px solid lightgray; text-align: center;\" align=\"center\" width=\"40%\">3 Search System<\/td>\n<\/tr>\n<tr>\n<td style=\"border: 1px solid lightgray;\" align=\"left\" width=\"15%\"><strong>Search depth<\/strong><\/td>\n<td style=\"border: 1px solid lightgray; text-align: center;\" align=\"center\" width=\"40%\">1500 meter<\/td>\n<\/tr>\n<tr>\n<td style=\"border: 1px solid lightgray;\" align=\"left\" width=\"15%\"><strong>Front-range<\/strong><\/td>\n<td style=\"border: 1px solid lightgray; text-align: center;\" align=\"center\" width=\"40%\">3000 meter<\/td>\n<\/tr>\n<tr>\n<td style=\"border: 1px solid lightgray;\" align=\"left\" width=\"15%\"><strong>Device weight<\/strong><\/td>\n<td style=\"border: 1px solid lightgray; text-align: center;\" align=\"center\" width=\"40%\">16.7 kilogram<\/td>\n<\/tr>\n<tr>\n<td style=\"border: 1px solid lightgray;\" align=\"left\" width=\"15%\"><strong>Package dimensions<\/strong><\/td>\n<td style=\"border: 1px solid lightgray; text-align: center;\" align=\"center\" width=\"40%\">(228mm x 400mm x 530mm) 2 Box<\/td>\n<\/tr>\n<tr>\n<td style=\"border: 1px solid lightgray;\" align=\"left\" width=\"15%\"><strong>Warranty<\/strong><\/td>\n<td style=\"border: 1px solid lightgray; text-align: center;\" align=\"center\" width=\"40%\">Two (2) Year<\/td>\n<\/tr>\n<tr>\n<td style=\"border: 1px solid lightgray;\" align=\"left\" width=\"15%\"><strong>Made in<\/strong><\/td>\n<td style=\"border: 1px solid lightgray; text-align: center;\" align=\"center\" width=\"40%\">Germany<\/td>\n<\/tr>\n<\/tbody>\n<\/table>\n","protected":false},"featured_media":28700,"template":"","meta":[],"product_brand":[],"product_cat":[226,1262,194],"product_tag":[],"class_list":{"0":"post-17500","1":"product","2":"type-product","3":"status-publish","4":"has-post-thumbnail","6":"product_cat-boutique","7":"product_cat-sale-fr","8":"product_cat-detecteur-deau","10":"first","11":"instock","12":"sale","13":"purchasable","14":"product-type-simple"},"_links":{"self":[{"href":"https:\/\/uigdetectors.com\/fr\/wp-json\/wp\/v2\/product\/17500","targetHints":{"allow":["GET"]}}],"collection":[{"href":"https:\/\/uigdetectors.com\/fr\/wp-json\/wp\/v2\/product"}],"about":[{"href":"https:\/\/uigdetectors.com\/fr\/wp-json\/wp\/v2\/types\/product"}],"version-history":[{"count":0,"href":"https:\/\/uigdetectors.com\/fr\/wp-json\/wp\/v2\/product\/17500\/revisions"}],"wp:featuredmedia":[{"embeddable":true,"href":"https:\/\/uigdetectors.com\/fr\/wp-json\/wp\/v2\/media\/28700"}],"wp:attachment":[{"href":"https:\/\/uigdetectors.com\/fr\/wp-json\/wp\/v2\/media?parent=17500"}],"wp:term":[{"taxonomy":"product_brand","embeddable":true,"href":"https:\/\/uigdetectors.com\/fr\/wp-json\/wp\/v2\/product_brand?post=17500"},{"taxonomy":"product_cat","embeddable":true,"href":"https:\/\/uigdetectors.com\/fr\/wp-json\/wp\/v2\/product_cat?post=17500"},{"taxonomy":"product_tag","embeddable":true,"href":"https:\/\/uigdetectors.com\/fr\/wp-json\/wp\/v2\/product_tag?post=17500"}],"curies":[{"name":"wp","href":"https:\/\/api.w.org\/{rel}","templated":true}]}}