{"id":37275,"date":"2025-04-17T18:26:02","date_gmt":"2025-04-17T15:26:02","guid":{"rendered":"https:\/\/uigdetectors.com\/?post_type=product&#038;p=37275"},"modified":"2025-10-28T13:37:19","modified_gmt":"2025-10-28T10:37:19","slug":"detecteur-de-metaux-treasure-way","status":"publish","type":"product","link":"https:\/\/uigdetectors.com\/fr\/produit\/detecteur-de-metaux-treasure-way\/","title":{"rendered":"D\u00c9TECTEUR DE M\u00c9TAUX TREASURE WAY"},"content":{"rendered":"\t\t<div data-elementor-type=\"product-post\" data-elementor-id=\"37275\" class=\"elementor elementor-37275 elementor-37076\" data-elementor-post-type=\"product\">\n\t\t\t\t<div class=\"wd-negative-gap elementor-element elementor-element-28aa795 e-flex e-con-boxed e-con e-parent\" data-id=\"28aa795\" data-element_type=\"container\" data-e-type=\"container\">\n\t\t\t\t\t<div class=\"e-con-inner\">\n\t\t\t\t<div class=\"elementor-element elementor-element-415dd20 elementor-widget elementor-widget-video\" data-id=\"415dd20\" data-element_type=\"widget\" data-e-type=\"widget\" data-settings=\"{&quot;youtube_url&quot;:&quot;https:\\\/\\\/youtu.be\\\/D7g9qgJOWyg&quot;,&quot;video_type&quot;:&quot;youtube&quot;,&quot;controls&quot;:&quot;yes&quot;}\" data-widget_type=\"video.default\">\n\t\t\t\t\t\t\t<div class=\"elementor-wrapper elementor-open-inline\">\n\t\t\t<div class=\"elementor-video\"><\/div>\t\t<\/div>\n\t\t\t\t\t\t<\/div>\n\t\t\t\t<div class=\"elementor-element elementor-element-6d73029 color-scheme-inherit text-left elementor-widget elementor-widget-text-editor\" data-id=\"6d73029\" data-element_type=\"widget\" data-e-type=\"widget\" data-widget_type=\"text-editor.default\">\n\t\t\t\t\t\t\t\t\t<p><strong>L\u2019appareil TREASURE WAY est \u00e9quip\u00e9 d\u2019un syst\u00e8me de d\u00e9tection par induction puls\u00e9e avanc\u00e9e, sp\u00e9cialement con\u00e7u pour d\u00e9tecter les petites cibles et les impuret\u00e9s du sol, on se concentrant plut\u00f4t sur les objets volumineux et profond\u00e9ment enfouis tels que les tr\u00e9sors anciens,les reliques et les artefacts pr\u00e9cieux. <\/strong><\/p>\n<p><span style=\"background-color: transparent;\">Ce syst\u00e8me comprend \u00e9galement des capacit\u00e9s de d\u00e9tection de m\u00e9taux pr\u00e9cieux et non pr\u00e9cieux.<\/span>.<\/p>\n<p><strong>De plus, il est dot\u00e9 d\u2019une technologie d\u2019\u00e9quilibrage du sol pour \u00e9liminer les effets de l\u2019interf\u00e9rence min\u00e9ral, am\u00e9liorant ainsi la pr\u00e9cision de d\u00e9tection de l\u2019appareil.<\/strong><\/p>\n<p><strong>Le TREASURE WAY fonctionne avec trois syst\u00e8mes de recherche diff\u00e9rents int\u00e8gres en un seul dispositif :<\/strong><\/p>\n<div>1- Syst\u00e8me de d\u00e9tection de m\u00e9taux utilisant la technologie d&rsquo;induction puls\u00e9e.<br><br><\/div>\n<div><strong>2- Syst\u00e8me de d\u00e9tection des vides, cavernes et tombes arch\u00e9ologiques, \u00e9galement bas\u00e9 sur l\u2019induction puls\u00e9e. <\/strong><br><strong><br><\/strong><\/div>\n<div><strong>3- Syst\u00e8me de mesure de profondeur, fournissant des relev\u00e9s en centim\u00e8tres. <\/strong><br><strong><br><\/strong><\/div>\n<p><strong>L\u2019appareil TREASURE WAY est capable de d\u00e9tecter des cibles anciennes profond\u00e9ment enfouies a des profondeurs allant jusqu\u2019\u00e0 4 m\u00e8tres ou plus sous terre.<\/strong><\/p><p><strong><br><\/strong><\/p>\n<p><img decoding=\"async\" src=\"https:\/\/uigdetectors.com\/wp-content\/uploads\/2025\/04\/Treasure-Way-Metal-Detector6.webp\" alt=\"\" width=\"614\" height=\"284\"><\/p>\n<p><strong>TREASURE WAY est fi\u00e8rement con\u00e7u et fabriquer en Allemagne, certifi\u00e9 avec le marquage CEeurop\u00e9en en conformit\u00e9 avec les normes internationales, et d\u00e9tient la certification de qualit\u00e9 internationale ISO 9001.<\/strong><\/p>\n<p><strong>Con\u00e7u pour une performance optimale dans tours les r\u00e9gions et tous les terrains,&nbsp;l\u2019appareil TREASURE WAY est un compagnon polyvalent et fiable pour les chasseurs de tr\u00e9sors du monde Antier.<\/strong><\/p>\n<p><img decoding=\"async\" src=\"https:\/\/uigdetectors.com\/wp-content\/uploads\/2025\/04\/Treasure-way-metal-detector-2.webp\" alt=\"\" width=\"1600\" height=\"1067\"><\/p>\n<p>\u2018\u2019 le v\u00e9ritable voyage de d\u00e9couverte ne consiste pas \u00e0 chercher de nouvelles &nbsp; &nbsp;<\/p>\n<p>Terres, mais \u00e0 voir avec de nouveaux yeux \u2018\u2019<\/p>\n<p>&nbsp; &nbsp; &nbsp; &nbsp; &nbsp; \u2018\u2019Je vous souhaite beaucoup de succ\u00e8s dans vos aventures d\u2019exploration \u2018\u2019.<\/p>\t\t\t\t\t\t\t\t<\/div>\n\t\t<div class=\"elementor-element elementor-element-ef31373 e-con-full e-flex e-con e-child\" data-id=\"ef31373\" data-element_type=\"container\" data-e-type=\"container\">\n\t\t\t\t<div class=\"elementor-element elementor-element-49b8955 elementor-widget elementor-widget-heading\" data-id=\"49b8955\" data-element_type=\"widget\" data-e-type=\"widget\" data-widget_type=\"heading.default\">\n\t\t\t\t\t<h4 class=\"elementor-heading-title elementor-size-default\">Cet appareil prend en charge six langues:<\/h4>\t\t\t\t<\/div>\n\t\t<div class=\"elementor-element elementor-element-bbdf2a3 e-con-full e-flex e-con e-child\" data-id=\"bbdf2a3\" data-element_type=\"container\" data-e-type=\"container\">\n\t\t\t\t<div class=\"elementor-element elementor-element-161f53c elementor-widget-mobile__width-initial elementor-position-top elementor-widget elementor-widget-image-box\" data-id=\"161f53c\" data-element_type=\"widget\" data-e-type=\"widget\" data-widget_type=\"image-box.default\">\n\t\t\t\t\t<div class=\"elementor-image-box-wrapper\"><figure class=\"elementor-image-box-img\"><img decoding=\"async\" src=\"https:\/\/uigdetectors.com\/wp-content\/uploads\/elementor\/thumbs\/Flag-of-Saudi-Arabia-r4rr5x03fn334lsm9wnt3h0un8zf4rw3hoyrjlllro.webp\" title=\"Flag of Saudi Arabia\" alt=\"Flag of Saudi Arabia\" loading=\"lazy\" \/><\/figure><div class=\"elementor-image-box-content\"><h3 class=\"elementor-image-box-title\">arabe<\/h3><\/div><\/div>\t\t\t\t<\/div>\n\t\t\t\t<div class=\"elementor-element elementor-element-bf418e2 elementor-widget-mobile__width-initial elementor-position-top elementor-widget elementor-widget-image-box\" data-id=\"bf418e2\" data-element_type=\"widget\" data-e-type=\"widget\" data-widget_type=\"image-box.default\">\n\t\t\t\t\t<div class=\"elementor-image-box-wrapper\"><figure class=\"elementor-image-box-img\"><img decoding=\"async\" src=\"https:\/\/uigdetectors.com\/wp-content\/uploads\/elementor\/thumbs\/Flag-of-the-United-States-1-r4rr5xxxmh4dg7r94f2fnysb8muscgztttm90vk7lg.webp\" title=\"Flag of the United States 1\" alt=\"Flag of the United States 1\" loading=\"lazy\" \/><\/figure><div class=\"elementor-image-box-content\"><h3 class=\"elementor-image-box-title\">anglais<\/h3><\/div><\/div>\t\t\t\t<\/div>\n\t\t\t\t<div class=\"elementor-element elementor-element-10bd577 elementor-widget-mobile__width-initial elementor-position-top elementor-widget elementor-widget-image-box\" data-id=\"10bd577\" data-element_type=\"widget\" data-e-type=\"widget\" data-widget_type=\"image-box.default\">\n\t\t\t\t\t<div class=\"elementor-image-box-wrapper\"><figure class=\"elementor-image-box-img\"><img decoding=\"async\" src=\"https:\/\/uigdetectors.com\/wp-content\/uploads\/elementor\/thumbs\/Flag-of-Germany-r4rr5yvrtb5nrtpvyxh28gjru0q5k63k5y9qi5itf8.webp\" title=\"Flag of Germany\" alt=\"Flag of Germany\" loading=\"lazy\" \/><\/figure><div class=\"elementor-image-box-content\"><h3 class=\"elementor-image-box-title\">allemand<\/h3><\/div><\/div>\t\t\t\t<\/div>\n\t\t\t\t<div class=\"elementor-element elementor-element-8d3e704 elementor-widget-mobile__width-initial elementor-position-top elementor-widget elementor-widget-image-box\" data-id=\"8d3e704\" data-element_type=\"widget\" data-e-type=\"widget\" data-widget_type=\"image-box.default\">\n\t\t\t\t\t<div class=\"elementor-image-box-wrapper\"><figure class=\"elementor-image-box-img\"><img decoding=\"async\" src=\"https:\/\/uigdetectors.com\/wp-content\/uploads\/elementor\/thumbs\/Flag-of-Spain-r4rr5ztm056y3foitfvosyb8felirv7ai2x7zfhf90.webp\" title=\"Flag of Spain\" alt=\"Flag of Spain\" loading=\"lazy\" \/><\/figure><div class=\"elementor-image-box-content\"><h3 class=\"elementor-image-box-title\">espagnol<\/h3><\/div><\/div>\t\t\t\t<\/div>\n\t\t\t\t<div class=\"elementor-element elementor-element-9f65720 elementor-widget-mobile__width-initial elementor-position-top elementor-widget elementor-widget-image-box\" data-id=\"9f65720\" data-element_type=\"widget\" data-e-type=\"widget\" data-widget_type=\"image-box.default\">\n\t\t\t\t\t<div class=\"elementor-image-box-wrapper\"><figure class=\"elementor-image-box-img\"><img decoding=\"async\" src=\"https:\/\/uigdetectors.com\/wp-content\/uploads\/elementor\/thumbs\/Flag-of-France-r4rr60rg6z88f1n5nyabdg2p0sgvzkb0u7kpgpg12s.webp\" title=\"Flag of France\" alt=\"Flag of France\" loading=\"lazy\" \/><\/figure><div class=\"elementor-image-box-content\"><h3 class=\"elementor-image-box-title\">fran\u00e7ais<\/h3><\/div><\/div>\t\t\t\t<\/div>\n\t\t\t\t<div class=\"elementor-element elementor-element-498512b elementor-widget-mobile__width-initial elementor-position-top elementor-widget elementor-widget-image-box\" data-id=\"498512b\" data-element_type=\"widget\" data-e-type=\"widget\" data-widget_type=\"image-box.default\">\n\t\t\t\t\t<div class=\"elementor-image-box-wrapper\"><figure class=\"elementor-image-box-img\"><img decoding=\"async\" src=\"https:\/\/uigdetectors.com\/wp-content\/uploads\/elementor\/thumbs\/flag-of-iran-r4rr61padt9iqnlsigoxxxu5m6c979er6c86xzemwk.webp\" title=\"flag of iran\" alt=\"flag of iran\" loading=\"lazy\" \/><\/figure><div class=\"elementor-image-box-content\"><h3 class=\"elementor-image-box-title\">persan<\/h3><\/div><\/div>\t\t\t\t<\/div>\n\t\t\t\t<\/div>\n\t\t\t\t<\/div>\n\t\t\t\t<div class=\"elementor-element elementor-element-73ab1f0 wd-width-100 elementor-widget elementor-widget-wd_images_gallery\" data-id=\"73ab1f0\" data-element_type=\"widget\" data-e-type=\"widget\" data-widget_type=\"wd_images_gallery.default\">\n\t\t\t\t<div class=\"elementor-widget-container\">\n\t\t\t\t\t\t\t<div class=\"wd-images-gallery photoswipe-images wd-carousel-container\" style=\"--wd-align-items:center; --wd-justify-content:center;\">\n\t\t\t\t\t\t\t<div class=\"wd-carousel-inner\">\n\t\t\t\t\t\t<div class=\"wd-carousel wd-grid\" data-speed=\"3000\" data-wrap=\"yes\" data-autoplay=\"yes\" data-autoheight=\"yes\" data-scroll_per_page=\"yes\" style=\"--wd-col-lg:3;--wd-col-md:3;--wd-col-sm:1;--wd-gap-lg:20px;--wd-gap-sm:10px;\">\n\t\t\t\t\t\t\t\t\t<div class=\"wd-carousel-wrap\">\n\t\t\t\t\t\t\t\t\t\t\t\t\t\t\t\t\t\t<div class=\"wd-gallery-item wd-carousel-item\">\n\t\t\t\t\t\t\t\t\t\t\t\t\t<a  href=\"https:\/\/uigdetectors.com\/wp-content\/uploads\/2025\/10\/Treasure-Way-1-min.jpg\" data-width=\"2000\" data-height=\"2000\" data-index=\"1\" data-elementor-open-lightbox=\"no\">\n\t\t\t\t\t\t\n\t\t\t\t\t\t<img decoding=\"async\" width=\"800\" height=\"800\" src=\"https:\/\/uigdetectors.com\/wp-content\/uploads\/2025\/10\/Treasure-Way-1-min-800x800.jpg\" class=\"attachment-large size-large\" alt=\"Treasure Way 1 min\" srcset=\"https:\/\/uigdetectors.com\/wp-content\/uploads\/2025\/10\/Treasure-Way-1-min-800x800.jpg 800w, https:\/\/uigdetectors.com\/wp-content\/uploads\/2025\/10\/Treasure-Way-1-min-300x300.jpg 300w, https:\/\/uigdetectors.com\/wp-content\/uploads\/2025\/10\/Treasure-Way-1-min-150x150.jpg 150w, https:\/\/uigdetectors.com\/wp-content\/uploads\/2025\/10\/Treasure-Way-1-min-768x768.jpg 768w, https:\/\/uigdetectors.com\/wp-content\/uploads\/2025\/10\/Treasure-Way-1-min-1536x1536.jpg 1536w, https:\/\/uigdetectors.com\/wp-content\/uploads\/2025\/10\/Treasure-Way-1-min-430x430.jpg 430w, https:\/\/uigdetectors.com\/wp-content\/uploads\/2025\/10\/Treasure-Way-1-min-700x700.jpg 700w, https:\/\/uigdetectors.com\/wp-content\/uploads\/2025\/10\/Treasure-Way-1-min.jpg 2000w\" sizes=\"(max-width: 800px) 100vw, 800px\" \/>\n\t\t\t\t\t\t\t\t\t\t\t\t\t<\/a>\n\t\t\t\t\t\t\t\t\t\t\t<\/div>\n\t\t\t\t\t\t\t\t\t\t\t\t\t\t\t<div class=\"wd-gallery-item wd-carousel-item\">\n\t\t\t\t\t\t\t\t\t\t\t\t\t<a  href=\"https:\/\/uigdetectors.com\/wp-content\/uploads\/2025\/10\/Treasure-Way-2-min.jpg\" data-width=\"2000\" data-height=\"2000\" data-index=\"2\" data-elementor-open-lightbox=\"no\">\n\t\t\t\t\t\t\n\t\t\t\t\t\t<img decoding=\"async\" width=\"800\" height=\"800\" src=\"https:\/\/uigdetectors.com\/wp-content\/uploads\/2025\/10\/Treasure-Way-2-min-800x800.jpg\" class=\"attachment-large size-large\" alt=\"Treasure Way 2 min\" srcset=\"https:\/\/uigdetectors.com\/wp-content\/uploads\/2025\/10\/Treasure-Way-2-min-800x800.jpg 800w, https:\/\/uigdetectors.com\/wp-content\/uploads\/2025\/10\/Treasure-Way-2-min-300x300.jpg 300w, https:\/\/uigdetectors.com\/wp-content\/uploads\/2025\/10\/Treasure-Way-2-min-150x150.jpg 150w, https:\/\/uigdetectors.com\/wp-content\/uploads\/2025\/10\/Treasure-Way-2-min-768x768.jpg 768w, https:\/\/uigdetectors.com\/wp-content\/uploads\/2025\/10\/Treasure-Way-2-min-1536x1536.jpg 1536w, https:\/\/uigdetectors.com\/wp-content\/uploads\/2025\/10\/Treasure-Way-2-min-430x430.jpg 430w, https:\/\/uigdetectors.com\/wp-content\/uploads\/2025\/10\/Treasure-Way-2-min-700x700.jpg 700w, https:\/\/uigdetectors.com\/wp-content\/uploads\/2025\/10\/Treasure-Way-2-min.jpg 2000w\" sizes=\"(max-width: 800px) 100vw, 800px\" \/>\n\t\t\t\t\t\t\t\t\t\t\t\t\t<\/a>\n\t\t\t\t\t\t\t\t\t\t\t<\/div>\n\t\t\t\t\t\t\t\t\t\t\t\t\t\t\t\t\t\t\t\t<div class=\"wd-gallery-item wd-carousel-item\">\n\t\t\t\t\t\t\t\t\t\t\t\t\t<a  href=\"https:\/\/uigdetectors.com\/wp-content\/uploads\/2025\/10\/Treasure-Way-4-min.jpg\" data-width=\"2000\" data-height=\"2000\" data-index=\"4\" data-elementor-open-lightbox=\"no\">\n\t\t\t\t\t\t\n\t\t\t\t\t\t<img decoding=\"async\" width=\"800\" height=\"800\" src=\"https:\/\/uigdetectors.com\/wp-content\/uploads\/2025\/10\/Treasure-Way-4-min-800x800.jpg\" class=\"attachment-large size-large\" alt=\"Treasure Way 4 min\" srcset=\"https:\/\/uigdetectors.com\/wp-content\/uploads\/2025\/10\/Treasure-Way-4-min-800x800.jpg 800w, https:\/\/uigdetectors.com\/wp-content\/uploads\/2025\/10\/Treasure-Way-4-min-300x300.jpg 300w, https:\/\/uigdetectors.com\/wp-content\/uploads\/2025\/10\/Treasure-Way-4-min-150x150.jpg 150w, https:\/\/uigdetectors.com\/wp-content\/uploads\/2025\/10\/Treasure-Way-4-min-768x768.jpg 768w, https:\/\/uigdetectors.com\/wp-content\/uploads\/2025\/10\/Treasure-Way-4-min-1536x1536.jpg 1536w, https:\/\/uigdetectors.com\/wp-content\/uploads\/2025\/10\/Treasure-Way-4-min-430x430.jpg 430w, https:\/\/uigdetectors.com\/wp-content\/uploads\/2025\/10\/Treasure-Way-4-min-700x700.jpg 700w, https:\/\/uigdetectors.com\/wp-content\/uploads\/2025\/10\/Treasure-Way-4-min.jpg 2000w\" sizes=\"(max-width: 800px) 100vw, 800px\" \/>\n\t\t\t\t\t\t\t\t\t\t\t\t\t<\/a>\n\t\t\t\t\t\t\t\t\t\t\t<\/div>\n\t\t\t\t\t\t\t\t\t\t\t\t\t\t\t<div class=\"wd-gallery-item wd-carousel-item\">\n\t\t\t\t\t\t\t\t\t\t\t\t\t<a  href=\"https:\/\/uigdetectors.com\/wp-content\/uploads\/2025\/10\/Treasure-Way-5-min.jpg\" data-width=\"2000\" data-height=\"2000\" data-index=\"5\" data-elementor-open-lightbox=\"no\">\n\t\t\t\t\t\t\n\t\t\t\t\t\t<img decoding=\"async\" width=\"800\" height=\"800\" src=\"https:\/\/uigdetectors.com\/wp-content\/uploads\/2025\/10\/Treasure-Way-5-min-800x800.jpg\" class=\"attachment-large size-large\" alt=\"Treasure Way 5 min\" srcset=\"https:\/\/uigdetectors.com\/wp-content\/uploads\/2025\/10\/Treasure-Way-5-min-800x800.jpg 800w, https:\/\/uigdetectors.com\/wp-content\/uploads\/2025\/10\/Treasure-Way-5-min-300x300.jpg 300w, https:\/\/uigdetectors.com\/wp-content\/uploads\/2025\/10\/Treasure-Way-5-min-150x150.jpg 150w, https:\/\/uigdetectors.com\/wp-content\/uploads\/2025\/10\/Treasure-Way-5-min-768x768.jpg 768w, https:\/\/uigdetectors.com\/wp-content\/uploads\/2025\/10\/Treasure-Way-5-min-1536x1536.jpg 1536w, https:\/\/uigdetectors.com\/wp-content\/uploads\/2025\/10\/Treasure-Way-5-min-430x430.jpg 430w, https:\/\/uigdetectors.com\/wp-content\/uploads\/2025\/10\/Treasure-Way-5-min-700x700.jpg 700w, https:\/\/uigdetectors.com\/wp-content\/uploads\/2025\/10\/Treasure-Way-5-min.jpg 2000w\" sizes=\"(max-width: 800px) 100vw, 800px\" \/>\n\t\t\t\t\t\t\t\t\t\t\t\t\t<\/a>\n\t\t\t\t\t\t\t\t\t\t\t<\/div>\n\t\t\t\t\t\t\t\t\t\t\t\t\t\t\t<div class=\"wd-gallery-item wd-carousel-item\">\n\t\t\t\t\t\t\t\t\t\t\t\t\t<a  href=\"https:\/\/uigdetectors.com\/wp-content\/uploads\/2025\/10\/Treasure-Way-6-min.jpg\" data-width=\"2000\" data-height=\"2000\" data-index=\"6\" data-elementor-open-lightbox=\"no\">\n\t\t\t\t\t\t\n\t\t\t\t\t\t<img decoding=\"async\" width=\"800\" height=\"800\" src=\"https:\/\/uigdetectors.com\/wp-content\/uploads\/2025\/10\/Treasure-Way-6-min-800x800.jpg\" class=\"attachment-large size-large\" alt=\"Treasure Way 6 min\" srcset=\"https:\/\/uigdetectors.com\/wp-content\/uploads\/2025\/10\/Treasure-Way-6-min-800x800.jpg 800w, https:\/\/uigdetectors.com\/wp-content\/uploads\/2025\/10\/Treasure-Way-6-min-300x300.jpg 300w, https:\/\/uigdetectors.com\/wp-content\/uploads\/2025\/10\/Treasure-Way-6-min-150x150.jpg 150w, https:\/\/uigdetectors.com\/wp-content\/uploads\/2025\/10\/Treasure-Way-6-min-768x768.jpg 768w, https:\/\/uigdetectors.com\/wp-content\/uploads\/2025\/10\/Treasure-Way-6-min-1536x1536.jpg 1536w, https:\/\/uigdetectors.com\/wp-content\/uploads\/2025\/10\/Treasure-Way-6-min-430x430.jpg 430w, https:\/\/uigdetectors.com\/wp-content\/uploads\/2025\/10\/Treasure-Way-6-min-700x700.jpg 700w, https:\/\/uigdetectors.com\/wp-content\/uploads\/2025\/10\/Treasure-Way-6-min.jpg 2000w\" sizes=\"(max-width: 800px) 100vw, 800px\" \/>\n\t\t\t\t\t\t\t\t\t\t\t\t\t<\/a>\n\t\t\t\t\t\t\t\t\t\t\t<\/div>\n\t\t\t\t\t\t\t\t\t\t\t\t\t\t\t<div class=\"wd-gallery-item wd-carousel-item\">\n\t\t\t\t\t\t\t\t\t\t\t\t\t<a  href=\"https:\/\/uigdetectors.com\/wp-content\/uploads\/2025\/10\/Treasure-Way-8-min.jpg\" data-width=\"2000\" data-height=\"2000\" data-index=\"7\" data-elementor-open-lightbox=\"no\">\n\t\t\t\t\t\t\n\t\t\t\t\t\t<img decoding=\"async\" width=\"800\" height=\"800\" src=\"https:\/\/uigdetectors.com\/wp-content\/uploads\/2025\/10\/Treasure-Way-8-min-800x800.jpg\" class=\"attachment-large size-large\" alt=\"Treasure Way 8 min\" srcset=\"https:\/\/uigdetectors.com\/wp-content\/uploads\/2025\/10\/Treasure-Way-8-min-800x800.jpg 800w, https:\/\/uigdetectors.com\/wp-content\/uploads\/2025\/10\/Treasure-Way-8-min-300x300.jpg 300w, https:\/\/uigdetectors.com\/wp-content\/uploads\/2025\/10\/Treasure-Way-8-min-150x150.jpg 150w, https:\/\/uigdetectors.com\/wp-content\/uploads\/2025\/10\/Treasure-Way-8-min-768x768.jpg 768w, https:\/\/uigdetectors.com\/wp-content\/uploads\/2025\/10\/Treasure-Way-8-min-1536x1536.jpg 1536w, https:\/\/uigdetectors.com\/wp-content\/uploads\/2025\/10\/Treasure-Way-8-min-430x430.jpg 430w, https:\/\/uigdetectors.com\/wp-content\/uploads\/2025\/10\/Treasure-Way-8-min-700x700.jpg 700w, https:\/\/uigdetectors.com\/wp-content\/uploads\/2025\/10\/Treasure-Way-8-min.jpg 2000w\" sizes=\"(max-width: 800px) 100vw, 800px\" \/>\n\t\t\t\t\t\t\t\t\t\t\t\t\t<\/a>\n\t\t\t\t\t\t\t\t\t\t\t<\/div>\n\t\t\t\t\t\t\t\t\t\t\t\t\t\t\t<div class=\"wd-gallery-item wd-carousel-item\">\n\t\t\t\t\t\t\t\t\t\t\t\t\t<a  href=\"https:\/\/uigdetectors.com\/wp-content\/uploads\/2025\/10\/Treasure-Way-7-min.jpg\" data-width=\"2000\" data-height=\"2000\" data-index=\"8\" data-elementor-open-lightbox=\"no\">\n\t\t\t\t\t\t\n\t\t\t\t\t\t<img decoding=\"async\" width=\"800\" height=\"800\" src=\"https:\/\/uigdetectors.com\/wp-content\/uploads\/2025\/10\/Treasure-Way-7-min-800x800.jpg\" class=\"attachment-large size-large\" alt=\"Treasure Way 7 min\" srcset=\"https:\/\/uigdetectors.com\/wp-content\/uploads\/2025\/10\/Treasure-Way-7-min-800x800.jpg 800w, https:\/\/uigdetectors.com\/wp-content\/uploads\/2025\/10\/Treasure-Way-7-min-300x300.jpg 300w, https:\/\/uigdetectors.com\/wp-content\/uploads\/2025\/10\/Treasure-Way-7-min-150x150.jpg 150w, https:\/\/uigdetectors.com\/wp-content\/uploads\/2025\/10\/Treasure-Way-7-min-768x768.jpg 768w, https:\/\/uigdetectors.com\/wp-content\/uploads\/2025\/10\/Treasure-Way-7-min-1536x1536.jpg 1536w, https:\/\/uigdetectors.com\/wp-content\/uploads\/2025\/10\/Treasure-Way-7-min-430x430.jpg 430w, https:\/\/uigdetectors.com\/wp-content\/uploads\/2025\/10\/Treasure-Way-7-min-700x700.jpg 700w, https:\/\/uigdetectors.com\/wp-content\/uploads\/2025\/10\/Treasure-Way-7-min.jpg 2000w\" sizes=\"(max-width: 800px) 100vw, 800px\" \/>\n\t\t\t\t\t\t\t\t\t\t\t\t\t<\/a>\n\t\t\t\t\t\t\t\t\t\t\t<\/div>\n\t\t\t\t\t\t\t\t\t\t\t\t\t\t\t\t<\/div>\n\t\t\t\t\t\t\t\t<\/div>\n\t\t\t\t\t\t\t\t\t\t\t\t\t\t<div class=\"wd-nav-arrows wd-pos-sep wd-hover-1 wd-icon-1\">\n\t\t\t<div class=\"wd-btn-arrow wd-prev wd-disabled\">\n\t\t\t\t<div class=\"wd-arrow-inner\"><\/div>\n\t\t\t<\/div>\n\t\t\t<div class=\"wd-btn-arrow wd-next\">\n\t\t\t\t<div class=\"wd-arrow-inner\"><\/div>\n\t\t\t<\/div>\n\t\t<\/div>\n\t\t\t\t\t\t\n\t\t\t\t<\/div>\n\n\t\t\t\t\t\t<div class=\"wd-nav-pagin-wrap text-center wd-style-shape wd-hide-md-sm wd-hide-sm\">\n\t\t\t<ul class=\"wd-nav-pagin\"><\/ul>\n\t\t<\/div>\n\t\t\t\t\t\t\t\t\t\t\t<\/div>\n\t\t\t\t\t\t<\/div>\n\t\t\t\t<\/div>\n\t\t\t\t\t<\/div>\n\t\t\t\t<\/div>\n\t\t\t\t<\/div>\n\t\t","protected":false},"excerpt":{"rendered":"<h4 class=\"p1\">Treasure Way est un d\u00e9tecteur de m\u00e9taux professionnel dot\u00e9 de la technologie avanc\u00e9e \u00e0 induction d\u2019impulsions. Il d\u00e9tecte avec pr\u00e9cision l\u2019or, les reliques, les cavit\u00e9s et les tombes anciennes jusqu\u2019\u00e0 une profondeur de 4 m\u00e8tres. Con\u00e7u pour tous les types de terrains.<\/h4>\n<table style=\"font-size: 14px;\" border=\"1\" width=\"55%\" cellspacing=\"0\" cellpadding=\"5\">\n<tbody>\n<tr>\n<td style=\"border: 1px solid lightgray;\" align=\"left\" width=\"15%\"><strong>Syst\u00e8me de recherche<\/strong><\/td>\n<td style=\"border: 1px solid lightgray; text-align: center;\" align=\"center\" width=\"40%\">Syst\u00e8me \u00e0 induction d&rsquo;impulsions<\/td>\n<\/tr>\n<tr>\n<td style=\"border: 1px solid lightgray;\" align=\"left\"><strong>Profondeur de d\u00e9tection<\/strong><\/td>\n<td style=\"border: 1px solid lightgray; text-align: center;\">4 m\u00e8tres<\/td>\n<\/tr>\n<tr>\n<td style=\"border: 1px solid lightgray;\" align=\"left\"><strong>Poids de l&rsquo;appareil<\/strong><\/td>\n<td style=\"border: 1px solid lightgray; text-align: center;\">2470 grammes<\/td>\n<\/tr>\n<tr>\n<td style=\"border: 1px solid lightgray;\" align=\"left\"><strong>Poids total<\/strong><\/td>\n<td style=\"border: 1px solid lightgray; text-align: center;\">3746 grammes<\/td>\n<\/tr>\n<tr>\n<td style=\"border: 1px solid lightgray;\" align=\"left\"><strong>Dimensions du colis<\/strong><\/td>\n<td style=\"border: 1px solid lightgray; text-align: center;\">425mm x 495mm x 180mm<\/td>\n<\/tr>\n<tr>\n<td style=\"border: 1px solid lightgray;\" align=\"left\"><strong>Garantie<\/strong><\/td>\n<td style=\"border: 1px solid lightgray; text-align: center;\">Deux (2) ans<\/td>\n<\/tr>\n<tr>\n<td style=\"border: 1px solid lightgray;\" align=\"left\"><strong>Fabriqu\u00e9 en<\/strong><\/td>\n<td style=\"border: 1px solid lightgray; text-align: center;\">Allemagne<\/td>\n<\/tr>\n<\/tbody>\n<\/table>\n","protected":false},"featured_media":39590,"template":"","meta":[],"product_brand":[],"product_cat":[226],"product_tag":[],"class_list":{"0":"post-37275","1":"product","2":"type-product","3":"status-publish","4":"has-post-thumbnail","6":"product_cat-boutique","8":"first","9":"instock","10":"taxable","11":"shipping-taxable","12":"purchasable","13":"product-type-simple"},"_links":{"self":[{"href":"https:\/\/uigdetectors.com\/fr\/wp-json\/wp\/v2\/product\/37275","targetHints":{"allow":["GET"]}}],"collection":[{"href":"https:\/\/uigdetectors.com\/fr\/wp-json\/wp\/v2\/product"}],"about":[{"href":"https:\/\/uigdetectors.com\/fr\/wp-json\/wp\/v2\/types\/product"}],"version-history":[{"count":19,"href":"https:\/\/uigdetectors.com\/fr\/wp-json\/wp\/v2\/product\/37275\/revisions"}],"predecessor-version":[{"id":40809,"href":"https:\/\/uigdetectors.com\/fr\/wp-json\/wp\/v2\/product\/37275\/revisions\/40809"}],"wp:featuredmedia":[{"embeddable":true,"href":"https:\/\/uigdetectors.com\/fr\/wp-json\/wp\/v2\/media\/39590"}],"wp:attachment":[{"href":"https:\/\/uigdetectors.com\/fr\/wp-json\/wp\/v2\/media?parent=37275"}],"wp:term":[{"taxonomy":"product_brand","embeddable":true,"href":"https:\/\/uigdetectors.com\/fr\/wp-json\/wp\/v2\/product_brand?post=37275"},{"taxonomy":"product_cat","embeddable":true,"href":"https:\/\/uigdetectors.com\/fr\/wp-json\/wp\/v2\/product_cat?post=37275"},{"taxonomy":"product_tag","embeddable":true,"href":"https:\/\/uigdetectors.com\/fr\/wp-json\/wp\/v2\/product_tag?post=37275"}],"curies":[{"name":"wp","href":"https:\/\/api.w.org\/{rel}","templated":true}]}}